{"id":2746759,"date":"2025-10-24T16:16:06","date_gmt":"2025-10-24T14:16:06","guid":{"rendered":"https:\/\/www.cudgel.de\/produkt\/novembers-doom-major-arcana-digicd\/"},"modified":"2025-12-31T19:42:39","modified_gmt":"2025-12-31T18:42:39","slug":"novembers-doom-major-arcana-digicd","status":"publish","type":"product","link":"https:\/\/www.cudgel.de\/en\/product\/novembers-doom-major-arcana-digicd\/","title":{"rendered":"NOVEMBERS DOOM &#8211; major arcana DigiCD"},"content":{"rendered":"<p>NOVEMBERS DOOM kehren mit ihrem zw\u00f6lften Album &#8220;Major Arcana&#8221; triumphal zur\u00fcck. Sechs lange Jahre nach ihrem gefeierten Werk &#8220;Nephilim Grove&#8221; (2019) haben sich die amerikanischen Dark-Metaller ihre musikalische Messlatte noch etwas h\u00f6her aufgelegt und ein stimmiges, von Tarotkarten und der Wahrsagerei inspiriertes Konzeptalbum geschaffen. Dieses Thema spiegelt sich sowohl im Artwork und Design von &#8220;Major Arcana&#8221; als auch in den Texten des Albums wider. Die im Jahr 1989 in Chicago, Illinois, von S\u00e4nger Paul Kuhr gegr\u00fcndete Band hat sich \u00fcber mehr als drei Jahrzehnte kontinuierlich weiterentwickelt. Mit ihrem Deb\u00fctalbum &#8220;Amid Its Hallowed Mirth&#8221; positionierten sichNOVEMBERS DOOM Anfang 1995 mit ihrem dunklen musikalischen Kurs als eine der f\u00fchrenden Vertreter des amerikanischen Death Doom. In den folgenden Jahren verfeinerten und erweiterten die Amerikaner ihren markanten Stil kontinuierlich weiter, den sie selbst als &#8220;Dark Metal&#8221; bezeichnen. NOVEMBERS DOOM verstehen es meisterhaft, ihre Wurzeln im Death und Doom Metal mit Einfl\u00fcssen aus Folk, Prog und klassischem Rock zu verbinden, und sich dadurch stets auf neue und \u00fcberraschende Weise weiterzuentwickeln \u0096 ohne dabei jemals ihre charakteristische Handschrift und den atmosph\u00e4rischen Sound zu verlieren. Von dem eindringlichen, \u00e4therischen Gef\u00fchl des Er\u00f6ffnungsst\u00fccks &#8216;June&#8217;, \u00fcber brutal zertr\u00fcmmernde Songs wie &#8216;Ravenous&#8217; sowie der epischen Traurigkeit und Sehnsucht in St\u00fccken wie &#8216;Mercy&#8217; und &#8216;Bleed Static&#8217;, bis hin zu den frenetischen Hooks von &#8216;The Fool&#8217; und &#8216;Dusking Day&#8217; decken NOVEMBERS DOOM die gesamte, weit gespannte Bandbreite ihrer Sounds und Emotionen ab. Macht euch bereit f\u00fcr die dunklen Prophezeiungen von &#8220;Major Arcana&#8221;!<\/p>\n<p><strong>Tracks:<\/strong><\/p>\n<ol class=\"tracklisting\">\n<li>June<\/li>\n<li>Major Arcana<\/li>\n<li>Ravenous<\/li>\n<li>Mercy<\/li>\n<li>The Dance<\/li>\n<li>The Fool<\/li>\n<li>Bleed Static<\/li>\n<li>Chatter<\/li>\n<li>Dusking Day<\/li>\n<li>XXII<\/li>\n<\/ol>\n<p><strong>Genres:<\/strong> Doom Metal, Death Metal<\/p>\n<p> <strong>Label:<\/strong> Prophecy Productions<\/p>\n<p> <strong>Erscheinungsjahr:<\/strong> 2025<\/p>\n<p> <strong>K\u00fcnstler:<\/strong> NOVEMBERS DOOM<\/p>\n<p> <strong>Spieldauer:<\/strong> 56:36<\/p>\n<p> <strong>Format:<\/strong> CD<\/p>\n<p> <strong>EAN:<\/strong> 0884388889873<\/p>\n<p><strong>GPSR Information:<\/strong><br \/>Manufacturer:<br \/>\nWeltnetz S.\u00e0r.l. \/ Prophecy Productions<br \/>\n40-42 Grand Rue, 6630 Wasserbillig, Luxemburg<br \/>\npost(at)spkr.media<\/p>\n","protected":false},"excerpt":{"rendered":"<p>NOVEMBERS DOOM kehren mit ihrem zw\u00f6lften Album &#8220;Major Arcana&#8221; triumphal zur\u00fcck. Sechs lange Jahre nach ihrem gefeierten Werk &#8220;Nephilim Grove&#8221; (2019) haben sich die amerikanischen Dark-Metaller ihre musikalische Messlatte noch etwas h\u00f6her aufgelegt und ein stimmiges, von Tarotkarten und der Wahrsagerei inspiriertes Konzeptalbum geschaffen. Dieses Thema spiegelt sich sowohl im Artwork und Design von &#8220;Major [&#8230;]\n","protected":false},"featured_media":2746757,"comment_status":"open","ping_status":"closed","template":"","meta":[],"product_cat":[459],"product_tag":[],"class_list":{"0":"post-2746759","1":"product","2":"type-product","3":"status-publish","4":"has-post-thumbnail","6":"product_cat-cd-n","7":"pa_band-novembers-doom","8":"pa_productgenre-death-metal","9":"pa_productgenre-doom-metal","10":"pa_productlabel-prophecy-productions","12":"first","13":"instock","14":"taxable","15":"shipping-taxable","16":"purchasable","17":"product-type-simple"},"yoast_head":"<!-- This site is optimized with the Yoast SEO plugin v22.9 - https:\/\/yoast.com\/wordpress\/plugins\/seo\/ -->\n<title>NOVEMBERS DOOM - major arcana DigiCD - cudgel | Der ultimative Metal Online Store<\/title>\n<meta name=\"robots\" content=\"index, follow, max-snippet:-1, max-image-preview:large, max-video-preview:-1\" \/>\n<link rel=\"canonical\" href=\"https:\/\/www.cudgel.de\/produkt\/novembers-doom-major-arcana-digicd\/\" \/>\n<meta property=\"og:locale\" content=\"en_US\" \/>\n<meta property=\"og:type\" content=\"article\" \/>\n<meta property=\"og:title\" content=\"NOVEMBERS DOOM - major arcana DigiCD - cudgel | Der ultimative Metal Online Store\" \/>\n<meta property=\"og:description\" content=\"NOVEMBERS DOOM kehren mit ihrem zw\u00f6lften Album &#8220;Major Arcana&#8221; triumphal zur\u00fcck. Sechs lange Jahre nach ihrem gefeierten Werk &#8220;Nephilim Grove&#8221; (2019) haben sich die amerikanischen Dark-Metaller ihre musikalische Messlatte noch etwas h\u00f6her aufgelegt und ein stimmiges, von Tarotkarten und der Wahrsagerei inspiriertes Konzeptalbum geschaffen. Dieses Thema spiegelt sich sowohl im Artwork und Design von &#8220;Major [...]\" \/>\n<meta property=\"og:url\" content=\"https:\/\/www.cudgel.de\/produkt\/novembers-doom-major-arcana-digicd\/\" \/>\n<meta property=\"og:site_name\" content=\"cudgel | Der ultimative Metal Online Store\" \/>\n<meta property=\"article:publisher\" content=\"https:\/\/www.facebook.com\/CudgelVertrieb\" \/>\n<meta property=\"article:modified_time\" content=\"2025-12-31T18:42:39+00:00\" \/>\n<meta property=\"og:image\" content=\"https:\/\/www.cudgel.de\/wp-content\/uploads\/2025\/10\/Art222868.jpg\" \/>\n\t<meta property=\"og:image:width\" content=\"1000\" \/>\n\t<meta property=\"og:image:height\" content=\"1000\" \/>\n\t<meta property=\"og:image:type\" content=\"image\/jpeg\" \/>\n<meta name=\"twitter:card\" content=\"summary_large_image\" \/>\n<meta name=\"twitter:label1\" content=\"Est. reading time\" \/>\n\t<meta name=\"twitter:data1\" content=\"1 minute\" \/>\n<script type=\"application\/ld+json\" class=\"yoast-schema-graph\">{\"@context\":\"https:\/\/schema.org\",\"@graph\":[{\"@type\":\"WebPage\",\"@id\":\"https:\/\/www.cudgel.de\/produkt\/novembers-doom-major-arcana-digicd\/\",\"url\":\"https:\/\/www.cudgel.de\/produkt\/novembers-doom-major-arcana-digicd\/\",\"name\":\"NOVEMBERS DOOM - major arcana DigiCD - cudgel | Der ultimative Metal Online Store\",\"isPartOf\":{\"@id\":\"https:\/\/www.cudgel.de\/#website\"},\"primaryImageOfPage\":{\"@id\":\"https:\/\/www.cudgel.de\/produkt\/novembers-doom-major-arcana-digicd\/#primaryimage\"},\"image\":{\"@id\":\"https:\/\/www.cudgel.de\/produkt\/novembers-doom-major-arcana-digicd\/#primaryimage\"},\"thumbnailUrl\":\"https:\/\/www.cudgel.de\/wp-content\/uploads\/2025\/10\/Art222868.jpg\",\"datePublished\":\"2025-10-24T14:16:06+00:00\",\"dateModified\":\"2025-12-31T18:42:39+00:00\",\"breadcrumb\":{\"@id\":\"https:\/\/www.cudgel.de\/produkt\/novembers-doom-major-arcana-digicd\/#breadcrumb\"},\"inLanguage\":\"en-US\",\"potentialAction\":[{\"@type\":\"ReadAction\",\"target\":[\"https:\/\/www.cudgel.de\/produkt\/novembers-doom-major-arcana-digicd\/\"]}]},{\"@type\":\"ImageObject\",\"inLanguage\":\"en-US\",\"@id\":\"https:\/\/www.cudgel.de\/produkt\/novembers-doom-major-arcana-digicd\/#primaryimage\",\"url\":\"https:\/\/www.cudgel.de\/wp-content\/uploads\/2025\/10\/Art222868.jpg\",\"contentUrl\":\"https:\/\/www.cudgel.de\/wp-content\/uploads\/2025\/10\/Art222868.jpg\",\"width\":1000,\"height\":1000},{\"@type\":\"BreadcrumbList\",\"@id\":\"https:\/\/www.cudgel.de\/produkt\/novembers-doom-major-arcana-digicd\/#breadcrumb\",\"itemListElement\":[{\"@type\":\"ListItem\",\"position\":1,\"name\":\"Home\",\"item\":\"https:\/\/www.cudgel.de\/en\/\"},{\"@type\":\"ListItem\",\"position\":2,\"name\":\"Shop\",\"item\":\"https:\/\/www.cudgel.de\/en\/shop\/\"},{\"@type\":\"ListItem\",\"position\":3,\"name\":\"NOVEMBERS DOOM &#8211; major arcana DigiCD\"}]},{\"@type\":\"WebSite\",\"@id\":\"https:\/\/www.cudgel.de\/#website\",\"url\":\"https:\/\/www.cudgel.de\/\",\"name\":\"cudgel | Der ultimative Metal Online Store\",\"description\":\"Eine weitere WordPress-Website\",\"publisher\":{\"@id\":\"https:\/\/www.cudgel.de\/#organization\"},\"potentialAction\":[{\"@type\":\"SearchAction\",\"target\":{\"@type\":\"EntryPoint\",\"urlTemplate\":\"https:\/\/www.cudgel.de\/?s={search_term_string}\"},\"query-input\":\"required name=search_term_string\"}],\"inLanguage\":\"en-US\"},{\"@type\":\"Organization\",\"@id\":\"https:\/\/www.cudgel.de\/#organization\",\"name\":\"cudgel | Der ultimative Metal Online Store\",\"url\":\"https:\/\/www.cudgel.de\/\",\"logo\":{\"@type\":\"ImageObject\",\"inLanguage\":\"en-US\",\"@id\":\"https:\/\/www.cudgel.de\/#\/schema\/logo\/image\/\",\"url\":\"https:\/\/www.cudgel.de\/wp-content\/uploads\/2024\/06\/cudgel-logo-neu-1-1400x419png.webp\",\"contentUrl\":\"https:\/\/www.cudgel.de\/wp-content\/uploads\/2024\/06\/cudgel-logo-neu-1-1400x419png.webp\",\"width\":1400,\"height\":419,\"caption\":\"cudgel | Der ultimative Metal Online Store\"},\"image\":{\"@id\":\"https:\/\/www.cudgel.de\/#\/schema\/logo\/image\/\"},\"sameAs\":[\"https:\/\/www.facebook.com\/CudgelVertrieb\"]}]}<\/script>\n<!-- \/ Yoast SEO plugin. -->","yoast_head_json":{"title":"NOVEMBERS DOOM - major arcana DigiCD - cudgel | Der ultimative Metal Online Store","robots":{"index":"index","follow":"follow","max-snippet":"max-snippet:-1","max-image-preview":"max-image-preview:large","max-video-preview":"max-video-preview:-1"},"canonical":"https:\/\/www.cudgel.de\/produkt\/novembers-doom-major-arcana-digicd\/","og_locale":"en_US","og_type":"article","og_title":"NOVEMBERS DOOM - major arcana DigiCD - cudgel | Der ultimative Metal Online Store","og_description":"NOVEMBERS DOOM kehren mit ihrem zw\u00f6lften Album &#8220;Major Arcana&#8221; triumphal zur\u00fcck. Sechs lange Jahre nach ihrem gefeierten Werk &#8220;Nephilim Grove&#8221; (2019) haben sich die amerikanischen Dark-Metaller ihre musikalische Messlatte noch etwas h\u00f6her aufgelegt und ein stimmiges, von Tarotkarten und der Wahrsagerei inspiriertes Konzeptalbum geschaffen. Dieses Thema spiegelt sich sowohl im Artwork und Design von &#8220;Major [...]","og_url":"https:\/\/www.cudgel.de\/produkt\/novembers-doom-major-arcana-digicd\/","og_site_name":"cudgel | Der ultimative Metal Online Store","article_publisher":"https:\/\/www.facebook.com\/CudgelVertrieb","article_modified_time":"2025-12-31T18:42:39+00:00","og_image":[{"width":1000,"height":1000,"url":"https:\/\/www.cudgel.de\/wp-content\/uploads\/2025\/10\/Art222868.jpg","type":"image\/jpeg"}],"twitter_card":"summary_large_image","twitter_misc":{"Est. reading time":"1 minute"},"schema":{"@context":"https:\/\/schema.org","@graph":[{"@type":"WebPage","@id":"https:\/\/www.cudgel.de\/produkt\/novembers-doom-major-arcana-digicd\/","url":"https:\/\/www.cudgel.de\/produkt\/novembers-doom-major-arcana-digicd\/","name":"NOVEMBERS DOOM - major arcana DigiCD - cudgel | Der ultimative Metal Online Store","isPartOf":{"@id":"https:\/\/www.cudgel.de\/#website"},"primaryImageOfPage":{"@id":"https:\/\/www.cudgel.de\/produkt\/novembers-doom-major-arcana-digicd\/#primaryimage"},"image":{"@id":"https:\/\/www.cudgel.de\/produkt\/novembers-doom-major-arcana-digicd\/#primaryimage"},"thumbnailUrl":"https:\/\/www.cudgel.de\/wp-content\/uploads\/2025\/10\/Art222868.jpg","datePublished":"2025-10-24T14:16:06+00:00","dateModified":"2025-12-31T18:42:39+00:00","breadcrumb":{"@id":"https:\/\/www.cudgel.de\/produkt\/novembers-doom-major-arcana-digicd\/#breadcrumb"},"inLanguage":"en-US","potentialAction":[{"@type":"ReadAction","target":["https:\/\/www.cudgel.de\/produkt\/novembers-doom-major-arcana-digicd\/"]}]},{"@type":"ImageObject","inLanguage":"en-US","@id":"https:\/\/www.cudgel.de\/produkt\/novembers-doom-major-arcana-digicd\/#primaryimage","url":"https:\/\/www.cudgel.de\/wp-content\/uploads\/2025\/10\/Art222868.jpg","contentUrl":"https:\/\/www.cudgel.de\/wp-content\/uploads\/2025\/10\/Art222868.jpg","width":1000,"height":1000},{"@type":"BreadcrumbList","@id":"https:\/\/www.cudgel.de\/produkt\/novembers-doom-major-arcana-digicd\/#breadcrumb","itemListElement":[{"@type":"ListItem","position":1,"name":"Home","item":"https:\/\/www.cudgel.de\/en\/"},{"@type":"ListItem","position":2,"name":"Shop","item":"https:\/\/www.cudgel.de\/en\/shop\/"},{"@type":"ListItem","position":3,"name":"NOVEMBERS DOOM &#8211; major arcana DigiCD"}]},{"@type":"WebSite","@id":"https:\/\/www.cudgel.de\/#website","url":"https:\/\/www.cudgel.de\/","name":"cudgel | Der ultimative Metal Online Store","description":"Eine weitere WordPress-Website","publisher":{"@id":"https:\/\/www.cudgel.de\/#organization"},"potentialAction":[{"@type":"SearchAction","target":{"@type":"EntryPoint","urlTemplate":"https:\/\/www.cudgel.de\/?s={search_term_string}"},"query-input":"required name=search_term_string"}],"inLanguage":"en-US"},{"@type":"Organization","@id":"https:\/\/www.cudgel.de\/#organization","name":"cudgel | Der ultimative Metal Online Store","url":"https:\/\/www.cudgel.de\/","logo":{"@type":"ImageObject","inLanguage":"en-US","@id":"https:\/\/www.cudgel.de\/#\/schema\/logo\/image\/","url":"https:\/\/www.cudgel.de\/wp-content\/uploads\/2024\/06\/cudgel-logo-neu-1-1400x419png.webp","contentUrl":"https:\/\/www.cudgel.de\/wp-content\/uploads\/2024\/06\/cudgel-logo-neu-1-1400x419png.webp","width":1400,"height":419,"caption":"cudgel | Der ultimative Metal Online Store"},"image":{"@id":"https:\/\/www.cudgel.de\/#\/schema\/logo\/image\/"},"sameAs":["https:\/\/www.facebook.com\/CudgelVertrieb"]}]}},"_links":{"self":[{"href":"https:\/\/www.cudgel.de\/en\/wp-json\/wp\/v2\/product\/2746759","targetHints":{"allow":["GET"]}}],"collection":[{"href":"https:\/\/www.cudgel.de\/en\/wp-json\/wp\/v2\/product"}],"about":[{"href":"https:\/\/www.cudgel.de\/en\/wp-json\/wp\/v2\/types\/product"}],"replies":[{"embeddable":true,"href":"https:\/\/www.cudgel.de\/en\/wp-json\/wp\/v2\/comments?post=2746759"}],"wp:featuredmedia":[{"embeddable":true,"href":"https:\/\/www.cudgel.de\/en\/wp-json\/wp\/v2\/media\/2746757"}],"wp:attachment":[{"href":"https:\/\/www.cudgel.de\/en\/wp-json\/wp\/v2\/media?parent=2746759"}],"wp:term":[{"taxonomy":"product_cat","embeddable":true,"href":"https:\/\/www.cudgel.de\/en\/wp-json\/wp\/v2\/product_cat?post=2746759"},{"taxonomy":"product_tag","embeddable":true,"href":"https:\/\/www.cudgel.de\/en\/wp-json\/wp\/v2\/product_tag?post=2746759"}],"curies":[{"name":"wp","href":"https:\/\/api.w.org\/{rel}","templated":true}]}}