{"id":2775659,"date":"2025-11-05T15:25:28","date_gmt":"2025-11-05T14:25:28","guid":{"rendered":"https:\/\/www.cudgel.de\/produkt\/centinex-with-guts-and-glory-lp-silver\/"},"modified":"2025-12-31T19:46:26","modified_gmt":"2025-12-31T18:46:26","slug":"centinex-with-guts-and-glory-lp-silver","status":"publish","type":"product","link":"https:\/\/www.cudgel.de\/en\/product\/centinex-with-guts-and-glory-lp-silver\/","title":{"rendered":"CENTINEX &#8211; with guts and glory LP silver"},"content":{"rendered":"<p>Centinex, die schwedischen Death-Metal-Legenden, melden sich ihrem bisher wildesten und kompromisslosesten Werk zur\u00fcck. &#8216;With Guts And Glory&#8217; ist ein rohes,<br \/>\nenergiegeladenes Album, das auf \u00dcberfl\u00fcssiges verzichtet und sich auf das Wesentliche konzentriert: unerbittliche Riffs, D-Beats und thrashige Aggression.<br \/>\nKlingt wie Demonical, Goatwhore, Entombed AD, Dismember, Lik, Entrails, Vomitory oder Unleashed!<\/p>\n<p>lim. silver vinyl to 200 copies<\/p>\n<p><strong>Tracks:<\/strong><\/p>\n<ol class=\"tracklisting\">\n<li>Becoming<\/li>\n<li>Your Religion Dies Tonight<\/li>\n<li>Gods of Guilt<\/li>\n<li>I Am the Way<\/li>\n<li>A Masterpiece in Flesh<\/li>\n<li>In My Dreams<\/li>\n<li>Symphony of Screams<\/li>\n<li>Sorrowtears<\/li>\n<\/ol>\n<p><strong>Genres:<\/strong> Death Metal, Thrash Metal<\/p>\n<p><strong>GPSR Information:<\/strong><br \/>Manufacturer:<br \/>\nIntegral Music \/ Virgin Music Group BV<br \/>\n&#8216;s-Gravelandseweg 80, 1217 EW Hilversum, Netherlands<br \/>\nKundenservice(at)integralmusic.com<\/p>\n","protected":false},"excerpt":{"rendered":"<p>Centinex, die schwedischen Death-Metal-Legenden, melden sich ihrem bisher wildesten und kompromisslosesten Werk zur\u00fcck. &#8216;With Guts And Glory&#8217; ist ein rohes, energiegeladenes Album, das auf \u00dcberfl\u00fcssiges verzichtet und sich auf das Wesentliche konzentriert: unerbittliche Riffs, D-Beats und thrashige Aggression. Klingt wie Demonical, Goatwhore, Entombed AD, Dismember, Lik, Entrails, Vomitory oder Unleashed! lim. silver vinyl to 200 [&#8230;]\n","protected":false},"featured_media":2775657,"comment_status":"open","ping_status":"closed","template":"","meta":[],"product_cat":[432],"product_tag":[],"class_list":{"0":"post-2775659","1":"product","2":"type-product","3":"status-publish","4":"has-post-thumbnail","6":"product_cat-vinyl-c","7":"pa_band-centinex","8":"pa_productgenre-death-metal","9":"pa_productgenre-thrash-metal","10":"pa_productlabel-black-lion-records","12":"first","13":"instock","14":"taxable","15":"shipping-taxable","16":"purchasable","17":"product-type-simple"},"yoast_head":"<!-- This site is optimized with the Yoast SEO plugin v22.9 - https:\/\/yoast.com\/wordpress\/plugins\/seo\/ -->\n<title>CENTINEX - with guts and glory LP silver - cudgel | Der ultimative Metal Online Store<\/title>\n<meta name=\"robots\" content=\"index, follow, max-snippet:-1, max-image-preview:large, max-video-preview:-1\" \/>\n<link rel=\"canonical\" href=\"https:\/\/www.cudgel.de\/produkt\/centinex-with-guts-and-glory-lp-silver\/\" \/>\n<meta property=\"og:locale\" content=\"en_US\" \/>\n<meta property=\"og:type\" content=\"article\" \/>\n<meta property=\"og:title\" content=\"CENTINEX - with guts and glory LP silver - cudgel | Der ultimative Metal Online Store\" \/>\n<meta property=\"og:description\" content=\"Centinex, die schwedischen Death-Metal-Legenden, melden sich ihrem bisher wildesten und kompromisslosesten Werk zur\u00fcck. &#8216;With Guts And Glory&#8217; ist ein rohes, energiegeladenes Album, das auf \u00dcberfl\u00fcssiges verzichtet und sich auf das Wesentliche konzentriert: unerbittliche Riffs, D-Beats und thrashige Aggression. Klingt wie Demonical, Goatwhore, Entombed AD, Dismember, Lik, Entrails, Vomitory oder Unleashed! lim. silver vinyl to 200 [...]\" \/>\n<meta property=\"og:url\" content=\"https:\/\/www.cudgel.de\/produkt\/centinex-with-guts-and-glory-lp-silver\/\" \/>\n<meta property=\"og:site_name\" content=\"cudgel | Der ultimative Metal Online Store\" \/>\n<meta property=\"article:publisher\" content=\"https:\/\/www.facebook.com\/CudgelVertrieb\" \/>\n<meta property=\"article:modified_time\" content=\"2025-12-31T18:46:26+00:00\" \/>\n<meta property=\"og:image\" content=\"https:\/\/www.cudgel.de\/wp-content\/uploads\/2025\/11\/Art110828.jpg\" \/>\n\t<meta property=\"og:image:width\" content=\"1500\" \/>\n\t<meta property=\"og:image:height\" content=\"1384\" \/>\n\t<meta property=\"og:image:type\" content=\"image\/jpeg\" \/>\n<meta name=\"twitter:card\" content=\"summary_large_image\" \/>\n<script type=\"application\/ld+json\" class=\"yoast-schema-graph\">{\"@context\":\"https:\/\/schema.org\",\"@graph\":[{\"@type\":\"WebPage\",\"@id\":\"https:\/\/www.cudgel.de\/produkt\/centinex-with-guts-and-glory-lp-silver\/\",\"url\":\"https:\/\/www.cudgel.de\/produkt\/centinex-with-guts-and-glory-lp-silver\/\",\"name\":\"CENTINEX - with guts and glory LP silver - cudgel | Der ultimative Metal Online Store\",\"isPartOf\":{\"@id\":\"https:\/\/www.cudgel.de\/#website\"},\"primaryImageOfPage\":{\"@id\":\"https:\/\/www.cudgel.de\/produkt\/centinex-with-guts-and-glory-lp-silver\/#primaryimage\"},\"image\":{\"@id\":\"https:\/\/www.cudgel.de\/produkt\/centinex-with-guts-and-glory-lp-silver\/#primaryimage\"},\"thumbnailUrl\":\"https:\/\/www.cudgel.de\/wp-content\/uploads\/2025\/11\/Art110828.jpg\",\"datePublished\":\"2025-11-05T14:25:28+00:00\",\"dateModified\":\"2025-12-31T18:46:26+00:00\",\"breadcrumb\":{\"@id\":\"https:\/\/www.cudgel.de\/produkt\/centinex-with-guts-and-glory-lp-silver\/#breadcrumb\"},\"inLanguage\":\"en-US\",\"potentialAction\":[{\"@type\":\"ReadAction\",\"target\":[\"https:\/\/www.cudgel.de\/produkt\/centinex-with-guts-and-glory-lp-silver\/\"]}]},{\"@type\":\"ImageObject\",\"inLanguage\":\"en-US\",\"@id\":\"https:\/\/www.cudgel.de\/produkt\/centinex-with-guts-and-glory-lp-silver\/#primaryimage\",\"url\":\"https:\/\/www.cudgel.de\/wp-content\/uploads\/2025\/11\/Art110828.jpg\",\"contentUrl\":\"https:\/\/www.cudgel.de\/wp-content\/uploads\/2025\/11\/Art110828.jpg\",\"width\":1500,\"height\":1384},{\"@type\":\"BreadcrumbList\",\"@id\":\"https:\/\/www.cudgel.de\/produkt\/centinex-with-guts-and-glory-lp-silver\/#breadcrumb\",\"itemListElement\":[{\"@type\":\"ListItem\",\"position\":1,\"name\":\"Home\",\"item\":\"https:\/\/www.cudgel.de\/en\/\"},{\"@type\":\"ListItem\",\"position\":2,\"name\":\"Shop\",\"item\":\"https:\/\/www.cudgel.de\/en\/shop\/\"},{\"@type\":\"ListItem\",\"position\":3,\"name\":\"CENTINEX &#8211; with guts and glory LP silver\"}]},{\"@type\":\"WebSite\",\"@id\":\"https:\/\/www.cudgel.de\/#website\",\"url\":\"https:\/\/www.cudgel.de\/\",\"name\":\"cudgel | Der ultimative Metal Online Store\",\"description\":\"Eine weitere WordPress-Website\",\"publisher\":{\"@id\":\"https:\/\/www.cudgel.de\/#organization\"},\"potentialAction\":[{\"@type\":\"SearchAction\",\"target\":{\"@type\":\"EntryPoint\",\"urlTemplate\":\"https:\/\/www.cudgel.de\/?s={search_term_string}\"},\"query-input\":\"required name=search_term_string\"}],\"inLanguage\":\"en-US\"},{\"@type\":\"Organization\",\"@id\":\"https:\/\/www.cudgel.de\/#organization\",\"name\":\"cudgel | Der ultimative Metal Online Store\",\"url\":\"https:\/\/www.cudgel.de\/\",\"logo\":{\"@type\":\"ImageObject\",\"inLanguage\":\"en-US\",\"@id\":\"https:\/\/www.cudgel.de\/#\/schema\/logo\/image\/\",\"url\":\"https:\/\/www.cudgel.de\/wp-content\/uploads\/2024\/06\/cudgel-logo-neu-1-1400x419png.webp\",\"contentUrl\":\"https:\/\/www.cudgel.de\/wp-content\/uploads\/2024\/06\/cudgel-logo-neu-1-1400x419png.webp\",\"width\":1400,\"height\":419,\"caption\":\"cudgel | Der ultimative Metal Online Store\"},\"image\":{\"@id\":\"https:\/\/www.cudgel.de\/#\/schema\/logo\/image\/\"},\"sameAs\":[\"https:\/\/www.facebook.com\/CudgelVertrieb\"]}]}<\/script>\n<!-- \/ Yoast SEO plugin. -->","yoast_head_json":{"title":"CENTINEX - with guts and glory LP silver - cudgel | Der ultimative Metal Online Store","robots":{"index":"index","follow":"follow","max-snippet":"max-snippet:-1","max-image-preview":"max-image-preview:large","max-video-preview":"max-video-preview:-1"},"canonical":"https:\/\/www.cudgel.de\/produkt\/centinex-with-guts-and-glory-lp-silver\/","og_locale":"en_US","og_type":"article","og_title":"CENTINEX - with guts and glory LP silver - cudgel | Der ultimative Metal Online Store","og_description":"Centinex, die schwedischen Death-Metal-Legenden, melden sich ihrem bisher wildesten und kompromisslosesten Werk zur\u00fcck. &#8216;With Guts And Glory&#8217; ist ein rohes, energiegeladenes Album, das auf \u00dcberfl\u00fcssiges verzichtet und sich auf das Wesentliche konzentriert: unerbittliche Riffs, D-Beats und thrashige Aggression. Klingt wie Demonical, Goatwhore, Entombed AD, Dismember, Lik, Entrails, Vomitory oder Unleashed! lim. silver vinyl to 200 [...]","og_url":"https:\/\/www.cudgel.de\/produkt\/centinex-with-guts-and-glory-lp-silver\/","og_site_name":"cudgel | Der ultimative Metal Online Store","article_publisher":"https:\/\/www.facebook.com\/CudgelVertrieb","article_modified_time":"2025-12-31T18:46:26+00:00","og_image":[{"width":1500,"height":1384,"url":"https:\/\/www.cudgel.de\/wp-content\/uploads\/2025\/11\/Art110828.jpg","type":"image\/jpeg"}],"twitter_card":"summary_large_image","schema":{"@context":"https:\/\/schema.org","@graph":[{"@type":"WebPage","@id":"https:\/\/www.cudgel.de\/produkt\/centinex-with-guts-and-glory-lp-silver\/","url":"https:\/\/www.cudgel.de\/produkt\/centinex-with-guts-and-glory-lp-silver\/","name":"CENTINEX - with guts and glory LP silver - cudgel | Der ultimative Metal Online Store","isPartOf":{"@id":"https:\/\/www.cudgel.de\/#website"},"primaryImageOfPage":{"@id":"https:\/\/www.cudgel.de\/produkt\/centinex-with-guts-and-glory-lp-silver\/#primaryimage"},"image":{"@id":"https:\/\/www.cudgel.de\/produkt\/centinex-with-guts-and-glory-lp-silver\/#primaryimage"},"thumbnailUrl":"https:\/\/www.cudgel.de\/wp-content\/uploads\/2025\/11\/Art110828.jpg","datePublished":"2025-11-05T14:25:28+00:00","dateModified":"2025-12-31T18:46:26+00:00","breadcrumb":{"@id":"https:\/\/www.cudgel.de\/produkt\/centinex-with-guts-and-glory-lp-silver\/#breadcrumb"},"inLanguage":"en-US","potentialAction":[{"@type":"ReadAction","target":["https:\/\/www.cudgel.de\/produkt\/centinex-with-guts-and-glory-lp-silver\/"]}]},{"@type":"ImageObject","inLanguage":"en-US","@id":"https:\/\/www.cudgel.de\/produkt\/centinex-with-guts-and-glory-lp-silver\/#primaryimage","url":"https:\/\/www.cudgel.de\/wp-content\/uploads\/2025\/11\/Art110828.jpg","contentUrl":"https:\/\/www.cudgel.de\/wp-content\/uploads\/2025\/11\/Art110828.jpg","width":1500,"height":1384},{"@type":"BreadcrumbList","@id":"https:\/\/www.cudgel.de\/produkt\/centinex-with-guts-and-glory-lp-silver\/#breadcrumb","itemListElement":[{"@type":"ListItem","position":1,"name":"Home","item":"https:\/\/www.cudgel.de\/en\/"},{"@type":"ListItem","position":2,"name":"Shop","item":"https:\/\/www.cudgel.de\/en\/shop\/"},{"@type":"ListItem","position":3,"name":"CENTINEX &#8211; with guts and glory LP silver"}]},{"@type":"WebSite","@id":"https:\/\/www.cudgel.de\/#website","url":"https:\/\/www.cudgel.de\/","name":"cudgel | Der ultimative Metal Online Store","description":"Eine weitere WordPress-Website","publisher":{"@id":"https:\/\/www.cudgel.de\/#organization"},"potentialAction":[{"@type":"SearchAction","target":{"@type":"EntryPoint","urlTemplate":"https:\/\/www.cudgel.de\/?s={search_term_string}"},"query-input":"required name=search_term_string"}],"inLanguage":"en-US"},{"@type":"Organization","@id":"https:\/\/www.cudgel.de\/#organization","name":"cudgel | Der ultimative Metal Online Store","url":"https:\/\/www.cudgel.de\/","logo":{"@type":"ImageObject","inLanguage":"en-US","@id":"https:\/\/www.cudgel.de\/#\/schema\/logo\/image\/","url":"https:\/\/www.cudgel.de\/wp-content\/uploads\/2024\/06\/cudgel-logo-neu-1-1400x419png.webp","contentUrl":"https:\/\/www.cudgel.de\/wp-content\/uploads\/2024\/06\/cudgel-logo-neu-1-1400x419png.webp","width":1400,"height":419,"caption":"cudgel | Der ultimative Metal Online Store"},"image":{"@id":"https:\/\/www.cudgel.de\/#\/schema\/logo\/image\/"},"sameAs":["https:\/\/www.facebook.com\/CudgelVertrieb"]}]}},"_links":{"self":[{"href":"https:\/\/www.cudgel.de\/en\/wp-json\/wp\/v2\/product\/2775659","targetHints":{"allow":["GET"]}}],"collection":[{"href":"https:\/\/www.cudgel.de\/en\/wp-json\/wp\/v2\/product"}],"about":[{"href":"https:\/\/www.cudgel.de\/en\/wp-json\/wp\/v2\/types\/product"}],"replies":[{"embeddable":true,"href":"https:\/\/www.cudgel.de\/en\/wp-json\/wp\/v2\/comments?post=2775659"}],"wp:featuredmedia":[{"embeddable":true,"href":"https:\/\/www.cudgel.de\/en\/wp-json\/wp\/v2\/media\/2775657"}],"wp:attachment":[{"href":"https:\/\/www.cudgel.de\/en\/wp-json\/wp\/v2\/media?parent=2775659"}],"wp:term":[{"taxonomy":"product_cat","embeddable":true,"href":"https:\/\/www.cudgel.de\/en\/wp-json\/wp\/v2\/product_cat?post=2775659"},{"taxonomy":"product_tag","embeddable":true,"href":"https:\/\/www.cudgel.de\/en\/wp-json\/wp\/v2\/product_tag?post=2775659"}],"curies":[{"name":"wp","href":"https:\/\/api.w.org\/{rel}","templated":true}]}}