{"id":2836331,"date":"2025-11-24T12:01:58","date_gmt":"2025-11-24T11:01:58","guid":{"rendered":"https:\/\/www.cudgel.de\/produkt\/proscription-desolate-divine-lp-orange\/"},"modified":"2025-12-31T19:47:59","modified_gmt":"2025-12-31T18:47:59","slug":"proscription-desolate-divine-lp-orange","status":"publish","type":"product","link":"https:\/\/www.cudgel.de\/en\/product\/proscription-desolate-divine-lp-orange\/","title":{"rendered":"PROSCRIPTION &#8211; desolate divine LP orange"},"content":{"rendered":"<p>lim.transparent orange with gold marble effect vinyl Includes 20-page booklet.<\/p>\n<p>H\u00f6rt her, ihr Ungebundenen! Seht die triumphale R\u00fcckkehr von Proscription&#8217;s infernalischem Amalgam aus finno-amerikanischem Blackened Death Metal. Desolate Divine&#8221; vereint urw\u00fcchsige Abscheu mit hypnotischem Songwriting und schafft den Spagat zwischen einer kalkulierten, vielschichtigen Offensive und dem Chaos eines blutr\u00fcnstigen Berserkerangriffs. Nachdem die gro\u00dfen Ambitionen f\u00fcr ihr Deb\u00fct \u0084Conduit\u0093 durch die Pandemie im Keim erstickt wurden, offenbart \u0084Desolate Divine\u0093 die erschreckende wahre Form von Proscription. Ihr komplettes Line-up ist eine gewaltige Kraft, die sich aus Mitgliedern von so todbringenden Acts wie Maveth und Lantern, neben vielen anderen, zusammensetzt. Diese kollektive Erfahrung ist auf \u0084Desolate Divine\u0093 sofort ersichtlich und zeigt au\u00dfergew\u00f6hnliche Musikalit\u00e4t und unerbittliche, professionelle Ausf\u00fchrung. Getreu Christbutchers produktivem Output seit seinem Umzug nach Finnland wurde \u0084Desolate Divine\u0093 von Kalle Laanto (Cryptborn, Tramalizer) im Sonic Violence Studio in Varkaus aufgenommen und anschlie\u00dfend von Dave Otero in den Flatline Studios in Denver gemischt und gemastert. Und so wird die gefr\u00e4\u00dfige Bestie von Proscription aus ihren Fesseln befreit&#8230; bereit, wahllose Verw\u00fcstung \u00fcber die Massen zu bringe<\/p>\n<p><strong>Tracks:<\/strong><\/p>\n<ol class=\"tracklisting\">\n<li>Gleam of the Morningstar<\/li>\n<li>Bleed the Whore Again<\/li>\n<li>Entreaty of the Very End<\/li>\n<li>The Midnight God<\/li>\n<li>Behold a Phosphorescent Dawn<\/li>\n<li>Heave Ho Ye Igneous Leviathan<\/li>\n<li>Desolate Divine<\/li>\n<li>The Great Deceiver<\/li>\n<li>Not but Dust<\/li>\n<\/ol>\n<p><strong>Genres:<\/strong> Death Metal<\/p>\n<p><strong>GPSR Information:<\/strong><br \/>Manufacturer:<br \/>\nIntegral Music \/ Virgin Music Group BV<br \/>\n&#8216;s-Gravelandseweg 80, 1217 EW Hilversum, Netherlands<br \/>\nKundenservice(at)integralmusic.com<\/p>\n","protected":false},"excerpt":{"rendered":"<p>lim.transparent orange with gold marble effect vinyl Includes 20-page booklet. H\u00f6rt her, ihr Ungebundenen! Seht die triumphale R\u00fcckkehr von Proscription&#8217;s infernalischem Amalgam aus finno-amerikanischem Blackened Death Metal. Desolate Divine&#8221; vereint urw\u00fcchsige Abscheu mit hypnotischem Songwriting und schafft den Spagat zwischen einer kalkulierten, vielschichtigen Offensive und dem Chaos eines blutr\u00fcnstigen Berserkerangriffs. Nachdem die gro\u00dfen Ambitionen f\u00fcr [&#8230;]\n","protected":false},"featured_media":2836329,"comment_status":"open","ping_status":"closed","template":"","meta":[],"product_cat":[439],"product_tag":[],"class_list":{"0":"post-2836331","1":"product","2":"type-product","3":"status-publish","4":"has-post-thumbnail","6":"product_cat-vinyl-o-q","7":"pa_band-proscription","8":"pa_productgenre-death-metal","9":"pa_productlabel-dark-descent-records","11":"first","12":"instock","13":"taxable","14":"shipping-taxable","15":"purchasable","16":"product-type-simple"},"yoast_head":"<!-- This site is optimized with the Yoast SEO plugin v22.9 - https:\/\/yoast.com\/wordpress\/plugins\/seo\/ -->\n<title>PROSCRIPTION - desolate divine LP orange - cudgel | Der ultimative Metal Online Store<\/title>\n<meta name=\"robots\" content=\"index, follow, max-snippet:-1, max-image-preview:large, max-video-preview:-1\" \/>\n<link rel=\"canonical\" href=\"https:\/\/www.cudgel.de\/produkt\/proscription-desolate-divine-lp-orange\/\" \/>\n<meta property=\"og:locale\" content=\"en_US\" \/>\n<meta property=\"og:type\" content=\"article\" \/>\n<meta property=\"og:title\" content=\"PROSCRIPTION - desolate divine LP orange - cudgel | Der ultimative Metal Online Store\" \/>\n<meta property=\"og:description\" content=\"lim.transparent orange with gold marble effect vinyl Includes 20-page booklet. H\u00f6rt her, ihr Ungebundenen! Seht die triumphale R\u00fcckkehr von Proscription&#8217;s infernalischem Amalgam aus finno-amerikanischem Blackened Death Metal. Desolate Divine&#8221; vereint urw\u00fcchsige Abscheu mit hypnotischem Songwriting und schafft den Spagat zwischen einer kalkulierten, vielschichtigen Offensive und dem Chaos eines blutr\u00fcnstigen Berserkerangriffs. Nachdem die gro\u00dfen Ambitionen f\u00fcr [...]\" \/>\n<meta property=\"og:url\" content=\"https:\/\/www.cudgel.de\/produkt\/proscription-desolate-divine-lp-orange\/\" \/>\n<meta property=\"og:site_name\" content=\"cudgel | Der ultimative Metal Online Store\" \/>\n<meta property=\"article:publisher\" content=\"https:\/\/www.facebook.com\/CudgelVertrieb\" \/>\n<meta property=\"article:modified_time\" content=\"2025-12-31T18:47:59+00:00\" \/>\n<meta property=\"og:image\" content=\"https:\/\/www.cudgel.de\/wp-content\/uploads\/2025\/11\/Art110891.jpg\" \/>\n\t<meta property=\"og:image:width\" content=\"1000\" \/>\n\t<meta property=\"og:image:height\" content=\"1005\" \/>\n\t<meta property=\"og:image:type\" content=\"image\/jpeg\" \/>\n<meta name=\"twitter:card\" content=\"summary_large_image\" \/>\n<meta name=\"twitter:label1\" content=\"Est. reading time\" \/>\n\t<meta name=\"twitter:data1\" content=\"1 minute\" \/>\n<script type=\"application\/ld+json\" class=\"yoast-schema-graph\">{\"@context\":\"https:\/\/schema.org\",\"@graph\":[{\"@type\":\"WebPage\",\"@id\":\"https:\/\/www.cudgel.de\/produkt\/proscription-desolate-divine-lp-orange\/\",\"url\":\"https:\/\/www.cudgel.de\/produkt\/proscription-desolate-divine-lp-orange\/\",\"name\":\"PROSCRIPTION - desolate divine LP orange - cudgel | Der ultimative Metal Online Store\",\"isPartOf\":{\"@id\":\"https:\/\/www.cudgel.de\/#website\"},\"primaryImageOfPage\":{\"@id\":\"https:\/\/www.cudgel.de\/produkt\/proscription-desolate-divine-lp-orange\/#primaryimage\"},\"image\":{\"@id\":\"https:\/\/www.cudgel.de\/produkt\/proscription-desolate-divine-lp-orange\/#primaryimage\"},\"thumbnailUrl\":\"https:\/\/www.cudgel.de\/wp-content\/uploads\/2025\/11\/Art110891.jpg\",\"datePublished\":\"2025-11-24T11:01:58+00:00\",\"dateModified\":\"2025-12-31T18:47:59+00:00\",\"breadcrumb\":{\"@id\":\"https:\/\/www.cudgel.de\/produkt\/proscription-desolate-divine-lp-orange\/#breadcrumb\"},\"inLanguage\":\"en-US\",\"potentialAction\":[{\"@type\":\"ReadAction\",\"target\":[\"https:\/\/www.cudgel.de\/produkt\/proscription-desolate-divine-lp-orange\/\"]}]},{\"@type\":\"ImageObject\",\"inLanguage\":\"en-US\",\"@id\":\"https:\/\/www.cudgel.de\/produkt\/proscription-desolate-divine-lp-orange\/#primaryimage\",\"url\":\"https:\/\/www.cudgel.de\/wp-content\/uploads\/2025\/11\/Art110891.jpg\",\"contentUrl\":\"https:\/\/www.cudgel.de\/wp-content\/uploads\/2025\/11\/Art110891.jpg\",\"width\":1000,\"height\":1005},{\"@type\":\"BreadcrumbList\",\"@id\":\"https:\/\/www.cudgel.de\/produkt\/proscription-desolate-divine-lp-orange\/#breadcrumb\",\"itemListElement\":[{\"@type\":\"ListItem\",\"position\":1,\"name\":\"Home\",\"item\":\"https:\/\/www.cudgel.de\/en\/\"},{\"@type\":\"ListItem\",\"position\":2,\"name\":\"Shop\",\"item\":\"https:\/\/www.cudgel.de\/en\/shop\/\"},{\"@type\":\"ListItem\",\"position\":3,\"name\":\"PROSCRIPTION &#8211; desolate divine LP orange\"}]},{\"@type\":\"WebSite\",\"@id\":\"https:\/\/www.cudgel.de\/#website\",\"url\":\"https:\/\/www.cudgel.de\/\",\"name\":\"cudgel | Der ultimative Metal Online Store\",\"description\":\"Eine weitere WordPress-Website\",\"publisher\":{\"@id\":\"https:\/\/www.cudgel.de\/#organization\"},\"potentialAction\":[{\"@type\":\"SearchAction\",\"target\":{\"@type\":\"EntryPoint\",\"urlTemplate\":\"https:\/\/www.cudgel.de\/?s={search_term_string}\"},\"query-input\":\"required name=search_term_string\"}],\"inLanguage\":\"en-US\"},{\"@type\":\"Organization\",\"@id\":\"https:\/\/www.cudgel.de\/#organization\",\"name\":\"cudgel | Der ultimative Metal Online Store\",\"url\":\"https:\/\/www.cudgel.de\/\",\"logo\":{\"@type\":\"ImageObject\",\"inLanguage\":\"en-US\",\"@id\":\"https:\/\/www.cudgel.de\/#\/schema\/logo\/image\/\",\"url\":\"https:\/\/www.cudgel.de\/wp-content\/uploads\/2024\/06\/cudgel-logo-neu-1-1400x419png.webp\",\"contentUrl\":\"https:\/\/www.cudgel.de\/wp-content\/uploads\/2024\/06\/cudgel-logo-neu-1-1400x419png.webp\",\"width\":1400,\"height\":419,\"caption\":\"cudgel | Der ultimative Metal Online Store\"},\"image\":{\"@id\":\"https:\/\/www.cudgel.de\/#\/schema\/logo\/image\/\"},\"sameAs\":[\"https:\/\/www.facebook.com\/CudgelVertrieb\"]}]}<\/script>\n<!-- \/ Yoast SEO plugin. -->","yoast_head_json":{"title":"PROSCRIPTION - desolate divine LP orange - cudgel | Der ultimative Metal Online Store","robots":{"index":"index","follow":"follow","max-snippet":"max-snippet:-1","max-image-preview":"max-image-preview:large","max-video-preview":"max-video-preview:-1"},"canonical":"https:\/\/www.cudgel.de\/produkt\/proscription-desolate-divine-lp-orange\/","og_locale":"en_US","og_type":"article","og_title":"PROSCRIPTION - desolate divine LP orange - cudgel | Der ultimative Metal Online Store","og_description":"lim.transparent orange with gold marble effect vinyl Includes 20-page booklet. H\u00f6rt her, ihr Ungebundenen! Seht die triumphale R\u00fcckkehr von Proscription&#8217;s infernalischem Amalgam aus finno-amerikanischem Blackened Death Metal. Desolate Divine&#8221; vereint urw\u00fcchsige Abscheu mit hypnotischem Songwriting und schafft den Spagat zwischen einer kalkulierten, vielschichtigen Offensive und dem Chaos eines blutr\u00fcnstigen Berserkerangriffs. Nachdem die gro\u00dfen Ambitionen f\u00fcr [...]","og_url":"https:\/\/www.cudgel.de\/produkt\/proscription-desolate-divine-lp-orange\/","og_site_name":"cudgel | Der ultimative Metal Online Store","article_publisher":"https:\/\/www.facebook.com\/CudgelVertrieb","article_modified_time":"2025-12-31T18:47:59+00:00","og_image":[{"width":1000,"height":1005,"url":"https:\/\/www.cudgel.de\/wp-content\/uploads\/2025\/11\/Art110891.jpg","type":"image\/jpeg"}],"twitter_card":"summary_large_image","twitter_misc":{"Est. reading time":"1 minute"},"schema":{"@context":"https:\/\/schema.org","@graph":[{"@type":"WebPage","@id":"https:\/\/www.cudgel.de\/produkt\/proscription-desolate-divine-lp-orange\/","url":"https:\/\/www.cudgel.de\/produkt\/proscription-desolate-divine-lp-orange\/","name":"PROSCRIPTION - desolate divine LP orange - cudgel | Der ultimative Metal Online Store","isPartOf":{"@id":"https:\/\/www.cudgel.de\/#website"},"primaryImageOfPage":{"@id":"https:\/\/www.cudgel.de\/produkt\/proscription-desolate-divine-lp-orange\/#primaryimage"},"image":{"@id":"https:\/\/www.cudgel.de\/produkt\/proscription-desolate-divine-lp-orange\/#primaryimage"},"thumbnailUrl":"https:\/\/www.cudgel.de\/wp-content\/uploads\/2025\/11\/Art110891.jpg","datePublished":"2025-11-24T11:01:58+00:00","dateModified":"2025-12-31T18:47:59+00:00","breadcrumb":{"@id":"https:\/\/www.cudgel.de\/produkt\/proscription-desolate-divine-lp-orange\/#breadcrumb"},"inLanguage":"en-US","potentialAction":[{"@type":"ReadAction","target":["https:\/\/www.cudgel.de\/produkt\/proscription-desolate-divine-lp-orange\/"]}]},{"@type":"ImageObject","inLanguage":"en-US","@id":"https:\/\/www.cudgel.de\/produkt\/proscription-desolate-divine-lp-orange\/#primaryimage","url":"https:\/\/www.cudgel.de\/wp-content\/uploads\/2025\/11\/Art110891.jpg","contentUrl":"https:\/\/www.cudgel.de\/wp-content\/uploads\/2025\/11\/Art110891.jpg","width":1000,"height":1005},{"@type":"BreadcrumbList","@id":"https:\/\/www.cudgel.de\/produkt\/proscription-desolate-divine-lp-orange\/#breadcrumb","itemListElement":[{"@type":"ListItem","position":1,"name":"Home","item":"https:\/\/www.cudgel.de\/en\/"},{"@type":"ListItem","position":2,"name":"Shop","item":"https:\/\/www.cudgel.de\/en\/shop\/"},{"@type":"ListItem","position":3,"name":"PROSCRIPTION &#8211; desolate divine LP orange"}]},{"@type":"WebSite","@id":"https:\/\/www.cudgel.de\/#website","url":"https:\/\/www.cudgel.de\/","name":"cudgel | Der ultimative Metal Online Store","description":"Eine weitere WordPress-Website","publisher":{"@id":"https:\/\/www.cudgel.de\/#organization"},"potentialAction":[{"@type":"SearchAction","target":{"@type":"EntryPoint","urlTemplate":"https:\/\/www.cudgel.de\/?s={search_term_string}"},"query-input":"required name=search_term_string"}],"inLanguage":"en-US"},{"@type":"Organization","@id":"https:\/\/www.cudgel.de\/#organization","name":"cudgel | Der ultimative Metal Online Store","url":"https:\/\/www.cudgel.de\/","logo":{"@type":"ImageObject","inLanguage":"en-US","@id":"https:\/\/www.cudgel.de\/#\/schema\/logo\/image\/","url":"https:\/\/www.cudgel.de\/wp-content\/uploads\/2024\/06\/cudgel-logo-neu-1-1400x419png.webp","contentUrl":"https:\/\/www.cudgel.de\/wp-content\/uploads\/2024\/06\/cudgel-logo-neu-1-1400x419png.webp","width":1400,"height":419,"caption":"cudgel | Der ultimative Metal Online Store"},"image":{"@id":"https:\/\/www.cudgel.de\/#\/schema\/logo\/image\/"},"sameAs":["https:\/\/www.facebook.com\/CudgelVertrieb"]}]}},"_links":{"self":[{"href":"https:\/\/www.cudgel.de\/en\/wp-json\/wp\/v2\/product\/2836331","targetHints":{"allow":["GET"]}}],"collection":[{"href":"https:\/\/www.cudgel.de\/en\/wp-json\/wp\/v2\/product"}],"about":[{"href":"https:\/\/www.cudgel.de\/en\/wp-json\/wp\/v2\/types\/product"}],"replies":[{"embeddable":true,"href":"https:\/\/www.cudgel.de\/en\/wp-json\/wp\/v2\/comments?post=2836331"}],"wp:featuredmedia":[{"embeddable":true,"href":"https:\/\/www.cudgel.de\/en\/wp-json\/wp\/v2\/media\/2836329"}],"wp:attachment":[{"href":"https:\/\/www.cudgel.de\/en\/wp-json\/wp\/v2\/media?parent=2836331"}],"wp:term":[{"taxonomy":"product_cat","embeddable":true,"href":"https:\/\/www.cudgel.de\/en\/wp-json\/wp\/v2\/product_cat?post=2836331"},{"taxonomy":"product_tag","embeddable":true,"href":"https:\/\/www.cudgel.de\/en\/wp-json\/wp\/v2\/product_tag?post=2836331"}],"curies":[{"name":"wp","href":"https:\/\/api.w.org\/{rel}","templated":true}]}}