{"id":2836341,"date":"2025-11-24T12:02:16","date_gmt":"2025-11-24T11:02:16","guid":{"rendered":"https:\/\/www.cudgel.de\/produkt\/civerous-maze-envy-cd\/"},"modified":"2026-01-26T08:54:10","modified_gmt":"2026-01-26T07:54:10","slug":"civerous-maze-envy-cd","status":"publish","type":"product","link":"https:\/\/www.cudgel.de\/en\/product\/civerous-maze-envy-cd\/","title":{"rendered":"CIVEROUS &#8211; maze envy CD"},"content":{"rendered":"<p>Beim H\u00f6ren von &#8220;Decrepit Flesh Relic&#8221;, dem ersten Album von Civerous, bekam man man das Gef\u00fchl, dass es einen ersticken w\u00fcrde und dass man sich unter den knochenbrechenden Todeshymnen in Todesangst verstrickt. Mit dem \u00fcberragenden neuen Album &#8220;Maze Envy&#8221; entl\u00e4sst LA&#8217;s kreativstes Death\/Doom-Ensemble ein neues, aber nicht weniger brutales Feuerwerk aus eindringlichem Horror und morbidem Wehklagen auf die Menschheit los!<\/p>\n<p>Wo Death \/ Doom oft in sicheren und abenteuerlichen Gefilden des engen Fokus verbleibt, pr\u00e4sentiert &#8220;Maze Envy&#8221; eine weitreichendere Bandbreite an Ambitionen &#8211; ungew\u00f6hnliche Technik, progressive Atmosph\u00e4ren, Streicherverzierungen und chaotischer Mystizismus strahlt ein violettes Licht des Aufstiegs der Seele aus den schwarzen Ozeanen des Grauens aus, die Civerous bewohnen. Kettenschleppendes Gejammer, geschw\u00e4rzte Blasts und die wilde Grausamkeit von Lord Fouls h\u00f6llischen Vokalexorzismen verleihen &#8220;Maze Envy&#8221; eine h\u00f6llische Erhabenheit auf seinen unz\u00e4hligen Pfaden in die Vergessenheit.<\/p>\n<p>&#8220;Maze Envy&#8221; ist Endzeitmusik f\u00fcr ein Zeitalter, in dem sich das Armaggeddon unergr\u00fcndlich nah anf\u00fchlt. Civerous versetzen die Sinne in einen Zustand labyrinthischen Chaos, aus dem ein Auftauchen immer unwahrscheinlicher wird.<\/p>\n<p>FFO: Spectral Voice, Disembowelment, My Dying Bride, Worm, Ceremonium, Tzompantli, Krypts, Rippikoulu<\/p>\n<p><strong>Tracks:<\/strong><\/p>\n<ol class=\"tracklisting\">\n<li>The Azure Eye<\/li>\n<li>Shrouded in Crystals<\/li>\n<li>Endless Symmetry<\/li>\n<li>Labyrinth Charm<\/li>\n<li>Leviatation Tomb<\/li>\n<li>Maze Envy<\/li>\n<li>Geryon (The Plummet)<\/li>\n<\/ol>\n<p><strong>Genres:<\/strong> Death Metal, Black Metal, Doom Metal<\/p>\n<p> <strong>Label:<\/strong> 20 Buck Spin<\/p>\n<p> <strong>Erscheinungsjahr:<\/strong> 2024<\/p>\n<p> <strong>K\u00fcnstler:<\/strong> CIVEROUS<\/p>\n<p> <strong>Spieldauer:<\/strong> 42:07<\/p>\n<p> <strong>Format:<\/strong> CD<\/p>\n<p> <strong>EAN:<\/strong> 0810079501632<\/p>\n<p><strong>GPSR Information:<\/strong><br \/>Manufacturer:<br \/>\nIntegral Music \/ Virgin Music Group BV<br \/>\n&#8216;s-Gravelandseweg 80, 1217 EW Hilversum, Netherlands<br \/>\nKundenservice(at)integralmusic.com<\/p>\n","protected":false},"excerpt":{"rendered":"<p>Beim H\u00f6ren von &#8220;Decrepit Flesh Relic&#8221;, dem ersten Album von Civerous, bekam man man das Gef\u00fchl, dass es einen ersticken w\u00fcrde und dass man sich unter den knochenbrechenden Todeshymnen in Todesangst verstrickt. Mit dem \u00fcberragenden neuen Album &#8220;Maze Envy&#8221; entl\u00e4sst LA&#8217;s kreativstes Death\/Doom-Ensemble ein neues, aber nicht weniger brutales Feuerwerk aus eindringlichem Horror und morbidem [&#8230;]\n","protected":false},"featured_media":2836339,"comment_status":"open","ping_status":"closed","template":"","meta":[],"product_cat":[450],"product_tag":[],"class_list":{"0":"post-2836341","1":"product","2":"type-product","3":"status-publish","4":"has-post-thumbnail","6":"product_cat-cd-c","7":"pa_band-civerous","8":"pa_productgenre-black-metal","9":"pa_productgenre-death-metal","10":"pa_productgenre-doom-metal","11":"pa_productlabel-20-buck-spin","13":"first","14":"instock","15":"taxable","16":"shipping-taxable","17":"purchasable","18":"product-type-simple"},"yoast_head":"<!-- This site is optimized with the Yoast SEO plugin v22.9 - https:\/\/yoast.com\/wordpress\/plugins\/seo\/ -->\n<title>CIVEROUS - maze envy CD - cudgel | Der ultimative Metal Online Store<\/title>\n<meta name=\"robots\" content=\"index, follow, max-snippet:-1, max-image-preview:large, max-video-preview:-1\" \/>\n<link rel=\"canonical\" href=\"https:\/\/www.cudgel.de\/produkt\/civerous-maze-envy-cd\/\" \/>\n<meta property=\"og:locale\" content=\"en_US\" \/>\n<meta property=\"og:type\" content=\"article\" \/>\n<meta property=\"og:title\" content=\"CIVEROUS - maze envy CD - cudgel | Der ultimative Metal Online Store\" \/>\n<meta property=\"og:description\" content=\"Beim H\u00f6ren von &#8220;Decrepit Flesh Relic&#8221;, dem ersten Album von Civerous, bekam man man das Gef\u00fchl, dass es einen ersticken w\u00fcrde und dass man sich unter den knochenbrechenden Todeshymnen in Todesangst verstrickt. Mit dem \u00fcberragenden neuen Album &#8220;Maze Envy&#8221; entl\u00e4sst LA&#8217;s kreativstes Death\/Doom-Ensemble ein neues, aber nicht weniger brutales Feuerwerk aus eindringlichem Horror und morbidem [...]\" \/>\n<meta property=\"og:url\" content=\"https:\/\/www.cudgel.de\/produkt\/civerous-maze-envy-cd\/\" \/>\n<meta property=\"og:site_name\" content=\"cudgel | Der ultimative Metal Online Store\" \/>\n<meta property=\"article:publisher\" content=\"https:\/\/www.facebook.com\/CudgelVertrieb\" \/>\n<meta property=\"article:modified_time\" content=\"2026-01-26T07:54:10+00:00\" \/>\n<meta property=\"og:image\" content=\"https:\/\/www.cudgel.de\/wp-content\/uploads\/2025\/11\/Art221365.jpg\" \/>\n\t<meta property=\"og:image:width\" content=\"1000\" \/>\n\t<meta property=\"og:image:height\" content=\"1000\" \/>\n\t<meta property=\"og:image:type\" content=\"image\/jpeg\" \/>\n<meta name=\"twitter:card\" content=\"summary_large_image\" \/>\n<meta name=\"twitter:label1\" content=\"Est. reading time\" \/>\n\t<meta name=\"twitter:data1\" content=\"1 minute\" \/>\n<script type=\"application\/ld+json\" class=\"yoast-schema-graph\">{\"@context\":\"https:\/\/schema.org\",\"@graph\":[{\"@type\":\"WebPage\",\"@id\":\"https:\/\/www.cudgel.de\/produkt\/civerous-maze-envy-cd\/\",\"url\":\"https:\/\/www.cudgel.de\/produkt\/civerous-maze-envy-cd\/\",\"name\":\"CIVEROUS - maze envy CD - cudgel | Der ultimative Metal Online Store\",\"isPartOf\":{\"@id\":\"https:\/\/www.cudgel.de\/#website\"},\"primaryImageOfPage\":{\"@id\":\"https:\/\/www.cudgel.de\/produkt\/civerous-maze-envy-cd\/#primaryimage\"},\"image\":{\"@id\":\"https:\/\/www.cudgel.de\/produkt\/civerous-maze-envy-cd\/#primaryimage\"},\"thumbnailUrl\":\"https:\/\/www.cudgel.de\/wp-content\/uploads\/2025\/11\/Art221365.jpg\",\"datePublished\":\"2025-11-24T11:02:16+00:00\",\"dateModified\":\"2026-01-26T07:54:10+00:00\",\"breadcrumb\":{\"@id\":\"https:\/\/www.cudgel.de\/produkt\/civerous-maze-envy-cd\/#breadcrumb\"},\"inLanguage\":\"en-US\",\"potentialAction\":[{\"@type\":\"ReadAction\",\"target\":[\"https:\/\/www.cudgel.de\/produkt\/civerous-maze-envy-cd\/\"]}]},{\"@type\":\"ImageObject\",\"inLanguage\":\"en-US\",\"@id\":\"https:\/\/www.cudgel.de\/produkt\/civerous-maze-envy-cd\/#primaryimage\",\"url\":\"https:\/\/www.cudgel.de\/wp-content\/uploads\/2025\/11\/Art221365.jpg\",\"contentUrl\":\"https:\/\/www.cudgel.de\/wp-content\/uploads\/2025\/11\/Art221365.jpg\",\"width\":1000,\"height\":1000},{\"@type\":\"BreadcrumbList\",\"@id\":\"https:\/\/www.cudgel.de\/produkt\/civerous-maze-envy-cd\/#breadcrumb\",\"itemListElement\":[{\"@type\":\"ListItem\",\"position\":1,\"name\":\"Home\",\"item\":\"https:\/\/www.cudgel.de\/en\/\"},{\"@type\":\"ListItem\",\"position\":2,\"name\":\"Shop\",\"item\":\"https:\/\/www.cudgel.de\/en\/shop\/\"},{\"@type\":\"ListItem\",\"position\":3,\"name\":\"CIVEROUS &#8211; maze envy CD\"}]},{\"@type\":\"WebSite\",\"@id\":\"https:\/\/www.cudgel.de\/#website\",\"url\":\"https:\/\/www.cudgel.de\/\",\"name\":\"cudgel | Der ultimative Metal Online Store\",\"description\":\"Eine weitere WordPress-Website\",\"publisher\":{\"@id\":\"https:\/\/www.cudgel.de\/#organization\"},\"potentialAction\":[{\"@type\":\"SearchAction\",\"target\":{\"@type\":\"EntryPoint\",\"urlTemplate\":\"https:\/\/www.cudgel.de\/?s={search_term_string}\"},\"query-input\":\"required name=search_term_string\"}],\"inLanguage\":\"en-US\"},{\"@type\":\"Organization\",\"@id\":\"https:\/\/www.cudgel.de\/#organization\",\"name\":\"cudgel | Der ultimative Metal Online Store\",\"url\":\"https:\/\/www.cudgel.de\/\",\"logo\":{\"@type\":\"ImageObject\",\"inLanguage\":\"en-US\",\"@id\":\"https:\/\/www.cudgel.de\/#\/schema\/logo\/image\/\",\"url\":\"https:\/\/www.cudgel.de\/wp-content\/uploads\/2024\/06\/cudgel-logo-neu-1-1400x419png.webp\",\"contentUrl\":\"https:\/\/www.cudgel.de\/wp-content\/uploads\/2024\/06\/cudgel-logo-neu-1-1400x419png.webp\",\"width\":1400,\"height\":419,\"caption\":\"cudgel | Der ultimative Metal Online Store\"},\"image\":{\"@id\":\"https:\/\/www.cudgel.de\/#\/schema\/logo\/image\/\"},\"sameAs\":[\"https:\/\/www.facebook.com\/CudgelVertrieb\"]}]}<\/script>\n<!-- \/ Yoast SEO plugin. -->","yoast_head_json":{"title":"CIVEROUS - maze envy CD - cudgel | Der ultimative Metal Online Store","robots":{"index":"index","follow":"follow","max-snippet":"max-snippet:-1","max-image-preview":"max-image-preview:large","max-video-preview":"max-video-preview:-1"},"canonical":"https:\/\/www.cudgel.de\/produkt\/civerous-maze-envy-cd\/","og_locale":"en_US","og_type":"article","og_title":"CIVEROUS - maze envy CD - cudgel | Der ultimative Metal Online Store","og_description":"Beim H\u00f6ren von &#8220;Decrepit Flesh Relic&#8221;, dem ersten Album von Civerous, bekam man man das Gef\u00fchl, dass es einen ersticken w\u00fcrde und dass man sich unter den knochenbrechenden Todeshymnen in Todesangst verstrickt. Mit dem \u00fcberragenden neuen Album &#8220;Maze Envy&#8221; entl\u00e4sst LA&#8217;s kreativstes Death\/Doom-Ensemble ein neues, aber nicht weniger brutales Feuerwerk aus eindringlichem Horror und morbidem [...]","og_url":"https:\/\/www.cudgel.de\/produkt\/civerous-maze-envy-cd\/","og_site_name":"cudgel | Der ultimative Metal Online Store","article_publisher":"https:\/\/www.facebook.com\/CudgelVertrieb","article_modified_time":"2026-01-26T07:54:10+00:00","og_image":[{"width":1000,"height":1000,"url":"https:\/\/www.cudgel.de\/wp-content\/uploads\/2025\/11\/Art221365.jpg","type":"image\/jpeg"}],"twitter_card":"summary_large_image","twitter_misc":{"Est. reading time":"1 minute"},"schema":{"@context":"https:\/\/schema.org","@graph":[{"@type":"WebPage","@id":"https:\/\/www.cudgel.de\/produkt\/civerous-maze-envy-cd\/","url":"https:\/\/www.cudgel.de\/produkt\/civerous-maze-envy-cd\/","name":"CIVEROUS - maze envy CD - cudgel | Der ultimative Metal Online Store","isPartOf":{"@id":"https:\/\/www.cudgel.de\/#website"},"primaryImageOfPage":{"@id":"https:\/\/www.cudgel.de\/produkt\/civerous-maze-envy-cd\/#primaryimage"},"image":{"@id":"https:\/\/www.cudgel.de\/produkt\/civerous-maze-envy-cd\/#primaryimage"},"thumbnailUrl":"https:\/\/www.cudgel.de\/wp-content\/uploads\/2025\/11\/Art221365.jpg","datePublished":"2025-11-24T11:02:16+00:00","dateModified":"2026-01-26T07:54:10+00:00","breadcrumb":{"@id":"https:\/\/www.cudgel.de\/produkt\/civerous-maze-envy-cd\/#breadcrumb"},"inLanguage":"en-US","potentialAction":[{"@type":"ReadAction","target":["https:\/\/www.cudgel.de\/produkt\/civerous-maze-envy-cd\/"]}]},{"@type":"ImageObject","inLanguage":"en-US","@id":"https:\/\/www.cudgel.de\/produkt\/civerous-maze-envy-cd\/#primaryimage","url":"https:\/\/www.cudgel.de\/wp-content\/uploads\/2025\/11\/Art221365.jpg","contentUrl":"https:\/\/www.cudgel.de\/wp-content\/uploads\/2025\/11\/Art221365.jpg","width":1000,"height":1000},{"@type":"BreadcrumbList","@id":"https:\/\/www.cudgel.de\/produkt\/civerous-maze-envy-cd\/#breadcrumb","itemListElement":[{"@type":"ListItem","position":1,"name":"Home","item":"https:\/\/www.cudgel.de\/en\/"},{"@type":"ListItem","position":2,"name":"Shop","item":"https:\/\/www.cudgel.de\/en\/shop\/"},{"@type":"ListItem","position":3,"name":"CIVEROUS &#8211; maze envy CD"}]},{"@type":"WebSite","@id":"https:\/\/www.cudgel.de\/#website","url":"https:\/\/www.cudgel.de\/","name":"cudgel | Der ultimative Metal Online Store","description":"Eine weitere WordPress-Website","publisher":{"@id":"https:\/\/www.cudgel.de\/#organization"},"potentialAction":[{"@type":"SearchAction","target":{"@type":"EntryPoint","urlTemplate":"https:\/\/www.cudgel.de\/?s={search_term_string}"},"query-input":"required name=search_term_string"}],"inLanguage":"en-US"},{"@type":"Organization","@id":"https:\/\/www.cudgel.de\/#organization","name":"cudgel | Der ultimative Metal Online Store","url":"https:\/\/www.cudgel.de\/","logo":{"@type":"ImageObject","inLanguage":"en-US","@id":"https:\/\/www.cudgel.de\/#\/schema\/logo\/image\/","url":"https:\/\/www.cudgel.de\/wp-content\/uploads\/2024\/06\/cudgel-logo-neu-1-1400x419png.webp","contentUrl":"https:\/\/www.cudgel.de\/wp-content\/uploads\/2024\/06\/cudgel-logo-neu-1-1400x419png.webp","width":1400,"height":419,"caption":"cudgel | Der ultimative Metal Online Store"},"image":{"@id":"https:\/\/www.cudgel.de\/#\/schema\/logo\/image\/"},"sameAs":["https:\/\/www.facebook.com\/CudgelVertrieb"]}]}},"_links":{"self":[{"href":"https:\/\/www.cudgel.de\/en\/wp-json\/wp\/v2\/product\/2836341","targetHints":{"allow":["GET"]}}],"collection":[{"href":"https:\/\/www.cudgel.de\/en\/wp-json\/wp\/v2\/product"}],"about":[{"href":"https:\/\/www.cudgel.de\/en\/wp-json\/wp\/v2\/types\/product"}],"replies":[{"embeddable":true,"href":"https:\/\/www.cudgel.de\/en\/wp-json\/wp\/v2\/comments?post=2836341"}],"wp:featuredmedia":[{"embeddable":true,"href":"https:\/\/www.cudgel.de\/en\/wp-json\/wp\/v2\/media\/2836339"}],"wp:attachment":[{"href":"https:\/\/www.cudgel.de\/en\/wp-json\/wp\/v2\/media?parent=2836341"}],"wp:term":[{"taxonomy":"product_cat","embeddable":true,"href":"https:\/\/www.cudgel.de\/en\/wp-json\/wp\/v2\/product_cat?post=2836341"},{"taxonomy":"product_tag","embeddable":true,"href":"https:\/\/www.cudgel.de\/en\/wp-json\/wp\/v2\/product_tag?post=2836341"}],"curies":[{"name":"wp","href":"https:\/\/api.w.org\/{rel}","templated":true}]}}