{"id":2836864,"date":"2025-11-24T15:47:48","date_gmt":"2025-11-24T14:47:48","guid":{"rendered":"https:\/\/www.cudgel.de\/produkt\/archaic-thorn-malicious-spears-cdslipcase\/"},"modified":"2026-03-09T18:03:22","modified_gmt":"2026-03-09T17:03:22","slug":"archaic-thorn-malicious-spears-cdslipcase","status":"publish","type":"product","link":"https:\/\/www.cudgel.de\/en\/product\/archaic-thorn-malicious-spears-cdslipcase\/","title":{"rendered":"ARCHAIC THORN &#8211; malicious spears CD+Slipcase"},"content":{"rendered":"<p>Archaic Thorn sind seit 2010 im deutschen Death-Metal-Underground aktiv und haben sich von ihren Anf\u00e4ngen mit dem Demo \u0084Hydra Throats\u0093 (2013) \u00fcber die EP \u0084In Desolate Magnificence\u0093 (2015) bis zu ihrem gefeierten Deb\u00fctalbum \u0084Eradication\u0093 (2020) kontinuierlich weiterentwickelt, ohne ihr urspr\u00fcngliches Ungest\u00fcm einzub\u00fc\u00dfen. Und wer den Old-School-Sound von Bands wie Degial, Necrovore oder Repugnant sch\u00e4tzt, wird nun auch \u0084Malicious Spears\u0093 lieben.<br \/>\nAuf seinem zweiten Studioalbum f\u00fchrt das s\u00e4chsische Trio diese Linie logisch fort. \u0084Es ist aus unserer Sicht eing\u00e4ngiger und hat pr\u00e4gnantere Riffs\u0093, sagt Gitarrist CL. \u0084Der Sound trifft unsere Vorstellungen genau, wir wollten eine organische Produktion, die absolut ehrlich unseren Bandcharakter widerspiegelt und trotzdem zeitgem\u00e4\u00df druckvoll ist.\u0093 Die Aufnahmen wurden von Christoph Brandes in den Iguana Studios (u.a. Necrophagist, Fragments of Unbecoming) gemixt und gemastert.<br \/>\nStilistische Best\u00e4ndigkeit und eine stabiles Bandgef\u00fcge gehen bei Archaic Thorn miteinander einher. Die Songtexte befassen sich haupts\u00e4chlich mit \u0084Okkultismus, Tod, Krieg und Verdammnis\u0093, wie S\u00e4nger\/Bassist MF betont, was sich auch in dem eindrucksvollen Artwork von Sadistik-Exekution-Shouter Rok widerspiegelt. Die Klasse von \u0084Malicious Spears\u0093 d\u00fcrfte Archaic Thorn zahlreiche neue Fans bescheren. Wer kompromisslose Brutalit\u00e4t und ausgefeilte Songstrukturen auf diesem Niveau kombiniert, kann es mit den Schwergewichten des Genres aufnehmen.<\/p>\n<p><strong>Tracks:<\/strong><\/p>\n<ol class=\"tracklisting\">\n<li>Lord of Tombs<\/li>\n<li>A Blessed Ground Remains<\/li>\n<li>Conquering Spirits<\/li>\n<li>Advancing Without Mercy<\/li>\n<li>Massgrave Transformation<\/li>\n<li>Angel of Havaz<\/li>\n<li>Malicious Spears<\/li>\n<\/ol>\n<p><strong>Genres:<\/strong> Death Metal<\/p>\n<p> <strong>Label:<\/strong> High Roller Records<\/p>\n<p> <strong>Erscheinungsjahr:<\/strong> 2025<\/p>\n<p> <strong>K\u00fcnstler:<\/strong> ARCHAIC THORN<\/p>\n<p> <strong>Spieldauer:<\/strong> 39:32<\/p>\n<p> <strong>Format:<\/strong> CD<\/p>\n<p> <strong>EAN:<\/strong> 4251267723065<\/p>\n<p><strong>GPSR Information:<\/strong><br \/>Manufacturer:<br \/>\nHigh Roller Records<br \/>\nBertolt-Brecht-Str. 1a<br \/>\n08412 Werdau, Germany<br \/>\ninfo(at)hrrshop.de<\/p>\n","protected":false},"excerpt":{"rendered":"<p>Archaic Thorn sind seit 2010 im deutschen Death-Metal-Underground aktiv und haben sich von ihren Anf\u00e4ngen mit dem Demo \u0084Hydra Throats\u0093 (2013) \u00fcber die EP \u0084In Desolate Magnificence\u0093 (2015) bis zu ihrem gefeierten Deb\u00fctalbum \u0084Eradication\u0093 (2020) kontinuierlich weiterentwickelt, ohne ihr urspr\u00fcngliches Ungest\u00fcm einzub\u00fc\u00dfen. Und wer den Old-School-Sound von Bands wie Degial, Necrovore oder Repugnant sch\u00e4tzt, wird [&#8230;]\n","protected":false},"featured_media":2836862,"comment_status":"open","ping_status":"closed","template":"","meta":[],"product_cat":[448],"product_tag":[],"class_list":{"0":"post-2836864","1":"product","2":"type-product","3":"status-publish","4":"has-post-thumbnail","6":"product_cat-cd-a","7":"pa_band-archaic-thorn","8":"pa_productgenre-death-metal","9":"pa_productlabel-high-roller-records","11":"first","12":"instock","13":"taxable","14":"shipping-taxable","15":"purchasable","16":"product-type-simple"},"yoast_head":"<!-- This site is optimized with the Yoast SEO plugin v22.9 - https:\/\/yoast.com\/wordpress\/plugins\/seo\/ -->\n<title>ARCHAIC THORN - malicious spears CD+Slipcase - cudgel | Der ultimative Metal Online Store<\/title>\n<meta name=\"robots\" content=\"index, follow, max-snippet:-1, max-image-preview:large, max-video-preview:-1\" \/>\n<link rel=\"canonical\" href=\"https:\/\/www.cudgel.de\/produkt\/archaic-thorn-malicious-spears-cdslipcase\/\" \/>\n<meta property=\"og:locale\" content=\"en_US\" \/>\n<meta property=\"og:type\" content=\"article\" \/>\n<meta property=\"og:title\" content=\"ARCHAIC THORN - malicious spears CD+Slipcase - cudgel | Der ultimative Metal Online Store\" \/>\n<meta property=\"og:description\" content=\"Archaic Thorn sind seit 2010 im deutschen Death-Metal-Underground aktiv und haben sich von ihren Anf\u00e4ngen mit dem Demo \u0084Hydra Throats\u0093 (2013) \u00fcber die EP \u0084In Desolate Magnificence\u0093 (2015) bis zu ihrem gefeierten Deb\u00fctalbum \u0084Eradication\u0093 (2020) kontinuierlich weiterentwickelt, ohne ihr urspr\u00fcngliches Ungest\u00fcm einzub\u00fc\u00dfen. Und wer den Old-School-Sound von Bands wie Degial, Necrovore oder Repugnant sch\u00e4tzt, wird [...]\" \/>\n<meta property=\"og:url\" content=\"https:\/\/www.cudgel.de\/produkt\/archaic-thorn-malicious-spears-cdslipcase\/\" \/>\n<meta property=\"og:site_name\" content=\"cudgel | Der ultimative Metal Online Store\" \/>\n<meta property=\"article:publisher\" content=\"https:\/\/www.facebook.com\/CudgelVertrieb\" \/>\n<meta property=\"article:modified_time\" content=\"2026-03-09T17:03:22+00:00\" \/>\n<meta property=\"og:image\" content=\"https:\/\/www.cudgel.de\/wp-content\/uploads\/2025\/11\/Art222941.jpg\" \/>\n\t<meta property=\"og:image:width\" content=\"1000\" \/>\n\t<meta property=\"og:image:height\" content=\"1006\" \/>\n\t<meta property=\"og:image:type\" content=\"image\/jpeg\" \/>\n<meta name=\"twitter:card\" content=\"summary_large_image\" \/>\n<meta name=\"twitter:label1\" content=\"Est. reading time\" \/>\n\t<meta name=\"twitter:data1\" content=\"1 minute\" \/>\n<script type=\"application\/ld+json\" class=\"yoast-schema-graph\">{\"@context\":\"https:\/\/schema.org\",\"@graph\":[{\"@type\":\"WebPage\",\"@id\":\"https:\/\/www.cudgel.de\/produkt\/archaic-thorn-malicious-spears-cdslipcase\/\",\"url\":\"https:\/\/www.cudgel.de\/produkt\/archaic-thorn-malicious-spears-cdslipcase\/\",\"name\":\"ARCHAIC THORN - malicious spears CD+Slipcase - cudgel | Der ultimative Metal Online Store\",\"isPartOf\":{\"@id\":\"https:\/\/www.cudgel.de\/#website\"},\"primaryImageOfPage\":{\"@id\":\"https:\/\/www.cudgel.de\/produkt\/archaic-thorn-malicious-spears-cdslipcase\/#primaryimage\"},\"image\":{\"@id\":\"https:\/\/www.cudgel.de\/produkt\/archaic-thorn-malicious-spears-cdslipcase\/#primaryimage\"},\"thumbnailUrl\":\"https:\/\/www.cudgel.de\/wp-content\/uploads\/2025\/11\/Art222941.jpg\",\"datePublished\":\"2025-11-24T14:47:48+00:00\",\"dateModified\":\"2026-03-09T17:03:22+00:00\",\"breadcrumb\":{\"@id\":\"https:\/\/www.cudgel.de\/produkt\/archaic-thorn-malicious-spears-cdslipcase\/#breadcrumb\"},\"inLanguage\":\"en-US\",\"potentialAction\":[{\"@type\":\"ReadAction\",\"target\":[\"https:\/\/www.cudgel.de\/produkt\/archaic-thorn-malicious-spears-cdslipcase\/\"]}]},{\"@type\":\"ImageObject\",\"inLanguage\":\"en-US\",\"@id\":\"https:\/\/www.cudgel.de\/produkt\/archaic-thorn-malicious-spears-cdslipcase\/#primaryimage\",\"url\":\"https:\/\/www.cudgel.de\/wp-content\/uploads\/2025\/11\/Art222941.jpg\",\"contentUrl\":\"https:\/\/www.cudgel.de\/wp-content\/uploads\/2025\/11\/Art222941.jpg\",\"width\":1000,\"height\":1006},{\"@type\":\"BreadcrumbList\",\"@id\":\"https:\/\/www.cudgel.de\/produkt\/archaic-thorn-malicious-spears-cdslipcase\/#breadcrumb\",\"itemListElement\":[{\"@type\":\"ListItem\",\"position\":1,\"name\":\"Home\",\"item\":\"https:\/\/www.cudgel.de\/en\/\"},{\"@type\":\"ListItem\",\"position\":2,\"name\":\"Shop\",\"item\":\"https:\/\/www.cudgel.de\/en\/shop\/\"},{\"@type\":\"ListItem\",\"position\":3,\"name\":\"ARCHAIC THORN &#8211; malicious spears CD+Slipcase\"}]},{\"@type\":\"WebSite\",\"@id\":\"https:\/\/www.cudgel.de\/#website\",\"url\":\"https:\/\/www.cudgel.de\/\",\"name\":\"cudgel | Der ultimative Metal Online Store\",\"description\":\"Eine weitere WordPress-Website\",\"publisher\":{\"@id\":\"https:\/\/www.cudgel.de\/#organization\"},\"potentialAction\":[{\"@type\":\"SearchAction\",\"target\":{\"@type\":\"EntryPoint\",\"urlTemplate\":\"https:\/\/www.cudgel.de\/?s={search_term_string}\"},\"query-input\":\"required name=search_term_string\"}],\"inLanguage\":\"en-US\"},{\"@type\":\"Organization\",\"@id\":\"https:\/\/www.cudgel.de\/#organization\",\"name\":\"cudgel | Der ultimative Metal Online Store\",\"url\":\"https:\/\/www.cudgel.de\/\",\"logo\":{\"@type\":\"ImageObject\",\"inLanguage\":\"en-US\",\"@id\":\"https:\/\/www.cudgel.de\/#\/schema\/logo\/image\/\",\"url\":\"https:\/\/www.cudgel.de\/wp-content\/uploads\/2024\/06\/cudgel-logo-neu-1-1400x419png.webp\",\"contentUrl\":\"https:\/\/www.cudgel.de\/wp-content\/uploads\/2024\/06\/cudgel-logo-neu-1-1400x419png.webp\",\"width\":1400,\"height\":419,\"caption\":\"cudgel | Der ultimative Metal Online Store\"},\"image\":{\"@id\":\"https:\/\/www.cudgel.de\/#\/schema\/logo\/image\/\"},\"sameAs\":[\"https:\/\/www.facebook.com\/CudgelVertrieb\"]}]}<\/script>\n<!-- \/ Yoast SEO plugin. -->","yoast_head_json":{"title":"ARCHAIC THORN - malicious spears CD+Slipcase - cudgel | Der ultimative Metal Online Store","robots":{"index":"index","follow":"follow","max-snippet":"max-snippet:-1","max-image-preview":"max-image-preview:large","max-video-preview":"max-video-preview:-1"},"canonical":"https:\/\/www.cudgel.de\/produkt\/archaic-thorn-malicious-spears-cdslipcase\/","og_locale":"en_US","og_type":"article","og_title":"ARCHAIC THORN - malicious spears CD+Slipcase - cudgel | Der ultimative Metal Online Store","og_description":"Archaic Thorn sind seit 2010 im deutschen Death-Metal-Underground aktiv und haben sich von ihren Anf\u00e4ngen mit dem Demo \u0084Hydra Throats\u0093 (2013) \u00fcber die EP \u0084In Desolate Magnificence\u0093 (2015) bis zu ihrem gefeierten Deb\u00fctalbum \u0084Eradication\u0093 (2020) kontinuierlich weiterentwickelt, ohne ihr urspr\u00fcngliches Ungest\u00fcm einzub\u00fc\u00dfen. Und wer den Old-School-Sound von Bands wie Degial, Necrovore oder Repugnant sch\u00e4tzt, wird [...]","og_url":"https:\/\/www.cudgel.de\/produkt\/archaic-thorn-malicious-spears-cdslipcase\/","og_site_name":"cudgel | Der ultimative Metal Online Store","article_publisher":"https:\/\/www.facebook.com\/CudgelVertrieb","article_modified_time":"2026-03-09T17:03:22+00:00","og_image":[{"width":1000,"height":1006,"url":"https:\/\/www.cudgel.de\/wp-content\/uploads\/2025\/11\/Art222941.jpg","type":"image\/jpeg"}],"twitter_card":"summary_large_image","twitter_misc":{"Est. reading time":"1 minute"},"schema":{"@context":"https:\/\/schema.org","@graph":[{"@type":"WebPage","@id":"https:\/\/www.cudgel.de\/produkt\/archaic-thorn-malicious-spears-cdslipcase\/","url":"https:\/\/www.cudgel.de\/produkt\/archaic-thorn-malicious-spears-cdslipcase\/","name":"ARCHAIC THORN - malicious spears CD+Slipcase - cudgel | Der ultimative Metal Online Store","isPartOf":{"@id":"https:\/\/www.cudgel.de\/#website"},"primaryImageOfPage":{"@id":"https:\/\/www.cudgel.de\/produkt\/archaic-thorn-malicious-spears-cdslipcase\/#primaryimage"},"image":{"@id":"https:\/\/www.cudgel.de\/produkt\/archaic-thorn-malicious-spears-cdslipcase\/#primaryimage"},"thumbnailUrl":"https:\/\/www.cudgel.de\/wp-content\/uploads\/2025\/11\/Art222941.jpg","datePublished":"2025-11-24T14:47:48+00:00","dateModified":"2026-03-09T17:03:22+00:00","breadcrumb":{"@id":"https:\/\/www.cudgel.de\/produkt\/archaic-thorn-malicious-spears-cdslipcase\/#breadcrumb"},"inLanguage":"en-US","potentialAction":[{"@type":"ReadAction","target":["https:\/\/www.cudgel.de\/produkt\/archaic-thorn-malicious-spears-cdslipcase\/"]}]},{"@type":"ImageObject","inLanguage":"en-US","@id":"https:\/\/www.cudgel.de\/produkt\/archaic-thorn-malicious-spears-cdslipcase\/#primaryimage","url":"https:\/\/www.cudgel.de\/wp-content\/uploads\/2025\/11\/Art222941.jpg","contentUrl":"https:\/\/www.cudgel.de\/wp-content\/uploads\/2025\/11\/Art222941.jpg","width":1000,"height":1006},{"@type":"BreadcrumbList","@id":"https:\/\/www.cudgel.de\/produkt\/archaic-thorn-malicious-spears-cdslipcase\/#breadcrumb","itemListElement":[{"@type":"ListItem","position":1,"name":"Home","item":"https:\/\/www.cudgel.de\/en\/"},{"@type":"ListItem","position":2,"name":"Shop","item":"https:\/\/www.cudgel.de\/en\/shop\/"},{"@type":"ListItem","position":3,"name":"ARCHAIC THORN &#8211; malicious spears CD+Slipcase"}]},{"@type":"WebSite","@id":"https:\/\/www.cudgel.de\/#website","url":"https:\/\/www.cudgel.de\/","name":"cudgel | Der ultimative Metal Online Store","description":"Eine weitere WordPress-Website","publisher":{"@id":"https:\/\/www.cudgel.de\/#organization"},"potentialAction":[{"@type":"SearchAction","target":{"@type":"EntryPoint","urlTemplate":"https:\/\/www.cudgel.de\/?s={search_term_string}"},"query-input":"required name=search_term_string"}],"inLanguage":"en-US"},{"@type":"Organization","@id":"https:\/\/www.cudgel.de\/#organization","name":"cudgel | Der ultimative Metal Online Store","url":"https:\/\/www.cudgel.de\/","logo":{"@type":"ImageObject","inLanguage":"en-US","@id":"https:\/\/www.cudgel.de\/#\/schema\/logo\/image\/","url":"https:\/\/www.cudgel.de\/wp-content\/uploads\/2024\/06\/cudgel-logo-neu-1-1400x419png.webp","contentUrl":"https:\/\/www.cudgel.de\/wp-content\/uploads\/2024\/06\/cudgel-logo-neu-1-1400x419png.webp","width":1400,"height":419,"caption":"cudgel | Der ultimative Metal Online Store"},"image":{"@id":"https:\/\/www.cudgel.de\/#\/schema\/logo\/image\/"},"sameAs":["https:\/\/www.facebook.com\/CudgelVertrieb"]}]}},"_links":{"self":[{"href":"https:\/\/www.cudgel.de\/en\/wp-json\/wp\/v2\/product\/2836864","targetHints":{"allow":["GET"]}}],"collection":[{"href":"https:\/\/www.cudgel.de\/en\/wp-json\/wp\/v2\/product"}],"about":[{"href":"https:\/\/www.cudgel.de\/en\/wp-json\/wp\/v2\/types\/product"}],"replies":[{"embeddable":true,"href":"https:\/\/www.cudgel.de\/en\/wp-json\/wp\/v2\/comments?post=2836864"}],"wp:featuredmedia":[{"embeddable":true,"href":"https:\/\/www.cudgel.de\/en\/wp-json\/wp\/v2\/media\/2836862"}],"wp:attachment":[{"href":"https:\/\/www.cudgel.de\/en\/wp-json\/wp\/v2\/media?parent=2836864"}],"wp:term":[{"taxonomy":"product_cat","embeddable":true,"href":"https:\/\/www.cudgel.de\/en\/wp-json\/wp\/v2\/product_cat?post=2836864"},{"taxonomy":"product_tag","embeddable":true,"href":"https:\/\/www.cudgel.de\/en\/wp-json\/wp\/v2\/product_tag?post=2836864"}],"curies":[{"name":"wp","href":"https:\/\/api.w.org\/{rel}","templated":true}]}}