{"id":2873965,"date":"2025-12-08T13:05:50","date_gmt":"2025-12-08T12:05:50","guid":{"rendered":"https:\/\/www.cudgel.de\/produkt\/suffocation-hymns-of-the-apocrypha-cd\/"},"modified":"2026-01-12T08:24:46","modified_gmt":"2026-01-12T07:24:46","slug":"suffocation-hymns-of-the-apocrypha-cd","status":"publish","type":"product","link":"https:\/\/www.cudgel.de\/en\/product\/suffocation-hymns-of-the-apocrypha-cd\/","title":{"rendered":"SUFFOCATION &#8211; hymns of the apocrypha CD"},"content":{"rendered":"<p>jewelcase CD with 16 page booklet<\/p>\n<p>Das von Christian Donaldson (Shadow Of Intent, Ingested) mitproduzierte und vom griechischen Illustrator Giannis Nakos (Vomitory, The Crown) gestaltete Album treibt die Band bis an die Grenzen des Extremen. &#8220;Hymns From The Apocrypha&#8221; ist auch das erste Studioalbum mit dem neuen S\u00e4nger Ricky Myers, der seit 2019 Teil von SUFFOCATION ist und sich auf den B\u00fchnen der Welt als w\u00fcrdiger Nachfolger von Frank Mullen erwiesen hat. Er liefert auf diesem neuen Werk eine umwerfende Performance ab. &#8220;Hymns from the Apocrypha&#8221; zeigt, dass SUFFOCATION auf dem Weg zu ihrem 35-j\u00e4hrigen Bestehen immer besser werden. Kompromisslos brutal, k\u00fcnstlerisch mutig und akustisch schwer wie eh und je.<\/p>\n<p><strong>Tracks:<\/strong><\/p>\n<ol class=\"tracklisting\">\n<li>Hymns from the Apocrypha<\/li>\n<li>Perpetual Deception<\/li>\n<li>Dim Veil of Obscurity<\/li>\n<li>Immortal Execration<\/li>\n<li>Seraphim Enslavement<\/li>\n<li>Descendants<\/li>\n<li>Embrace the Suffering<\/li>\n<li>Delusions of Mortality<\/li>\n<li>Ignorant Deprivation<\/li>\n<\/ol>\n<p><strong>Genres:<\/strong> Death Metal, Brutal Death Metal<\/p>\n<p> <strong>Label:<\/strong> Nuclear Blast Records<\/p>\n<p> <strong>Erscheinungsjahr:<\/strong> 2023<\/p>\n<p> <strong>K\u00fcnstler:<\/strong> SUFFOCATION<\/p>\n<p> <strong>Spieldauer:<\/strong> 41:22<\/p>\n<p> <strong>Format:<\/strong> CD<\/p>\n<p> <strong>EAN:<\/strong> 4065629715427<\/p>\n<p><strong>GPSR Information:<\/strong><br \/>Manufacturer:<br \/>\nWARNER MUSIC Group Germany<br \/>\nAlter Wandrahm 14, 20457 Hamburg, Germany<br \/>\norder.service(at)warnermusic.com <\/p>\n","protected":false},"excerpt":{"rendered":"<p>jewelcase CD with 16 page booklet Das von Christian Donaldson (Shadow Of Intent, Ingested) mitproduzierte und vom griechischen Illustrator Giannis Nakos (Vomitory, The Crown) gestaltete Album treibt die Band bis an die Grenzen des Extremen. &#8220;Hymns From The Apocrypha&#8221; ist auch das erste Studioalbum mit dem neuen S\u00e4nger Ricky Myers, der seit 2019 Teil von [&#8230;]\n","protected":false},"featured_media":2873963,"comment_status":"open","ping_status":"closed","template":"","meta":[],"product_cat":[462],"product_tag":[],"class_list":{"0":"post-2873965","1":"product","2":"type-product","3":"status-publish","4":"has-post-thumbnail","6":"product_cat-cd-s","7":"pa_band-suffocation","8":"pa_productgenre-brutal-death-metal","9":"pa_productgenre-death-metal","10":"pa_productlabel-nuclear-blast-records","12":"first","13":"instock","14":"taxable","15":"shipping-taxable","16":"purchasable","17":"product-type-simple"},"yoast_head":"<!-- This site is optimized with the Yoast SEO plugin v22.9 - https:\/\/yoast.com\/wordpress\/plugins\/seo\/ -->\n<title>SUFFOCATION - hymns of the apocrypha CD - cudgel | Der ultimative Metal Online Store<\/title>\n<meta name=\"robots\" content=\"index, follow, max-snippet:-1, max-image-preview:large, max-video-preview:-1\" \/>\n<link rel=\"canonical\" href=\"https:\/\/www.cudgel.de\/produkt\/suffocation-hymns-of-the-apocrypha-cd\/\" \/>\n<meta property=\"og:locale\" content=\"en_US\" \/>\n<meta property=\"og:type\" content=\"article\" \/>\n<meta property=\"og:title\" content=\"SUFFOCATION - hymns of the apocrypha CD - cudgel | Der ultimative Metal Online Store\" \/>\n<meta property=\"og:description\" content=\"jewelcase CD with 16 page booklet Das von Christian Donaldson (Shadow Of Intent, Ingested) mitproduzierte und vom griechischen Illustrator Giannis Nakos (Vomitory, The Crown) gestaltete Album treibt die Band bis an die Grenzen des Extremen. &#8220;Hymns From The Apocrypha&#8221; ist auch das erste Studioalbum mit dem neuen S\u00e4nger Ricky Myers, der seit 2019 Teil von [...]\" \/>\n<meta property=\"og:url\" content=\"https:\/\/www.cudgel.de\/produkt\/suffocation-hymns-of-the-apocrypha-cd\/\" \/>\n<meta property=\"og:site_name\" content=\"cudgel | Der ultimative Metal Online Store\" \/>\n<meta property=\"article:publisher\" content=\"https:\/\/www.facebook.com\/CudgelVertrieb\" \/>\n<meta property=\"article:modified_time\" content=\"2026-01-12T07:24:46+00:00\" \/>\n<meta property=\"og:image\" content=\"https:\/\/www.cudgel.de\/wp-content\/uploads\/2025\/12\/Art221124.jpg\" \/>\n\t<meta property=\"og:image:width\" content=\"1000\" \/>\n\t<meta property=\"og:image:height\" content=\"1000\" \/>\n\t<meta property=\"og:image:type\" content=\"image\/jpeg\" \/>\n<meta name=\"twitter:card\" content=\"summary_large_image\" \/>\n<meta name=\"twitter:label1\" content=\"Est. reading time\" \/>\n\t<meta name=\"twitter:data1\" content=\"1 minute\" \/>\n<script type=\"application\/ld+json\" class=\"yoast-schema-graph\">{\"@context\":\"https:\/\/schema.org\",\"@graph\":[{\"@type\":\"WebPage\",\"@id\":\"https:\/\/www.cudgel.de\/produkt\/suffocation-hymns-of-the-apocrypha-cd\/\",\"url\":\"https:\/\/www.cudgel.de\/produkt\/suffocation-hymns-of-the-apocrypha-cd\/\",\"name\":\"SUFFOCATION - hymns of the apocrypha CD - cudgel | Der ultimative Metal Online Store\",\"isPartOf\":{\"@id\":\"https:\/\/www.cudgel.de\/#website\"},\"primaryImageOfPage\":{\"@id\":\"https:\/\/www.cudgel.de\/produkt\/suffocation-hymns-of-the-apocrypha-cd\/#primaryimage\"},\"image\":{\"@id\":\"https:\/\/www.cudgel.de\/produkt\/suffocation-hymns-of-the-apocrypha-cd\/#primaryimage\"},\"thumbnailUrl\":\"https:\/\/www.cudgel.de\/wp-content\/uploads\/2025\/12\/Art221124.jpg\",\"datePublished\":\"2025-12-08T12:05:50+00:00\",\"dateModified\":\"2026-01-12T07:24:46+00:00\",\"breadcrumb\":{\"@id\":\"https:\/\/www.cudgel.de\/produkt\/suffocation-hymns-of-the-apocrypha-cd\/#breadcrumb\"},\"inLanguage\":\"en-US\",\"potentialAction\":[{\"@type\":\"ReadAction\",\"target\":[\"https:\/\/www.cudgel.de\/produkt\/suffocation-hymns-of-the-apocrypha-cd\/\"]}]},{\"@type\":\"ImageObject\",\"inLanguage\":\"en-US\",\"@id\":\"https:\/\/www.cudgel.de\/produkt\/suffocation-hymns-of-the-apocrypha-cd\/#primaryimage\",\"url\":\"https:\/\/www.cudgel.de\/wp-content\/uploads\/2025\/12\/Art221124.jpg\",\"contentUrl\":\"https:\/\/www.cudgel.de\/wp-content\/uploads\/2025\/12\/Art221124.jpg\",\"width\":1000,\"height\":1000},{\"@type\":\"BreadcrumbList\",\"@id\":\"https:\/\/www.cudgel.de\/produkt\/suffocation-hymns-of-the-apocrypha-cd\/#breadcrumb\",\"itemListElement\":[{\"@type\":\"ListItem\",\"position\":1,\"name\":\"Home\",\"item\":\"https:\/\/www.cudgel.de\/en\/\"},{\"@type\":\"ListItem\",\"position\":2,\"name\":\"Shop\",\"item\":\"https:\/\/www.cudgel.de\/en\/shop\/\"},{\"@type\":\"ListItem\",\"position\":3,\"name\":\"SUFFOCATION &#8211; hymns of the apocrypha CD\"}]},{\"@type\":\"WebSite\",\"@id\":\"https:\/\/www.cudgel.de\/#website\",\"url\":\"https:\/\/www.cudgel.de\/\",\"name\":\"cudgel | Der ultimative Metal Online Store\",\"description\":\"Eine weitere WordPress-Website\",\"publisher\":{\"@id\":\"https:\/\/www.cudgel.de\/#organization\"},\"potentialAction\":[{\"@type\":\"SearchAction\",\"target\":{\"@type\":\"EntryPoint\",\"urlTemplate\":\"https:\/\/www.cudgel.de\/?s={search_term_string}\"},\"query-input\":\"required name=search_term_string\"}],\"inLanguage\":\"en-US\"},{\"@type\":\"Organization\",\"@id\":\"https:\/\/www.cudgel.de\/#organization\",\"name\":\"cudgel | Der ultimative Metal Online Store\",\"url\":\"https:\/\/www.cudgel.de\/\",\"logo\":{\"@type\":\"ImageObject\",\"inLanguage\":\"en-US\",\"@id\":\"https:\/\/www.cudgel.de\/#\/schema\/logo\/image\/\",\"url\":\"https:\/\/www.cudgel.de\/wp-content\/uploads\/2024\/06\/cudgel-logo-neu-1-1400x419png.webp\",\"contentUrl\":\"https:\/\/www.cudgel.de\/wp-content\/uploads\/2024\/06\/cudgel-logo-neu-1-1400x419png.webp\",\"width\":1400,\"height\":419,\"caption\":\"cudgel | Der ultimative Metal Online Store\"},\"image\":{\"@id\":\"https:\/\/www.cudgel.de\/#\/schema\/logo\/image\/\"},\"sameAs\":[\"https:\/\/www.facebook.com\/CudgelVertrieb\"]}]}<\/script>\n<!-- \/ Yoast SEO plugin. -->","yoast_head_json":{"title":"SUFFOCATION - hymns of the apocrypha CD - cudgel | Der ultimative Metal Online Store","robots":{"index":"index","follow":"follow","max-snippet":"max-snippet:-1","max-image-preview":"max-image-preview:large","max-video-preview":"max-video-preview:-1"},"canonical":"https:\/\/www.cudgel.de\/produkt\/suffocation-hymns-of-the-apocrypha-cd\/","og_locale":"en_US","og_type":"article","og_title":"SUFFOCATION - hymns of the apocrypha CD - cudgel | Der ultimative Metal Online Store","og_description":"jewelcase CD with 16 page booklet Das von Christian Donaldson (Shadow Of Intent, Ingested) mitproduzierte und vom griechischen Illustrator Giannis Nakos (Vomitory, The Crown) gestaltete Album treibt die Band bis an die Grenzen des Extremen. &#8220;Hymns From The Apocrypha&#8221; ist auch das erste Studioalbum mit dem neuen S\u00e4nger Ricky Myers, der seit 2019 Teil von [...]","og_url":"https:\/\/www.cudgel.de\/produkt\/suffocation-hymns-of-the-apocrypha-cd\/","og_site_name":"cudgel | Der ultimative Metal Online Store","article_publisher":"https:\/\/www.facebook.com\/CudgelVertrieb","article_modified_time":"2026-01-12T07:24:46+00:00","og_image":[{"width":1000,"height":1000,"url":"https:\/\/www.cudgel.de\/wp-content\/uploads\/2025\/12\/Art221124.jpg","type":"image\/jpeg"}],"twitter_card":"summary_large_image","twitter_misc":{"Est. reading time":"1 minute"},"schema":{"@context":"https:\/\/schema.org","@graph":[{"@type":"WebPage","@id":"https:\/\/www.cudgel.de\/produkt\/suffocation-hymns-of-the-apocrypha-cd\/","url":"https:\/\/www.cudgel.de\/produkt\/suffocation-hymns-of-the-apocrypha-cd\/","name":"SUFFOCATION - hymns of the apocrypha CD - cudgel | Der ultimative Metal Online Store","isPartOf":{"@id":"https:\/\/www.cudgel.de\/#website"},"primaryImageOfPage":{"@id":"https:\/\/www.cudgel.de\/produkt\/suffocation-hymns-of-the-apocrypha-cd\/#primaryimage"},"image":{"@id":"https:\/\/www.cudgel.de\/produkt\/suffocation-hymns-of-the-apocrypha-cd\/#primaryimage"},"thumbnailUrl":"https:\/\/www.cudgel.de\/wp-content\/uploads\/2025\/12\/Art221124.jpg","datePublished":"2025-12-08T12:05:50+00:00","dateModified":"2026-01-12T07:24:46+00:00","breadcrumb":{"@id":"https:\/\/www.cudgel.de\/produkt\/suffocation-hymns-of-the-apocrypha-cd\/#breadcrumb"},"inLanguage":"en-US","potentialAction":[{"@type":"ReadAction","target":["https:\/\/www.cudgel.de\/produkt\/suffocation-hymns-of-the-apocrypha-cd\/"]}]},{"@type":"ImageObject","inLanguage":"en-US","@id":"https:\/\/www.cudgel.de\/produkt\/suffocation-hymns-of-the-apocrypha-cd\/#primaryimage","url":"https:\/\/www.cudgel.de\/wp-content\/uploads\/2025\/12\/Art221124.jpg","contentUrl":"https:\/\/www.cudgel.de\/wp-content\/uploads\/2025\/12\/Art221124.jpg","width":1000,"height":1000},{"@type":"BreadcrumbList","@id":"https:\/\/www.cudgel.de\/produkt\/suffocation-hymns-of-the-apocrypha-cd\/#breadcrumb","itemListElement":[{"@type":"ListItem","position":1,"name":"Home","item":"https:\/\/www.cudgel.de\/en\/"},{"@type":"ListItem","position":2,"name":"Shop","item":"https:\/\/www.cudgel.de\/en\/shop\/"},{"@type":"ListItem","position":3,"name":"SUFFOCATION &#8211; hymns of the apocrypha CD"}]},{"@type":"WebSite","@id":"https:\/\/www.cudgel.de\/#website","url":"https:\/\/www.cudgel.de\/","name":"cudgel | Der ultimative Metal Online Store","description":"Eine weitere WordPress-Website","publisher":{"@id":"https:\/\/www.cudgel.de\/#organization"},"potentialAction":[{"@type":"SearchAction","target":{"@type":"EntryPoint","urlTemplate":"https:\/\/www.cudgel.de\/?s={search_term_string}"},"query-input":"required name=search_term_string"}],"inLanguage":"en-US"},{"@type":"Organization","@id":"https:\/\/www.cudgel.de\/#organization","name":"cudgel | Der ultimative Metal Online Store","url":"https:\/\/www.cudgel.de\/","logo":{"@type":"ImageObject","inLanguage":"en-US","@id":"https:\/\/www.cudgel.de\/#\/schema\/logo\/image\/","url":"https:\/\/www.cudgel.de\/wp-content\/uploads\/2024\/06\/cudgel-logo-neu-1-1400x419png.webp","contentUrl":"https:\/\/www.cudgel.de\/wp-content\/uploads\/2024\/06\/cudgel-logo-neu-1-1400x419png.webp","width":1400,"height":419,"caption":"cudgel | Der ultimative Metal Online Store"},"image":{"@id":"https:\/\/www.cudgel.de\/#\/schema\/logo\/image\/"},"sameAs":["https:\/\/www.facebook.com\/CudgelVertrieb"]}]}},"_links":{"self":[{"href":"https:\/\/www.cudgel.de\/en\/wp-json\/wp\/v2\/product\/2873965","targetHints":{"allow":["GET"]}}],"collection":[{"href":"https:\/\/www.cudgel.de\/en\/wp-json\/wp\/v2\/product"}],"about":[{"href":"https:\/\/www.cudgel.de\/en\/wp-json\/wp\/v2\/types\/product"}],"replies":[{"embeddable":true,"href":"https:\/\/www.cudgel.de\/en\/wp-json\/wp\/v2\/comments?post=2873965"}],"wp:featuredmedia":[{"embeddable":true,"href":"https:\/\/www.cudgel.de\/en\/wp-json\/wp\/v2\/media\/2873963"}],"wp:attachment":[{"href":"https:\/\/www.cudgel.de\/en\/wp-json\/wp\/v2\/media?parent=2873965"}],"wp:term":[{"taxonomy":"product_cat","embeddable":true,"href":"https:\/\/www.cudgel.de\/en\/wp-json\/wp\/v2\/product_cat?post=2873965"},{"taxonomy":"product_tag","embeddable":true,"href":"https:\/\/www.cudgel.de\/en\/wp-json\/wp\/v2\/product_tag?post=2873965"}],"curies":[{"name":"wp","href":"https:\/\/api.w.org\/{rel}","templated":true}]}}