{"id":2877903,"date":"2025-12-09T22:58:48","date_gmt":"2025-12-09T21:58:48","guid":{"rendered":"https:\/\/www.cudgel.de\/produkt\/marduk-frontschwein-cd\/"},"modified":"2026-03-16T09:03:47","modified_gmt":"2026-03-16T08:03:47","slug":"marduk-frontschwein-cd","status":"publish","type":"product","link":"https:\/\/www.cudgel.de\/en\/product\/marduk-frontschwein-cd\/","title":{"rendered":"MARDUK &#8211; frontschwein CD"},"content":{"rendered":"<p>das 13te studioalbum der \u00f6stergotl\u00e4ndischen streitmacht verbindet die radikalit\u00e4t von &#8220;Panzerdivision&#8221; mit der musikalit\u00e4t von &#8220;Serpent Sermon&#8221;<\/p>\n<p><strong>Tracks:<\/strong><\/p>\n<ol class=\"tracklisting\">\n<li>Frontschwein<\/li>\n<li>The Blond Beast<\/li>\n<li>Afrika<\/li>\n<li>Wartheland<\/li>\n<li>Rope of Regret<\/li>\n<li>Between the Wolf-Packs<\/li>\n<li>Nebelwerfer<\/li>\n<li>Falaise: Cauldron of Blood<\/li>\n<li>Doomsday Elite<\/li>\n<li>503<\/li>\n<li>Thousand-Fold Death<\/li>\n<\/ol>\n<p><strong>Genres:<\/strong> Black Metal<\/p>\n<p> <strong>Label:<\/strong> Osmose Productions<\/p>\n<p> <strong>Erscheinungsjahr:<\/strong> 2022<\/p>\n<p> <strong>K\u00fcnstler:<\/strong> MARDUK<\/p>\n<p> <strong>Spieldauer:<\/strong> 52:39<\/p>\n<p> <strong>Format:<\/strong> CD<\/p>\n<p> <strong>EAN:<\/strong> 3663663008577<\/p>\n<p><strong>GPSR Information:<\/strong><br \/>Manufacturer:<br \/>\nOSMOSE PRODUCTIONS<br \/>\n1272 Rue Nationale<br \/>\n62140 Bouin-Plumoison, France<br \/>\nosmose(at)osmoseproductions.com<\/p>\n","protected":false},"excerpt":{"rendered":"<p>das 13te studioalbum der \u00f6stergotl\u00e4ndischen streitmacht verbindet die radikalit\u00e4t von &#8220;Panzerdivision&#8221; mit der musikalit\u00e4t von &#8220;Serpent Sermon&#8221; Tracks: Frontschwein The Blond Beast Afrika Wartheland Rope of Regret Between the Wolf-Packs Nebelwerfer Falaise: Cauldron of Blood Doomsday Elite 503 Thousand-Fold Death Genres: Black Metal Label: Osmose Productions Erscheinungsjahr: 2022 K\u00fcnstler: MARDUK Spieldauer: 52:39 Format: CD EAN: [&#8230;]\n","protected":false},"featured_media":2877901,"comment_status":"open","ping_status":"closed","template":"","meta":[],"product_cat":[458],"product_tag":[],"class_list":{"0":"post-2877903","1":"product","2":"type-product","3":"status-publish","4":"has-post-thumbnail","6":"product_cat-cd-m","7":"pa_band-marduk","8":"pa_productgenre-black-metal","9":"pa_productlabel-osmose-productions","11":"first","12":"instock","13":"taxable","14":"shipping-taxable","15":"purchasable","16":"product-type-simple"},"yoast_head":"<!-- This site is optimized with the Yoast SEO plugin v22.9 - https:\/\/yoast.com\/wordpress\/plugins\/seo\/ -->\n<title>MARDUK - frontschwein CD - cudgel | Der ultimative Metal Online Store<\/title>\n<meta name=\"robots\" content=\"index, follow, max-snippet:-1, max-image-preview:large, max-video-preview:-1\" \/>\n<link rel=\"canonical\" href=\"https:\/\/www.cudgel.de\/produkt\/marduk-frontschwein-cd\/\" \/>\n<meta property=\"og:locale\" content=\"en_US\" \/>\n<meta property=\"og:type\" content=\"article\" \/>\n<meta property=\"og:title\" content=\"MARDUK - frontschwein CD - cudgel | Der ultimative Metal Online Store\" \/>\n<meta property=\"og:description\" content=\"das 13te studioalbum der \u00f6stergotl\u00e4ndischen streitmacht verbindet die radikalit\u00e4t von &#8220;Panzerdivision&#8221; mit der musikalit\u00e4t von &#8220;Serpent Sermon&#8221; Tracks: Frontschwein The Blond Beast Afrika Wartheland Rope of Regret Between the Wolf-Packs Nebelwerfer Falaise: Cauldron of Blood Doomsday Elite 503 Thousand-Fold Death Genres: Black Metal Label: Osmose Productions Erscheinungsjahr: 2022 K\u00fcnstler: MARDUK Spieldauer: 52:39 Format: CD EAN: [...]\" \/>\n<meta property=\"og:url\" content=\"https:\/\/www.cudgel.de\/produkt\/marduk-frontschwein-cd\/\" \/>\n<meta property=\"og:site_name\" content=\"cudgel | Der ultimative Metal Online Store\" \/>\n<meta property=\"article:publisher\" content=\"https:\/\/www.facebook.com\/CudgelVertrieb\" \/>\n<meta property=\"article:modified_time\" content=\"2026-03-16T08:03:47+00:00\" \/>\n<meta property=\"og:image\" content=\"https:\/\/www.cudgel.de\/wp-content\/uploads\/2025\/12\/Art213394.jpg\" \/>\n\t<meta property=\"og:image:width\" content=\"585\" \/>\n\t<meta property=\"og:image:height\" content=\"586\" \/>\n\t<meta property=\"og:image:type\" content=\"image\/jpeg\" \/>\n<meta name=\"twitter:card\" content=\"summary_large_image\" \/>\n<script type=\"application\/ld+json\" class=\"yoast-schema-graph\">{\"@context\":\"https:\/\/schema.org\",\"@graph\":[{\"@type\":\"WebPage\",\"@id\":\"https:\/\/www.cudgel.de\/produkt\/marduk-frontschwein-cd\/\",\"url\":\"https:\/\/www.cudgel.de\/produkt\/marduk-frontschwein-cd\/\",\"name\":\"MARDUK - frontschwein CD - cudgel | Der ultimative Metal Online Store\",\"isPartOf\":{\"@id\":\"https:\/\/www.cudgel.de\/#website\"},\"primaryImageOfPage\":{\"@id\":\"https:\/\/www.cudgel.de\/produkt\/marduk-frontschwein-cd\/#primaryimage\"},\"image\":{\"@id\":\"https:\/\/www.cudgel.de\/produkt\/marduk-frontschwein-cd\/#primaryimage\"},\"thumbnailUrl\":\"https:\/\/www.cudgel.de\/wp-content\/uploads\/2025\/12\/Art213394.jpg\",\"datePublished\":\"2025-12-09T21:58:48+00:00\",\"dateModified\":\"2026-03-16T08:03:47+00:00\",\"breadcrumb\":{\"@id\":\"https:\/\/www.cudgel.de\/produkt\/marduk-frontschwein-cd\/#breadcrumb\"},\"inLanguage\":\"en-US\",\"potentialAction\":[{\"@type\":\"ReadAction\",\"target\":[\"https:\/\/www.cudgel.de\/produkt\/marduk-frontschwein-cd\/\"]}]},{\"@type\":\"ImageObject\",\"inLanguage\":\"en-US\",\"@id\":\"https:\/\/www.cudgel.de\/produkt\/marduk-frontschwein-cd\/#primaryimage\",\"url\":\"https:\/\/www.cudgel.de\/wp-content\/uploads\/2025\/12\/Art213394.jpg\",\"contentUrl\":\"https:\/\/www.cudgel.de\/wp-content\/uploads\/2025\/12\/Art213394.jpg\",\"width\":585,\"height\":586},{\"@type\":\"BreadcrumbList\",\"@id\":\"https:\/\/www.cudgel.de\/produkt\/marduk-frontschwein-cd\/#breadcrumb\",\"itemListElement\":[{\"@type\":\"ListItem\",\"position\":1,\"name\":\"Home\",\"item\":\"https:\/\/www.cudgel.de\/en\/\"},{\"@type\":\"ListItem\",\"position\":2,\"name\":\"Shop\",\"item\":\"https:\/\/www.cudgel.de\/en\/shop\/\"},{\"@type\":\"ListItem\",\"position\":3,\"name\":\"MARDUK &#8211; frontschwein CD\"}]},{\"@type\":\"WebSite\",\"@id\":\"https:\/\/www.cudgel.de\/#website\",\"url\":\"https:\/\/www.cudgel.de\/\",\"name\":\"cudgel | Der ultimative Metal Online Store\",\"description\":\"Eine weitere WordPress-Website\",\"publisher\":{\"@id\":\"https:\/\/www.cudgel.de\/#organization\"},\"potentialAction\":[{\"@type\":\"SearchAction\",\"target\":{\"@type\":\"EntryPoint\",\"urlTemplate\":\"https:\/\/www.cudgel.de\/?s={search_term_string}\"},\"query-input\":\"required name=search_term_string\"}],\"inLanguage\":\"en-US\"},{\"@type\":\"Organization\",\"@id\":\"https:\/\/www.cudgel.de\/#organization\",\"name\":\"cudgel | Der ultimative Metal Online Store\",\"url\":\"https:\/\/www.cudgel.de\/\",\"logo\":{\"@type\":\"ImageObject\",\"inLanguage\":\"en-US\",\"@id\":\"https:\/\/www.cudgel.de\/#\/schema\/logo\/image\/\",\"url\":\"https:\/\/www.cudgel.de\/wp-content\/uploads\/2024\/06\/cudgel-logo-neu-1-1400x419png.webp\",\"contentUrl\":\"https:\/\/www.cudgel.de\/wp-content\/uploads\/2024\/06\/cudgel-logo-neu-1-1400x419png.webp\",\"width\":1400,\"height\":419,\"caption\":\"cudgel | Der ultimative Metal Online Store\"},\"image\":{\"@id\":\"https:\/\/www.cudgel.de\/#\/schema\/logo\/image\/\"},\"sameAs\":[\"https:\/\/www.facebook.com\/CudgelVertrieb\"]}]}<\/script>\n<!-- \/ Yoast SEO plugin. -->","yoast_head_json":{"title":"MARDUK - frontschwein CD - cudgel | Der ultimative Metal Online Store","robots":{"index":"index","follow":"follow","max-snippet":"max-snippet:-1","max-image-preview":"max-image-preview:large","max-video-preview":"max-video-preview:-1"},"canonical":"https:\/\/www.cudgel.de\/produkt\/marduk-frontschwein-cd\/","og_locale":"en_US","og_type":"article","og_title":"MARDUK - frontschwein CD - cudgel | Der ultimative Metal Online Store","og_description":"das 13te studioalbum der \u00f6stergotl\u00e4ndischen streitmacht verbindet die radikalit\u00e4t von &#8220;Panzerdivision&#8221; mit der musikalit\u00e4t von &#8220;Serpent Sermon&#8221; Tracks: Frontschwein The Blond Beast Afrika Wartheland Rope of Regret Between the Wolf-Packs Nebelwerfer Falaise: Cauldron of Blood Doomsday Elite 503 Thousand-Fold Death Genres: Black Metal Label: Osmose Productions Erscheinungsjahr: 2022 K\u00fcnstler: MARDUK Spieldauer: 52:39 Format: CD EAN: [...]","og_url":"https:\/\/www.cudgel.de\/produkt\/marduk-frontschwein-cd\/","og_site_name":"cudgel | Der ultimative Metal Online Store","article_publisher":"https:\/\/www.facebook.com\/CudgelVertrieb","article_modified_time":"2026-03-16T08:03:47+00:00","og_image":[{"width":585,"height":586,"url":"https:\/\/www.cudgel.de\/wp-content\/uploads\/2025\/12\/Art213394.jpg","type":"image\/jpeg"}],"twitter_card":"summary_large_image","schema":{"@context":"https:\/\/schema.org","@graph":[{"@type":"WebPage","@id":"https:\/\/www.cudgel.de\/produkt\/marduk-frontschwein-cd\/","url":"https:\/\/www.cudgel.de\/produkt\/marduk-frontschwein-cd\/","name":"MARDUK - frontschwein CD - cudgel | Der ultimative Metal Online Store","isPartOf":{"@id":"https:\/\/www.cudgel.de\/#website"},"primaryImageOfPage":{"@id":"https:\/\/www.cudgel.de\/produkt\/marduk-frontschwein-cd\/#primaryimage"},"image":{"@id":"https:\/\/www.cudgel.de\/produkt\/marduk-frontschwein-cd\/#primaryimage"},"thumbnailUrl":"https:\/\/www.cudgel.de\/wp-content\/uploads\/2025\/12\/Art213394.jpg","datePublished":"2025-12-09T21:58:48+00:00","dateModified":"2026-03-16T08:03:47+00:00","breadcrumb":{"@id":"https:\/\/www.cudgel.de\/produkt\/marduk-frontschwein-cd\/#breadcrumb"},"inLanguage":"en-US","potentialAction":[{"@type":"ReadAction","target":["https:\/\/www.cudgel.de\/produkt\/marduk-frontschwein-cd\/"]}]},{"@type":"ImageObject","inLanguage":"en-US","@id":"https:\/\/www.cudgel.de\/produkt\/marduk-frontschwein-cd\/#primaryimage","url":"https:\/\/www.cudgel.de\/wp-content\/uploads\/2025\/12\/Art213394.jpg","contentUrl":"https:\/\/www.cudgel.de\/wp-content\/uploads\/2025\/12\/Art213394.jpg","width":585,"height":586},{"@type":"BreadcrumbList","@id":"https:\/\/www.cudgel.de\/produkt\/marduk-frontschwein-cd\/#breadcrumb","itemListElement":[{"@type":"ListItem","position":1,"name":"Home","item":"https:\/\/www.cudgel.de\/en\/"},{"@type":"ListItem","position":2,"name":"Shop","item":"https:\/\/www.cudgel.de\/en\/shop\/"},{"@type":"ListItem","position":3,"name":"MARDUK &#8211; frontschwein CD"}]},{"@type":"WebSite","@id":"https:\/\/www.cudgel.de\/#website","url":"https:\/\/www.cudgel.de\/","name":"cudgel | Der ultimative Metal Online Store","description":"Eine weitere WordPress-Website","publisher":{"@id":"https:\/\/www.cudgel.de\/#organization"},"potentialAction":[{"@type":"SearchAction","target":{"@type":"EntryPoint","urlTemplate":"https:\/\/www.cudgel.de\/?s={search_term_string}"},"query-input":"required name=search_term_string"}],"inLanguage":"en-US"},{"@type":"Organization","@id":"https:\/\/www.cudgel.de\/#organization","name":"cudgel | Der ultimative Metal Online Store","url":"https:\/\/www.cudgel.de\/","logo":{"@type":"ImageObject","inLanguage":"en-US","@id":"https:\/\/www.cudgel.de\/#\/schema\/logo\/image\/","url":"https:\/\/www.cudgel.de\/wp-content\/uploads\/2024\/06\/cudgel-logo-neu-1-1400x419png.webp","contentUrl":"https:\/\/www.cudgel.de\/wp-content\/uploads\/2024\/06\/cudgel-logo-neu-1-1400x419png.webp","width":1400,"height":419,"caption":"cudgel | Der ultimative Metal Online Store"},"image":{"@id":"https:\/\/www.cudgel.de\/#\/schema\/logo\/image\/"},"sameAs":["https:\/\/www.facebook.com\/CudgelVertrieb"]}]}},"_links":{"self":[{"href":"https:\/\/www.cudgel.de\/en\/wp-json\/wp\/v2\/product\/2877903","targetHints":{"allow":["GET"]}}],"collection":[{"href":"https:\/\/www.cudgel.de\/en\/wp-json\/wp\/v2\/product"}],"about":[{"href":"https:\/\/www.cudgel.de\/en\/wp-json\/wp\/v2\/types\/product"}],"replies":[{"embeddable":true,"href":"https:\/\/www.cudgel.de\/en\/wp-json\/wp\/v2\/comments?post=2877903"}],"wp:featuredmedia":[{"embeddable":true,"href":"https:\/\/www.cudgel.de\/en\/wp-json\/wp\/v2\/media\/2877901"}],"wp:attachment":[{"href":"https:\/\/www.cudgel.de\/en\/wp-json\/wp\/v2\/media?parent=2877903"}],"wp:term":[{"taxonomy":"product_cat","embeddable":true,"href":"https:\/\/www.cudgel.de\/en\/wp-json\/wp\/v2\/product_cat?post=2877903"},{"taxonomy":"product_tag","embeddable":true,"href":"https:\/\/www.cudgel.de\/en\/wp-json\/wp\/v2\/product_tag?post=2877903"}],"curies":[{"name":"wp","href":"https:\/\/api.w.org\/{rel}","templated":true}]}}