{"id":2983556,"date":"2026-01-12T11:20:04","date_gmt":"2026-01-12T10:20:04","guid":{"rendered":"https:\/\/www.cudgel.de\/produkt\/phantom-corporation-time-and-tide-lp-orange-marbled\/"},"modified":"2026-01-12T11:20:05","modified_gmt":"2026-01-12T10:20:05","slug":"phantom-corporation-time-and-tide-lp-orange-marbled","status":"publish","type":"product","link":"https:\/\/www.cudgel.de\/en\/product\/phantom-corporation-time-and-tide-lp-orange-marbled\/","title":{"rendered":"PHANTOM CORPORATION &#8211; time and tide LP orange marbled"},"content":{"rendered":"<p>Mit &#8220;Time And Tide&#8221; entfesseln Phantom Corporation einen Sturm aus Death- und Thrash-Metal, der mit roher Energie und kompromissloser Pr\u00e4zision trifft. Das Album verbindet die ungez\u00e4hmte Wut klassischer Death-Thrash-Tradition mit einer modernen, druckvollen H\u00e4rte \u0096 treibende Riffs, donnernde Drums und ein zerst\u00f6rerischer Gesang pr\u00e4gen das Klangbild. Jeder Song atmet die Essenz des Undergrounds: rau, ehrlich und voller Kampfgeist. &#8220;Time And Tide&#8221; ist ein Manifest reiner Aggression und ungeb\u00e4ndigter Wucht \u0096 geschaffen aus Leidenschaft, gespielt ohne Gnade.<\/p>\n<p>F\u00fcr Fans von: Bolt Thrower, Asphyx, Terrorizer, Warbringer, Benediction <\/p>\n<p>lim. orange marbled vinyl to150 copies<\/p>\n<p><strong>Tracks:<\/strong><\/p>\n<ol class=\"tracklisting\">\n<li>Frantic Disruption<\/li>\n<li>Dead of Night<\/li>\n<li>Crushed<\/li>\n<li>Krokodil<\/li>\n<li>Pound of Flesh<\/li>\n<li>To the Hilt<\/li>\n<li>Time and Tide<\/li>\n<li>Sorcerer<\/li>\n<li>For All the Wrong Reasons<\/li>\n<li>Crisis<\/li>\n<li>Western Apocalypse<\/li>\n<\/ol>\n<p><strong>Genres:<\/strong> Death Metal, Crust, Thrash Metal<\/p>\n<p><strong>GPSR Information:<\/strong><br \/>Manufacturer:<br \/>\nSupreme Chaos Records \/ Four Flames GmbH &amp; Co. KG<br \/>\nIn der Garte 38, 49479 Ibbenbueren, Germany<br \/>\nshop(at)supremechaos.com<\/p>\n","protected":false},"excerpt":{"rendered":"<p>Mit &#8220;Time And Tide&#8221; entfesseln Phantom Corporation einen Sturm aus Death- und Thrash-Metal, der mit roher Energie und kompromissloser Pr\u00e4zision trifft. Das Album verbindet die ungez\u00e4hmte Wut klassischer Death-Thrash-Tradition mit einer modernen, druckvollen H\u00e4rte \u0096 treibende Riffs, donnernde Drums und ein zerst\u00f6rerischer Gesang pr\u00e4gen das Klangbild. Jeder Song atmet die Essenz des Undergrounds: rau, ehrlich [&#8230;]\n","protected":false},"featured_media":2983554,"comment_status":"open","ping_status":"closed","template":"","meta":[],"product_cat":[439],"product_tag":[],"class_list":{"0":"post-2983556","1":"product","2":"type-product","3":"status-publish","4":"has-post-thumbnail","6":"product_cat-vinyl-o-q","7":"pa_band-phantom-corporation","8":"pa_productgenre-crust","9":"pa_productgenre-death-metal","10":"pa_productgenre-thrash-metal","11":"pa_productlabel-supreme-chaos-records","13":"first","14":"instock","15":"taxable","16":"shipping-taxable","17":"purchasable","18":"product-type-simple"},"yoast_head":"<!-- This site is optimized with the Yoast SEO plugin v22.9 - https:\/\/yoast.com\/wordpress\/plugins\/seo\/ -->\n<title>PHANTOM CORPORATION - time and tide LP orange marbled - cudgel | Der ultimative Metal Online Store<\/title>\n<meta name=\"robots\" content=\"index, follow, max-snippet:-1, max-image-preview:large, max-video-preview:-1\" \/>\n<link rel=\"canonical\" href=\"https:\/\/www.cudgel.de\/produkt\/phantom-corporation-time-and-tide-lp-orange-marbled\/\" \/>\n<meta property=\"og:locale\" content=\"en_US\" \/>\n<meta property=\"og:type\" content=\"article\" \/>\n<meta property=\"og:title\" content=\"PHANTOM CORPORATION - time and tide LP orange marbled - cudgel | Der ultimative Metal Online Store\" \/>\n<meta property=\"og:description\" content=\"Mit &#8220;Time And Tide&#8221; entfesseln Phantom Corporation einen Sturm aus Death- und Thrash-Metal, der mit roher Energie und kompromissloser Pr\u00e4zision trifft. Das Album verbindet die ungez\u00e4hmte Wut klassischer Death-Thrash-Tradition mit einer modernen, druckvollen H\u00e4rte \u0096 treibende Riffs, donnernde Drums und ein zerst\u00f6rerischer Gesang pr\u00e4gen das Klangbild. Jeder Song atmet die Essenz des Undergrounds: rau, ehrlich [...]\" \/>\n<meta property=\"og:url\" content=\"https:\/\/www.cudgel.de\/produkt\/phantom-corporation-time-and-tide-lp-orange-marbled\/\" \/>\n<meta property=\"og:site_name\" content=\"cudgel | Der ultimative Metal Online Store\" \/>\n<meta property=\"article:publisher\" content=\"https:\/\/www.facebook.com\/CudgelVertrieb\" \/>\n<meta property=\"article:modified_time\" content=\"2026-01-12T10:20:05+00:00\" \/>\n<meta name=\"twitter:card\" content=\"summary_large_image\" \/>\n<meta name=\"twitter:label1\" content=\"Est. reading time\" \/>\n\t<meta name=\"twitter:data1\" content=\"1 minute\" \/>\n<script type=\"application\/ld+json\" class=\"yoast-schema-graph\">{\"@context\":\"https:\/\/schema.org\",\"@graph\":[{\"@type\":\"WebPage\",\"@id\":\"https:\/\/www.cudgel.de\/produkt\/phantom-corporation-time-and-tide-lp-orange-marbled\/\",\"url\":\"https:\/\/www.cudgel.de\/produkt\/phantom-corporation-time-and-tide-lp-orange-marbled\/\",\"name\":\"PHANTOM CORPORATION - time and tide LP orange marbled - cudgel | Der ultimative Metal Online Store\",\"isPartOf\":{\"@id\":\"https:\/\/www.cudgel.de\/#website\"},\"primaryImageOfPage\":{\"@id\":\"https:\/\/www.cudgel.de\/produkt\/phantom-corporation-time-and-tide-lp-orange-marbled\/#primaryimage\"},\"image\":{\"@id\":\"https:\/\/www.cudgel.de\/produkt\/phantom-corporation-time-and-tide-lp-orange-marbled\/#primaryimage\"},\"thumbnailUrl\":\"https:\/\/www.cudgel.de\/wp-content\/uploads\/2026\/01\/Art110948.jpg\",\"datePublished\":\"2026-01-12T10:20:04+00:00\",\"dateModified\":\"2026-01-12T10:20:05+00:00\",\"breadcrumb\":{\"@id\":\"https:\/\/www.cudgel.de\/produkt\/phantom-corporation-time-and-tide-lp-orange-marbled\/#breadcrumb\"},\"inLanguage\":\"en-US\",\"potentialAction\":[{\"@type\":\"ReadAction\",\"target\":[\"https:\/\/www.cudgel.de\/produkt\/phantom-corporation-time-and-tide-lp-orange-marbled\/\"]}]},{\"@type\":\"ImageObject\",\"inLanguage\":\"en-US\",\"@id\":\"https:\/\/www.cudgel.de\/produkt\/phantom-corporation-time-and-tide-lp-orange-marbled\/#primaryimage\",\"url\":\"https:\/\/www.cudgel.de\/wp-content\/uploads\/2026\/01\/Art110948.jpg\",\"contentUrl\":\"https:\/\/www.cudgel.de\/wp-content\/uploads\/2026\/01\/Art110948.jpg\",\"width\":1000,\"height\":1001},{\"@type\":\"BreadcrumbList\",\"@id\":\"https:\/\/www.cudgel.de\/produkt\/phantom-corporation-time-and-tide-lp-orange-marbled\/#breadcrumb\",\"itemListElement\":[{\"@type\":\"ListItem\",\"position\":1,\"name\":\"Home\",\"item\":\"https:\/\/www.cudgel.de\/en\/\"},{\"@type\":\"ListItem\",\"position\":2,\"name\":\"Shop\",\"item\":\"https:\/\/www.cudgel.de\/en\/shop\/\"},{\"@type\":\"ListItem\",\"position\":3,\"name\":\"PHANTOM CORPORATION &#8211; time and tide LP orange marbled\"}]},{\"@type\":\"WebSite\",\"@id\":\"https:\/\/www.cudgel.de\/#website\",\"url\":\"https:\/\/www.cudgel.de\/\",\"name\":\"cudgel | Der ultimative Metal Online Store\",\"description\":\"Eine weitere WordPress-Website\",\"publisher\":{\"@id\":\"https:\/\/www.cudgel.de\/#organization\"},\"potentialAction\":[{\"@type\":\"SearchAction\",\"target\":{\"@type\":\"EntryPoint\",\"urlTemplate\":\"https:\/\/www.cudgel.de\/?s={search_term_string}\"},\"query-input\":\"required name=search_term_string\"}],\"inLanguage\":\"en-US\"},{\"@type\":\"Organization\",\"@id\":\"https:\/\/www.cudgel.de\/#organization\",\"name\":\"cudgel | Der ultimative Metal Online Store\",\"url\":\"https:\/\/www.cudgel.de\/\",\"logo\":{\"@type\":\"ImageObject\",\"inLanguage\":\"en-US\",\"@id\":\"https:\/\/www.cudgel.de\/#\/schema\/logo\/image\/\",\"url\":\"https:\/\/www.cudgel.de\/wp-content\/uploads\/2024\/06\/cudgel-logo-neu-1-1400x419png.webp\",\"contentUrl\":\"https:\/\/www.cudgel.de\/wp-content\/uploads\/2024\/06\/cudgel-logo-neu-1-1400x419png.webp\",\"width\":1400,\"height\":419,\"caption\":\"cudgel | Der ultimative Metal Online Store\"},\"image\":{\"@id\":\"https:\/\/www.cudgel.de\/#\/schema\/logo\/image\/\"},\"sameAs\":[\"https:\/\/www.facebook.com\/CudgelVertrieb\"]}]}<\/script>\n<!-- \/ Yoast SEO plugin. -->","yoast_head_json":{"title":"PHANTOM CORPORATION - time and tide LP orange marbled - cudgel | Der ultimative Metal Online Store","robots":{"index":"index","follow":"follow","max-snippet":"max-snippet:-1","max-image-preview":"max-image-preview:large","max-video-preview":"max-video-preview:-1"},"canonical":"https:\/\/www.cudgel.de\/produkt\/phantom-corporation-time-and-tide-lp-orange-marbled\/","og_locale":"en_US","og_type":"article","og_title":"PHANTOM CORPORATION - time and tide LP orange marbled - cudgel | Der ultimative Metal Online Store","og_description":"Mit &#8220;Time And Tide&#8221; entfesseln Phantom Corporation einen Sturm aus Death- und Thrash-Metal, der mit roher Energie und kompromissloser Pr\u00e4zision trifft. Das Album verbindet die ungez\u00e4hmte Wut klassischer Death-Thrash-Tradition mit einer modernen, druckvollen H\u00e4rte \u0096 treibende Riffs, donnernde Drums und ein zerst\u00f6rerischer Gesang pr\u00e4gen das Klangbild. Jeder Song atmet die Essenz des Undergrounds: rau, ehrlich [...]","og_url":"https:\/\/www.cudgel.de\/produkt\/phantom-corporation-time-and-tide-lp-orange-marbled\/","og_site_name":"cudgel | Der ultimative Metal Online Store","article_publisher":"https:\/\/www.facebook.com\/CudgelVertrieb","article_modified_time":"2026-01-12T10:20:05+00:00","twitter_card":"summary_large_image","twitter_misc":{"Est. reading time":"1 minute"},"schema":{"@context":"https:\/\/schema.org","@graph":[{"@type":"WebPage","@id":"https:\/\/www.cudgel.de\/produkt\/phantom-corporation-time-and-tide-lp-orange-marbled\/","url":"https:\/\/www.cudgel.de\/produkt\/phantom-corporation-time-and-tide-lp-orange-marbled\/","name":"PHANTOM CORPORATION - time and tide LP orange marbled - cudgel | Der ultimative Metal Online Store","isPartOf":{"@id":"https:\/\/www.cudgel.de\/#website"},"primaryImageOfPage":{"@id":"https:\/\/www.cudgel.de\/produkt\/phantom-corporation-time-and-tide-lp-orange-marbled\/#primaryimage"},"image":{"@id":"https:\/\/www.cudgel.de\/produkt\/phantom-corporation-time-and-tide-lp-orange-marbled\/#primaryimage"},"thumbnailUrl":"https:\/\/www.cudgel.de\/wp-content\/uploads\/2026\/01\/Art110948.jpg","datePublished":"2026-01-12T10:20:04+00:00","dateModified":"2026-01-12T10:20:05+00:00","breadcrumb":{"@id":"https:\/\/www.cudgel.de\/produkt\/phantom-corporation-time-and-tide-lp-orange-marbled\/#breadcrumb"},"inLanguage":"en-US","potentialAction":[{"@type":"ReadAction","target":["https:\/\/www.cudgel.de\/produkt\/phantom-corporation-time-and-tide-lp-orange-marbled\/"]}]},{"@type":"ImageObject","inLanguage":"en-US","@id":"https:\/\/www.cudgel.de\/produkt\/phantom-corporation-time-and-tide-lp-orange-marbled\/#primaryimage","url":"https:\/\/www.cudgel.de\/wp-content\/uploads\/2026\/01\/Art110948.jpg","contentUrl":"https:\/\/www.cudgel.de\/wp-content\/uploads\/2026\/01\/Art110948.jpg","width":1000,"height":1001},{"@type":"BreadcrumbList","@id":"https:\/\/www.cudgel.de\/produkt\/phantom-corporation-time-and-tide-lp-orange-marbled\/#breadcrumb","itemListElement":[{"@type":"ListItem","position":1,"name":"Home","item":"https:\/\/www.cudgel.de\/en\/"},{"@type":"ListItem","position":2,"name":"Shop","item":"https:\/\/www.cudgel.de\/en\/shop\/"},{"@type":"ListItem","position":3,"name":"PHANTOM CORPORATION &#8211; time and tide LP orange marbled"}]},{"@type":"WebSite","@id":"https:\/\/www.cudgel.de\/#website","url":"https:\/\/www.cudgel.de\/","name":"cudgel | Der ultimative Metal Online Store","description":"Eine weitere WordPress-Website","publisher":{"@id":"https:\/\/www.cudgel.de\/#organization"},"potentialAction":[{"@type":"SearchAction","target":{"@type":"EntryPoint","urlTemplate":"https:\/\/www.cudgel.de\/?s={search_term_string}"},"query-input":"required name=search_term_string"}],"inLanguage":"en-US"},{"@type":"Organization","@id":"https:\/\/www.cudgel.de\/#organization","name":"cudgel | Der ultimative Metal Online Store","url":"https:\/\/www.cudgel.de\/","logo":{"@type":"ImageObject","inLanguage":"en-US","@id":"https:\/\/www.cudgel.de\/#\/schema\/logo\/image\/","url":"https:\/\/www.cudgel.de\/wp-content\/uploads\/2024\/06\/cudgel-logo-neu-1-1400x419png.webp","contentUrl":"https:\/\/www.cudgel.de\/wp-content\/uploads\/2024\/06\/cudgel-logo-neu-1-1400x419png.webp","width":1400,"height":419,"caption":"cudgel | Der ultimative Metal Online Store"},"image":{"@id":"https:\/\/www.cudgel.de\/#\/schema\/logo\/image\/"},"sameAs":["https:\/\/www.facebook.com\/CudgelVertrieb"]}]}},"_links":{"self":[{"href":"https:\/\/www.cudgel.de\/en\/wp-json\/wp\/v2\/product\/2983556","targetHints":{"allow":["GET"]}}],"collection":[{"href":"https:\/\/www.cudgel.de\/en\/wp-json\/wp\/v2\/product"}],"about":[{"href":"https:\/\/www.cudgel.de\/en\/wp-json\/wp\/v2\/types\/product"}],"replies":[{"embeddable":true,"href":"https:\/\/www.cudgel.de\/en\/wp-json\/wp\/v2\/comments?post=2983556"}],"wp:featuredmedia":[{"embeddable":true,"href":"https:\/\/www.cudgel.de\/en\/wp-json\/wp\/v2\/media\/2983554"}],"wp:attachment":[{"href":"https:\/\/www.cudgel.de\/en\/wp-json\/wp\/v2\/media?parent=2983556"}],"wp:term":[{"taxonomy":"product_cat","embeddable":true,"href":"https:\/\/www.cudgel.de\/en\/wp-json\/wp\/v2\/product_cat?post=2983556"},{"taxonomy":"product_tag","embeddable":true,"href":"https:\/\/www.cudgel.de\/en\/wp-json\/wp\/v2\/product_tag?post=2983556"}],"curies":[{"name":"wp","href":"https:\/\/api.w.org\/{rel}","templated":true}]}}