{"id":2983566,"date":"2026-01-12T11:20:18","date_gmt":"2026-01-12T10:20:18","guid":{"rendered":"https:\/\/www.cudgel.de\/produkt\/scalpture-eisenzeit-cd\/"},"modified":"2026-01-15T17:52:00","modified_gmt":"2026-01-15T16:52:00","slug":"scalpture-eisenzeit-cd","status":"publish","type":"product","link":"https:\/\/www.cudgel.de\/en\/product\/scalpture-eisenzeit-cd\/","title":{"rendered":"SCALPTURE &#8211; eisenzeit CD"},"content":{"rendered":"<p>SCALPTUREs zweites Album \u0084Eisenzeit\u0093 setzt den Weg des Deb\u00fcts fort, zeigt aber bereits, dass die Band nicht gewillt ist, Stillstand zu akzeptieren &#8211; die Musik bleibt Kick-Ass Death Metal, aber mit mehr Details in Bezug auf Melodien und erdr\u00fcckende H\u00e4rte versehen.<br \/>\nAls SCALPTURE 2009 in Bielefeld ins Leben gerufen wurde, hatte Gr\u00fcndungsgitarrist Felix Marbach bereits eine klare Vision: Die musikalische Ausrichtung sollte kompromisslos Death Metal sein, gleichzeitig wollte sich die Band aber zu einer einzigartigen musikalischen Einheit entwickeln, die von Anfang an einen ganz eigenen Stil hatte. Es ist kaum verwunderlich, dass sich alle Albumtitel von SCALPTURE auf das Thema \u0084Krieg\u0093 beziehen, das die Band zu ihrem wichtigsten lyrischen Thema gemacht hat. Fernab von glorifizierenden Stereotypen basieren ihre Texte auf detaillierten historischen Recherchen und schildern die Schrecken, die der Abgrund des Krieges in einigen der dunkelsten Stunden der Menschheit verursacht hat. Obwohl die Deutschen den Krieg als ihr Hauptthema gew\u00e4hlt haben, setzen sich SCALPTURE f\u00fcr moderne Werte wie Toleranz, Frieden und Vernunft ein.<\/p>\n<p><strong>Tracks:<\/strong><\/p>\n<ol class=\"tracklisting\">\n<li>The Storm&#8230;<\/li>\n<li>&#8230;Ebbs into Stalemate<\/li>\n<li>Und Ehre ist&#8217;s<\/li>\n<li>Fire Flies Through Empty Skies<\/li>\n<li>Hinterlandsymphonie<\/li>\n<li>Eisenzeit<\/li>\n<li>Hell Is a Field in France<\/li>\n<li>Yperite<\/li>\n<li>Of Daredevils and Doughboys<\/li>\n<li>All Quiet on the Western Front<\/li>\n<\/ol>\n<p><strong>Genres:<\/strong> Death Metal<\/p>\n<p> <strong>Label:<\/strong> Testimony Records<\/p>\n<p> <strong>Erscheinungsjahr:<\/strong> 2025<\/p>\n<p> <strong>K\u00fcnstler:<\/strong> SCALPTURE<\/p>\n<p> <strong>Spieldauer:<\/strong> 37:08<\/p>\n<p> <strong>Format:<\/strong> CD<\/p>\n<p> <strong>EAN:<\/strong> 0884388887374<\/p>\n<p><strong>GPSR Information:<\/strong><br \/>Manufacturer:<br \/>\nWeltnetz S.\u00e0r.l. \/ Testimony Records<br \/>\n40-42 Grand Rue, 6630 Wasserbillig, Luxemburg<br \/>\npost(at)spkr.media<\/p>\n","protected":false},"excerpt":{"rendered":"<p>SCALPTUREs zweites Album \u0084Eisenzeit\u0093 setzt den Weg des Deb\u00fcts fort, zeigt aber bereits, dass die Band nicht gewillt ist, Stillstand zu akzeptieren &#8211; die Musik bleibt Kick-Ass Death Metal, aber mit mehr Details in Bezug auf Melodien und erdr\u00fcckende H\u00e4rte versehen. Als SCALPTURE 2009 in Bielefeld ins Leben gerufen wurde, hatte Gr\u00fcndungsgitarrist Felix Marbach bereits [&#8230;]\n","protected":false},"featured_media":2983564,"comment_status":"open","ping_status":"closed","template":"","meta":[],"product_cat":[462],"product_tag":[],"class_list":{"0":"post-2983566","1":"product","2":"type-product","3":"status-publish","4":"has-post-thumbnail","6":"product_cat-cd-s","7":"pa_band-scalpture","8":"pa_productgenre-death-metal","9":"pa_productlabel-testimony-records","11":"first","12":"instock","13":"taxable","14":"shipping-taxable","15":"purchasable","16":"product-type-simple"},"yoast_head":"<!-- This site is optimized with the Yoast SEO plugin v22.9 - https:\/\/yoast.com\/wordpress\/plugins\/seo\/ -->\n<title>SCALPTURE - eisenzeit CD - cudgel | Der ultimative Metal Online Store<\/title>\n<meta name=\"robots\" content=\"index, follow, max-snippet:-1, max-image-preview:large, max-video-preview:-1\" \/>\n<link rel=\"canonical\" href=\"https:\/\/www.cudgel.de\/produkt\/scalpture-eisenzeit-cd\/\" \/>\n<meta property=\"og:locale\" content=\"en_US\" \/>\n<meta property=\"og:type\" content=\"article\" \/>\n<meta property=\"og:title\" content=\"SCALPTURE - eisenzeit CD - cudgel | Der ultimative Metal Online Store\" \/>\n<meta property=\"og:description\" content=\"SCALPTUREs zweites Album \u0084Eisenzeit\u0093 setzt den Weg des Deb\u00fcts fort, zeigt aber bereits, dass die Band nicht gewillt ist, Stillstand zu akzeptieren &#8211; die Musik bleibt Kick-Ass Death Metal, aber mit mehr Details in Bezug auf Melodien und erdr\u00fcckende H\u00e4rte versehen. Als SCALPTURE 2009 in Bielefeld ins Leben gerufen wurde, hatte Gr\u00fcndungsgitarrist Felix Marbach bereits [...]\" \/>\n<meta property=\"og:url\" content=\"https:\/\/www.cudgel.de\/produkt\/scalpture-eisenzeit-cd\/\" \/>\n<meta property=\"og:site_name\" content=\"cudgel | Der ultimative Metal Online Store\" \/>\n<meta property=\"article:publisher\" content=\"https:\/\/www.facebook.com\/CudgelVertrieb\" \/>\n<meta property=\"article:modified_time\" content=\"2026-01-15T16:52:00+00:00\" \/>\n<meta property=\"og:image\" content=\"https:\/\/www.cudgel.de\/wp-content\/uploads\/2026\/01\/Art218681.jpg\" \/>\n\t<meta property=\"og:image:width\" content=\"1000\" \/>\n\t<meta property=\"og:image:height\" content=\"995\" \/>\n\t<meta property=\"og:image:type\" content=\"image\/jpeg\" \/>\n<meta name=\"twitter:card\" content=\"summary_large_image\" \/>\n<meta name=\"twitter:label1\" content=\"Est. reading time\" \/>\n\t<meta name=\"twitter:data1\" content=\"1 minute\" \/>\n<script type=\"application\/ld+json\" class=\"yoast-schema-graph\">{\"@context\":\"https:\/\/schema.org\",\"@graph\":[{\"@type\":\"WebPage\",\"@id\":\"https:\/\/www.cudgel.de\/produkt\/scalpture-eisenzeit-cd\/\",\"url\":\"https:\/\/www.cudgel.de\/produkt\/scalpture-eisenzeit-cd\/\",\"name\":\"SCALPTURE - eisenzeit CD - cudgel | Der ultimative Metal Online Store\",\"isPartOf\":{\"@id\":\"https:\/\/www.cudgel.de\/#website\"},\"primaryImageOfPage\":{\"@id\":\"https:\/\/www.cudgel.de\/produkt\/scalpture-eisenzeit-cd\/#primaryimage\"},\"image\":{\"@id\":\"https:\/\/www.cudgel.de\/produkt\/scalpture-eisenzeit-cd\/#primaryimage\"},\"thumbnailUrl\":\"https:\/\/www.cudgel.de\/wp-content\/uploads\/2026\/01\/Art218681.jpg\",\"datePublished\":\"2026-01-12T10:20:18+00:00\",\"dateModified\":\"2026-01-15T16:52:00+00:00\",\"breadcrumb\":{\"@id\":\"https:\/\/www.cudgel.de\/produkt\/scalpture-eisenzeit-cd\/#breadcrumb\"},\"inLanguage\":\"en-US\",\"potentialAction\":[{\"@type\":\"ReadAction\",\"target\":[\"https:\/\/www.cudgel.de\/produkt\/scalpture-eisenzeit-cd\/\"]}]},{\"@type\":\"ImageObject\",\"inLanguage\":\"en-US\",\"@id\":\"https:\/\/www.cudgel.de\/produkt\/scalpture-eisenzeit-cd\/#primaryimage\",\"url\":\"https:\/\/www.cudgel.de\/wp-content\/uploads\/2026\/01\/Art218681.jpg\",\"contentUrl\":\"https:\/\/www.cudgel.de\/wp-content\/uploads\/2026\/01\/Art218681.jpg\",\"width\":1000,\"height\":995},{\"@type\":\"BreadcrumbList\",\"@id\":\"https:\/\/www.cudgel.de\/produkt\/scalpture-eisenzeit-cd\/#breadcrumb\",\"itemListElement\":[{\"@type\":\"ListItem\",\"position\":1,\"name\":\"Home\",\"item\":\"https:\/\/www.cudgel.de\/en\/\"},{\"@type\":\"ListItem\",\"position\":2,\"name\":\"Shop\",\"item\":\"https:\/\/www.cudgel.de\/en\/shop\/\"},{\"@type\":\"ListItem\",\"position\":3,\"name\":\"SCALPTURE &#8211; eisenzeit CD\"}]},{\"@type\":\"WebSite\",\"@id\":\"https:\/\/www.cudgel.de\/#website\",\"url\":\"https:\/\/www.cudgel.de\/\",\"name\":\"cudgel | Der ultimative Metal Online Store\",\"description\":\"Eine weitere WordPress-Website\",\"publisher\":{\"@id\":\"https:\/\/www.cudgel.de\/#organization\"},\"potentialAction\":[{\"@type\":\"SearchAction\",\"target\":{\"@type\":\"EntryPoint\",\"urlTemplate\":\"https:\/\/www.cudgel.de\/?s={search_term_string}\"},\"query-input\":\"required name=search_term_string\"}],\"inLanguage\":\"en-US\"},{\"@type\":\"Organization\",\"@id\":\"https:\/\/www.cudgel.de\/#organization\",\"name\":\"cudgel | Der ultimative Metal Online Store\",\"url\":\"https:\/\/www.cudgel.de\/\",\"logo\":{\"@type\":\"ImageObject\",\"inLanguage\":\"en-US\",\"@id\":\"https:\/\/www.cudgel.de\/#\/schema\/logo\/image\/\",\"url\":\"https:\/\/www.cudgel.de\/wp-content\/uploads\/2024\/06\/cudgel-logo-neu-1-1400x419png.webp\",\"contentUrl\":\"https:\/\/www.cudgel.de\/wp-content\/uploads\/2024\/06\/cudgel-logo-neu-1-1400x419png.webp\",\"width\":1400,\"height\":419,\"caption\":\"cudgel | Der ultimative Metal Online Store\"},\"image\":{\"@id\":\"https:\/\/www.cudgel.de\/#\/schema\/logo\/image\/\"},\"sameAs\":[\"https:\/\/www.facebook.com\/CudgelVertrieb\"]}]}<\/script>\n<!-- \/ Yoast SEO plugin. -->","yoast_head_json":{"title":"SCALPTURE - eisenzeit CD - cudgel | Der ultimative Metal Online Store","robots":{"index":"index","follow":"follow","max-snippet":"max-snippet:-1","max-image-preview":"max-image-preview:large","max-video-preview":"max-video-preview:-1"},"canonical":"https:\/\/www.cudgel.de\/produkt\/scalpture-eisenzeit-cd\/","og_locale":"en_US","og_type":"article","og_title":"SCALPTURE - eisenzeit CD - cudgel | Der ultimative Metal Online Store","og_description":"SCALPTUREs zweites Album \u0084Eisenzeit\u0093 setzt den Weg des Deb\u00fcts fort, zeigt aber bereits, dass die Band nicht gewillt ist, Stillstand zu akzeptieren &#8211; die Musik bleibt Kick-Ass Death Metal, aber mit mehr Details in Bezug auf Melodien und erdr\u00fcckende H\u00e4rte versehen. Als SCALPTURE 2009 in Bielefeld ins Leben gerufen wurde, hatte Gr\u00fcndungsgitarrist Felix Marbach bereits [...]","og_url":"https:\/\/www.cudgel.de\/produkt\/scalpture-eisenzeit-cd\/","og_site_name":"cudgel | Der ultimative Metal Online Store","article_publisher":"https:\/\/www.facebook.com\/CudgelVertrieb","article_modified_time":"2026-01-15T16:52:00+00:00","og_image":[{"width":1000,"height":995,"url":"https:\/\/www.cudgel.de\/wp-content\/uploads\/2026\/01\/Art218681.jpg","type":"image\/jpeg"}],"twitter_card":"summary_large_image","twitter_misc":{"Est. reading time":"1 minute"},"schema":{"@context":"https:\/\/schema.org","@graph":[{"@type":"WebPage","@id":"https:\/\/www.cudgel.de\/produkt\/scalpture-eisenzeit-cd\/","url":"https:\/\/www.cudgel.de\/produkt\/scalpture-eisenzeit-cd\/","name":"SCALPTURE - eisenzeit CD - cudgel | Der ultimative Metal Online Store","isPartOf":{"@id":"https:\/\/www.cudgel.de\/#website"},"primaryImageOfPage":{"@id":"https:\/\/www.cudgel.de\/produkt\/scalpture-eisenzeit-cd\/#primaryimage"},"image":{"@id":"https:\/\/www.cudgel.de\/produkt\/scalpture-eisenzeit-cd\/#primaryimage"},"thumbnailUrl":"https:\/\/www.cudgel.de\/wp-content\/uploads\/2026\/01\/Art218681.jpg","datePublished":"2026-01-12T10:20:18+00:00","dateModified":"2026-01-15T16:52:00+00:00","breadcrumb":{"@id":"https:\/\/www.cudgel.de\/produkt\/scalpture-eisenzeit-cd\/#breadcrumb"},"inLanguage":"en-US","potentialAction":[{"@type":"ReadAction","target":["https:\/\/www.cudgel.de\/produkt\/scalpture-eisenzeit-cd\/"]}]},{"@type":"ImageObject","inLanguage":"en-US","@id":"https:\/\/www.cudgel.de\/produkt\/scalpture-eisenzeit-cd\/#primaryimage","url":"https:\/\/www.cudgel.de\/wp-content\/uploads\/2026\/01\/Art218681.jpg","contentUrl":"https:\/\/www.cudgel.de\/wp-content\/uploads\/2026\/01\/Art218681.jpg","width":1000,"height":995},{"@type":"BreadcrumbList","@id":"https:\/\/www.cudgel.de\/produkt\/scalpture-eisenzeit-cd\/#breadcrumb","itemListElement":[{"@type":"ListItem","position":1,"name":"Home","item":"https:\/\/www.cudgel.de\/en\/"},{"@type":"ListItem","position":2,"name":"Shop","item":"https:\/\/www.cudgel.de\/en\/shop\/"},{"@type":"ListItem","position":3,"name":"SCALPTURE &#8211; eisenzeit CD"}]},{"@type":"WebSite","@id":"https:\/\/www.cudgel.de\/#website","url":"https:\/\/www.cudgel.de\/","name":"cudgel | Der ultimative Metal Online Store","description":"Eine weitere WordPress-Website","publisher":{"@id":"https:\/\/www.cudgel.de\/#organization"},"potentialAction":[{"@type":"SearchAction","target":{"@type":"EntryPoint","urlTemplate":"https:\/\/www.cudgel.de\/?s={search_term_string}"},"query-input":"required name=search_term_string"}],"inLanguage":"en-US"},{"@type":"Organization","@id":"https:\/\/www.cudgel.de\/#organization","name":"cudgel | Der ultimative Metal Online Store","url":"https:\/\/www.cudgel.de\/","logo":{"@type":"ImageObject","inLanguage":"en-US","@id":"https:\/\/www.cudgel.de\/#\/schema\/logo\/image\/","url":"https:\/\/www.cudgel.de\/wp-content\/uploads\/2024\/06\/cudgel-logo-neu-1-1400x419png.webp","contentUrl":"https:\/\/www.cudgel.de\/wp-content\/uploads\/2024\/06\/cudgel-logo-neu-1-1400x419png.webp","width":1400,"height":419,"caption":"cudgel | Der ultimative Metal Online Store"},"image":{"@id":"https:\/\/www.cudgel.de\/#\/schema\/logo\/image\/"},"sameAs":["https:\/\/www.facebook.com\/CudgelVertrieb"]}]}},"_links":{"self":[{"href":"https:\/\/www.cudgel.de\/en\/wp-json\/wp\/v2\/product\/2983566","targetHints":{"allow":["GET"]}}],"collection":[{"href":"https:\/\/www.cudgel.de\/en\/wp-json\/wp\/v2\/product"}],"about":[{"href":"https:\/\/www.cudgel.de\/en\/wp-json\/wp\/v2\/types\/product"}],"replies":[{"embeddable":true,"href":"https:\/\/www.cudgel.de\/en\/wp-json\/wp\/v2\/comments?post=2983566"}],"wp:featuredmedia":[{"embeddable":true,"href":"https:\/\/www.cudgel.de\/en\/wp-json\/wp\/v2\/media\/2983564"}],"wp:attachment":[{"href":"https:\/\/www.cudgel.de\/en\/wp-json\/wp\/v2\/media?parent=2983566"}],"wp:term":[{"taxonomy":"product_cat","embeddable":true,"href":"https:\/\/www.cudgel.de\/en\/wp-json\/wp\/v2\/product_cat?post=2983566"},{"taxonomy":"product_tag","embeddable":true,"href":"https:\/\/www.cudgel.de\/en\/wp-json\/wp\/v2\/product_tag?post=2983566"}],"curies":[{"name":"wp","href":"https:\/\/api.w.org\/{rel}","templated":true}]}}