{"id":2983571,"date":"2026-01-12T11:20:24","date_gmt":"2026-01-12T10:20:24","guid":{"rendered":"https:\/\/www.cudgel.de\/produkt\/nightbearer-defiance-cd\/"},"modified":"2026-04-13T09:35:24","modified_gmt":"2026-04-13T07:35:24","slug":"nightbearer-defiance-cd","status":"publish","type":"product","link":"https:\/\/www.cudgel.de\/en\/product\/nightbearer-defiance-cd\/","title":{"rendered":"NIGHTBEARER &#8211; defiance CD"},"content":{"rendered":"<p>NIGHTBEARER melden sich mit ihrem dritten Albumkracher &#8220;Defiance&#8221; zur\u00fcck. Die deutschen Death-Dealer aus der ostwestf\u00e4lischen Stadt Paderborn bleiben dabei dem typischen HM-2 Kettens\u00e4gen-Gitarrensound ebenso treu wie auch ihrer unverhohlene Liebe zum melodischen Death Metal schwedischer Pr\u00e4gung. Dabei markiert &#8220;Defiance&#8221; dennoch einen weiteren Schritt in der ebenso stetigen wie umsichtigen Evolution ihres Sounds, indem sie ihrem Old-School-Stil beispielsweise angeschw\u00e4rzte Passagen und doomige Momente hinzuf\u00fcgen. Das Ergebnis dieser Horizonterweiterung ist ein enorm atmosph\u00e4risches Werk, das perfekt zu seinem lyrischen Konzept passt. Denn dieses Album wurde direkt von der ber\u00fchmten &#8220;His Dark Materials&#8221;-Trilogie des englischen Autors Sir Philip Pullman inspiriert. Auf einer tieferen Bedeutungsebene drehen sich die Texte um die Emanzipation der Menschheit von ihrer Unterdr\u00fcckung durch Religion. Als NIGHTBEARER im Jahr 2017 von S\u00e4nger Michael Torka und Gitarrist Dominik Hellmuth gegr\u00fcndet wurden, bestand ihre Motivation an erster Stelle aus der brennenden Leidenschaft zum Old School Death Metal \u0096 und besonders dessen goldenen Zeiten in den glorreichen 1990er Jahren. Im Gefolge der 5-Track-EP &#8220;Stories from Beyond&#8221; (2018) erreichte ihr Deb\u00fctalbum &#8220;Tales of Sorcery and Death&#8221; (2019) auf Anhieb eine Top Ten Position (#8) im Soundcheck des deutschen Rock Hard Magazins; neben reichlich weiterem Lob von Fans und Kritikern. Auf ihrem zweiten Studioalbum &#8220;Ghosts of a Darkness to Come&#8221; (2022) erweiterten NIGHTBEARER den Rahmen ihrer lyrischen Themen auf konzeptionelle Gr\u00f6\u00dfe, indem sie den H\u00f6rer auf eine Reise in die dunklen Ereignisse von Robert Jordans epischer Saga &#8220;Das Rad der Zeit&#8221; mitnahmen. Mit ihrem dritten und bisher komplettesten Album beweisen NIGHTBEARER ein perfektes Gesp\u00fcr f\u00fcr das richtige Timing, indem sie der Welt mit &#8220;Defiance&#8221; einen ebenso w\u00f6rtlichen wie metaphorischen Death Metal Akt des Widerstands auf Grundlage der &#8220;His Dark Materials&#8221; Trilogie pr\u00e4sentieren!<\/p>\n<p><strong>Tracks:<\/strong><\/p>\n<ol class=\"tracklisting\">\n<li>Dust<\/li>\n<li>His Dark Materials<\/li>\n<li>Defiance<\/li>\n<li>One Church over All<\/li>\n<li>Dying Knows No Bounds<\/li>\n<li>Reign Supreme<\/li>\n<li>Under the Sun of War<\/li>\n<li>Ascension<\/li>\n<li>Until We Meet Again<\/li>\n<li>Republic of Heaven<\/li>\n<\/ol>\n<p><strong>Genres:<\/strong> Death Metal, Melodic Death Metal<\/p>\n<p> <strong>Label:<\/strong> Testimony Records<\/p>\n<p> <strong>Erscheinungsjahr:<\/strong> 2025<\/p>\n<p> <strong>K\u00fcnstler:<\/strong> NIGHTBEARER<\/p>\n<p> <strong>Spieldauer:<\/strong> 46:13<\/p>\n<p> <strong>Format:<\/strong> CD<\/p>\n<p> <strong>EAN:<\/strong> 0884388889408<\/p>\n<p><strong>GPSR Information:<\/strong><br \/>Manufacturer:<br \/>\nWeltnetz S.\u00e0r.l. \/ Prophecy Productions<br \/>\n40-42 Grand Rue, 6630 Wasserbillig, Luxemburg<br \/>\npost(at)spkr.media<\/p>\n","protected":false},"excerpt":{"rendered":"<p>NIGHTBEARER melden sich mit ihrem dritten Albumkracher &#8220;Defiance&#8221; zur\u00fcck. Die deutschen Death-Dealer aus der ostwestf\u00e4lischen Stadt Paderborn bleiben dabei dem typischen HM-2 Kettens\u00e4gen-Gitarrensound ebenso treu wie auch ihrer unverhohlene Liebe zum melodischen Death Metal schwedischer Pr\u00e4gung. Dabei markiert &#8220;Defiance&#8221; dennoch einen weiteren Schritt in der ebenso stetigen wie umsichtigen Evolution ihres Sounds, indem sie ihrem [&#8230;]\n","protected":false},"featured_media":2983569,"comment_status":"open","ping_status":"closed","template":"","meta":[],"product_cat":[459],"product_tag":[],"class_list":{"0":"post-2983571","1":"product","2":"type-product","3":"status-publish","4":"has-post-thumbnail","6":"product_cat-cd-n","7":"pa_band-nightbearer","8":"pa_productgenre-death-metal","9":"pa_productgenre-melodic-death-metal","10":"pa_productlabel-testimony-records","12":"first","13":"instock","14":"taxable","15":"shipping-taxable","16":"purchasable","17":"product-type-simple"},"yoast_head":"<!-- This site is optimized with the Yoast SEO plugin v22.9 - https:\/\/yoast.com\/wordpress\/plugins\/seo\/ -->\n<title>NIGHTBEARER - defiance CD - cudgel | Der ultimative Metal Online Store<\/title>\n<meta name=\"robots\" content=\"index, follow, max-snippet:-1, max-image-preview:large, max-video-preview:-1\" \/>\n<link rel=\"canonical\" href=\"https:\/\/www.cudgel.de\/produkt\/nightbearer-defiance-cd\/\" \/>\n<meta property=\"og:locale\" content=\"en_US\" \/>\n<meta property=\"og:type\" content=\"article\" \/>\n<meta property=\"og:title\" content=\"NIGHTBEARER - defiance CD - cudgel | Der ultimative Metal Online Store\" \/>\n<meta property=\"og:description\" content=\"NIGHTBEARER melden sich mit ihrem dritten Albumkracher &#8220;Defiance&#8221; zur\u00fcck. Die deutschen Death-Dealer aus der ostwestf\u00e4lischen Stadt Paderborn bleiben dabei dem typischen HM-2 Kettens\u00e4gen-Gitarrensound ebenso treu wie auch ihrer unverhohlene Liebe zum melodischen Death Metal schwedischer Pr\u00e4gung. Dabei markiert &#8220;Defiance&#8221; dennoch einen weiteren Schritt in der ebenso stetigen wie umsichtigen Evolution ihres Sounds, indem sie ihrem [...]\" \/>\n<meta property=\"og:url\" content=\"https:\/\/www.cudgel.de\/produkt\/nightbearer-defiance-cd\/\" \/>\n<meta property=\"og:site_name\" content=\"cudgel | Der ultimative Metal Online Store\" \/>\n<meta property=\"article:publisher\" content=\"https:\/\/www.facebook.com\/CudgelVertrieb\" \/>\n<meta property=\"article:modified_time\" content=\"2026-04-13T07:35:24+00:00\" \/>\n<meta property=\"og:image\" content=\"https:\/\/www.cudgel.de\/wp-content\/uploads\/2026\/01\/Art222636.jpg\" \/>\n\t<meta property=\"og:image:width\" content=\"1000\" \/>\n\t<meta property=\"og:image:height\" content=\"1000\" \/>\n\t<meta property=\"og:image:type\" content=\"image\/jpeg\" \/>\n<meta name=\"twitter:card\" content=\"summary_large_image\" \/>\n<meta name=\"twitter:label1\" content=\"Est. reading time\" \/>\n\t<meta name=\"twitter:data1\" content=\"2 minutes\" \/>\n<script type=\"application\/ld+json\" class=\"yoast-schema-graph\">{\"@context\":\"https:\/\/schema.org\",\"@graph\":[{\"@type\":\"WebPage\",\"@id\":\"https:\/\/www.cudgel.de\/produkt\/nightbearer-defiance-cd\/\",\"url\":\"https:\/\/www.cudgel.de\/produkt\/nightbearer-defiance-cd\/\",\"name\":\"NIGHTBEARER - defiance CD - cudgel | Der ultimative Metal Online Store\",\"isPartOf\":{\"@id\":\"https:\/\/www.cudgel.de\/#website\"},\"primaryImageOfPage\":{\"@id\":\"https:\/\/www.cudgel.de\/produkt\/nightbearer-defiance-cd\/#primaryimage\"},\"image\":{\"@id\":\"https:\/\/www.cudgel.de\/produkt\/nightbearer-defiance-cd\/#primaryimage\"},\"thumbnailUrl\":\"https:\/\/www.cudgel.de\/wp-content\/uploads\/2026\/01\/Art222636.jpg\",\"datePublished\":\"2026-01-12T10:20:24+00:00\",\"dateModified\":\"2026-04-13T07:35:24+00:00\",\"breadcrumb\":{\"@id\":\"https:\/\/www.cudgel.de\/produkt\/nightbearer-defiance-cd\/#breadcrumb\"},\"inLanguage\":\"en-US\",\"potentialAction\":[{\"@type\":\"ReadAction\",\"target\":[\"https:\/\/www.cudgel.de\/produkt\/nightbearer-defiance-cd\/\"]}]},{\"@type\":\"ImageObject\",\"inLanguage\":\"en-US\",\"@id\":\"https:\/\/www.cudgel.de\/produkt\/nightbearer-defiance-cd\/#primaryimage\",\"url\":\"https:\/\/www.cudgel.de\/wp-content\/uploads\/2026\/01\/Art222636.jpg\",\"contentUrl\":\"https:\/\/www.cudgel.de\/wp-content\/uploads\/2026\/01\/Art222636.jpg\",\"width\":1000,\"height\":1000},{\"@type\":\"BreadcrumbList\",\"@id\":\"https:\/\/www.cudgel.de\/produkt\/nightbearer-defiance-cd\/#breadcrumb\",\"itemListElement\":[{\"@type\":\"ListItem\",\"position\":1,\"name\":\"Home\",\"item\":\"https:\/\/www.cudgel.de\/en\/\"},{\"@type\":\"ListItem\",\"position\":2,\"name\":\"Shop\",\"item\":\"https:\/\/www.cudgel.de\/en\/shop\/\"},{\"@type\":\"ListItem\",\"position\":3,\"name\":\"NIGHTBEARER &#8211; defiance CD\"}]},{\"@type\":\"WebSite\",\"@id\":\"https:\/\/www.cudgel.de\/#website\",\"url\":\"https:\/\/www.cudgel.de\/\",\"name\":\"cudgel | Der ultimative Metal Online Store\",\"description\":\"Eine weitere WordPress-Website\",\"publisher\":{\"@id\":\"https:\/\/www.cudgel.de\/#organization\"},\"potentialAction\":[{\"@type\":\"SearchAction\",\"target\":{\"@type\":\"EntryPoint\",\"urlTemplate\":\"https:\/\/www.cudgel.de\/?s={search_term_string}\"},\"query-input\":\"required name=search_term_string\"}],\"inLanguage\":\"en-US\"},{\"@type\":\"Organization\",\"@id\":\"https:\/\/www.cudgel.de\/#organization\",\"name\":\"cudgel | Der ultimative Metal Online Store\",\"url\":\"https:\/\/www.cudgel.de\/\",\"logo\":{\"@type\":\"ImageObject\",\"inLanguage\":\"en-US\",\"@id\":\"https:\/\/www.cudgel.de\/#\/schema\/logo\/image\/\",\"url\":\"https:\/\/www.cudgel.de\/wp-content\/uploads\/2024\/06\/cudgel-logo-neu-1-1400x419png.webp\",\"contentUrl\":\"https:\/\/www.cudgel.de\/wp-content\/uploads\/2024\/06\/cudgel-logo-neu-1-1400x419png.webp\",\"width\":1400,\"height\":419,\"caption\":\"cudgel | Der ultimative Metal Online Store\"},\"image\":{\"@id\":\"https:\/\/www.cudgel.de\/#\/schema\/logo\/image\/\"},\"sameAs\":[\"https:\/\/www.facebook.com\/CudgelVertrieb\"]}]}<\/script>\n<!-- \/ Yoast SEO plugin. -->","yoast_head_json":{"title":"NIGHTBEARER - defiance CD - cudgel | Der ultimative Metal Online Store","robots":{"index":"index","follow":"follow","max-snippet":"max-snippet:-1","max-image-preview":"max-image-preview:large","max-video-preview":"max-video-preview:-1"},"canonical":"https:\/\/www.cudgel.de\/produkt\/nightbearer-defiance-cd\/","og_locale":"en_US","og_type":"article","og_title":"NIGHTBEARER - defiance CD - cudgel | Der ultimative Metal Online Store","og_description":"NIGHTBEARER melden sich mit ihrem dritten Albumkracher &#8220;Defiance&#8221; zur\u00fcck. Die deutschen Death-Dealer aus der ostwestf\u00e4lischen Stadt Paderborn bleiben dabei dem typischen HM-2 Kettens\u00e4gen-Gitarrensound ebenso treu wie auch ihrer unverhohlene Liebe zum melodischen Death Metal schwedischer Pr\u00e4gung. Dabei markiert &#8220;Defiance&#8221; dennoch einen weiteren Schritt in der ebenso stetigen wie umsichtigen Evolution ihres Sounds, indem sie ihrem [...]","og_url":"https:\/\/www.cudgel.de\/produkt\/nightbearer-defiance-cd\/","og_site_name":"cudgel | Der ultimative Metal Online Store","article_publisher":"https:\/\/www.facebook.com\/CudgelVertrieb","article_modified_time":"2026-04-13T07:35:24+00:00","og_image":[{"width":1000,"height":1000,"url":"https:\/\/www.cudgel.de\/wp-content\/uploads\/2026\/01\/Art222636.jpg","type":"image\/jpeg"}],"twitter_card":"summary_large_image","twitter_misc":{"Est. reading time":"2 minutes"},"schema":{"@context":"https:\/\/schema.org","@graph":[{"@type":"WebPage","@id":"https:\/\/www.cudgel.de\/produkt\/nightbearer-defiance-cd\/","url":"https:\/\/www.cudgel.de\/produkt\/nightbearer-defiance-cd\/","name":"NIGHTBEARER - defiance CD - cudgel | Der ultimative Metal Online Store","isPartOf":{"@id":"https:\/\/www.cudgel.de\/#website"},"primaryImageOfPage":{"@id":"https:\/\/www.cudgel.de\/produkt\/nightbearer-defiance-cd\/#primaryimage"},"image":{"@id":"https:\/\/www.cudgel.de\/produkt\/nightbearer-defiance-cd\/#primaryimage"},"thumbnailUrl":"https:\/\/www.cudgel.de\/wp-content\/uploads\/2026\/01\/Art222636.jpg","datePublished":"2026-01-12T10:20:24+00:00","dateModified":"2026-04-13T07:35:24+00:00","breadcrumb":{"@id":"https:\/\/www.cudgel.de\/produkt\/nightbearer-defiance-cd\/#breadcrumb"},"inLanguage":"en-US","potentialAction":[{"@type":"ReadAction","target":["https:\/\/www.cudgel.de\/produkt\/nightbearer-defiance-cd\/"]}]},{"@type":"ImageObject","inLanguage":"en-US","@id":"https:\/\/www.cudgel.de\/produkt\/nightbearer-defiance-cd\/#primaryimage","url":"https:\/\/www.cudgel.de\/wp-content\/uploads\/2026\/01\/Art222636.jpg","contentUrl":"https:\/\/www.cudgel.de\/wp-content\/uploads\/2026\/01\/Art222636.jpg","width":1000,"height":1000},{"@type":"BreadcrumbList","@id":"https:\/\/www.cudgel.de\/produkt\/nightbearer-defiance-cd\/#breadcrumb","itemListElement":[{"@type":"ListItem","position":1,"name":"Home","item":"https:\/\/www.cudgel.de\/en\/"},{"@type":"ListItem","position":2,"name":"Shop","item":"https:\/\/www.cudgel.de\/en\/shop\/"},{"@type":"ListItem","position":3,"name":"NIGHTBEARER &#8211; defiance CD"}]},{"@type":"WebSite","@id":"https:\/\/www.cudgel.de\/#website","url":"https:\/\/www.cudgel.de\/","name":"cudgel | Der ultimative Metal Online Store","description":"Eine weitere WordPress-Website","publisher":{"@id":"https:\/\/www.cudgel.de\/#organization"},"potentialAction":[{"@type":"SearchAction","target":{"@type":"EntryPoint","urlTemplate":"https:\/\/www.cudgel.de\/?s={search_term_string}"},"query-input":"required name=search_term_string"}],"inLanguage":"en-US"},{"@type":"Organization","@id":"https:\/\/www.cudgel.de\/#organization","name":"cudgel | Der ultimative Metal Online Store","url":"https:\/\/www.cudgel.de\/","logo":{"@type":"ImageObject","inLanguage":"en-US","@id":"https:\/\/www.cudgel.de\/#\/schema\/logo\/image\/","url":"https:\/\/www.cudgel.de\/wp-content\/uploads\/2024\/06\/cudgel-logo-neu-1-1400x419png.webp","contentUrl":"https:\/\/www.cudgel.de\/wp-content\/uploads\/2024\/06\/cudgel-logo-neu-1-1400x419png.webp","width":1400,"height":419,"caption":"cudgel | Der ultimative Metal Online Store"},"image":{"@id":"https:\/\/www.cudgel.de\/#\/schema\/logo\/image\/"},"sameAs":["https:\/\/www.facebook.com\/CudgelVertrieb"]}]}},"_links":{"self":[{"href":"https:\/\/www.cudgel.de\/en\/wp-json\/wp\/v2\/product\/2983571","targetHints":{"allow":["GET"]}}],"collection":[{"href":"https:\/\/www.cudgel.de\/en\/wp-json\/wp\/v2\/product"}],"about":[{"href":"https:\/\/www.cudgel.de\/en\/wp-json\/wp\/v2\/types\/product"}],"replies":[{"embeddable":true,"href":"https:\/\/www.cudgel.de\/en\/wp-json\/wp\/v2\/comments?post=2983571"}],"wp:featuredmedia":[{"embeddable":true,"href":"https:\/\/www.cudgel.de\/en\/wp-json\/wp\/v2\/media\/2983569"}],"wp:attachment":[{"href":"https:\/\/www.cudgel.de\/en\/wp-json\/wp\/v2\/media?parent=2983571"}],"wp:term":[{"taxonomy":"product_cat","embeddable":true,"href":"https:\/\/www.cudgel.de\/en\/wp-json\/wp\/v2\/product_cat?post=2983571"},{"taxonomy":"product_tag","embeddable":true,"href":"https:\/\/www.cudgel.de\/en\/wp-json\/wp\/v2\/product_tag?post=2983571"}],"curies":[{"name":"wp","href":"https:\/\/api.w.org\/{rel}","templated":true}]}}