{"id":2983632,"date":"2026-01-12T11:22:00","date_gmt":"2026-01-12T10:22:00","guid":{"rendered":"https:\/\/www.cudgel.de\/produkt\/turned-inside-out-the-offial-story-of-obituary-buch\/"},"modified":"2026-02-20T15:09:29","modified_gmt":"2026-02-20T14:09:29","slug":"turned-inside-out-the-offial-story-of-obituary-buch","status":"publish","type":"product","link":"https:\/\/www.cudgel.de\/en\/product\/turned-inside-out-the-offial-story-of-obituary-buch\/","title":{"rendered":"TURNED INSIDE OUT &#8211; The offial Story of OBITUARY BUCH"},"content":{"rendered":"<p>Hardcover Buch von David E. Gehlke mit einem Vorwort von Max Cavalera,<br \/>\n320 Seiten,<br \/>\n15,5 x 23,5 x 2,8cm<\/p>\n<p>Obituary aus Tampa\/Florida sind seit 1984 eine Death-Metal-Institution. Die Band, die sich durch John Tardys unfassbar kranken Gesang, Trevor Peres\u0091 unerh\u00f6rt brutalen Gitarrensound und Drummer Donald Tardys rhythmischen Scharfsinn auszeichnet, hat in den 1990ern H\u00e4rtema\u00dfst\u00e4be gesetzt. Ihre Studioalben Slowly We Rot (1989) und Cause of Death (1990) sind unangefochtene Klassiker, doch ihre B\u00fchnenqualit\u00e4ten und unersch\u00fctterliche Hingabe an ihre Fans machten sie zu einer der angesehensten Gruppen im Metal-Underground. Eine unerwartete f\u00fcnfj\u00e4hrige Pause ab 1998 lie\u00df Obituarys Ansehen nur weiterwachsen, wobei eine neue Generation von Bands ihre Stilmerkmale \u00fcbernahm. Nichtsdestoweniger machten die Fallstricke der Musikbranche und interne Zerw\u00fcrfnisse ihre M\u00fchen nach ihrer R\u00fcckkehr fast zunichte. Dank der unzerst\u00f6rbaren Verbindung zwischen den Tardy-Br\u00fcdern und Peres gingen sie st\u00e4rker denn je daraus hervor, gefestigt in ihrem rechtm\u00e4\u00dfigen Status als Spitze des Death Metal. Turned Inside Out \u0096 Die offizielle Biografie von Obituary erz\u00e4hlt Obituarys offiziell autorisierte Geschichte und gew\u00e4hrt mittels tiefgehender Interviews, Erinnerungen aus dem Studio, Tour-Anekdoten und zahlreicher exklusiver Fotos einen beispiellosen Blick auf die Karriere der Band.einen beispiellosen Blick auf die Karriere der Band.<\/p>\n<p><strong>Genres:<\/strong> Death Metal<\/p>\n<p><strong>GPSR Information:<\/strong><br \/>Manufacturer:<br \/>\nIndex Verlag<br \/>\n40-42 Grand Rue, 6630 Wasserbillig, Luxemburg<br \/>\npost(at)spkr.media<\/p>\n","protected":false},"excerpt":{"rendered":"<p>Hardcover Buch von David E. Gehlke mit einem Vorwort von Max Cavalera, 320 Seiten, 15,5 x 23,5 x 2,8cm Obituary aus Tampa\/Florida sind seit 1984 eine Death-Metal-Institution. Die Band, die sich durch John Tardys unfassbar kranken Gesang, Trevor Peres\u0091 unerh\u00f6rt brutalen Gitarrensound und Drummer Donald Tardys rhythmischen Scharfsinn auszeichnet, hat in den 1990ern H\u00e4rtema\u00dfst\u00e4be gesetzt. [&#8230;]\n","protected":false},"featured_media":2983630,"comment_status":"open","ping_status":"closed","template":"","meta":[],"product_cat":[470,472],"product_tag":[],"class_list":{"0":"post-2983632","1":"product","2":"type-product","3":"status-publish","4":"has-post-thumbnail","6":"product_cat-sonstiges","7":"product_cat-zeitungen-buecher","8":"pa_band-obituary","9":"pa_productgenre-death-metal","10":"pa_productlabel-index-promedia-wittlich","12":"first","13":"instock","14":"taxable","15":"shipping-taxable","16":"purchasable","17":"product-type-simple"},"yoast_head":"<!-- This site is optimized with the Yoast SEO plugin v22.9 - https:\/\/yoast.com\/wordpress\/plugins\/seo\/ -->\n<title>TURNED INSIDE OUT - The offial Story of OBITUARY BUCH - cudgel | Der ultimative Metal Online Store<\/title>\n<meta name=\"robots\" content=\"index, follow, max-snippet:-1, max-image-preview:large, max-video-preview:-1\" \/>\n<link rel=\"canonical\" href=\"https:\/\/www.cudgel.de\/produkt\/turned-inside-out-the-offial-story-of-obituary-buch\/\" \/>\n<meta property=\"og:locale\" content=\"en_US\" \/>\n<meta property=\"og:type\" content=\"article\" \/>\n<meta property=\"og:title\" content=\"TURNED INSIDE OUT - The offial Story of OBITUARY BUCH - cudgel | Der ultimative Metal Online Store\" \/>\n<meta property=\"og:description\" content=\"Hardcover Buch von David E. Gehlke mit einem Vorwort von Max Cavalera, 320 Seiten, 15,5 x 23,5 x 2,8cm Obituary aus Tampa\/Florida sind seit 1984 eine Death-Metal-Institution. Die Band, die sich durch John Tardys unfassbar kranken Gesang, Trevor Peres\u0091 unerh\u00f6rt brutalen Gitarrensound und Drummer Donald Tardys rhythmischen Scharfsinn auszeichnet, hat in den 1990ern H\u00e4rtema\u00dfst\u00e4be gesetzt. [...]\" \/>\n<meta property=\"og:url\" content=\"https:\/\/www.cudgel.de\/produkt\/turned-inside-out-the-offial-story-of-obituary-buch\/\" \/>\n<meta property=\"og:site_name\" content=\"cudgel | Der ultimative Metal Online Store\" \/>\n<meta property=\"article:publisher\" content=\"https:\/\/www.facebook.com\/CudgelVertrieb\" \/>\n<meta property=\"article:modified_time\" content=\"2026-02-20T14:09:29+00:00\" \/>\n<meta name=\"twitter:card\" content=\"summary_large_image\" \/>\n<meta name=\"twitter:label1\" content=\"Est. reading time\" \/>\n\t<meta name=\"twitter:data1\" content=\"1 minute\" \/>\n<script type=\"application\/ld+json\" class=\"yoast-schema-graph\">{\"@context\":\"https:\/\/schema.org\",\"@graph\":[{\"@type\":\"WebPage\",\"@id\":\"https:\/\/www.cudgel.de\/produkt\/turned-inside-out-the-offial-story-of-obituary-buch\/\",\"url\":\"https:\/\/www.cudgel.de\/produkt\/turned-inside-out-the-offial-story-of-obituary-buch\/\",\"name\":\"TURNED INSIDE OUT - The offial Story of OBITUARY BUCH - cudgel | Der ultimative Metal Online Store\",\"isPartOf\":{\"@id\":\"https:\/\/www.cudgel.de\/#website\"},\"primaryImageOfPage\":{\"@id\":\"https:\/\/www.cudgel.de\/produkt\/turned-inside-out-the-offial-story-of-obituary-buch\/#primaryimage\"},\"image\":{\"@id\":\"https:\/\/www.cudgel.de\/produkt\/turned-inside-out-the-offial-story-of-obituary-buch\/#primaryimage\"},\"thumbnailUrl\":\"https:\/\/www.cudgel.de\/wp-content\/uploads\/2026\/01\/Art721000.jpg\",\"datePublished\":\"2026-01-12T10:22:00+00:00\",\"dateModified\":\"2026-02-20T14:09:29+00:00\",\"breadcrumb\":{\"@id\":\"https:\/\/www.cudgel.de\/produkt\/turned-inside-out-the-offial-story-of-obituary-buch\/#breadcrumb\"},\"inLanguage\":\"en-US\",\"potentialAction\":[{\"@type\":\"ReadAction\",\"target\":[\"https:\/\/www.cudgel.de\/produkt\/turned-inside-out-the-offial-story-of-obituary-buch\/\"]}]},{\"@type\":\"ImageObject\",\"inLanguage\":\"en-US\",\"@id\":\"https:\/\/www.cudgel.de\/produkt\/turned-inside-out-the-offial-story-of-obituary-buch\/#primaryimage\",\"url\":\"https:\/\/www.cudgel.de\/wp-content\/uploads\/2026\/01\/Art721000.jpg\",\"contentUrl\":\"https:\/\/www.cudgel.de\/wp-content\/uploads\/2026\/01\/Art721000.jpg\",\"width\":1417,\"height\":1417},{\"@type\":\"BreadcrumbList\",\"@id\":\"https:\/\/www.cudgel.de\/produkt\/turned-inside-out-the-offial-story-of-obituary-buch\/#breadcrumb\",\"itemListElement\":[{\"@type\":\"ListItem\",\"position\":1,\"name\":\"Home\",\"item\":\"https:\/\/www.cudgel.de\/en\/\"},{\"@type\":\"ListItem\",\"position\":2,\"name\":\"Shop\",\"item\":\"https:\/\/www.cudgel.de\/en\/shop\/\"},{\"@type\":\"ListItem\",\"position\":3,\"name\":\"TURNED INSIDE OUT &#8211; The offial Story of OBITUARY BUCH\"}]},{\"@type\":\"WebSite\",\"@id\":\"https:\/\/www.cudgel.de\/#website\",\"url\":\"https:\/\/www.cudgel.de\/\",\"name\":\"cudgel | Der ultimative Metal Online Store\",\"description\":\"Eine weitere WordPress-Website\",\"publisher\":{\"@id\":\"https:\/\/www.cudgel.de\/#organization\"},\"potentialAction\":[{\"@type\":\"SearchAction\",\"target\":{\"@type\":\"EntryPoint\",\"urlTemplate\":\"https:\/\/www.cudgel.de\/?s={search_term_string}\"},\"query-input\":\"required name=search_term_string\"}],\"inLanguage\":\"en-US\"},{\"@type\":\"Organization\",\"@id\":\"https:\/\/www.cudgel.de\/#organization\",\"name\":\"cudgel | Der ultimative Metal Online Store\",\"url\":\"https:\/\/www.cudgel.de\/\",\"logo\":{\"@type\":\"ImageObject\",\"inLanguage\":\"en-US\",\"@id\":\"https:\/\/www.cudgel.de\/#\/schema\/logo\/image\/\",\"url\":\"https:\/\/www.cudgel.de\/wp-content\/uploads\/2024\/06\/cudgel-logo-neu-1-1400x419png.webp\",\"contentUrl\":\"https:\/\/www.cudgel.de\/wp-content\/uploads\/2024\/06\/cudgel-logo-neu-1-1400x419png.webp\",\"width\":1400,\"height\":419,\"caption\":\"cudgel | Der ultimative Metal Online Store\"},\"image\":{\"@id\":\"https:\/\/www.cudgel.de\/#\/schema\/logo\/image\/\"},\"sameAs\":[\"https:\/\/www.facebook.com\/CudgelVertrieb\"]}]}<\/script>\n<!-- \/ Yoast SEO plugin. -->","yoast_head_json":{"title":"TURNED INSIDE OUT - The offial Story of OBITUARY BUCH - cudgel | Der ultimative Metal Online Store","robots":{"index":"index","follow":"follow","max-snippet":"max-snippet:-1","max-image-preview":"max-image-preview:large","max-video-preview":"max-video-preview:-1"},"canonical":"https:\/\/www.cudgel.de\/produkt\/turned-inside-out-the-offial-story-of-obituary-buch\/","og_locale":"en_US","og_type":"article","og_title":"TURNED INSIDE OUT - The offial Story of OBITUARY BUCH - cudgel | Der ultimative Metal Online Store","og_description":"Hardcover Buch von David E. Gehlke mit einem Vorwort von Max Cavalera, 320 Seiten, 15,5 x 23,5 x 2,8cm Obituary aus Tampa\/Florida sind seit 1984 eine Death-Metal-Institution. Die Band, die sich durch John Tardys unfassbar kranken Gesang, Trevor Peres\u0091 unerh\u00f6rt brutalen Gitarrensound und Drummer Donald Tardys rhythmischen Scharfsinn auszeichnet, hat in den 1990ern H\u00e4rtema\u00dfst\u00e4be gesetzt. [...]","og_url":"https:\/\/www.cudgel.de\/produkt\/turned-inside-out-the-offial-story-of-obituary-buch\/","og_site_name":"cudgel | Der ultimative Metal Online Store","article_publisher":"https:\/\/www.facebook.com\/CudgelVertrieb","article_modified_time":"2026-02-20T14:09:29+00:00","twitter_card":"summary_large_image","twitter_misc":{"Est. reading time":"1 minute"},"schema":{"@context":"https:\/\/schema.org","@graph":[{"@type":"WebPage","@id":"https:\/\/www.cudgel.de\/produkt\/turned-inside-out-the-offial-story-of-obituary-buch\/","url":"https:\/\/www.cudgel.de\/produkt\/turned-inside-out-the-offial-story-of-obituary-buch\/","name":"TURNED INSIDE OUT - The offial Story of OBITUARY BUCH - cudgel | Der ultimative Metal Online Store","isPartOf":{"@id":"https:\/\/www.cudgel.de\/#website"},"primaryImageOfPage":{"@id":"https:\/\/www.cudgel.de\/produkt\/turned-inside-out-the-offial-story-of-obituary-buch\/#primaryimage"},"image":{"@id":"https:\/\/www.cudgel.de\/produkt\/turned-inside-out-the-offial-story-of-obituary-buch\/#primaryimage"},"thumbnailUrl":"https:\/\/www.cudgel.de\/wp-content\/uploads\/2026\/01\/Art721000.jpg","datePublished":"2026-01-12T10:22:00+00:00","dateModified":"2026-02-20T14:09:29+00:00","breadcrumb":{"@id":"https:\/\/www.cudgel.de\/produkt\/turned-inside-out-the-offial-story-of-obituary-buch\/#breadcrumb"},"inLanguage":"en-US","potentialAction":[{"@type":"ReadAction","target":["https:\/\/www.cudgel.de\/produkt\/turned-inside-out-the-offial-story-of-obituary-buch\/"]}]},{"@type":"ImageObject","inLanguage":"en-US","@id":"https:\/\/www.cudgel.de\/produkt\/turned-inside-out-the-offial-story-of-obituary-buch\/#primaryimage","url":"https:\/\/www.cudgel.de\/wp-content\/uploads\/2026\/01\/Art721000.jpg","contentUrl":"https:\/\/www.cudgel.de\/wp-content\/uploads\/2026\/01\/Art721000.jpg","width":1417,"height":1417},{"@type":"BreadcrumbList","@id":"https:\/\/www.cudgel.de\/produkt\/turned-inside-out-the-offial-story-of-obituary-buch\/#breadcrumb","itemListElement":[{"@type":"ListItem","position":1,"name":"Home","item":"https:\/\/www.cudgel.de\/en\/"},{"@type":"ListItem","position":2,"name":"Shop","item":"https:\/\/www.cudgel.de\/en\/shop\/"},{"@type":"ListItem","position":3,"name":"TURNED INSIDE OUT &#8211; The offial Story of OBITUARY BUCH"}]},{"@type":"WebSite","@id":"https:\/\/www.cudgel.de\/#website","url":"https:\/\/www.cudgel.de\/","name":"cudgel | Der ultimative Metal Online Store","description":"Eine weitere WordPress-Website","publisher":{"@id":"https:\/\/www.cudgel.de\/#organization"},"potentialAction":[{"@type":"SearchAction","target":{"@type":"EntryPoint","urlTemplate":"https:\/\/www.cudgel.de\/?s={search_term_string}"},"query-input":"required name=search_term_string"}],"inLanguage":"en-US"},{"@type":"Organization","@id":"https:\/\/www.cudgel.de\/#organization","name":"cudgel | Der ultimative Metal Online Store","url":"https:\/\/www.cudgel.de\/","logo":{"@type":"ImageObject","inLanguage":"en-US","@id":"https:\/\/www.cudgel.de\/#\/schema\/logo\/image\/","url":"https:\/\/www.cudgel.de\/wp-content\/uploads\/2024\/06\/cudgel-logo-neu-1-1400x419png.webp","contentUrl":"https:\/\/www.cudgel.de\/wp-content\/uploads\/2024\/06\/cudgel-logo-neu-1-1400x419png.webp","width":1400,"height":419,"caption":"cudgel | Der ultimative Metal Online Store"},"image":{"@id":"https:\/\/www.cudgel.de\/#\/schema\/logo\/image\/"},"sameAs":["https:\/\/www.facebook.com\/CudgelVertrieb"]}]}},"_links":{"self":[{"href":"https:\/\/www.cudgel.de\/en\/wp-json\/wp\/v2\/product\/2983632","targetHints":{"allow":["GET"]}}],"collection":[{"href":"https:\/\/www.cudgel.de\/en\/wp-json\/wp\/v2\/product"}],"about":[{"href":"https:\/\/www.cudgel.de\/en\/wp-json\/wp\/v2\/types\/product"}],"replies":[{"embeddable":true,"href":"https:\/\/www.cudgel.de\/en\/wp-json\/wp\/v2\/comments?post=2983632"}],"wp:featuredmedia":[{"embeddable":true,"href":"https:\/\/www.cudgel.de\/en\/wp-json\/wp\/v2\/media\/2983630"}],"wp:attachment":[{"href":"https:\/\/www.cudgel.de\/en\/wp-json\/wp\/v2\/media?parent=2983632"}],"wp:term":[{"taxonomy":"product_cat","embeddable":true,"href":"https:\/\/www.cudgel.de\/en\/wp-json\/wp\/v2\/product_cat?post=2983632"},{"taxonomy":"product_tag","embeddable":true,"href":"https:\/\/www.cudgel.de\/en\/wp-json\/wp\/v2\/product_tag?post=2983632"}],"curies":[{"name":"wp","href":"https:\/\/api.w.org\/{rel}","templated":true}]}}