{"id":2985036,"date":"2026-01-13T10:46:03","date_gmt":"2026-01-13T09:46:03","guid":{"rendered":"https:\/\/www.cudgel.de\/produkt\/chotzae-paechschwarz-lp-blue-galaxy\/"},"modified":"2026-01-13T10:46:05","modified_gmt":"2026-01-13T09:46:05","slug":"chotzae-paechschwarz-lp-blue-galaxy","status":"publish","type":"product","link":"https:\/\/www.cudgel.de\/en\/product\/chotzae-paechschwarz-lp-blue-galaxy\/","title":{"rendered":"CHOTZ\u00c4 &#8211; p\u00e4chschwarz LP blue galaxy"},"content":{"rendered":"<p>CHOTZ\u00c4, die Formation aus Bern, der Bundesstadt der Schweiz, ist l\u00e4ngst kein unbeschriebenes Blatt mehr, wenn es darum geht, ranzigen und treibenden Black &#8216;n&#8217; Roll zu produzieren. Wir haben die Ehre, \u00bbP\u00e4chschwarz\u00ab, das 4. Album der Berner, pr\u00e4sentieren zu k\u00f6nnen.<br \/>\nWer sich in den letzten Jahren bereits mit der Formation rund um Frontmann Szivilizs auseinandergesetzt hat, wei\u00df, dass CHOTZ\u00c4 sich \u00fcber ihre bisherigen drei Alben hinweg von einer anfangs rumplig-aggressive Gassenhauer fabrizierenden Black-Metal-Band mit Punk-Einfl\u00fcssen (\u00bbPlump u Primitiv\u00ab, 2014 und 2021) zu einer technisch versierten und durchweg komplex strukturierten Band entwickelt haben (\u00bbT\u00fc\u00fcfusw\u00e4rk\u00ab, 2020).<br \/>\nNun erscheint mit einem Abstand von gut 4 Jahren zu \u00bbT\u00fc\u00fcfusw\u00e4rk\u00ab ihr n\u00e4chster Kotzbrocken, welcher sich stark an die Songstrukturen von \u00bbPlump u Primitiv\u00ab anlehnt, dessen neu eingespielte Version ebenfalls bei Folter Records im Jahre 2021 erschien.<br \/>\nFans der Band d\u00fcrfen also gespannt sein, welche Mitgr\u00f6lhymnen CHOTZ\u00c4 f\u00fcr sie auf ihrem Neuling bereithalten. Doch CHOTZ\u00c4 w\u00e4re nicht die Band, die sie ist, wenn nicht auch \u00bbP\u00e4chschwarz\u00ab eine beeindruckende Entwicklung ihrer Musik dokumentieren w\u00fcrde &#8230;<br \/>\nWer sich erneut in die d\u00fcsteren Ecken Berns versetzen lassen m\u00f6chte und sich von Szivilizs wie gewohnt im Berner Dialekt ins Gesicht spucken lassen will, der sollte sich auf jeden Fall den Termin der Ver\u00f6ffentlichung fett in die Agenda schreiben.<br \/>\nDas Album wurde in den Iguana Studios von Christo,ph Brandes gemixt und gemastert, welcher der Truppe einen durchaus passenden Sound f\u00fcr ihr aktuelles Album verpasst hat.<\/p>\n<p>lim. blue galaxy vinyl to 100 copies<\/p>\n<p><strong>Tracks:<\/strong><\/p>\n<ol class=\"tracklisting\">\n<li>Gottverg\u00e4ss\u00e4<\/li>\n<li>Schimubueb\u00e4<\/li>\n<li>P\u00e4chschwarz<\/li>\n<li>L\u00f6utsch\u00e4<\/li>\n<li>Unusgschproch\u00e4<\/li>\n<li>Satan\u0092s S\u00fcnd\u00e4<\/li>\n<li>Fieberwahn<\/li>\n<li>Wundgang<\/li>\n<\/ol>\n<p><strong>Genres:<\/strong> Black Metal, Punk<\/p>\n<p><strong>GPSR Information:<\/strong><br \/>Manufacturer:<br \/>\nFolter Records<br \/>\nRudolf Schwarz Str. 26A, 10407 Berlin., Deutschland<br \/>\ninfo(at)folter666.de<\/p>\n","protected":false},"excerpt":{"rendered":"<p>CHOTZ\u00c4, die Formation aus Bern, der Bundesstadt der Schweiz, ist l\u00e4ngst kein unbeschriebenes Blatt mehr, wenn es darum geht, ranzigen und treibenden Black &#8216;n&#8217; Roll zu produzieren. Wir haben die Ehre, \u00bbP\u00e4chschwarz\u00ab, das 4. Album der Berner, pr\u00e4sentieren zu k\u00f6nnen. Wer sich in den letzten Jahren bereits mit der Formation rund um Frontmann Szivilizs auseinandergesetzt [&#8230;]\n","protected":false},"featured_media":2985034,"comment_status":"open","ping_status":"closed","template":"","meta":[],"product_cat":[432],"product_tag":[],"class_list":{"0":"post-2985036","1":"product","2":"type-product","3":"status-publish","4":"has-post-thumbnail","6":"product_cat-vinyl-c","7":"pa_band-chotzae","8":"pa_productgenre-black-metal","9":"pa_productgenre-punk","10":"pa_productlabel-folter-records","12":"first","13":"instock","14":"taxable","15":"shipping-taxable","16":"purchasable","17":"product-type-simple"},"yoast_head":"<!-- This site is optimized with the Yoast SEO plugin v22.9 - https:\/\/yoast.com\/wordpress\/plugins\/seo\/ -->\n<title>CHOTZ\u00c4 - p\u00e4chschwarz LP blue galaxy - cudgel | Der ultimative Metal Online Store<\/title>\n<meta name=\"robots\" content=\"index, follow, max-snippet:-1, max-image-preview:large, max-video-preview:-1\" \/>\n<link rel=\"canonical\" href=\"https:\/\/www.cudgel.de\/produkt\/chotzae-paechschwarz-lp-blue-galaxy\/\" \/>\n<meta property=\"og:locale\" content=\"en_US\" \/>\n<meta property=\"og:type\" content=\"article\" \/>\n<meta property=\"og:title\" content=\"CHOTZ\u00c4 - p\u00e4chschwarz LP blue galaxy - cudgel | Der ultimative Metal Online Store\" \/>\n<meta property=\"og:description\" content=\"CHOTZ\u00c4, die Formation aus Bern, der Bundesstadt der Schweiz, ist l\u00e4ngst kein unbeschriebenes Blatt mehr, wenn es darum geht, ranzigen und treibenden Black &#8216;n&#8217; Roll zu produzieren. Wir haben die Ehre, \u00bbP\u00e4chschwarz\u00ab, das 4. Album der Berner, pr\u00e4sentieren zu k\u00f6nnen. Wer sich in den letzten Jahren bereits mit der Formation rund um Frontmann Szivilizs auseinandergesetzt [...]\" \/>\n<meta property=\"og:url\" content=\"https:\/\/www.cudgel.de\/produkt\/chotzae-paechschwarz-lp-blue-galaxy\/\" \/>\n<meta property=\"og:site_name\" content=\"cudgel | Der ultimative Metal Online Store\" \/>\n<meta property=\"article:publisher\" content=\"https:\/\/www.facebook.com\/CudgelVertrieb\" \/>\n<meta property=\"article:modified_time\" content=\"2026-01-13T09:46:05+00:00\" \/>\n<meta name=\"twitter:card\" content=\"summary_large_image\" \/>\n<meta name=\"twitter:label1\" content=\"Est. reading time\" \/>\n\t<meta name=\"twitter:data1\" content=\"1 minute\" \/>\n<script type=\"application\/ld+json\" class=\"yoast-schema-graph\">{\"@context\":\"https:\/\/schema.org\",\"@graph\":[{\"@type\":\"WebPage\",\"@id\":\"https:\/\/www.cudgel.de\/produkt\/chotzae-paechschwarz-lp-blue-galaxy\/\",\"url\":\"https:\/\/www.cudgel.de\/produkt\/chotzae-paechschwarz-lp-blue-galaxy\/\",\"name\":\"CHOTZ\u00c4 - p\u00e4chschwarz LP blue galaxy - cudgel | Der ultimative Metal Online Store\",\"isPartOf\":{\"@id\":\"https:\/\/www.cudgel.de\/#website\"},\"primaryImageOfPage\":{\"@id\":\"https:\/\/www.cudgel.de\/produkt\/chotzae-paechschwarz-lp-blue-galaxy\/#primaryimage\"},\"image\":{\"@id\":\"https:\/\/www.cudgel.de\/produkt\/chotzae-paechschwarz-lp-blue-galaxy\/#primaryimage\"},\"thumbnailUrl\":\"https:\/\/www.cudgel.de\/wp-content\/uploads\/2026\/01\/Art110047.jpg\",\"datePublished\":\"2026-01-13T09:46:03+00:00\",\"dateModified\":\"2026-01-13T09:46:05+00:00\",\"breadcrumb\":{\"@id\":\"https:\/\/www.cudgel.de\/produkt\/chotzae-paechschwarz-lp-blue-galaxy\/#breadcrumb\"},\"inLanguage\":\"en-US\",\"potentialAction\":[{\"@type\":\"ReadAction\",\"target\":[\"https:\/\/www.cudgel.de\/produkt\/chotzae-paechschwarz-lp-blue-galaxy\/\"]}]},{\"@type\":\"ImageObject\",\"inLanguage\":\"en-US\",\"@id\":\"https:\/\/www.cudgel.de\/produkt\/chotzae-paechschwarz-lp-blue-galaxy\/#primaryimage\",\"url\":\"https:\/\/www.cudgel.de\/wp-content\/uploads\/2026\/01\/Art110047.jpg\",\"contentUrl\":\"https:\/\/www.cudgel.de\/wp-content\/uploads\/2026\/01\/Art110047.jpg\",\"width\":1500,\"height\":1384},{\"@type\":\"BreadcrumbList\",\"@id\":\"https:\/\/www.cudgel.de\/produkt\/chotzae-paechschwarz-lp-blue-galaxy\/#breadcrumb\",\"itemListElement\":[{\"@type\":\"ListItem\",\"position\":1,\"name\":\"Home\",\"item\":\"https:\/\/www.cudgel.de\/en\/\"},{\"@type\":\"ListItem\",\"position\":2,\"name\":\"Shop\",\"item\":\"https:\/\/www.cudgel.de\/en\/shop\/\"},{\"@type\":\"ListItem\",\"position\":3,\"name\":\"CHOTZ\u00c4 &#8211; p\u00e4chschwarz LP blue galaxy\"}]},{\"@type\":\"WebSite\",\"@id\":\"https:\/\/www.cudgel.de\/#website\",\"url\":\"https:\/\/www.cudgel.de\/\",\"name\":\"cudgel | Der ultimative Metal Online Store\",\"description\":\"Eine weitere WordPress-Website\",\"publisher\":{\"@id\":\"https:\/\/www.cudgel.de\/#organization\"},\"potentialAction\":[{\"@type\":\"SearchAction\",\"target\":{\"@type\":\"EntryPoint\",\"urlTemplate\":\"https:\/\/www.cudgel.de\/?s={search_term_string}\"},\"query-input\":\"required name=search_term_string\"}],\"inLanguage\":\"en-US\"},{\"@type\":\"Organization\",\"@id\":\"https:\/\/www.cudgel.de\/#organization\",\"name\":\"cudgel | Der ultimative Metal Online Store\",\"url\":\"https:\/\/www.cudgel.de\/\",\"logo\":{\"@type\":\"ImageObject\",\"inLanguage\":\"en-US\",\"@id\":\"https:\/\/www.cudgel.de\/#\/schema\/logo\/image\/\",\"url\":\"https:\/\/www.cudgel.de\/wp-content\/uploads\/2024\/06\/cudgel-logo-neu-1-1400x419png.webp\",\"contentUrl\":\"https:\/\/www.cudgel.de\/wp-content\/uploads\/2024\/06\/cudgel-logo-neu-1-1400x419png.webp\",\"width\":1400,\"height\":419,\"caption\":\"cudgel | Der ultimative Metal Online Store\"},\"image\":{\"@id\":\"https:\/\/www.cudgel.de\/#\/schema\/logo\/image\/\"},\"sameAs\":[\"https:\/\/www.facebook.com\/CudgelVertrieb\"]}]}<\/script>\n<!-- \/ Yoast SEO plugin. -->","yoast_head_json":{"title":"CHOTZ\u00c4 - p\u00e4chschwarz LP blue galaxy - cudgel | Der ultimative Metal Online Store","robots":{"index":"index","follow":"follow","max-snippet":"max-snippet:-1","max-image-preview":"max-image-preview:large","max-video-preview":"max-video-preview:-1"},"canonical":"https:\/\/www.cudgel.de\/produkt\/chotzae-paechschwarz-lp-blue-galaxy\/","og_locale":"en_US","og_type":"article","og_title":"CHOTZ\u00c4 - p\u00e4chschwarz LP blue galaxy - cudgel | Der ultimative Metal Online Store","og_description":"CHOTZ\u00c4, die Formation aus Bern, der Bundesstadt der Schweiz, ist l\u00e4ngst kein unbeschriebenes Blatt mehr, wenn es darum geht, ranzigen und treibenden Black &#8216;n&#8217; Roll zu produzieren. Wir haben die Ehre, \u00bbP\u00e4chschwarz\u00ab, das 4. Album der Berner, pr\u00e4sentieren zu k\u00f6nnen. Wer sich in den letzten Jahren bereits mit der Formation rund um Frontmann Szivilizs auseinandergesetzt [...]","og_url":"https:\/\/www.cudgel.de\/produkt\/chotzae-paechschwarz-lp-blue-galaxy\/","og_site_name":"cudgel | Der ultimative Metal Online Store","article_publisher":"https:\/\/www.facebook.com\/CudgelVertrieb","article_modified_time":"2026-01-13T09:46:05+00:00","twitter_card":"summary_large_image","twitter_misc":{"Est. reading time":"1 minute"},"schema":{"@context":"https:\/\/schema.org","@graph":[{"@type":"WebPage","@id":"https:\/\/www.cudgel.de\/produkt\/chotzae-paechschwarz-lp-blue-galaxy\/","url":"https:\/\/www.cudgel.de\/produkt\/chotzae-paechschwarz-lp-blue-galaxy\/","name":"CHOTZ\u00c4 - p\u00e4chschwarz LP blue galaxy - cudgel | Der ultimative Metal Online Store","isPartOf":{"@id":"https:\/\/www.cudgel.de\/#website"},"primaryImageOfPage":{"@id":"https:\/\/www.cudgel.de\/produkt\/chotzae-paechschwarz-lp-blue-galaxy\/#primaryimage"},"image":{"@id":"https:\/\/www.cudgel.de\/produkt\/chotzae-paechschwarz-lp-blue-galaxy\/#primaryimage"},"thumbnailUrl":"https:\/\/www.cudgel.de\/wp-content\/uploads\/2026\/01\/Art110047.jpg","datePublished":"2026-01-13T09:46:03+00:00","dateModified":"2026-01-13T09:46:05+00:00","breadcrumb":{"@id":"https:\/\/www.cudgel.de\/produkt\/chotzae-paechschwarz-lp-blue-galaxy\/#breadcrumb"},"inLanguage":"en-US","potentialAction":[{"@type":"ReadAction","target":["https:\/\/www.cudgel.de\/produkt\/chotzae-paechschwarz-lp-blue-galaxy\/"]}]},{"@type":"ImageObject","inLanguage":"en-US","@id":"https:\/\/www.cudgel.de\/produkt\/chotzae-paechschwarz-lp-blue-galaxy\/#primaryimage","url":"https:\/\/www.cudgel.de\/wp-content\/uploads\/2026\/01\/Art110047.jpg","contentUrl":"https:\/\/www.cudgel.de\/wp-content\/uploads\/2026\/01\/Art110047.jpg","width":1500,"height":1384},{"@type":"BreadcrumbList","@id":"https:\/\/www.cudgel.de\/produkt\/chotzae-paechschwarz-lp-blue-galaxy\/#breadcrumb","itemListElement":[{"@type":"ListItem","position":1,"name":"Home","item":"https:\/\/www.cudgel.de\/en\/"},{"@type":"ListItem","position":2,"name":"Shop","item":"https:\/\/www.cudgel.de\/en\/shop\/"},{"@type":"ListItem","position":3,"name":"CHOTZ\u00c4 &#8211; p\u00e4chschwarz LP blue galaxy"}]},{"@type":"WebSite","@id":"https:\/\/www.cudgel.de\/#website","url":"https:\/\/www.cudgel.de\/","name":"cudgel | Der ultimative Metal Online Store","description":"Eine weitere WordPress-Website","publisher":{"@id":"https:\/\/www.cudgel.de\/#organization"},"potentialAction":[{"@type":"SearchAction","target":{"@type":"EntryPoint","urlTemplate":"https:\/\/www.cudgel.de\/?s={search_term_string}"},"query-input":"required name=search_term_string"}],"inLanguage":"en-US"},{"@type":"Organization","@id":"https:\/\/www.cudgel.de\/#organization","name":"cudgel | Der ultimative Metal Online Store","url":"https:\/\/www.cudgel.de\/","logo":{"@type":"ImageObject","inLanguage":"en-US","@id":"https:\/\/www.cudgel.de\/#\/schema\/logo\/image\/","url":"https:\/\/www.cudgel.de\/wp-content\/uploads\/2024\/06\/cudgel-logo-neu-1-1400x419png.webp","contentUrl":"https:\/\/www.cudgel.de\/wp-content\/uploads\/2024\/06\/cudgel-logo-neu-1-1400x419png.webp","width":1400,"height":419,"caption":"cudgel | Der ultimative Metal Online Store"},"image":{"@id":"https:\/\/www.cudgel.de\/#\/schema\/logo\/image\/"},"sameAs":["https:\/\/www.facebook.com\/CudgelVertrieb"]}]}},"_links":{"self":[{"href":"https:\/\/www.cudgel.de\/en\/wp-json\/wp\/v2\/product\/2985036","targetHints":{"allow":["GET"]}}],"collection":[{"href":"https:\/\/www.cudgel.de\/en\/wp-json\/wp\/v2\/product"}],"about":[{"href":"https:\/\/www.cudgel.de\/en\/wp-json\/wp\/v2\/types\/product"}],"replies":[{"embeddable":true,"href":"https:\/\/www.cudgel.de\/en\/wp-json\/wp\/v2\/comments?post=2985036"}],"wp:featuredmedia":[{"embeddable":true,"href":"https:\/\/www.cudgel.de\/en\/wp-json\/wp\/v2\/media\/2985034"}],"wp:attachment":[{"href":"https:\/\/www.cudgel.de\/en\/wp-json\/wp\/v2\/media?parent=2985036"}],"wp:term":[{"taxonomy":"product_cat","embeddable":true,"href":"https:\/\/www.cudgel.de\/en\/wp-json\/wp\/v2\/product_cat?post=2985036"},{"taxonomy":"product_tag","embeddable":true,"href":"https:\/\/www.cudgel.de\/en\/wp-json\/wp\/v2\/product_tag?post=2985036"}],"curies":[{"name":"wp","href":"https:\/\/api.w.org\/{rel}","templated":true}]}}