{"id":3016750,"date":"2026-01-28T16:37:26","date_gmt":"2026-01-28T15:37:26","guid":{"rendered":"https:\/\/www.cudgel.de\/produkt\/exhumation-masters-personae-lp-black\/"},"modified":"2026-01-28T16:37:27","modified_gmt":"2026-01-28T15:37:27","slug":"exhumation-masters-personae-lp-black","status":"publish","type":"product","link":"https:\/\/www.cudgel.de\/en\/product\/exhumation-masters-personae-lp-black\/","title":{"rendered":"EXHUMATION &#8211; master&#8217;s personae LP black"},"content":{"rendered":"<p>lim. gatefold black vinyl to 100 copies + vinyl sized booklet (second press)<\/p>\n<p>A year of vanquishing darkness is upon the enigmatic Yogyakarta-ferals EXHUMATION as they inaugurate their fourth transcendental full-length \u0093Master\u0092s Personae\u0094!<\/p>\n<p>With a forlorn howl of a meandering beast, the entire record breathes an animosity between atmospheric solace and Death Metal carnage impassioned by a blaze of unending fire; \u0093Master\u0092s Personae\u0094 is enshrouded in a sublime traversal of musical perturbance but the megalithic depths which EXHUMATION possess is undoubtedly an immutable stare into the embodiment of supreme sordid verve of Metal of Death.<\/p>\n<p>A celebration for this sonic-debauchery includes a slew of guests featuring members of Possession, Impiety, Obliteration and with recording locations spread out within several countries; \u0093Master\u0092s Personae\u0094 was mixed by Bable Sagala at Watchtower Studio and mastered by Jack Control at Enormous Door Mastering (Aura Noir, Darkthrone, Bastard Priest, Frozen Soul, etc). Cover artwork by Jos\u00e9 Gabriel Alegr\u00eda Sabogal (Cult Of Fire, Dysangelium, Sl\u00e6gt, Whoredom Rife, etc) with additional artwork by Daniele Valeriani (Candlemass, Dark Funeral, Mayhem, etc).<\/p>\n<p>for fans of early Morbid Angel, Obliteration, B\u00f6lzer &amp; putrid Death Metal, etc!<\/p>\n<p><strong>Tracks:<\/strong><\/p>\n<ol class=\"tracklisting\">\n<li>In Death Vortex<\/li>\n<li>Pierce The Abyssheart<\/li>\n<li>Funereal Dreams<\/li>\n<li>Chaos Feasting<\/li>\n<li>The Martyr\u0092s Lament<\/li>\n<li>Thine Inmost Curse<\/li>\n<li>Perilous Tongue<\/li>\n<li>Thy Mighty Locution<\/li>\n<li>Mahapralaya<\/li>\n<li>The Scenic Desolation<\/li>\n<\/ol>\n<p><strong>Genres:<\/strong> Death Metal<\/p>\n<p><strong>GPSR Information:<\/strong><br \/>Manufacturer:<br \/>\nPulverised Records<br \/>\n25 Dunsfold Drive<br \/>\n359387, Singapore<br \/>\npulverised(at)gmail.com<\/p>\n","protected":false},"excerpt":{"rendered":"<p>lim. gatefold black vinyl to 100 copies + vinyl sized booklet (second press) A year of vanquishing darkness is upon the enigmatic Yogyakarta-ferals EXHUMATION as they inaugurate their fourth transcendental full-length \u0093Master\u0092s Personae\u0094! With a forlorn howl of a meandering beast, the entire record breathes an animosity between atmospheric solace and Death Metal carnage impassioned [&#8230;]\n","protected":false},"featured_media":3016748,"comment_status":"open","ping_status":"closed","template":"","meta":[],"product_cat":[434],"product_tag":[],"class_list":{"0":"post-3016750","1":"product","2":"type-product","3":"status-publish","4":"has-post-thumbnail","6":"product_cat-vinyl-e","7":"pa_band-exhumation","8":"pa_productgenre-death-metal","9":"pa_productlabel-pulverised-records","11":"first","12":"instock","13":"taxable","14":"shipping-taxable","15":"purchasable","16":"product-type-simple"},"yoast_head":"<!-- This site is optimized with the Yoast SEO plugin v22.9 - https:\/\/yoast.com\/wordpress\/plugins\/seo\/ -->\n<title>EXHUMATION - master&#039;s personae LP black - cudgel | Der ultimative Metal Online Store<\/title>\n<meta name=\"robots\" content=\"index, follow, max-snippet:-1, max-image-preview:large, max-video-preview:-1\" \/>\n<link rel=\"canonical\" href=\"https:\/\/www.cudgel.de\/produkt\/exhumation-masters-personae-lp-black\/\" \/>\n<meta property=\"og:locale\" content=\"en_US\" \/>\n<meta property=\"og:type\" content=\"article\" \/>\n<meta property=\"og:title\" content=\"EXHUMATION - master&#039;s personae LP black - cudgel | Der ultimative Metal Online Store\" \/>\n<meta property=\"og:description\" content=\"lim. gatefold black vinyl to 100 copies + vinyl sized booklet (second press) A year of vanquishing darkness is upon the enigmatic Yogyakarta-ferals EXHUMATION as they inaugurate their fourth transcendental full-length \u0093Master\u0092s Personae\u0094! With a forlorn howl of a meandering beast, the entire record breathes an animosity between atmospheric solace and Death Metal carnage impassioned [...]\" \/>\n<meta property=\"og:url\" content=\"https:\/\/www.cudgel.de\/produkt\/exhumation-masters-personae-lp-black\/\" \/>\n<meta property=\"og:site_name\" content=\"cudgel | Der ultimative Metal Online Store\" \/>\n<meta property=\"article:publisher\" content=\"https:\/\/www.facebook.com\/CudgelVertrieb\" \/>\n<meta property=\"article:modified_time\" content=\"2026-01-28T15:37:27+00:00\" \/>\n<meta name=\"twitter:card\" content=\"summary_large_image\" \/>\n<meta name=\"twitter:label1\" content=\"Est. reading time\" \/>\n\t<meta name=\"twitter:data1\" content=\"1 minute\" \/>\n<script type=\"application\/ld+json\" class=\"yoast-schema-graph\">{\"@context\":\"https:\/\/schema.org\",\"@graph\":[{\"@type\":\"WebPage\",\"@id\":\"https:\/\/www.cudgel.de\/produkt\/exhumation-masters-personae-lp-black\/\",\"url\":\"https:\/\/www.cudgel.de\/produkt\/exhumation-masters-personae-lp-black\/\",\"name\":\"EXHUMATION - master's personae LP black - cudgel | Der ultimative Metal Online Store\",\"isPartOf\":{\"@id\":\"https:\/\/www.cudgel.de\/#website\"},\"primaryImageOfPage\":{\"@id\":\"https:\/\/www.cudgel.de\/produkt\/exhumation-masters-personae-lp-black\/#primaryimage\"},\"image\":{\"@id\":\"https:\/\/www.cudgel.de\/produkt\/exhumation-masters-personae-lp-black\/#primaryimage\"},\"thumbnailUrl\":\"https:\/\/www.cudgel.de\/wp-content\/uploads\/2026\/01\/Art109674.jpg\",\"datePublished\":\"2026-01-28T15:37:26+00:00\",\"dateModified\":\"2026-01-28T15:37:27+00:00\",\"breadcrumb\":{\"@id\":\"https:\/\/www.cudgel.de\/produkt\/exhumation-masters-personae-lp-black\/#breadcrumb\"},\"inLanguage\":\"en-US\",\"potentialAction\":[{\"@type\":\"ReadAction\",\"target\":[\"https:\/\/www.cudgel.de\/produkt\/exhumation-masters-personae-lp-black\/\"]}]},{\"@type\":\"ImageObject\",\"inLanguage\":\"en-US\",\"@id\":\"https:\/\/www.cudgel.de\/produkt\/exhumation-masters-personae-lp-black\/#primaryimage\",\"url\":\"https:\/\/www.cudgel.de\/wp-content\/uploads\/2026\/01\/Art109674.jpg\",\"contentUrl\":\"https:\/\/www.cudgel.de\/wp-content\/uploads\/2026\/01\/Art109674.jpg\",\"width\":1500,\"height\":1500},{\"@type\":\"BreadcrumbList\",\"@id\":\"https:\/\/www.cudgel.de\/produkt\/exhumation-masters-personae-lp-black\/#breadcrumb\",\"itemListElement\":[{\"@type\":\"ListItem\",\"position\":1,\"name\":\"Home\",\"item\":\"https:\/\/www.cudgel.de\/en\/\"},{\"@type\":\"ListItem\",\"position\":2,\"name\":\"Shop\",\"item\":\"https:\/\/www.cudgel.de\/en\/shop\/\"},{\"@type\":\"ListItem\",\"position\":3,\"name\":\"EXHUMATION &#8211; master&#8217;s personae LP black\"}]},{\"@type\":\"WebSite\",\"@id\":\"https:\/\/www.cudgel.de\/#website\",\"url\":\"https:\/\/www.cudgel.de\/\",\"name\":\"cudgel | Der ultimative Metal Online Store\",\"description\":\"Eine weitere WordPress-Website\",\"publisher\":{\"@id\":\"https:\/\/www.cudgel.de\/#organization\"},\"potentialAction\":[{\"@type\":\"SearchAction\",\"target\":{\"@type\":\"EntryPoint\",\"urlTemplate\":\"https:\/\/www.cudgel.de\/?s={search_term_string}\"},\"query-input\":\"required name=search_term_string\"}],\"inLanguage\":\"en-US\"},{\"@type\":\"Organization\",\"@id\":\"https:\/\/www.cudgel.de\/#organization\",\"name\":\"cudgel | Der ultimative Metal Online Store\",\"url\":\"https:\/\/www.cudgel.de\/\",\"logo\":{\"@type\":\"ImageObject\",\"inLanguage\":\"en-US\",\"@id\":\"https:\/\/www.cudgel.de\/#\/schema\/logo\/image\/\",\"url\":\"https:\/\/www.cudgel.de\/wp-content\/uploads\/2024\/06\/cudgel-logo-neu-1-1400x419png.webp\",\"contentUrl\":\"https:\/\/www.cudgel.de\/wp-content\/uploads\/2024\/06\/cudgel-logo-neu-1-1400x419png.webp\",\"width\":1400,\"height\":419,\"caption\":\"cudgel | Der ultimative Metal Online Store\"},\"image\":{\"@id\":\"https:\/\/www.cudgel.de\/#\/schema\/logo\/image\/\"},\"sameAs\":[\"https:\/\/www.facebook.com\/CudgelVertrieb\"]}]}<\/script>\n<!-- \/ Yoast SEO plugin. -->","yoast_head_json":{"title":"EXHUMATION - master's personae LP black - cudgel | Der ultimative Metal Online Store","robots":{"index":"index","follow":"follow","max-snippet":"max-snippet:-1","max-image-preview":"max-image-preview:large","max-video-preview":"max-video-preview:-1"},"canonical":"https:\/\/www.cudgel.de\/produkt\/exhumation-masters-personae-lp-black\/","og_locale":"en_US","og_type":"article","og_title":"EXHUMATION - master's personae LP black - cudgel | Der ultimative Metal Online Store","og_description":"lim. gatefold black vinyl to 100 copies + vinyl sized booklet (second press) A year of vanquishing darkness is upon the enigmatic Yogyakarta-ferals EXHUMATION as they inaugurate their fourth transcendental full-length \u0093Master\u0092s Personae\u0094! With a forlorn howl of a meandering beast, the entire record breathes an animosity between atmospheric solace and Death Metal carnage impassioned [...]","og_url":"https:\/\/www.cudgel.de\/produkt\/exhumation-masters-personae-lp-black\/","og_site_name":"cudgel | Der ultimative Metal Online Store","article_publisher":"https:\/\/www.facebook.com\/CudgelVertrieb","article_modified_time":"2026-01-28T15:37:27+00:00","twitter_card":"summary_large_image","twitter_misc":{"Est. reading time":"1 minute"},"schema":{"@context":"https:\/\/schema.org","@graph":[{"@type":"WebPage","@id":"https:\/\/www.cudgel.de\/produkt\/exhumation-masters-personae-lp-black\/","url":"https:\/\/www.cudgel.de\/produkt\/exhumation-masters-personae-lp-black\/","name":"EXHUMATION - master's personae LP black - cudgel | Der ultimative Metal Online Store","isPartOf":{"@id":"https:\/\/www.cudgel.de\/#website"},"primaryImageOfPage":{"@id":"https:\/\/www.cudgel.de\/produkt\/exhumation-masters-personae-lp-black\/#primaryimage"},"image":{"@id":"https:\/\/www.cudgel.de\/produkt\/exhumation-masters-personae-lp-black\/#primaryimage"},"thumbnailUrl":"https:\/\/www.cudgel.de\/wp-content\/uploads\/2026\/01\/Art109674.jpg","datePublished":"2026-01-28T15:37:26+00:00","dateModified":"2026-01-28T15:37:27+00:00","breadcrumb":{"@id":"https:\/\/www.cudgel.de\/produkt\/exhumation-masters-personae-lp-black\/#breadcrumb"},"inLanguage":"en-US","potentialAction":[{"@type":"ReadAction","target":["https:\/\/www.cudgel.de\/produkt\/exhumation-masters-personae-lp-black\/"]}]},{"@type":"ImageObject","inLanguage":"en-US","@id":"https:\/\/www.cudgel.de\/produkt\/exhumation-masters-personae-lp-black\/#primaryimage","url":"https:\/\/www.cudgel.de\/wp-content\/uploads\/2026\/01\/Art109674.jpg","contentUrl":"https:\/\/www.cudgel.de\/wp-content\/uploads\/2026\/01\/Art109674.jpg","width":1500,"height":1500},{"@type":"BreadcrumbList","@id":"https:\/\/www.cudgel.de\/produkt\/exhumation-masters-personae-lp-black\/#breadcrumb","itemListElement":[{"@type":"ListItem","position":1,"name":"Home","item":"https:\/\/www.cudgel.de\/en\/"},{"@type":"ListItem","position":2,"name":"Shop","item":"https:\/\/www.cudgel.de\/en\/shop\/"},{"@type":"ListItem","position":3,"name":"EXHUMATION &#8211; master&#8217;s personae LP black"}]},{"@type":"WebSite","@id":"https:\/\/www.cudgel.de\/#website","url":"https:\/\/www.cudgel.de\/","name":"cudgel | Der ultimative Metal Online Store","description":"Eine weitere WordPress-Website","publisher":{"@id":"https:\/\/www.cudgel.de\/#organization"},"potentialAction":[{"@type":"SearchAction","target":{"@type":"EntryPoint","urlTemplate":"https:\/\/www.cudgel.de\/?s={search_term_string}"},"query-input":"required name=search_term_string"}],"inLanguage":"en-US"},{"@type":"Organization","@id":"https:\/\/www.cudgel.de\/#organization","name":"cudgel | Der ultimative Metal Online Store","url":"https:\/\/www.cudgel.de\/","logo":{"@type":"ImageObject","inLanguage":"en-US","@id":"https:\/\/www.cudgel.de\/#\/schema\/logo\/image\/","url":"https:\/\/www.cudgel.de\/wp-content\/uploads\/2024\/06\/cudgel-logo-neu-1-1400x419png.webp","contentUrl":"https:\/\/www.cudgel.de\/wp-content\/uploads\/2024\/06\/cudgel-logo-neu-1-1400x419png.webp","width":1400,"height":419,"caption":"cudgel | Der ultimative Metal Online Store"},"image":{"@id":"https:\/\/www.cudgel.de\/#\/schema\/logo\/image\/"},"sameAs":["https:\/\/www.facebook.com\/CudgelVertrieb"]}]}},"_links":{"self":[{"href":"https:\/\/www.cudgel.de\/en\/wp-json\/wp\/v2\/product\/3016750","targetHints":{"allow":["GET"]}}],"collection":[{"href":"https:\/\/www.cudgel.de\/en\/wp-json\/wp\/v2\/product"}],"about":[{"href":"https:\/\/www.cudgel.de\/en\/wp-json\/wp\/v2\/types\/product"}],"replies":[{"embeddable":true,"href":"https:\/\/www.cudgel.de\/en\/wp-json\/wp\/v2\/comments?post=3016750"}],"wp:featuredmedia":[{"embeddable":true,"href":"https:\/\/www.cudgel.de\/en\/wp-json\/wp\/v2\/media\/3016748"}],"wp:attachment":[{"href":"https:\/\/www.cudgel.de\/en\/wp-json\/wp\/v2\/media?parent=3016750"}],"wp:term":[{"taxonomy":"product_cat","embeddable":true,"href":"https:\/\/www.cudgel.de\/en\/wp-json\/wp\/v2\/product_cat?post=3016750"},{"taxonomy":"product_tag","embeddable":true,"href":"https:\/\/www.cudgel.de\/en\/wp-json\/wp\/v2\/product_tag?post=3016750"}],"curies":[{"name":"wp","href":"https:\/\/api.w.org\/{rel}","templated":true}]}}