{"id":3016870,"date":"2026-01-28T16:40:51","date_gmt":"2026-01-28T15:40:51","guid":{"rendered":"https:\/\/www.cudgel.de\/produkt\/rothadas-toeviskert-a-kisertes-oeroek-erzete-cd\/"},"modified":"2026-03-30T14:30:18","modified_gmt":"2026-03-30T12:30:18","slug":"rothadas-toeviskert-a-kisertes-oeroek-erzete-cd","status":"publish","type":"product","link":"https:\/\/www.cudgel.de\/en\/product\/rothadas-toeviskert-a-kisertes-oeroek-erzete-cd\/","title":{"rendered":"ROTHAD\u00c1S &#8211; t\u00f6viskert&#8230; a k\u00eds\u00e9rt\u00e9s \u00f6r\u00f6k \u00e9rzete&#8230;CD"},"content":{"rendered":"<p>Jewelcase CD<\/p>\n<p>Following from their 2019 demo and 2021 debut album, Hungarian death-doom masters Rothadas are back with their spectral sophomore album\u0085<\/p>\n<p>Immediately tendrils of decrepit and morbid death metal will pull you into the abyssal atmospherics the band so vibrantly conjure from the depths. Sepulchral guitars and reverberate drums contort into a monstrosity of festering evil while the macabre vocals permeate and resonate through the crushing mix. Everything constantly moving, shifting, into darker realms; you will be constantly thrown into new realms of horror with each passing moment. From their blasting cacophonies of rotten splendour to the eldritch doom that fills the air with anguish, each second has purpose in painting a picture of terror and charnel mystery in this superb follow-up to their impressive debut album.<\/p>\n<p>Still lost in the abyss? Good. The darkness may feel like you are drowning, inhaling putrescent mass with each attempt to breathe but that is just the effect such potently devastating music has. There is plenty of memorability in the groove-ridden tracks while not just stagnating on a dull riff for the whole record. Thankfully Rothadas have an endless arsenal of varied ideas that each exude total malice and visceral aggression. Stomping your skull into shards, blistering your flesh or simply holding you in bewilderment with their atmospheric prowess, you will not waste a second listening to this absolute behemoth of death metal mastery and if you survive I am sure you will come back for more\u0085<\/p>\n<p><strong>Tracks:<\/strong><\/p>\n<ol class=\"tracklisting\">\n<li>Urnaszellem&#8230; szentek csontpora<\/li>\n<li>V\u00e9rt\u00fck\u00f6r<\/li>\n<li>S\u00f3hajok kapuja<\/li>\n<li>Tetemek tava&#8230; lid\u00e9rcek t\u00e1nca<\/li>\n<li>Sikolt\u00f3 f\u00fcst<\/li>\n<li>Az \u00f6r\u00f6k isten Lucifer<\/li>\n<\/ol>\n<p><strong>Genres:<\/strong> Death Metal, Doom Metal<\/p>\n<p> <strong>Label:<\/strong> Pulverised Records<\/p>\n<p> <strong>Erscheinungsjahr:<\/strong> 2025<\/p>\n<p> <strong>K\u00fcnstler:<\/strong> ROTHADAS<\/p>\n<p> <strong>Format:<\/strong> CD<\/p>\n<p> <strong>EAN:<\/strong> 0803341613096<\/p>\n<p><strong>GPSR Information:<\/strong><br \/>Manufacturer:<br \/>\nPulverised Records<br \/>\n25 Dunsfold Drive<br \/>\n359387, Singapore<br \/>\npulverised(at)gmail.com<\/p>\n","protected":false},"excerpt":{"rendered":"<p>Jewelcase CD Following from their 2019 demo and 2021 debut album, Hungarian death-doom masters Rothadas are back with their spectral sophomore album\u0085 Immediately tendrils of decrepit and morbid death metal will pull you into the abyssal atmospherics the band so vibrantly conjure from the depths. Sepulchral guitars and reverberate drums contort into a monstrosity of [&#8230;]\n","protected":false},"featured_media":3016868,"comment_status":"open","ping_status":"closed","template":"","meta":[],"product_cat":[461],"product_tag":[],"class_list":{"0":"post-3016870","1":"product","2":"type-product","3":"status-publish","4":"has-post-thumbnail","6":"product_cat-cd-r","7":"pa_band-rothadas","8":"pa_productgenre-death-metal","9":"pa_productgenre-doom-metal","10":"pa_productlabel-pulverised-records","12":"first","13":"instock","14":"taxable","15":"shipping-taxable","16":"purchasable","17":"product-type-simple"},"yoast_head":"<!-- This site is optimized with the Yoast SEO plugin v22.9 - https:\/\/yoast.com\/wordpress\/plugins\/seo\/ -->\n<title>ROTHAD\u00c1S - t\u00f6viskert... a k\u00eds\u00e9rt\u00e9s \u00f6r\u00f6k \u00e9rzete...CD - cudgel | Der ultimative Metal Online Store<\/title>\n<meta name=\"robots\" content=\"index, follow, max-snippet:-1, max-image-preview:large, max-video-preview:-1\" \/>\n<link rel=\"canonical\" href=\"https:\/\/www.cudgel.de\/produkt\/rothadas-toeviskert-a-kisertes-oeroek-erzete-cd\/\" \/>\n<meta property=\"og:locale\" content=\"en_US\" \/>\n<meta property=\"og:type\" content=\"article\" \/>\n<meta property=\"og:title\" content=\"ROTHAD\u00c1S - t\u00f6viskert... a k\u00eds\u00e9rt\u00e9s \u00f6r\u00f6k \u00e9rzete...CD - cudgel | Der ultimative Metal Online Store\" \/>\n<meta property=\"og:description\" content=\"Jewelcase CD Following from their 2019 demo and 2021 debut album, Hungarian death-doom masters Rothadas are back with their spectral sophomore album\u0085 Immediately tendrils of decrepit and morbid death metal will pull you into the abyssal atmospherics the band so vibrantly conjure from the depths. Sepulchral guitars and reverberate drums contort into a monstrosity of [...]\" \/>\n<meta property=\"og:url\" content=\"https:\/\/www.cudgel.de\/produkt\/rothadas-toeviskert-a-kisertes-oeroek-erzete-cd\/\" \/>\n<meta property=\"og:site_name\" content=\"cudgel | Der ultimative Metal Online Store\" \/>\n<meta property=\"article:publisher\" content=\"https:\/\/www.facebook.com\/CudgelVertrieb\" \/>\n<meta property=\"article:modified_time\" content=\"2026-03-30T12:30:18+00:00\" \/>\n<meta property=\"og:image\" content=\"https:\/\/www.cudgel.de\/wp-content\/uploads\/2026\/01\/Art222266.jpg\" \/>\n\t<meta property=\"og:image:width\" content=\"1500\" \/>\n\t<meta property=\"og:image:height\" content=\"1500\" \/>\n\t<meta property=\"og:image:type\" content=\"image\/jpeg\" \/>\n<meta name=\"twitter:card\" content=\"summary_large_image\" \/>\n<meta name=\"twitter:label1\" content=\"Est. reading time\" \/>\n\t<meta name=\"twitter:data1\" content=\"1 minute\" \/>\n<script type=\"application\/ld+json\" class=\"yoast-schema-graph\">{\"@context\":\"https:\/\/schema.org\",\"@graph\":[{\"@type\":\"WebPage\",\"@id\":\"https:\/\/www.cudgel.de\/produkt\/rothadas-toeviskert-a-kisertes-oeroek-erzete-cd\/\",\"url\":\"https:\/\/www.cudgel.de\/produkt\/rothadas-toeviskert-a-kisertes-oeroek-erzete-cd\/\",\"name\":\"ROTHAD\u00c1S - t\u00f6viskert... a k\u00eds\u00e9rt\u00e9s \u00f6r\u00f6k \u00e9rzete...CD - cudgel | Der ultimative Metal Online Store\",\"isPartOf\":{\"@id\":\"https:\/\/www.cudgel.de\/#website\"},\"primaryImageOfPage\":{\"@id\":\"https:\/\/www.cudgel.de\/produkt\/rothadas-toeviskert-a-kisertes-oeroek-erzete-cd\/#primaryimage\"},\"image\":{\"@id\":\"https:\/\/www.cudgel.de\/produkt\/rothadas-toeviskert-a-kisertes-oeroek-erzete-cd\/#primaryimage\"},\"thumbnailUrl\":\"https:\/\/www.cudgel.de\/wp-content\/uploads\/2026\/01\/Art222266.jpg\",\"datePublished\":\"2026-01-28T15:40:51+00:00\",\"dateModified\":\"2026-03-30T12:30:18+00:00\",\"breadcrumb\":{\"@id\":\"https:\/\/www.cudgel.de\/produkt\/rothadas-toeviskert-a-kisertes-oeroek-erzete-cd\/#breadcrumb\"},\"inLanguage\":\"en-US\",\"potentialAction\":[{\"@type\":\"ReadAction\",\"target\":[\"https:\/\/www.cudgel.de\/produkt\/rothadas-toeviskert-a-kisertes-oeroek-erzete-cd\/\"]}]},{\"@type\":\"ImageObject\",\"inLanguage\":\"en-US\",\"@id\":\"https:\/\/www.cudgel.de\/produkt\/rothadas-toeviskert-a-kisertes-oeroek-erzete-cd\/#primaryimage\",\"url\":\"https:\/\/www.cudgel.de\/wp-content\/uploads\/2026\/01\/Art222266.jpg\",\"contentUrl\":\"https:\/\/www.cudgel.de\/wp-content\/uploads\/2026\/01\/Art222266.jpg\",\"width\":1500,\"height\":1500},{\"@type\":\"BreadcrumbList\",\"@id\":\"https:\/\/www.cudgel.de\/produkt\/rothadas-toeviskert-a-kisertes-oeroek-erzete-cd\/#breadcrumb\",\"itemListElement\":[{\"@type\":\"ListItem\",\"position\":1,\"name\":\"Home\",\"item\":\"https:\/\/www.cudgel.de\/en\/\"},{\"@type\":\"ListItem\",\"position\":2,\"name\":\"Shop\",\"item\":\"https:\/\/www.cudgel.de\/en\/shop\/\"},{\"@type\":\"ListItem\",\"position\":3,\"name\":\"ROTHAD\u00c1S &#8211; t\u00f6viskert&#8230; a k\u00eds\u00e9rt\u00e9s \u00f6r\u00f6k \u00e9rzete&#8230;CD\"}]},{\"@type\":\"WebSite\",\"@id\":\"https:\/\/www.cudgel.de\/#website\",\"url\":\"https:\/\/www.cudgel.de\/\",\"name\":\"cudgel | Der ultimative Metal Online Store\",\"description\":\"Eine weitere WordPress-Website\",\"publisher\":{\"@id\":\"https:\/\/www.cudgel.de\/#organization\"},\"potentialAction\":[{\"@type\":\"SearchAction\",\"target\":{\"@type\":\"EntryPoint\",\"urlTemplate\":\"https:\/\/www.cudgel.de\/?s={search_term_string}\"},\"query-input\":\"required name=search_term_string\"}],\"inLanguage\":\"en-US\"},{\"@type\":\"Organization\",\"@id\":\"https:\/\/www.cudgel.de\/#organization\",\"name\":\"cudgel | Der ultimative Metal Online Store\",\"url\":\"https:\/\/www.cudgel.de\/\",\"logo\":{\"@type\":\"ImageObject\",\"inLanguage\":\"en-US\",\"@id\":\"https:\/\/www.cudgel.de\/#\/schema\/logo\/image\/\",\"url\":\"https:\/\/www.cudgel.de\/wp-content\/uploads\/2024\/06\/cudgel-logo-neu-1-1400x419png.webp\",\"contentUrl\":\"https:\/\/www.cudgel.de\/wp-content\/uploads\/2024\/06\/cudgel-logo-neu-1-1400x419png.webp\",\"width\":1400,\"height\":419,\"caption\":\"cudgel | Der ultimative Metal Online Store\"},\"image\":{\"@id\":\"https:\/\/www.cudgel.de\/#\/schema\/logo\/image\/\"},\"sameAs\":[\"https:\/\/www.facebook.com\/CudgelVertrieb\"]}]}<\/script>\n<!-- \/ Yoast SEO plugin. -->","yoast_head_json":{"title":"ROTHAD\u00c1S - t\u00f6viskert... a k\u00eds\u00e9rt\u00e9s \u00f6r\u00f6k \u00e9rzete...CD - cudgel | Der ultimative Metal Online Store","robots":{"index":"index","follow":"follow","max-snippet":"max-snippet:-1","max-image-preview":"max-image-preview:large","max-video-preview":"max-video-preview:-1"},"canonical":"https:\/\/www.cudgel.de\/produkt\/rothadas-toeviskert-a-kisertes-oeroek-erzete-cd\/","og_locale":"en_US","og_type":"article","og_title":"ROTHAD\u00c1S - t\u00f6viskert... a k\u00eds\u00e9rt\u00e9s \u00f6r\u00f6k \u00e9rzete...CD - cudgel | Der ultimative Metal Online Store","og_description":"Jewelcase CD Following from their 2019 demo and 2021 debut album, Hungarian death-doom masters Rothadas are back with their spectral sophomore album\u0085 Immediately tendrils of decrepit and morbid death metal will pull you into the abyssal atmospherics the band so vibrantly conjure from the depths. Sepulchral guitars and reverberate drums contort into a monstrosity of [...]","og_url":"https:\/\/www.cudgel.de\/produkt\/rothadas-toeviskert-a-kisertes-oeroek-erzete-cd\/","og_site_name":"cudgel | Der ultimative Metal Online Store","article_publisher":"https:\/\/www.facebook.com\/CudgelVertrieb","article_modified_time":"2026-03-30T12:30:18+00:00","og_image":[{"width":1500,"height":1500,"url":"https:\/\/www.cudgel.de\/wp-content\/uploads\/2026\/01\/Art222266.jpg","type":"image\/jpeg"}],"twitter_card":"summary_large_image","twitter_misc":{"Est. reading time":"1 minute"},"schema":{"@context":"https:\/\/schema.org","@graph":[{"@type":"WebPage","@id":"https:\/\/www.cudgel.de\/produkt\/rothadas-toeviskert-a-kisertes-oeroek-erzete-cd\/","url":"https:\/\/www.cudgel.de\/produkt\/rothadas-toeviskert-a-kisertes-oeroek-erzete-cd\/","name":"ROTHAD\u00c1S - t\u00f6viskert... a k\u00eds\u00e9rt\u00e9s \u00f6r\u00f6k \u00e9rzete...CD - cudgel | Der ultimative Metal Online Store","isPartOf":{"@id":"https:\/\/www.cudgel.de\/#website"},"primaryImageOfPage":{"@id":"https:\/\/www.cudgel.de\/produkt\/rothadas-toeviskert-a-kisertes-oeroek-erzete-cd\/#primaryimage"},"image":{"@id":"https:\/\/www.cudgel.de\/produkt\/rothadas-toeviskert-a-kisertes-oeroek-erzete-cd\/#primaryimage"},"thumbnailUrl":"https:\/\/www.cudgel.de\/wp-content\/uploads\/2026\/01\/Art222266.jpg","datePublished":"2026-01-28T15:40:51+00:00","dateModified":"2026-03-30T12:30:18+00:00","breadcrumb":{"@id":"https:\/\/www.cudgel.de\/produkt\/rothadas-toeviskert-a-kisertes-oeroek-erzete-cd\/#breadcrumb"},"inLanguage":"en-US","potentialAction":[{"@type":"ReadAction","target":["https:\/\/www.cudgel.de\/produkt\/rothadas-toeviskert-a-kisertes-oeroek-erzete-cd\/"]}]},{"@type":"ImageObject","inLanguage":"en-US","@id":"https:\/\/www.cudgel.de\/produkt\/rothadas-toeviskert-a-kisertes-oeroek-erzete-cd\/#primaryimage","url":"https:\/\/www.cudgel.de\/wp-content\/uploads\/2026\/01\/Art222266.jpg","contentUrl":"https:\/\/www.cudgel.de\/wp-content\/uploads\/2026\/01\/Art222266.jpg","width":1500,"height":1500},{"@type":"BreadcrumbList","@id":"https:\/\/www.cudgel.de\/produkt\/rothadas-toeviskert-a-kisertes-oeroek-erzete-cd\/#breadcrumb","itemListElement":[{"@type":"ListItem","position":1,"name":"Home","item":"https:\/\/www.cudgel.de\/en\/"},{"@type":"ListItem","position":2,"name":"Shop","item":"https:\/\/www.cudgel.de\/en\/shop\/"},{"@type":"ListItem","position":3,"name":"ROTHAD\u00c1S &#8211; t\u00f6viskert&#8230; a k\u00eds\u00e9rt\u00e9s \u00f6r\u00f6k \u00e9rzete&#8230;CD"}]},{"@type":"WebSite","@id":"https:\/\/www.cudgel.de\/#website","url":"https:\/\/www.cudgel.de\/","name":"cudgel | Der ultimative Metal Online Store","description":"Eine weitere WordPress-Website","publisher":{"@id":"https:\/\/www.cudgel.de\/#organization"},"potentialAction":[{"@type":"SearchAction","target":{"@type":"EntryPoint","urlTemplate":"https:\/\/www.cudgel.de\/?s={search_term_string}"},"query-input":"required name=search_term_string"}],"inLanguage":"en-US"},{"@type":"Organization","@id":"https:\/\/www.cudgel.de\/#organization","name":"cudgel | Der ultimative Metal Online Store","url":"https:\/\/www.cudgel.de\/","logo":{"@type":"ImageObject","inLanguage":"en-US","@id":"https:\/\/www.cudgel.de\/#\/schema\/logo\/image\/","url":"https:\/\/www.cudgel.de\/wp-content\/uploads\/2024\/06\/cudgel-logo-neu-1-1400x419png.webp","contentUrl":"https:\/\/www.cudgel.de\/wp-content\/uploads\/2024\/06\/cudgel-logo-neu-1-1400x419png.webp","width":1400,"height":419,"caption":"cudgel | Der ultimative Metal Online Store"},"image":{"@id":"https:\/\/www.cudgel.de\/#\/schema\/logo\/image\/"},"sameAs":["https:\/\/www.facebook.com\/CudgelVertrieb"]}]}},"_links":{"self":[{"href":"https:\/\/www.cudgel.de\/en\/wp-json\/wp\/v2\/product\/3016870","targetHints":{"allow":["GET"]}}],"collection":[{"href":"https:\/\/www.cudgel.de\/en\/wp-json\/wp\/v2\/product"}],"about":[{"href":"https:\/\/www.cudgel.de\/en\/wp-json\/wp\/v2\/types\/product"}],"replies":[{"embeddable":true,"href":"https:\/\/www.cudgel.de\/en\/wp-json\/wp\/v2\/comments?post=3016870"}],"wp:featuredmedia":[{"embeddable":true,"href":"https:\/\/www.cudgel.de\/en\/wp-json\/wp\/v2\/media\/3016868"}],"wp:attachment":[{"href":"https:\/\/www.cudgel.de\/en\/wp-json\/wp\/v2\/media?parent=3016870"}],"wp:term":[{"taxonomy":"product_cat","embeddable":true,"href":"https:\/\/www.cudgel.de\/en\/wp-json\/wp\/v2\/product_cat?post=3016870"},{"taxonomy":"product_tag","embeddable":true,"href":"https:\/\/www.cudgel.de\/en\/wp-json\/wp\/v2\/product_tag?post=3016870"}],"curies":[{"name":"wp","href":"https:\/\/api.w.org\/{rel}","templated":true}]}}