{"id":3017259,"date":"2026-01-28T16:50:42","date_gmt":"2026-01-28T15:50:42","guid":{"rendered":"https:\/\/www.cudgel.de\/produkt\/wulkanaz-kaosnajd-lp-black\/"},"modified":"2026-03-05T09:14:56","modified_gmt":"2026-03-05T08:14:56","slug":"wulkanaz-kaosnajd-lp-black","status":"publish","type":"product","link":"https:\/\/www.cudgel.de\/en\/product\/wulkanaz-kaosnajd-lp-black\/","title":{"rendered":"WULKANAZ &#8211; kaosnajd LP black"},"content":{"rendered":"<p>compilation incl. Track 1-4 are from \u00d4ganan Maistaz Managiz\u00f4 cassette EP<br \/>\nTrack 5 previously unreleased<br \/>\nTracks 6-7 are from Gu\u00feblostreisin\u00f4n cassette EP. Track 6 is a re-recorded version with additional vocals<br \/>\nTracks 8-9 are from Afgrundjaslukin 7&#8243; EP<br \/>\nTrack 10 is a cover of Sovereign (5).<\/p>\n<p> lim. black vinyl<\/p>\n<p><strong>Tracks:<\/strong><\/p>\n<ol class=\"tracklisting\">\n<li>Aiwin Daug\u00f4 Klutaz<\/li>\n<li>Lopt Leuhada<\/li>\n<li>Unz Teldanna Slat\u00eaz<\/li>\n<li>Lopt, Herra Sentit Morgan\u00ea<\/li>\n<li>Wulkana IV<\/li>\n<li>Ainjaiw\u00f4kijaz<\/li>\n<li>Reisin\u00eaniz<\/li>\n<li>Afgrundjaslukin<\/li>\n<li>0:17 (Sovereign cover)<\/li>\n<\/ol>\n<p><strong>Genres:<\/strong> Black Metal<\/p>\n<p><strong>GPSR Information:<\/strong><br \/>Manufacturer:<br \/>\nRegain Records &amp; Publishing<br \/>\nKvarngatan 20, 232 34 Arl\u00f6v, Sweden<br \/>\ninfo(at)regainrecords.se<\/p>\n","protected":false},"excerpt":{"rendered":"<p>compilation incl. Track 1-4 are from \u00d4ganan Maistaz Managiz\u00f4 cassette EP Track 5 previously unreleased Tracks 6-7 are from Gu\u00feblostreisin\u00f4n cassette EP. Track 6 is a re-recorded version with additional vocals Tracks 8-9 are from Afgrundjaslukin 7&#8243; EP Track 10 is a cover of Sovereign (5). lim. black vinyl Tracks: Aiwin Daug\u00f4 Klutaz Lopt Leuhada [&#8230;]\n","protected":false},"featured_media":3017257,"comment_status":"open","ping_status":"closed","template":"","meta":[],"product_cat":[443],"product_tag":[],"class_list":{"0":"post-3017259","1":"product","2":"type-product","3":"status-publish","4":"has-post-thumbnail","6":"product_cat-vinyl-u-z","7":"pa_band-wulkanaz","8":"pa_productgenre-black-metal","9":"pa_productlabel-helter-skelter-productions","11":"first","12":"instock","13":"taxable","14":"shipping-taxable","15":"purchasable","16":"product-type-simple"},"yoast_head":"<!-- This site is optimized with the Yoast SEO plugin v22.9 - https:\/\/yoast.com\/wordpress\/plugins\/seo\/ -->\n<title>WULKANAZ - kaosnajd LP black - cudgel | Der ultimative Metal Online Store<\/title>\n<meta name=\"robots\" content=\"index, follow, max-snippet:-1, max-image-preview:large, max-video-preview:-1\" \/>\n<link rel=\"canonical\" href=\"https:\/\/www.cudgel.de\/produkt\/wulkanaz-kaosnajd-lp-black\/\" \/>\n<meta property=\"og:locale\" content=\"en_US\" \/>\n<meta property=\"og:type\" content=\"article\" \/>\n<meta property=\"og:title\" content=\"WULKANAZ - kaosnajd LP black - cudgel | Der ultimative Metal Online Store\" \/>\n<meta property=\"og:description\" content=\"compilation incl. Track 1-4 are from \u00d4ganan Maistaz Managiz\u00f4 cassette EP Track 5 previously unreleased Tracks 6-7 are from Gu\u00feblostreisin\u00f4n cassette EP. Track 6 is a re-recorded version with additional vocals Tracks 8-9 are from Afgrundjaslukin 7&#8243; EP Track 10 is a cover of Sovereign (5). lim. black vinyl Tracks: Aiwin Daug\u00f4 Klutaz Lopt Leuhada [...]\" \/>\n<meta property=\"og:url\" content=\"https:\/\/www.cudgel.de\/produkt\/wulkanaz-kaosnajd-lp-black\/\" \/>\n<meta property=\"og:site_name\" content=\"cudgel | Der ultimative Metal Online Store\" \/>\n<meta property=\"article:publisher\" content=\"https:\/\/www.facebook.com\/CudgelVertrieb\" \/>\n<meta property=\"article:modified_time\" content=\"2026-03-05T08:14:56+00:00\" \/>\n<meta property=\"og:image\" content=\"https:\/\/www.cudgel.de\/wp-content\/uploads\/2026\/01\/Art107059.jpg\" \/>\n\t<meta property=\"og:image:width\" content=\"1500\" \/>\n\t<meta property=\"og:image:height\" content=\"1384\" \/>\n\t<meta property=\"og:image:type\" content=\"image\/jpeg\" \/>\n<meta name=\"twitter:card\" content=\"summary_large_image\" \/>\n<script type=\"application\/ld+json\" class=\"yoast-schema-graph\">{\"@context\":\"https:\/\/schema.org\",\"@graph\":[{\"@type\":\"WebPage\",\"@id\":\"https:\/\/www.cudgel.de\/produkt\/wulkanaz-kaosnajd-lp-black\/\",\"url\":\"https:\/\/www.cudgel.de\/produkt\/wulkanaz-kaosnajd-lp-black\/\",\"name\":\"WULKANAZ - kaosnajd LP black - cudgel | Der ultimative Metal Online Store\",\"isPartOf\":{\"@id\":\"https:\/\/www.cudgel.de\/#website\"},\"primaryImageOfPage\":{\"@id\":\"https:\/\/www.cudgel.de\/produkt\/wulkanaz-kaosnajd-lp-black\/#primaryimage\"},\"image\":{\"@id\":\"https:\/\/www.cudgel.de\/produkt\/wulkanaz-kaosnajd-lp-black\/#primaryimage\"},\"thumbnailUrl\":\"https:\/\/www.cudgel.de\/wp-content\/uploads\/2026\/01\/Art107059.jpg\",\"datePublished\":\"2026-01-28T15:50:42+00:00\",\"dateModified\":\"2026-03-05T08:14:56+00:00\",\"breadcrumb\":{\"@id\":\"https:\/\/www.cudgel.de\/produkt\/wulkanaz-kaosnajd-lp-black\/#breadcrumb\"},\"inLanguage\":\"en-US\",\"potentialAction\":[{\"@type\":\"ReadAction\",\"target\":[\"https:\/\/www.cudgel.de\/produkt\/wulkanaz-kaosnajd-lp-black\/\"]}]},{\"@type\":\"ImageObject\",\"inLanguage\":\"en-US\",\"@id\":\"https:\/\/www.cudgel.de\/produkt\/wulkanaz-kaosnajd-lp-black\/#primaryimage\",\"url\":\"https:\/\/www.cudgel.de\/wp-content\/uploads\/2026\/01\/Art107059.jpg\",\"contentUrl\":\"https:\/\/www.cudgel.de\/wp-content\/uploads\/2026\/01\/Art107059.jpg\",\"width\":1500,\"height\":1384},{\"@type\":\"BreadcrumbList\",\"@id\":\"https:\/\/www.cudgel.de\/produkt\/wulkanaz-kaosnajd-lp-black\/#breadcrumb\",\"itemListElement\":[{\"@type\":\"ListItem\",\"position\":1,\"name\":\"Home\",\"item\":\"https:\/\/www.cudgel.de\/en\/\"},{\"@type\":\"ListItem\",\"position\":2,\"name\":\"Shop\",\"item\":\"https:\/\/www.cudgel.de\/en\/shop\/\"},{\"@type\":\"ListItem\",\"position\":3,\"name\":\"WULKANAZ &#8211; kaosnajd LP black\"}]},{\"@type\":\"WebSite\",\"@id\":\"https:\/\/www.cudgel.de\/#website\",\"url\":\"https:\/\/www.cudgel.de\/\",\"name\":\"cudgel | Der ultimative Metal Online Store\",\"description\":\"Eine weitere WordPress-Website\",\"publisher\":{\"@id\":\"https:\/\/www.cudgel.de\/#organization\"},\"potentialAction\":[{\"@type\":\"SearchAction\",\"target\":{\"@type\":\"EntryPoint\",\"urlTemplate\":\"https:\/\/www.cudgel.de\/?s={search_term_string}\"},\"query-input\":\"required name=search_term_string\"}],\"inLanguage\":\"en-US\"},{\"@type\":\"Organization\",\"@id\":\"https:\/\/www.cudgel.de\/#organization\",\"name\":\"cudgel | Der ultimative Metal Online Store\",\"url\":\"https:\/\/www.cudgel.de\/\",\"logo\":{\"@type\":\"ImageObject\",\"inLanguage\":\"en-US\",\"@id\":\"https:\/\/www.cudgel.de\/#\/schema\/logo\/image\/\",\"url\":\"https:\/\/www.cudgel.de\/wp-content\/uploads\/2024\/06\/cudgel-logo-neu-1-1400x419png.webp\",\"contentUrl\":\"https:\/\/www.cudgel.de\/wp-content\/uploads\/2024\/06\/cudgel-logo-neu-1-1400x419png.webp\",\"width\":1400,\"height\":419,\"caption\":\"cudgel | Der ultimative Metal Online Store\"},\"image\":{\"@id\":\"https:\/\/www.cudgel.de\/#\/schema\/logo\/image\/\"},\"sameAs\":[\"https:\/\/www.facebook.com\/CudgelVertrieb\"]}]}<\/script>\n<!-- \/ Yoast SEO plugin. -->","yoast_head_json":{"title":"WULKANAZ - kaosnajd LP black - cudgel | Der ultimative Metal Online Store","robots":{"index":"index","follow":"follow","max-snippet":"max-snippet:-1","max-image-preview":"max-image-preview:large","max-video-preview":"max-video-preview:-1"},"canonical":"https:\/\/www.cudgel.de\/produkt\/wulkanaz-kaosnajd-lp-black\/","og_locale":"en_US","og_type":"article","og_title":"WULKANAZ - kaosnajd LP black - cudgel | Der ultimative Metal Online Store","og_description":"compilation incl. Track 1-4 are from \u00d4ganan Maistaz Managiz\u00f4 cassette EP Track 5 previously unreleased Tracks 6-7 are from Gu\u00feblostreisin\u00f4n cassette EP. Track 6 is a re-recorded version with additional vocals Tracks 8-9 are from Afgrundjaslukin 7&#8243; EP Track 10 is a cover of Sovereign (5). lim. black vinyl Tracks: Aiwin Daug\u00f4 Klutaz Lopt Leuhada [...]","og_url":"https:\/\/www.cudgel.de\/produkt\/wulkanaz-kaosnajd-lp-black\/","og_site_name":"cudgel | Der ultimative Metal Online Store","article_publisher":"https:\/\/www.facebook.com\/CudgelVertrieb","article_modified_time":"2026-03-05T08:14:56+00:00","og_image":[{"width":1500,"height":1384,"url":"https:\/\/www.cudgel.de\/wp-content\/uploads\/2026\/01\/Art107059.jpg","type":"image\/jpeg"}],"twitter_card":"summary_large_image","schema":{"@context":"https:\/\/schema.org","@graph":[{"@type":"WebPage","@id":"https:\/\/www.cudgel.de\/produkt\/wulkanaz-kaosnajd-lp-black\/","url":"https:\/\/www.cudgel.de\/produkt\/wulkanaz-kaosnajd-lp-black\/","name":"WULKANAZ - kaosnajd LP black - cudgel | Der ultimative Metal Online Store","isPartOf":{"@id":"https:\/\/www.cudgel.de\/#website"},"primaryImageOfPage":{"@id":"https:\/\/www.cudgel.de\/produkt\/wulkanaz-kaosnajd-lp-black\/#primaryimage"},"image":{"@id":"https:\/\/www.cudgel.de\/produkt\/wulkanaz-kaosnajd-lp-black\/#primaryimage"},"thumbnailUrl":"https:\/\/www.cudgel.de\/wp-content\/uploads\/2026\/01\/Art107059.jpg","datePublished":"2026-01-28T15:50:42+00:00","dateModified":"2026-03-05T08:14:56+00:00","breadcrumb":{"@id":"https:\/\/www.cudgel.de\/produkt\/wulkanaz-kaosnajd-lp-black\/#breadcrumb"},"inLanguage":"en-US","potentialAction":[{"@type":"ReadAction","target":["https:\/\/www.cudgel.de\/produkt\/wulkanaz-kaosnajd-lp-black\/"]}]},{"@type":"ImageObject","inLanguage":"en-US","@id":"https:\/\/www.cudgel.de\/produkt\/wulkanaz-kaosnajd-lp-black\/#primaryimage","url":"https:\/\/www.cudgel.de\/wp-content\/uploads\/2026\/01\/Art107059.jpg","contentUrl":"https:\/\/www.cudgel.de\/wp-content\/uploads\/2026\/01\/Art107059.jpg","width":1500,"height":1384},{"@type":"BreadcrumbList","@id":"https:\/\/www.cudgel.de\/produkt\/wulkanaz-kaosnajd-lp-black\/#breadcrumb","itemListElement":[{"@type":"ListItem","position":1,"name":"Home","item":"https:\/\/www.cudgel.de\/en\/"},{"@type":"ListItem","position":2,"name":"Shop","item":"https:\/\/www.cudgel.de\/en\/shop\/"},{"@type":"ListItem","position":3,"name":"WULKANAZ &#8211; kaosnajd LP black"}]},{"@type":"WebSite","@id":"https:\/\/www.cudgel.de\/#website","url":"https:\/\/www.cudgel.de\/","name":"cudgel | Der ultimative Metal Online Store","description":"Eine weitere WordPress-Website","publisher":{"@id":"https:\/\/www.cudgel.de\/#organization"},"potentialAction":[{"@type":"SearchAction","target":{"@type":"EntryPoint","urlTemplate":"https:\/\/www.cudgel.de\/?s={search_term_string}"},"query-input":"required name=search_term_string"}],"inLanguage":"en-US"},{"@type":"Organization","@id":"https:\/\/www.cudgel.de\/#organization","name":"cudgel | Der ultimative Metal Online Store","url":"https:\/\/www.cudgel.de\/","logo":{"@type":"ImageObject","inLanguage":"en-US","@id":"https:\/\/www.cudgel.de\/#\/schema\/logo\/image\/","url":"https:\/\/www.cudgel.de\/wp-content\/uploads\/2024\/06\/cudgel-logo-neu-1-1400x419png.webp","contentUrl":"https:\/\/www.cudgel.de\/wp-content\/uploads\/2024\/06\/cudgel-logo-neu-1-1400x419png.webp","width":1400,"height":419,"caption":"cudgel | Der ultimative Metal Online Store"},"image":{"@id":"https:\/\/www.cudgel.de\/#\/schema\/logo\/image\/"},"sameAs":["https:\/\/www.facebook.com\/CudgelVertrieb"]}]}},"_links":{"self":[{"href":"https:\/\/www.cudgel.de\/en\/wp-json\/wp\/v2\/product\/3017259","targetHints":{"allow":["GET"]}}],"collection":[{"href":"https:\/\/www.cudgel.de\/en\/wp-json\/wp\/v2\/product"}],"about":[{"href":"https:\/\/www.cudgel.de\/en\/wp-json\/wp\/v2\/types\/product"}],"replies":[{"embeddable":true,"href":"https:\/\/www.cudgel.de\/en\/wp-json\/wp\/v2\/comments?post=3017259"}],"wp:featuredmedia":[{"embeddable":true,"href":"https:\/\/www.cudgel.de\/en\/wp-json\/wp\/v2\/media\/3017257"}],"wp:attachment":[{"href":"https:\/\/www.cudgel.de\/en\/wp-json\/wp\/v2\/media?parent=3017259"}],"wp:term":[{"taxonomy":"product_cat","embeddable":true,"href":"https:\/\/www.cudgel.de\/en\/wp-json\/wp\/v2\/product_cat?post=3017259"},{"taxonomy":"product_tag","embeddable":true,"href":"https:\/\/www.cudgel.de\/en\/wp-json\/wp\/v2\/product_tag?post=3017259"}],"curies":[{"name":"wp","href":"https:\/\/api.w.org\/{rel}","templated":true}]}}