{"id":3017457,"date":"2026-01-28T16:55:17","date_gmt":"2026-01-28T15:55:17","guid":{"rendered":"https:\/\/www.cudgel.de\/produkt\/wulkanaz-same-cd\/"},"modified":"2026-01-28T16:55:18","modified_gmt":"2026-01-28T15:55:18","slug":"wulkanaz-same-cd","status":"publish","type":"product","link":"https:\/\/www.cudgel.de\/en\/product\/wulkanaz-same-cd\/","title":{"rendered":"WULKANAZ &#8211; same CD"},"content":{"rendered":"<p>eerie and original black metal chaos from sweden, for fans of early ARCKANUM<\/p>\n<p><strong>Tracks:<\/strong><\/p>\n<ol class=\"tracklisting\">\n<li>M\u00e5rgnanens v\u00e4v<\/li>\n<li>Himlin<\/li>\n<li>Ur djupet stiga kvav<\/li>\n<li>St\u00e4vjedag<\/li>\n<li>Lykta och bloss<\/li>\n<li>Det svultna gap<\/li>\n<li>Sti\u00e4rnv\u00e4v<\/li>\n<li>Fandens m\u00e5na<\/li>\n<li>Till dagagagn<\/li>\n<li>Gryningsgr\u00e5<\/li>\n<li>Dv\u00e4lma i dvas<\/li>\n<li>Andanom<\/li>\n<li>Vit<\/li>\n<li>Skymmeng<\/li>\n<li>Bixmulin<\/li>\n<\/ol>\n<p><strong>Genres:<\/strong> Black Metal<\/p>\n<p> <strong>Label:<\/strong> Helter Skelter Productions<\/p>\n<p> <strong>Erscheinungsjahr:<\/strong> 2019<\/p>\n<p> <strong>K\u00fcnstler:<\/strong> WULKANAZ<\/p>\n<p> <strong>Spieldauer:<\/strong> 33:40<\/p>\n<p> <strong>Format:<\/strong> CD<\/p>\n<p> <strong>EAN:<\/strong> 7350057884355<\/p>\n<p><strong>GPSR Information:<\/strong><br \/>Manufacturer:<br \/>\nRegain Records &amp; Publishing<br \/>\nKvarngatan 20, 232 34 Arl\u00f6v, Sweden<br \/>\ninfo(at)regainrecords.se<\/p>\n","protected":false},"excerpt":{"rendered":"<p>eerie and original black metal chaos from sweden, for fans of early ARCKANUM Tracks: M\u00e5rgnanens v\u00e4v Himlin Ur djupet stiga kvav St\u00e4vjedag Lykta och bloss Det svultna gap Sti\u00e4rnv\u00e4v Fandens m\u00e5na Till dagagagn Gryningsgr\u00e5 Dv\u00e4lma i dvas Andanom Vit Skymmeng Bixmulin Genres: Black Metal Label: Helter Skelter Productions Erscheinungsjahr: 2019 K\u00fcnstler: WULKANAZ Spieldauer: 33:40 Format: [&#8230;]\n","protected":false},"featured_media":3017455,"comment_status":"open","ping_status":"closed","template":"","meta":[],"product_cat":[466],"product_tag":[],"class_list":{"0":"post-3017457","1":"product","2":"type-product","3":"status-publish","4":"has-post-thumbnail","6":"product_cat-cd-w-z","7":"pa_band-wulkanaz","8":"pa_productgenre-black-metal","9":"pa_productlabel-helter-skelter-productions","11":"first","12":"instock","13":"taxable","14":"shipping-taxable","15":"purchasable","16":"product-type-simple"},"yoast_head":"<!-- This site is optimized with the Yoast SEO plugin v22.9 - https:\/\/yoast.com\/wordpress\/plugins\/seo\/ -->\n<title>WULKANAZ - same CD - cudgel | Der ultimative Metal Online Store<\/title>\n<meta name=\"robots\" content=\"index, follow, max-snippet:-1, max-image-preview:large, max-video-preview:-1\" \/>\n<link rel=\"canonical\" href=\"https:\/\/www.cudgel.de\/produkt\/wulkanaz-same-cd\/\" \/>\n<meta property=\"og:locale\" content=\"en_US\" \/>\n<meta property=\"og:type\" content=\"article\" \/>\n<meta property=\"og:title\" content=\"WULKANAZ - same CD - cudgel | Der ultimative Metal Online Store\" \/>\n<meta property=\"og:description\" content=\"eerie and original black metal chaos from sweden, for fans of early ARCKANUM Tracks: M\u00e5rgnanens v\u00e4v Himlin Ur djupet stiga kvav St\u00e4vjedag Lykta och bloss Det svultna gap Sti\u00e4rnv\u00e4v Fandens m\u00e5na Till dagagagn Gryningsgr\u00e5 Dv\u00e4lma i dvas Andanom Vit Skymmeng Bixmulin Genres: Black Metal Label: Helter Skelter Productions Erscheinungsjahr: 2019 K\u00fcnstler: WULKANAZ Spieldauer: 33:40 Format: [...]\" \/>\n<meta property=\"og:url\" content=\"https:\/\/www.cudgel.de\/produkt\/wulkanaz-same-cd\/\" \/>\n<meta property=\"og:site_name\" content=\"cudgel | Der ultimative Metal Online Store\" \/>\n<meta property=\"article:publisher\" content=\"https:\/\/www.facebook.com\/CudgelVertrieb\" \/>\n<meta property=\"article:modified_time\" content=\"2026-01-28T15:55:18+00:00\" \/>\n<meta name=\"twitter:card\" content=\"summary_large_image\" \/>\n<script type=\"application\/ld+json\" class=\"yoast-schema-graph\">{\"@context\":\"https:\/\/schema.org\",\"@graph\":[{\"@type\":\"WebPage\",\"@id\":\"https:\/\/www.cudgel.de\/produkt\/wulkanaz-same-cd\/\",\"url\":\"https:\/\/www.cudgel.de\/produkt\/wulkanaz-same-cd\/\",\"name\":\"WULKANAZ - same CD - cudgel | Der ultimative Metal Online Store\",\"isPartOf\":{\"@id\":\"https:\/\/www.cudgel.de\/#website\"},\"primaryImageOfPage\":{\"@id\":\"https:\/\/www.cudgel.de\/produkt\/wulkanaz-same-cd\/#primaryimage\"},\"image\":{\"@id\":\"https:\/\/www.cudgel.de\/produkt\/wulkanaz-same-cd\/#primaryimage\"},\"thumbnailUrl\":\"https:\/\/www.cudgel.de\/wp-content\/uploads\/2026\/01\/Art218339.jpg\",\"datePublished\":\"2026-01-28T15:55:17+00:00\",\"dateModified\":\"2026-01-28T15:55:18+00:00\",\"breadcrumb\":{\"@id\":\"https:\/\/www.cudgel.de\/produkt\/wulkanaz-same-cd\/#breadcrumb\"},\"inLanguage\":\"en-US\",\"potentialAction\":[{\"@type\":\"ReadAction\",\"target\":[\"https:\/\/www.cudgel.de\/produkt\/wulkanaz-same-cd\/\"]}]},{\"@type\":\"ImageObject\",\"inLanguage\":\"en-US\",\"@id\":\"https:\/\/www.cudgel.de\/produkt\/wulkanaz-same-cd\/#primaryimage\",\"url\":\"https:\/\/www.cudgel.de\/wp-content\/uploads\/2026\/01\/Art218339.jpg\",\"contentUrl\":\"https:\/\/www.cudgel.de\/wp-content\/uploads\/2026\/01\/Art218339.jpg\",\"width\":1000,\"height\":950},{\"@type\":\"BreadcrumbList\",\"@id\":\"https:\/\/www.cudgel.de\/produkt\/wulkanaz-same-cd\/#breadcrumb\",\"itemListElement\":[{\"@type\":\"ListItem\",\"position\":1,\"name\":\"Home\",\"item\":\"https:\/\/www.cudgel.de\/en\/\"},{\"@type\":\"ListItem\",\"position\":2,\"name\":\"Shop\",\"item\":\"https:\/\/www.cudgel.de\/en\/shop\/\"},{\"@type\":\"ListItem\",\"position\":3,\"name\":\"WULKANAZ &#8211; same CD\"}]},{\"@type\":\"WebSite\",\"@id\":\"https:\/\/www.cudgel.de\/#website\",\"url\":\"https:\/\/www.cudgel.de\/\",\"name\":\"cudgel | Der ultimative Metal Online Store\",\"description\":\"Eine weitere WordPress-Website\",\"publisher\":{\"@id\":\"https:\/\/www.cudgel.de\/#organization\"},\"potentialAction\":[{\"@type\":\"SearchAction\",\"target\":{\"@type\":\"EntryPoint\",\"urlTemplate\":\"https:\/\/www.cudgel.de\/?s={search_term_string}\"},\"query-input\":\"required name=search_term_string\"}],\"inLanguage\":\"en-US\"},{\"@type\":\"Organization\",\"@id\":\"https:\/\/www.cudgel.de\/#organization\",\"name\":\"cudgel | Der ultimative Metal Online Store\",\"url\":\"https:\/\/www.cudgel.de\/\",\"logo\":{\"@type\":\"ImageObject\",\"inLanguage\":\"en-US\",\"@id\":\"https:\/\/www.cudgel.de\/#\/schema\/logo\/image\/\",\"url\":\"https:\/\/www.cudgel.de\/wp-content\/uploads\/2024\/06\/cudgel-logo-neu-1-1400x419png.webp\",\"contentUrl\":\"https:\/\/www.cudgel.de\/wp-content\/uploads\/2024\/06\/cudgel-logo-neu-1-1400x419png.webp\",\"width\":1400,\"height\":419,\"caption\":\"cudgel | Der ultimative Metal Online Store\"},\"image\":{\"@id\":\"https:\/\/www.cudgel.de\/#\/schema\/logo\/image\/\"},\"sameAs\":[\"https:\/\/www.facebook.com\/CudgelVertrieb\"]}]}<\/script>\n<!-- \/ Yoast SEO plugin. -->","yoast_head_json":{"title":"WULKANAZ - same CD - cudgel | Der ultimative Metal Online Store","robots":{"index":"index","follow":"follow","max-snippet":"max-snippet:-1","max-image-preview":"max-image-preview:large","max-video-preview":"max-video-preview:-1"},"canonical":"https:\/\/www.cudgel.de\/produkt\/wulkanaz-same-cd\/","og_locale":"en_US","og_type":"article","og_title":"WULKANAZ - same CD - cudgel | Der ultimative Metal Online Store","og_description":"eerie and original black metal chaos from sweden, for fans of early ARCKANUM Tracks: M\u00e5rgnanens v\u00e4v Himlin Ur djupet stiga kvav St\u00e4vjedag Lykta och bloss Det svultna gap Sti\u00e4rnv\u00e4v Fandens m\u00e5na Till dagagagn Gryningsgr\u00e5 Dv\u00e4lma i dvas Andanom Vit Skymmeng Bixmulin Genres: Black Metal Label: Helter Skelter Productions Erscheinungsjahr: 2019 K\u00fcnstler: WULKANAZ Spieldauer: 33:40 Format: [...]","og_url":"https:\/\/www.cudgel.de\/produkt\/wulkanaz-same-cd\/","og_site_name":"cudgel | Der ultimative Metal Online Store","article_publisher":"https:\/\/www.facebook.com\/CudgelVertrieb","article_modified_time":"2026-01-28T15:55:18+00:00","twitter_card":"summary_large_image","schema":{"@context":"https:\/\/schema.org","@graph":[{"@type":"WebPage","@id":"https:\/\/www.cudgel.de\/produkt\/wulkanaz-same-cd\/","url":"https:\/\/www.cudgel.de\/produkt\/wulkanaz-same-cd\/","name":"WULKANAZ - same CD - cudgel | Der ultimative Metal Online Store","isPartOf":{"@id":"https:\/\/www.cudgel.de\/#website"},"primaryImageOfPage":{"@id":"https:\/\/www.cudgel.de\/produkt\/wulkanaz-same-cd\/#primaryimage"},"image":{"@id":"https:\/\/www.cudgel.de\/produkt\/wulkanaz-same-cd\/#primaryimage"},"thumbnailUrl":"https:\/\/www.cudgel.de\/wp-content\/uploads\/2026\/01\/Art218339.jpg","datePublished":"2026-01-28T15:55:17+00:00","dateModified":"2026-01-28T15:55:18+00:00","breadcrumb":{"@id":"https:\/\/www.cudgel.de\/produkt\/wulkanaz-same-cd\/#breadcrumb"},"inLanguage":"en-US","potentialAction":[{"@type":"ReadAction","target":["https:\/\/www.cudgel.de\/produkt\/wulkanaz-same-cd\/"]}]},{"@type":"ImageObject","inLanguage":"en-US","@id":"https:\/\/www.cudgel.de\/produkt\/wulkanaz-same-cd\/#primaryimage","url":"https:\/\/www.cudgel.de\/wp-content\/uploads\/2026\/01\/Art218339.jpg","contentUrl":"https:\/\/www.cudgel.de\/wp-content\/uploads\/2026\/01\/Art218339.jpg","width":1000,"height":950},{"@type":"BreadcrumbList","@id":"https:\/\/www.cudgel.de\/produkt\/wulkanaz-same-cd\/#breadcrumb","itemListElement":[{"@type":"ListItem","position":1,"name":"Home","item":"https:\/\/www.cudgel.de\/en\/"},{"@type":"ListItem","position":2,"name":"Shop","item":"https:\/\/www.cudgel.de\/en\/shop\/"},{"@type":"ListItem","position":3,"name":"WULKANAZ &#8211; same CD"}]},{"@type":"WebSite","@id":"https:\/\/www.cudgel.de\/#website","url":"https:\/\/www.cudgel.de\/","name":"cudgel | Der ultimative Metal Online Store","description":"Eine weitere WordPress-Website","publisher":{"@id":"https:\/\/www.cudgel.de\/#organization"},"potentialAction":[{"@type":"SearchAction","target":{"@type":"EntryPoint","urlTemplate":"https:\/\/www.cudgel.de\/?s={search_term_string}"},"query-input":"required name=search_term_string"}],"inLanguage":"en-US"},{"@type":"Organization","@id":"https:\/\/www.cudgel.de\/#organization","name":"cudgel | Der ultimative Metal Online Store","url":"https:\/\/www.cudgel.de\/","logo":{"@type":"ImageObject","inLanguage":"en-US","@id":"https:\/\/www.cudgel.de\/#\/schema\/logo\/image\/","url":"https:\/\/www.cudgel.de\/wp-content\/uploads\/2024\/06\/cudgel-logo-neu-1-1400x419png.webp","contentUrl":"https:\/\/www.cudgel.de\/wp-content\/uploads\/2024\/06\/cudgel-logo-neu-1-1400x419png.webp","width":1400,"height":419,"caption":"cudgel | Der ultimative Metal Online Store"},"image":{"@id":"https:\/\/www.cudgel.de\/#\/schema\/logo\/image\/"},"sameAs":["https:\/\/www.facebook.com\/CudgelVertrieb"]}]}},"_links":{"self":[{"href":"https:\/\/www.cudgel.de\/en\/wp-json\/wp\/v2\/product\/3017457","targetHints":{"allow":["GET"]}}],"collection":[{"href":"https:\/\/www.cudgel.de\/en\/wp-json\/wp\/v2\/product"}],"about":[{"href":"https:\/\/www.cudgel.de\/en\/wp-json\/wp\/v2\/types\/product"}],"replies":[{"embeddable":true,"href":"https:\/\/www.cudgel.de\/en\/wp-json\/wp\/v2\/comments?post=3017457"}],"wp:featuredmedia":[{"embeddable":true,"href":"https:\/\/www.cudgel.de\/en\/wp-json\/wp\/v2\/media\/3017455"}],"wp:attachment":[{"href":"https:\/\/www.cudgel.de\/en\/wp-json\/wp\/v2\/media?parent=3017457"}],"wp:term":[{"taxonomy":"product_cat","embeddable":true,"href":"https:\/\/www.cudgel.de\/en\/wp-json\/wp\/v2\/product_cat?post=3017457"},{"taxonomy":"product_tag","embeddable":true,"href":"https:\/\/www.cudgel.de\/en\/wp-json\/wp\/v2\/product_tag?post=3017457"}],"curies":[{"name":"wp","href":"https:\/\/api.w.org\/{rel}","templated":true}]}}