{"id":3018480,"date":"2026-01-28T17:21:11","date_gmt":"2026-01-28T16:21:11","guid":{"rendered":"https:\/\/www.cudgel.de\/produkt\/uppat-vaeggarna-jag-hatar-politik-mlp-black\/"},"modified":"2026-03-23T15:50:20","modified_gmt":"2026-03-23T14:50:20","slug":"uppat-vaeggarna-jag-hatar-politik-mlp-black","status":"publish","type":"product","link":"https:\/\/www.cudgel.de\/en\/product\/uppat-vaeggarna-jag-hatar-politik-mlp-black\/","title":{"rendered":"UPPAT V\u00c4GGARNA &#8211; jag hatar politik MLP black"},"content":{"rendered":"<p>Back in 1970, the Swedish hard rock scene had just taken its first deep breath with the band November unveiling their riff-laden debut album, En ny tid \u00e4r h\u00e4r (&#8220;A New Time is Here&#8221; &#8211; a highly accurate statement). Later the same year, another band started to take form. They started out as a cover band, but were also highly influenced by the aforementioned pioneers. The band was named UPP\u00c5T V\u00c4GGARNA (\u0093Upon the Walls\u0094\u0094, a Swedish expression meaning \u0093Outrageous\u0094 or \u0093Absurd\u0094), and in 1971, they released their first and only 7&#8243; single, Jag hatar politik\/Jag f\u00e4rdas, proudly showing off their November influences.<\/p>\n<p>Translated into English as \u0093I Hate Politics\u0094 (another highly accurate statement!), UPP\u00c5T V\u00c4GGARNA\u0092s lone single was released on the independent Efel label and has become quite the collectors item, both for its historical value as well as the quality of the band\u0092s songwriting &#8211; moody, buzzing, brewed in the garage and just as potent! Finally, after 51 years, Jag hatar politik is now reissued, accompanied by two previously unknown and unreleased bonus tracks, recorded later the same year. A true collectors item, now on 12&#8243; format including the story of the band, hear righteous &amp; raw hard rock straight from the earliest Scandinavian soil! <\/p>\n<p>Mini album featuring their rare &amp; sought after 1971 vinyl 7&#8243; single plus 2 bonus tracks.<br \/>\n-housed in a 350gsm paper sleeve<br \/>\n-including 2 page 4 color inner sleeve feat band story and rare photos<br \/>\n-limited edition of 200 copies on black vinyl<br \/>\n-180g vinyl<\/p>\n<p><strong>Tracks:<\/strong><\/p>\n<ol class=\"tracklisting\">\n<li>Jag Hatar Politik<\/li>\n<li>Jag F\u00e4rdas<\/li>\n<li>K\u00e4rlek kan inte K\u00f6pas f\u00f6r Pengar<\/li>\n<li>Look Into my Mind<\/li>\n<\/ol>\n<p><strong>Genres:<\/strong> Punk, Rock<\/p>\n<p><strong>GPSR Information:<\/strong><br \/>Manufacturer:<br \/>\nRegain Records &amp; Publishing<br \/>\nKvarngatan 20, 232 34 Arl\u00f6v, Sweden<br \/>\ninfo(at)regainrecords.se<\/p>\n","protected":false},"excerpt":{"rendered":"<p>Back in 1970, the Swedish hard rock scene had just taken its first deep breath with the band November unveiling their riff-laden debut album, En ny tid \u00e4r h\u00e4r (&#8220;A New Time is Here&#8221; &#8211; a highly accurate statement). Later the same year, another band started to take form. They started out as a cover [&#8230;]\n","protected":false},"featured_media":3018478,"comment_status":"open","ping_status":"closed","template":"","meta":[],"product_cat":[443],"product_tag":[],"class_list":{"0":"post-3018480","1":"product","2":"type-product","3":"status-publish","4":"has-post-thumbnail","6":"product_cat-vinyl-u-z","7":"pa_band-uppat-vaeggarna","8":"pa_productgenre-punk","9":"pa_productgenre-rock","10":"pa_productlabel-regain-records","12":"first","13":"instock","14":"taxable","15":"shipping-taxable","16":"purchasable","17":"product-type-simple"},"yoast_head":"<!-- This site is optimized with the Yoast SEO plugin v22.9 - https:\/\/yoast.com\/wordpress\/plugins\/seo\/ -->\n<title>UPPAT V\u00c4GGARNA - jag hatar politik MLP black - cudgel | Der ultimative Metal Online Store<\/title>\n<meta name=\"robots\" content=\"index, follow, max-snippet:-1, max-image-preview:large, max-video-preview:-1\" \/>\n<link rel=\"canonical\" href=\"https:\/\/www.cudgel.de\/produkt\/uppat-vaeggarna-jag-hatar-politik-mlp-black\/\" \/>\n<meta property=\"og:locale\" content=\"en_US\" \/>\n<meta property=\"og:type\" content=\"article\" \/>\n<meta property=\"og:title\" content=\"UPPAT V\u00c4GGARNA - jag hatar politik MLP black - cudgel | Der ultimative Metal Online Store\" \/>\n<meta property=\"og:description\" content=\"Back in 1970, the Swedish hard rock scene had just taken its first deep breath with the band November unveiling their riff-laden debut album, En ny tid \u00e4r h\u00e4r (&#8220;A New Time is Here&#8221; &#8211; a highly accurate statement). Later the same year, another band started to take form. They started out as a cover [...]\" \/>\n<meta property=\"og:url\" content=\"https:\/\/www.cudgel.de\/produkt\/uppat-vaeggarna-jag-hatar-politik-mlp-black\/\" \/>\n<meta property=\"og:site_name\" content=\"cudgel | Der ultimative Metal Online Store\" \/>\n<meta property=\"article:publisher\" content=\"https:\/\/www.facebook.com\/CudgelVertrieb\" \/>\n<meta property=\"article:modified_time\" content=\"2026-03-23T14:50:20+00:00\" \/>\n<meta property=\"og:image\" content=\"https:\/\/www.cudgel.de\/wp-content\/uploads\/2026\/01\/Art101391.jpg\" \/>\n\t<meta property=\"og:image:width\" content=\"1000\" \/>\n\t<meta property=\"og:image:height\" content=\"1000\" \/>\n\t<meta property=\"og:image:type\" content=\"image\/jpeg\" \/>\n<meta name=\"twitter:card\" content=\"summary_large_image\" \/>\n<meta name=\"twitter:label1\" content=\"Est. reading time\" \/>\n\t<meta name=\"twitter:data1\" content=\"1 minute\" \/>\n<script type=\"application\/ld+json\" class=\"yoast-schema-graph\">{\"@context\":\"https:\/\/schema.org\",\"@graph\":[{\"@type\":\"WebPage\",\"@id\":\"https:\/\/www.cudgel.de\/produkt\/uppat-vaeggarna-jag-hatar-politik-mlp-black\/\",\"url\":\"https:\/\/www.cudgel.de\/produkt\/uppat-vaeggarna-jag-hatar-politik-mlp-black\/\",\"name\":\"UPPAT V\u00c4GGARNA - jag hatar politik MLP black - cudgel | Der ultimative Metal Online Store\",\"isPartOf\":{\"@id\":\"https:\/\/www.cudgel.de\/#website\"},\"primaryImageOfPage\":{\"@id\":\"https:\/\/www.cudgel.de\/produkt\/uppat-vaeggarna-jag-hatar-politik-mlp-black\/#primaryimage\"},\"image\":{\"@id\":\"https:\/\/www.cudgel.de\/produkt\/uppat-vaeggarna-jag-hatar-politik-mlp-black\/#primaryimage\"},\"thumbnailUrl\":\"https:\/\/www.cudgel.de\/wp-content\/uploads\/2026\/01\/Art101391.jpg\",\"datePublished\":\"2026-01-28T16:21:11+00:00\",\"dateModified\":\"2026-03-23T14:50:20+00:00\",\"breadcrumb\":{\"@id\":\"https:\/\/www.cudgel.de\/produkt\/uppat-vaeggarna-jag-hatar-politik-mlp-black\/#breadcrumb\"},\"inLanguage\":\"en-US\",\"potentialAction\":[{\"@type\":\"ReadAction\",\"target\":[\"https:\/\/www.cudgel.de\/produkt\/uppat-vaeggarna-jag-hatar-politik-mlp-black\/\"]}]},{\"@type\":\"ImageObject\",\"inLanguage\":\"en-US\",\"@id\":\"https:\/\/www.cudgel.de\/produkt\/uppat-vaeggarna-jag-hatar-politik-mlp-black\/#primaryimage\",\"url\":\"https:\/\/www.cudgel.de\/wp-content\/uploads\/2026\/01\/Art101391.jpg\",\"contentUrl\":\"https:\/\/www.cudgel.de\/wp-content\/uploads\/2026\/01\/Art101391.jpg\",\"width\":1000,\"height\":1000},{\"@type\":\"BreadcrumbList\",\"@id\":\"https:\/\/www.cudgel.de\/produkt\/uppat-vaeggarna-jag-hatar-politik-mlp-black\/#breadcrumb\",\"itemListElement\":[{\"@type\":\"ListItem\",\"position\":1,\"name\":\"Home\",\"item\":\"https:\/\/www.cudgel.de\/en\/\"},{\"@type\":\"ListItem\",\"position\":2,\"name\":\"Shop\",\"item\":\"https:\/\/www.cudgel.de\/en\/shop\/\"},{\"@type\":\"ListItem\",\"position\":3,\"name\":\"UPPAT V\u00c4GGARNA &#8211; jag hatar politik MLP black\"}]},{\"@type\":\"WebSite\",\"@id\":\"https:\/\/www.cudgel.de\/#website\",\"url\":\"https:\/\/www.cudgel.de\/\",\"name\":\"cudgel | Der ultimative Metal Online Store\",\"description\":\"Eine weitere WordPress-Website\",\"publisher\":{\"@id\":\"https:\/\/www.cudgel.de\/#organization\"},\"potentialAction\":[{\"@type\":\"SearchAction\",\"target\":{\"@type\":\"EntryPoint\",\"urlTemplate\":\"https:\/\/www.cudgel.de\/?s={search_term_string}\"},\"query-input\":\"required name=search_term_string\"}],\"inLanguage\":\"en-US\"},{\"@type\":\"Organization\",\"@id\":\"https:\/\/www.cudgel.de\/#organization\",\"name\":\"cudgel | Der ultimative Metal Online Store\",\"url\":\"https:\/\/www.cudgel.de\/\",\"logo\":{\"@type\":\"ImageObject\",\"inLanguage\":\"en-US\",\"@id\":\"https:\/\/www.cudgel.de\/#\/schema\/logo\/image\/\",\"url\":\"https:\/\/www.cudgel.de\/wp-content\/uploads\/2024\/06\/cudgel-logo-neu-1-1400x419png.webp\",\"contentUrl\":\"https:\/\/www.cudgel.de\/wp-content\/uploads\/2024\/06\/cudgel-logo-neu-1-1400x419png.webp\",\"width\":1400,\"height\":419,\"caption\":\"cudgel | Der ultimative Metal Online Store\"},\"image\":{\"@id\":\"https:\/\/www.cudgel.de\/#\/schema\/logo\/image\/\"},\"sameAs\":[\"https:\/\/www.facebook.com\/CudgelVertrieb\"]}]}<\/script>\n<!-- \/ Yoast SEO plugin. -->","yoast_head_json":{"title":"UPPAT V\u00c4GGARNA - jag hatar politik MLP black - cudgel | Der ultimative Metal Online Store","robots":{"index":"index","follow":"follow","max-snippet":"max-snippet:-1","max-image-preview":"max-image-preview:large","max-video-preview":"max-video-preview:-1"},"canonical":"https:\/\/www.cudgel.de\/produkt\/uppat-vaeggarna-jag-hatar-politik-mlp-black\/","og_locale":"en_US","og_type":"article","og_title":"UPPAT V\u00c4GGARNA - jag hatar politik MLP black - cudgel | Der ultimative Metal Online Store","og_description":"Back in 1970, the Swedish hard rock scene had just taken its first deep breath with the band November unveiling their riff-laden debut album, En ny tid \u00e4r h\u00e4r (&#8220;A New Time is Here&#8221; &#8211; a highly accurate statement). Later the same year, another band started to take form. They started out as a cover [...]","og_url":"https:\/\/www.cudgel.de\/produkt\/uppat-vaeggarna-jag-hatar-politik-mlp-black\/","og_site_name":"cudgel | Der ultimative Metal Online Store","article_publisher":"https:\/\/www.facebook.com\/CudgelVertrieb","article_modified_time":"2026-03-23T14:50:20+00:00","og_image":[{"width":1000,"height":1000,"url":"https:\/\/www.cudgel.de\/wp-content\/uploads\/2026\/01\/Art101391.jpg","type":"image\/jpeg"}],"twitter_card":"summary_large_image","twitter_misc":{"Est. reading time":"1 minute"},"schema":{"@context":"https:\/\/schema.org","@graph":[{"@type":"WebPage","@id":"https:\/\/www.cudgel.de\/produkt\/uppat-vaeggarna-jag-hatar-politik-mlp-black\/","url":"https:\/\/www.cudgel.de\/produkt\/uppat-vaeggarna-jag-hatar-politik-mlp-black\/","name":"UPPAT V\u00c4GGARNA - jag hatar politik MLP black - cudgel | Der ultimative Metal Online Store","isPartOf":{"@id":"https:\/\/www.cudgel.de\/#website"},"primaryImageOfPage":{"@id":"https:\/\/www.cudgel.de\/produkt\/uppat-vaeggarna-jag-hatar-politik-mlp-black\/#primaryimage"},"image":{"@id":"https:\/\/www.cudgel.de\/produkt\/uppat-vaeggarna-jag-hatar-politik-mlp-black\/#primaryimage"},"thumbnailUrl":"https:\/\/www.cudgel.de\/wp-content\/uploads\/2026\/01\/Art101391.jpg","datePublished":"2026-01-28T16:21:11+00:00","dateModified":"2026-03-23T14:50:20+00:00","breadcrumb":{"@id":"https:\/\/www.cudgel.de\/produkt\/uppat-vaeggarna-jag-hatar-politik-mlp-black\/#breadcrumb"},"inLanguage":"en-US","potentialAction":[{"@type":"ReadAction","target":["https:\/\/www.cudgel.de\/produkt\/uppat-vaeggarna-jag-hatar-politik-mlp-black\/"]}]},{"@type":"ImageObject","inLanguage":"en-US","@id":"https:\/\/www.cudgel.de\/produkt\/uppat-vaeggarna-jag-hatar-politik-mlp-black\/#primaryimage","url":"https:\/\/www.cudgel.de\/wp-content\/uploads\/2026\/01\/Art101391.jpg","contentUrl":"https:\/\/www.cudgel.de\/wp-content\/uploads\/2026\/01\/Art101391.jpg","width":1000,"height":1000},{"@type":"BreadcrumbList","@id":"https:\/\/www.cudgel.de\/produkt\/uppat-vaeggarna-jag-hatar-politik-mlp-black\/#breadcrumb","itemListElement":[{"@type":"ListItem","position":1,"name":"Home","item":"https:\/\/www.cudgel.de\/en\/"},{"@type":"ListItem","position":2,"name":"Shop","item":"https:\/\/www.cudgel.de\/en\/shop\/"},{"@type":"ListItem","position":3,"name":"UPPAT V\u00c4GGARNA &#8211; jag hatar politik MLP black"}]},{"@type":"WebSite","@id":"https:\/\/www.cudgel.de\/#website","url":"https:\/\/www.cudgel.de\/","name":"cudgel | Der ultimative Metal Online Store","description":"Eine weitere WordPress-Website","publisher":{"@id":"https:\/\/www.cudgel.de\/#organization"},"potentialAction":[{"@type":"SearchAction","target":{"@type":"EntryPoint","urlTemplate":"https:\/\/www.cudgel.de\/?s={search_term_string}"},"query-input":"required name=search_term_string"}],"inLanguage":"en-US"},{"@type":"Organization","@id":"https:\/\/www.cudgel.de\/#organization","name":"cudgel | Der ultimative Metal Online Store","url":"https:\/\/www.cudgel.de\/","logo":{"@type":"ImageObject","inLanguage":"en-US","@id":"https:\/\/www.cudgel.de\/#\/schema\/logo\/image\/","url":"https:\/\/www.cudgel.de\/wp-content\/uploads\/2024\/06\/cudgel-logo-neu-1-1400x419png.webp","contentUrl":"https:\/\/www.cudgel.de\/wp-content\/uploads\/2024\/06\/cudgel-logo-neu-1-1400x419png.webp","width":1400,"height":419,"caption":"cudgel | Der ultimative Metal Online Store"},"image":{"@id":"https:\/\/www.cudgel.de\/#\/schema\/logo\/image\/"},"sameAs":["https:\/\/www.facebook.com\/CudgelVertrieb"]}]}},"_links":{"self":[{"href":"https:\/\/www.cudgel.de\/en\/wp-json\/wp\/v2\/product\/3018480","targetHints":{"allow":["GET"]}}],"collection":[{"href":"https:\/\/www.cudgel.de\/en\/wp-json\/wp\/v2\/product"}],"about":[{"href":"https:\/\/www.cudgel.de\/en\/wp-json\/wp\/v2\/types\/product"}],"replies":[{"embeddable":true,"href":"https:\/\/www.cudgel.de\/en\/wp-json\/wp\/v2\/comments?post=3018480"}],"wp:featuredmedia":[{"embeddable":true,"href":"https:\/\/www.cudgel.de\/en\/wp-json\/wp\/v2\/media\/3018478"}],"wp:attachment":[{"href":"https:\/\/www.cudgel.de\/en\/wp-json\/wp\/v2\/media?parent=3018480"}],"wp:term":[{"taxonomy":"product_cat","embeddable":true,"href":"https:\/\/www.cudgel.de\/en\/wp-json\/wp\/v2\/product_cat?post=3018480"},{"taxonomy":"product_tag","embeddable":true,"href":"https:\/\/www.cudgel.de\/en\/wp-json\/wp\/v2\/product_tag?post=3018480"}],"curies":[{"name":"wp","href":"https:\/\/api.w.org\/{rel}","templated":true}]}}