{"id":3032602,"date":"2026-02-03T12:35:56","date_gmt":"2026-02-03T11:35:56","guid":{"rendered":"https:\/\/www.cudgel.de\/produkt\/urfaust-der-freiwillige-bettler-digicd\/"},"modified":"2026-02-03T12:35:57","modified_gmt":"2026-02-03T11:35:57","slug":"urfaust-der-freiwillige-bettler-digicd","status":"publish","type":"product","link":"https:\/\/www.cudgel.de\/en\/product\/urfaust-der-freiwillige-bettler-digicd\/","title":{"rendered":"URFAUST &#8211; der freiwillige bettler DigiCD"},"content":{"rendered":"<p>the third abum by the dutch band, great occult doom\/black &#8211; seven monolithic songs cold as rain in november<\/p>\n<p>das 3.album der holl\u00e4nder, gro\u00dfartiger occult doom\/black-7 songs z\u00e4h &amp; kalt wie novembernebel<\/p>\n<p><strong>Tracks:<\/strong><\/p>\n<ol class=\"tracklisting\">\n<li>Vom Gesicht und R\u00e4tsel<\/li>\n<li>Der freiwillige Bettler<\/li>\n<li>Das Kind mit dem Spiegel<\/li>\n<li>Der Mensch, die kleine Narrenwelt<\/li>\n<li>Ein leeres Zauberspiel<\/li>\n<li>Der h\u00e4sslichste Mensch<\/li>\n<li>Der Zauberer<\/li>\n<\/ol>\n<p><strong>Genres:<\/strong> Black Metal, Avantgarde, Doom Metal<\/p>\n<p> <strong>Label:<\/strong> Van Records<\/p>\n<p> <strong>Erscheinungsjahr:<\/strong> 2020<\/p>\n<p> <strong>K\u00fcnstler:<\/strong> URFAUST<\/p>\n<p> <strong>Spieldauer:<\/strong> 45:48<\/p>\n<p> <strong>Format:<\/strong> CD<\/p>\n<p> <strong>EAN:<\/strong> 4250936505001<\/p>\n<p><strong>GPSR Information:<\/strong><br \/>Manufacturer:<br \/>\nAcherontic Arts GmbH<br \/>\nM\u00fchlenstr. 100<br \/>\n52134 Herzogenrath, Germany<br \/>\ninfo(at)van-records.com<\/p>\n","protected":false},"excerpt":{"rendered":"<p>the third abum by the dutch band, great occult doom\/black &#8211; seven monolithic songs cold as rain in november das 3.album der holl\u00e4nder, gro\u00dfartiger occult doom\/black-7 songs z\u00e4h &amp; kalt wie novembernebel Tracks: Vom Gesicht und R\u00e4tsel Der freiwillige Bettler Das Kind mit dem Spiegel Der Mensch, die kleine Narrenwelt Ein leeres Zauberspiel Der h\u00e4sslichste [&#8230;]\n","protected":false},"featured_media":3032600,"comment_status":"open","ping_status":"closed","template":"","meta":[],"product_cat":[464],"product_tag":[],"class_list":{"0":"post-3032602","1":"product","2":"type-product","3":"status-publish","4":"has-post-thumbnail","6":"product_cat-cd-u","7":"pa_band-urfaust","8":"pa_productgenre-avantgarde","9":"pa_productgenre-black-metal","10":"pa_productgenre-doom-metal","11":"pa_productlabel-van-records","13":"first","14":"instock","15":"taxable","16":"shipping-taxable","17":"purchasable","18":"product-type-simple"},"yoast_head":"<!-- This site is optimized with the Yoast SEO plugin v22.9 - https:\/\/yoast.com\/wordpress\/plugins\/seo\/ -->\n<title>URFAUST - der freiwillige bettler DigiCD - cudgel | Der ultimative Metal Online Store<\/title>\n<meta name=\"robots\" content=\"index, follow, max-snippet:-1, max-image-preview:large, max-video-preview:-1\" \/>\n<link rel=\"canonical\" href=\"https:\/\/www.cudgel.de\/produkt\/urfaust-der-freiwillige-bettler-digicd\/\" \/>\n<meta property=\"og:locale\" content=\"en_US\" \/>\n<meta property=\"og:type\" content=\"article\" \/>\n<meta property=\"og:title\" content=\"URFAUST - der freiwillige bettler DigiCD - cudgel | Der ultimative Metal Online Store\" \/>\n<meta property=\"og:description\" content=\"the third abum by the dutch band, great occult doom\/black &#8211; seven monolithic songs cold as rain in november das 3.album der holl\u00e4nder, gro\u00dfartiger occult doom\/black-7 songs z\u00e4h &amp; kalt wie novembernebel Tracks: Vom Gesicht und R\u00e4tsel Der freiwillige Bettler Das Kind mit dem Spiegel Der Mensch, die kleine Narrenwelt Ein leeres Zauberspiel Der h\u00e4sslichste [...]\" \/>\n<meta property=\"og:url\" content=\"https:\/\/www.cudgel.de\/produkt\/urfaust-der-freiwillige-bettler-digicd\/\" \/>\n<meta property=\"og:site_name\" content=\"cudgel | Der ultimative Metal Online Store\" \/>\n<meta property=\"article:publisher\" content=\"https:\/\/www.facebook.com\/CudgelVertrieb\" \/>\n<meta property=\"article:modified_time\" content=\"2026-02-03T11:35:57+00:00\" \/>\n<meta name=\"twitter:card\" content=\"summary_large_image\" \/>\n<script type=\"application\/ld+json\" class=\"yoast-schema-graph\">{\"@context\":\"https:\/\/schema.org\",\"@graph\":[{\"@type\":\"WebPage\",\"@id\":\"https:\/\/www.cudgel.de\/produkt\/urfaust-der-freiwillige-bettler-digicd\/\",\"url\":\"https:\/\/www.cudgel.de\/produkt\/urfaust-der-freiwillige-bettler-digicd\/\",\"name\":\"URFAUST - der freiwillige bettler DigiCD - cudgel | Der ultimative Metal Online Store\",\"isPartOf\":{\"@id\":\"https:\/\/www.cudgel.de\/#website\"},\"primaryImageOfPage\":{\"@id\":\"https:\/\/www.cudgel.de\/produkt\/urfaust-der-freiwillige-bettler-digicd\/#primaryimage\"},\"image\":{\"@id\":\"https:\/\/www.cudgel.de\/produkt\/urfaust-der-freiwillige-bettler-digicd\/#primaryimage\"},\"thumbnailUrl\":\"https:\/\/www.cudgel.de\/wp-content\/uploads\/2026\/02\/Art211977.jpg\",\"datePublished\":\"2026-02-03T11:35:56+00:00\",\"dateModified\":\"2026-02-03T11:35:57+00:00\",\"breadcrumb\":{\"@id\":\"https:\/\/www.cudgel.de\/produkt\/urfaust-der-freiwillige-bettler-digicd\/#breadcrumb\"},\"inLanguage\":\"en-US\",\"potentialAction\":[{\"@type\":\"ReadAction\",\"target\":[\"https:\/\/www.cudgel.de\/produkt\/urfaust-der-freiwillige-bettler-digicd\/\"]}]},{\"@type\":\"ImageObject\",\"inLanguage\":\"en-US\",\"@id\":\"https:\/\/www.cudgel.de\/produkt\/urfaust-der-freiwillige-bettler-digicd\/#primaryimage\",\"url\":\"https:\/\/www.cudgel.de\/wp-content\/uploads\/2026\/02\/Art211977.jpg\",\"contentUrl\":\"https:\/\/www.cudgel.de\/wp-content\/uploads\/2026\/02\/Art211977.jpg\",\"width\":528,\"height\":499},{\"@type\":\"BreadcrumbList\",\"@id\":\"https:\/\/www.cudgel.de\/produkt\/urfaust-der-freiwillige-bettler-digicd\/#breadcrumb\",\"itemListElement\":[{\"@type\":\"ListItem\",\"position\":1,\"name\":\"Home\",\"item\":\"https:\/\/www.cudgel.de\/en\/\"},{\"@type\":\"ListItem\",\"position\":2,\"name\":\"Shop\",\"item\":\"https:\/\/www.cudgel.de\/en\/shop\/\"},{\"@type\":\"ListItem\",\"position\":3,\"name\":\"URFAUST &#8211; der freiwillige bettler DigiCD\"}]},{\"@type\":\"WebSite\",\"@id\":\"https:\/\/www.cudgel.de\/#website\",\"url\":\"https:\/\/www.cudgel.de\/\",\"name\":\"cudgel | Der ultimative Metal Online Store\",\"description\":\"Eine weitere WordPress-Website\",\"publisher\":{\"@id\":\"https:\/\/www.cudgel.de\/#organization\"},\"potentialAction\":[{\"@type\":\"SearchAction\",\"target\":{\"@type\":\"EntryPoint\",\"urlTemplate\":\"https:\/\/www.cudgel.de\/?s={search_term_string}\"},\"query-input\":\"required name=search_term_string\"}],\"inLanguage\":\"en-US\"},{\"@type\":\"Organization\",\"@id\":\"https:\/\/www.cudgel.de\/#organization\",\"name\":\"cudgel | Der ultimative Metal Online Store\",\"url\":\"https:\/\/www.cudgel.de\/\",\"logo\":{\"@type\":\"ImageObject\",\"inLanguage\":\"en-US\",\"@id\":\"https:\/\/www.cudgel.de\/#\/schema\/logo\/image\/\",\"url\":\"https:\/\/www.cudgel.de\/wp-content\/uploads\/2024\/06\/cudgel-logo-neu-1-1400x419png.webp\",\"contentUrl\":\"https:\/\/www.cudgel.de\/wp-content\/uploads\/2024\/06\/cudgel-logo-neu-1-1400x419png.webp\",\"width\":1400,\"height\":419,\"caption\":\"cudgel | Der ultimative Metal Online Store\"},\"image\":{\"@id\":\"https:\/\/www.cudgel.de\/#\/schema\/logo\/image\/\"},\"sameAs\":[\"https:\/\/www.facebook.com\/CudgelVertrieb\"]}]}<\/script>\n<!-- \/ Yoast SEO plugin. -->","yoast_head_json":{"title":"URFAUST - der freiwillige bettler DigiCD - cudgel | Der ultimative Metal Online Store","robots":{"index":"index","follow":"follow","max-snippet":"max-snippet:-1","max-image-preview":"max-image-preview:large","max-video-preview":"max-video-preview:-1"},"canonical":"https:\/\/www.cudgel.de\/produkt\/urfaust-der-freiwillige-bettler-digicd\/","og_locale":"en_US","og_type":"article","og_title":"URFAUST - der freiwillige bettler DigiCD - cudgel | Der ultimative Metal Online Store","og_description":"the third abum by the dutch band, great occult doom\/black &#8211; seven monolithic songs cold as rain in november das 3.album der holl\u00e4nder, gro\u00dfartiger occult doom\/black-7 songs z\u00e4h &amp; kalt wie novembernebel Tracks: Vom Gesicht und R\u00e4tsel Der freiwillige Bettler Das Kind mit dem Spiegel Der Mensch, die kleine Narrenwelt Ein leeres Zauberspiel Der h\u00e4sslichste [...]","og_url":"https:\/\/www.cudgel.de\/produkt\/urfaust-der-freiwillige-bettler-digicd\/","og_site_name":"cudgel | Der ultimative Metal Online Store","article_publisher":"https:\/\/www.facebook.com\/CudgelVertrieb","article_modified_time":"2026-02-03T11:35:57+00:00","twitter_card":"summary_large_image","schema":{"@context":"https:\/\/schema.org","@graph":[{"@type":"WebPage","@id":"https:\/\/www.cudgel.de\/produkt\/urfaust-der-freiwillige-bettler-digicd\/","url":"https:\/\/www.cudgel.de\/produkt\/urfaust-der-freiwillige-bettler-digicd\/","name":"URFAUST - der freiwillige bettler DigiCD - cudgel | Der ultimative Metal Online Store","isPartOf":{"@id":"https:\/\/www.cudgel.de\/#website"},"primaryImageOfPage":{"@id":"https:\/\/www.cudgel.de\/produkt\/urfaust-der-freiwillige-bettler-digicd\/#primaryimage"},"image":{"@id":"https:\/\/www.cudgel.de\/produkt\/urfaust-der-freiwillige-bettler-digicd\/#primaryimage"},"thumbnailUrl":"https:\/\/www.cudgel.de\/wp-content\/uploads\/2026\/02\/Art211977.jpg","datePublished":"2026-02-03T11:35:56+00:00","dateModified":"2026-02-03T11:35:57+00:00","breadcrumb":{"@id":"https:\/\/www.cudgel.de\/produkt\/urfaust-der-freiwillige-bettler-digicd\/#breadcrumb"},"inLanguage":"en-US","potentialAction":[{"@type":"ReadAction","target":["https:\/\/www.cudgel.de\/produkt\/urfaust-der-freiwillige-bettler-digicd\/"]}]},{"@type":"ImageObject","inLanguage":"en-US","@id":"https:\/\/www.cudgel.de\/produkt\/urfaust-der-freiwillige-bettler-digicd\/#primaryimage","url":"https:\/\/www.cudgel.de\/wp-content\/uploads\/2026\/02\/Art211977.jpg","contentUrl":"https:\/\/www.cudgel.de\/wp-content\/uploads\/2026\/02\/Art211977.jpg","width":528,"height":499},{"@type":"BreadcrumbList","@id":"https:\/\/www.cudgel.de\/produkt\/urfaust-der-freiwillige-bettler-digicd\/#breadcrumb","itemListElement":[{"@type":"ListItem","position":1,"name":"Home","item":"https:\/\/www.cudgel.de\/en\/"},{"@type":"ListItem","position":2,"name":"Shop","item":"https:\/\/www.cudgel.de\/en\/shop\/"},{"@type":"ListItem","position":3,"name":"URFAUST &#8211; der freiwillige bettler DigiCD"}]},{"@type":"WebSite","@id":"https:\/\/www.cudgel.de\/#website","url":"https:\/\/www.cudgel.de\/","name":"cudgel | Der ultimative Metal Online Store","description":"Eine weitere WordPress-Website","publisher":{"@id":"https:\/\/www.cudgel.de\/#organization"},"potentialAction":[{"@type":"SearchAction","target":{"@type":"EntryPoint","urlTemplate":"https:\/\/www.cudgel.de\/?s={search_term_string}"},"query-input":"required name=search_term_string"}],"inLanguage":"en-US"},{"@type":"Organization","@id":"https:\/\/www.cudgel.de\/#organization","name":"cudgel | Der ultimative Metal Online Store","url":"https:\/\/www.cudgel.de\/","logo":{"@type":"ImageObject","inLanguage":"en-US","@id":"https:\/\/www.cudgel.de\/#\/schema\/logo\/image\/","url":"https:\/\/www.cudgel.de\/wp-content\/uploads\/2024\/06\/cudgel-logo-neu-1-1400x419png.webp","contentUrl":"https:\/\/www.cudgel.de\/wp-content\/uploads\/2024\/06\/cudgel-logo-neu-1-1400x419png.webp","width":1400,"height":419,"caption":"cudgel | Der ultimative Metal Online Store"},"image":{"@id":"https:\/\/www.cudgel.de\/#\/schema\/logo\/image\/"},"sameAs":["https:\/\/www.facebook.com\/CudgelVertrieb"]}]}},"_links":{"self":[{"href":"https:\/\/www.cudgel.de\/en\/wp-json\/wp\/v2\/product\/3032602","targetHints":{"allow":["GET"]}}],"collection":[{"href":"https:\/\/www.cudgel.de\/en\/wp-json\/wp\/v2\/product"}],"about":[{"href":"https:\/\/www.cudgel.de\/en\/wp-json\/wp\/v2\/types\/product"}],"replies":[{"embeddable":true,"href":"https:\/\/www.cudgel.de\/en\/wp-json\/wp\/v2\/comments?post=3032602"}],"wp:featuredmedia":[{"embeddable":true,"href":"https:\/\/www.cudgel.de\/en\/wp-json\/wp\/v2\/media\/3032600"}],"wp:attachment":[{"href":"https:\/\/www.cudgel.de\/en\/wp-json\/wp\/v2\/media?parent=3032602"}],"wp:term":[{"taxonomy":"product_cat","embeddable":true,"href":"https:\/\/www.cudgel.de\/en\/wp-json\/wp\/v2\/product_cat?post=3032602"},{"taxonomy":"product_tag","embeddable":true,"href":"https:\/\/www.cudgel.de\/en\/wp-json\/wp\/v2\/product_tag?post=3032602"}],"curies":[{"name":"wp","href":"https:\/\/api.w.org\/{rel}","templated":true}]}}