{"id":3072277,"date":"2026-02-17T10:16:26","date_gmt":"2026-02-17T09:16:26","guid":{"rendered":"https:\/\/www.cudgel.de\/produkt\/coscradh-carving-the-causeway-to-the-otherworld-lp-bog-blood-b2\/"},"modified":"2026-02-26T14:08:02","modified_gmt":"2026-02-26T13:08:02","slug":"coscradh-carving-the-causeway-to-the-otherworld-lp-bog-blood-b2","status":"publish","type":"product","link":"https:\/\/www.cudgel.de\/en\/product\/coscradh-carving-the-causeway-to-the-otherworld-lp-bog-blood-b2\/","title":{"rendered":"COSCRADH &#8211; carving the causeway to the otherworld LP Bog Blood (B2)"},"content":{"rendered":"<p>lim. &#8220;Bog Blood&#8221; (oxblood) coloured vinyl (B2) <\/p>\n<p>Wie ein schwarzer Wind, der aus l\u00e4ngst verstummten Mooren aufsteigt, legt die irische Band Coscradh ihr zweites Album \u0084Carving the Causeway to the Otherworld\u0093 vor, das mit furchterregender Zauberei die Moorwege der Toten freilegt. Aus tief verwurzelter Traditionen und alter Mystik l\u00e4sst das Album die sechstausend Jahre alten Eichenpfade wiederauferstehen, die von kriegf\u00fchrenden St\u00e4mmen unter dem kalten Blick der Druiden angelegt wurden, um in das Reich jenseits des Lebens zu gelangen, und beschw\u00f6rt diese verschwundenen M\u00fchen mit der Erinnerung an die Gewalt selbst herauf. Coscradh kanalisiert den Druiden als Astronomen und Kriegsseher und ruft Mars als den Gott an, dessen rotes Licht Opfer fordert, und offenbart g\u00e4lische Krieger, die sich zu Gef\u00e4\u00dfen aush\u00f6hlen und die Wut von Goac in sich eindringen lassen, um sie f\u00fcr den Kampf zu verschlingen. Gitarren flammen auf &#8211; brennend wie Meteore, die den Horizont durchschneiden &#8211; und lassen Riffs los, die mit der Kraft der Vorfahren durchdrungen sind. Der gl\u00fchende perkussive Ansturm kracht wie Hufe auf tote Erde, w\u00e4hrend die wilde Grausamkeit der Band wie ein in den Himmel geschleuderter Kriegsschrei ausbricht, gekr\u00f6nt von ruin\u00f6ser Pracht. Coscradh bewohnt diesen Bereich zwischen den Welten vollst\u00e4ndig und haucht ihrem Werk die Wut und spirituelle Kraft eines Volkes ein, das Wahrheiten in Land, Himmel und Grab gemei\u00dfelt hat. Als eine Verbindung aus druidischer Wissenschaft und Blut, ritueller Aggression und sprachlicher Wiederauferstehung zwingt \u0084Carving the Causeway to the Otherworld\u0093 zu einer himmlischen Abrechnung, bei der das Schicksal selbst auf den Altar geworfen wird. Wie G\u00f6tter, die das Firmament bereisen, f\u00e4llt Coscradhs kalte, grausame Ausstrahlung auf alle, die sie h\u00f6ren. Das Album ist eine kosmische Hinrichtung, die vergangene Dammwege, Kriegsg\u00f6tter, Steinidole und sternengeborene Kr\u00e4fte, die die Druiden zu nutzen suchten, miteinander verbindet. Eine Vision des Nachthimmels als lebendige Festungsmauer der Omen f\u00fcr diejenigen, die auf die alten zornigen Geister h\u00f6ren wollen. <\/p>\n<p><strong>Tracks:<\/strong><\/p>\n<ol class=\"tracklisting\">\n<li>Five Fifths Awaken<\/li>\n<li>Carving the Causeway to the Otherworld<\/li>\n<li>Adhradh D\u00e9 Ghoac<\/li>\n<li>Caesar&#8217;s Revelation (Hibernia L. VI V. XIV ad XVI et XXIV)<\/li>\n<li>The Calling<\/li>\n<li>Scythe of Saturn<\/li>\n<li>Badhah&#8217;s Shadows<\/li>\n<li>Opening the Gates to Styx, Nix, Kerberos and Hydra<\/li>\n<\/ol>\n<p><strong>Genres:<\/strong> Black Metal, Death Metal<\/p>\n<p><strong>GPSR Information:<\/strong><br \/>Manufacturer:<br \/>\nIntegral Music \/ Virgin Music Group BV<br \/>\n&#8216;s-Gravelandseweg 80, 1217 EW Hilversum, Netherlands<br \/>\nKundenservice(at)integralmusic.com<\/p>\n","protected":false},"excerpt":{"rendered":"<p>lim. &#8220;Bog Blood&#8221; (oxblood) coloured vinyl (B2) Wie ein schwarzer Wind, der aus l\u00e4ngst verstummten Mooren aufsteigt, legt die irische Band Coscradh ihr zweites Album \u0084Carving the Causeway to the Otherworld\u0093 vor, das mit furchterregender Zauberei die Moorwege der Toten freilegt. Aus tief verwurzelter Traditionen und alter Mystik l\u00e4sst das Album die sechstausend Jahre alten [&#8230;]\n","protected":false},"featured_media":3072275,"comment_status":"open","ping_status":"closed","template":"","meta":[],"product_cat":[432],"product_tag":[],"class_list":{"0":"post-3072277","1":"product","2":"type-product","3":"status-publish","4":"has-post-thumbnail","6":"product_cat-vinyl-c","7":"pa_band-coscradh","8":"pa_productgenre-black-metal","9":"pa_productgenre-death-metal","10":"pa_productlabel-20-buck-spin","12":"first","13":"instock","14":"taxable","15":"shipping-taxable","16":"purchasable","17":"product-type-simple"},"yoast_head":"<!-- This site is optimized with the Yoast SEO plugin v22.9 - https:\/\/yoast.com\/wordpress\/plugins\/seo\/ -->\n<title>COSCRADH - carving the causeway to the otherworld LP Bog Blood (B2) - cudgel | Der ultimative Metal Online Store<\/title>\n<meta name=\"robots\" content=\"index, follow, max-snippet:-1, max-image-preview:large, max-video-preview:-1\" \/>\n<link rel=\"canonical\" href=\"https:\/\/www.cudgel.de\/produkt\/coscradh-carving-the-causeway-to-the-otherworld-lp-bog-blood-b2\/\" \/>\n<meta property=\"og:locale\" content=\"en_US\" \/>\n<meta property=\"og:type\" content=\"article\" \/>\n<meta property=\"og:title\" content=\"COSCRADH - carving the causeway to the otherworld LP Bog Blood (B2) - cudgel | Der ultimative Metal Online Store\" \/>\n<meta property=\"og:description\" content=\"lim. &#8220;Bog Blood&#8221; (oxblood) coloured vinyl (B2) Wie ein schwarzer Wind, der aus l\u00e4ngst verstummten Mooren aufsteigt, legt die irische Band Coscradh ihr zweites Album \u0084Carving the Causeway to the Otherworld\u0093 vor, das mit furchterregender Zauberei die Moorwege der Toten freilegt. Aus tief verwurzelter Traditionen und alter Mystik l\u00e4sst das Album die sechstausend Jahre alten [...]\" \/>\n<meta property=\"og:url\" content=\"https:\/\/www.cudgel.de\/produkt\/coscradh-carving-the-causeway-to-the-otherworld-lp-bog-blood-b2\/\" \/>\n<meta property=\"og:site_name\" content=\"cudgel | Der ultimative Metal Online Store\" \/>\n<meta property=\"article:publisher\" content=\"https:\/\/www.facebook.com\/CudgelVertrieb\" \/>\n<meta property=\"article:modified_time\" content=\"2026-02-26T13:08:02+00:00\" \/>\n<meta property=\"og:image\" content=\"https:\/\/www.cudgel.de\/wp-content\/uploads\/2026\/02\/Art111036.jpg\" \/>\n\t<meta property=\"og:image:width\" content=\"1000\" \/>\n\t<meta property=\"og:image:height\" content=\"1000\" \/>\n\t<meta property=\"og:image:type\" content=\"image\/jpeg\" \/>\n<meta name=\"twitter:card\" content=\"summary_large_image\" \/>\n<meta name=\"twitter:label1\" content=\"Est. reading time\" \/>\n\t<meta name=\"twitter:data1\" content=\"2 minutes\" \/>\n<script type=\"application\/ld+json\" class=\"yoast-schema-graph\">{\"@context\":\"https:\/\/schema.org\",\"@graph\":[{\"@type\":\"WebPage\",\"@id\":\"https:\/\/www.cudgel.de\/produkt\/coscradh-carving-the-causeway-to-the-otherworld-lp-bog-blood-b2\/\",\"url\":\"https:\/\/www.cudgel.de\/produkt\/coscradh-carving-the-causeway-to-the-otherworld-lp-bog-blood-b2\/\",\"name\":\"COSCRADH - carving the causeway to the otherworld LP Bog Blood (B2) - cudgel | Der ultimative Metal Online Store\",\"isPartOf\":{\"@id\":\"https:\/\/www.cudgel.de\/#website\"},\"primaryImageOfPage\":{\"@id\":\"https:\/\/www.cudgel.de\/produkt\/coscradh-carving-the-causeway-to-the-otherworld-lp-bog-blood-b2\/#primaryimage\"},\"image\":{\"@id\":\"https:\/\/www.cudgel.de\/produkt\/coscradh-carving-the-causeway-to-the-otherworld-lp-bog-blood-b2\/#primaryimage\"},\"thumbnailUrl\":\"https:\/\/www.cudgel.de\/wp-content\/uploads\/2026\/02\/Art111036.jpg\",\"datePublished\":\"2026-02-17T09:16:26+00:00\",\"dateModified\":\"2026-02-26T13:08:02+00:00\",\"breadcrumb\":{\"@id\":\"https:\/\/www.cudgel.de\/produkt\/coscradh-carving-the-causeway-to-the-otherworld-lp-bog-blood-b2\/#breadcrumb\"},\"inLanguage\":\"en-US\",\"potentialAction\":[{\"@type\":\"ReadAction\",\"target\":[\"https:\/\/www.cudgel.de\/produkt\/coscradh-carving-the-causeway-to-the-otherworld-lp-bog-blood-b2\/\"]}]},{\"@type\":\"ImageObject\",\"inLanguage\":\"en-US\",\"@id\":\"https:\/\/www.cudgel.de\/produkt\/coscradh-carving-the-causeway-to-the-otherworld-lp-bog-blood-b2\/#primaryimage\",\"url\":\"https:\/\/www.cudgel.de\/wp-content\/uploads\/2026\/02\/Art111036.jpg\",\"contentUrl\":\"https:\/\/www.cudgel.de\/wp-content\/uploads\/2026\/02\/Art111036.jpg\",\"width\":1000,\"height\":1000},{\"@type\":\"BreadcrumbList\",\"@id\":\"https:\/\/www.cudgel.de\/produkt\/coscradh-carving-the-causeway-to-the-otherworld-lp-bog-blood-b2\/#breadcrumb\",\"itemListElement\":[{\"@type\":\"ListItem\",\"position\":1,\"name\":\"Home\",\"item\":\"https:\/\/www.cudgel.de\/en\/\"},{\"@type\":\"ListItem\",\"position\":2,\"name\":\"Shop\",\"item\":\"https:\/\/www.cudgel.de\/en\/shop\/\"},{\"@type\":\"ListItem\",\"position\":3,\"name\":\"COSCRADH &#8211; carving the causeway to the otherworld LP Bog Blood (B2)\"}]},{\"@type\":\"WebSite\",\"@id\":\"https:\/\/www.cudgel.de\/#website\",\"url\":\"https:\/\/www.cudgel.de\/\",\"name\":\"cudgel | Der ultimative Metal Online Store\",\"description\":\"Eine weitere WordPress-Website\",\"publisher\":{\"@id\":\"https:\/\/www.cudgel.de\/#organization\"},\"potentialAction\":[{\"@type\":\"SearchAction\",\"target\":{\"@type\":\"EntryPoint\",\"urlTemplate\":\"https:\/\/www.cudgel.de\/?s={search_term_string}\"},\"query-input\":\"required name=search_term_string\"}],\"inLanguage\":\"en-US\"},{\"@type\":\"Organization\",\"@id\":\"https:\/\/www.cudgel.de\/#organization\",\"name\":\"cudgel | Der ultimative Metal Online Store\",\"url\":\"https:\/\/www.cudgel.de\/\",\"logo\":{\"@type\":\"ImageObject\",\"inLanguage\":\"en-US\",\"@id\":\"https:\/\/www.cudgel.de\/#\/schema\/logo\/image\/\",\"url\":\"https:\/\/www.cudgel.de\/wp-content\/uploads\/2024\/06\/cudgel-logo-neu-1-1400x419png.webp\",\"contentUrl\":\"https:\/\/www.cudgel.de\/wp-content\/uploads\/2024\/06\/cudgel-logo-neu-1-1400x419png.webp\",\"width\":1400,\"height\":419,\"caption\":\"cudgel | Der ultimative Metal Online Store\"},\"image\":{\"@id\":\"https:\/\/www.cudgel.de\/#\/schema\/logo\/image\/\"},\"sameAs\":[\"https:\/\/www.facebook.com\/CudgelVertrieb\"]}]}<\/script>\n<!-- \/ Yoast SEO plugin. -->","yoast_head_json":{"title":"COSCRADH - carving the causeway to the otherworld LP Bog Blood (B2) - cudgel | Der ultimative Metal Online Store","robots":{"index":"index","follow":"follow","max-snippet":"max-snippet:-1","max-image-preview":"max-image-preview:large","max-video-preview":"max-video-preview:-1"},"canonical":"https:\/\/www.cudgel.de\/produkt\/coscradh-carving-the-causeway-to-the-otherworld-lp-bog-blood-b2\/","og_locale":"en_US","og_type":"article","og_title":"COSCRADH - carving the causeway to the otherworld LP Bog Blood (B2) - cudgel | Der ultimative Metal Online Store","og_description":"lim. &#8220;Bog Blood&#8221; (oxblood) coloured vinyl (B2) Wie ein schwarzer Wind, der aus l\u00e4ngst verstummten Mooren aufsteigt, legt die irische Band Coscradh ihr zweites Album \u0084Carving the Causeway to the Otherworld\u0093 vor, das mit furchterregender Zauberei die Moorwege der Toten freilegt. Aus tief verwurzelter Traditionen und alter Mystik l\u00e4sst das Album die sechstausend Jahre alten [...]","og_url":"https:\/\/www.cudgel.de\/produkt\/coscradh-carving-the-causeway-to-the-otherworld-lp-bog-blood-b2\/","og_site_name":"cudgel | Der ultimative Metal Online Store","article_publisher":"https:\/\/www.facebook.com\/CudgelVertrieb","article_modified_time":"2026-02-26T13:08:02+00:00","og_image":[{"width":1000,"height":1000,"url":"https:\/\/www.cudgel.de\/wp-content\/uploads\/2026\/02\/Art111036.jpg","type":"image\/jpeg"}],"twitter_card":"summary_large_image","twitter_misc":{"Est. reading time":"2 minutes"},"schema":{"@context":"https:\/\/schema.org","@graph":[{"@type":"WebPage","@id":"https:\/\/www.cudgel.de\/produkt\/coscradh-carving-the-causeway-to-the-otherworld-lp-bog-blood-b2\/","url":"https:\/\/www.cudgel.de\/produkt\/coscradh-carving-the-causeway-to-the-otherworld-lp-bog-blood-b2\/","name":"COSCRADH - carving the causeway to the otherworld LP Bog Blood (B2) - cudgel | Der ultimative Metal Online Store","isPartOf":{"@id":"https:\/\/www.cudgel.de\/#website"},"primaryImageOfPage":{"@id":"https:\/\/www.cudgel.de\/produkt\/coscradh-carving-the-causeway-to-the-otherworld-lp-bog-blood-b2\/#primaryimage"},"image":{"@id":"https:\/\/www.cudgel.de\/produkt\/coscradh-carving-the-causeway-to-the-otherworld-lp-bog-blood-b2\/#primaryimage"},"thumbnailUrl":"https:\/\/www.cudgel.de\/wp-content\/uploads\/2026\/02\/Art111036.jpg","datePublished":"2026-02-17T09:16:26+00:00","dateModified":"2026-02-26T13:08:02+00:00","breadcrumb":{"@id":"https:\/\/www.cudgel.de\/produkt\/coscradh-carving-the-causeway-to-the-otherworld-lp-bog-blood-b2\/#breadcrumb"},"inLanguage":"en-US","potentialAction":[{"@type":"ReadAction","target":["https:\/\/www.cudgel.de\/produkt\/coscradh-carving-the-causeway-to-the-otherworld-lp-bog-blood-b2\/"]}]},{"@type":"ImageObject","inLanguage":"en-US","@id":"https:\/\/www.cudgel.de\/produkt\/coscradh-carving-the-causeway-to-the-otherworld-lp-bog-blood-b2\/#primaryimage","url":"https:\/\/www.cudgel.de\/wp-content\/uploads\/2026\/02\/Art111036.jpg","contentUrl":"https:\/\/www.cudgel.de\/wp-content\/uploads\/2026\/02\/Art111036.jpg","width":1000,"height":1000},{"@type":"BreadcrumbList","@id":"https:\/\/www.cudgel.de\/produkt\/coscradh-carving-the-causeway-to-the-otherworld-lp-bog-blood-b2\/#breadcrumb","itemListElement":[{"@type":"ListItem","position":1,"name":"Home","item":"https:\/\/www.cudgel.de\/en\/"},{"@type":"ListItem","position":2,"name":"Shop","item":"https:\/\/www.cudgel.de\/en\/shop\/"},{"@type":"ListItem","position":3,"name":"COSCRADH &#8211; carving the causeway to the otherworld LP Bog Blood (B2)"}]},{"@type":"WebSite","@id":"https:\/\/www.cudgel.de\/#website","url":"https:\/\/www.cudgel.de\/","name":"cudgel | Der ultimative Metal Online Store","description":"Eine weitere WordPress-Website","publisher":{"@id":"https:\/\/www.cudgel.de\/#organization"},"potentialAction":[{"@type":"SearchAction","target":{"@type":"EntryPoint","urlTemplate":"https:\/\/www.cudgel.de\/?s={search_term_string}"},"query-input":"required name=search_term_string"}],"inLanguage":"en-US"},{"@type":"Organization","@id":"https:\/\/www.cudgel.de\/#organization","name":"cudgel | Der ultimative Metal Online Store","url":"https:\/\/www.cudgel.de\/","logo":{"@type":"ImageObject","inLanguage":"en-US","@id":"https:\/\/www.cudgel.de\/#\/schema\/logo\/image\/","url":"https:\/\/www.cudgel.de\/wp-content\/uploads\/2024\/06\/cudgel-logo-neu-1-1400x419png.webp","contentUrl":"https:\/\/www.cudgel.de\/wp-content\/uploads\/2024\/06\/cudgel-logo-neu-1-1400x419png.webp","width":1400,"height":419,"caption":"cudgel | Der ultimative Metal Online Store"},"image":{"@id":"https:\/\/www.cudgel.de\/#\/schema\/logo\/image\/"},"sameAs":["https:\/\/www.facebook.com\/CudgelVertrieb"]}]}},"_links":{"self":[{"href":"https:\/\/www.cudgel.de\/en\/wp-json\/wp\/v2\/product\/3072277","targetHints":{"allow":["GET"]}}],"collection":[{"href":"https:\/\/www.cudgel.de\/en\/wp-json\/wp\/v2\/product"}],"about":[{"href":"https:\/\/www.cudgel.de\/en\/wp-json\/wp\/v2\/types\/product"}],"replies":[{"embeddable":true,"href":"https:\/\/www.cudgel.de\/en\/wp-json\/wp\/v2\/comments?post=3072277"}],"wp:featuredmedia":[{"embeddable":true,"href":"https:\/\/www.cudgel.de\/en\/wp-json\/wp\/v2\/media\/3072275"}],"wp:attachment":[{"href":"https:\/\/www.cudgel.de\/en\/wp-json\/wp\/v2\/media?parent=3072277"}],"wp:term":[{"taxonomy":"product_cat","embeddable":true,"href":"https:\/\/www.cudgel.de\/en\/wp-json\/wp\/v2\/product_cat?post=3072277"},{"taxonomy":"product_tag","embeddable":true,"href":"https:\/\/www.cudgel.de\/en\/wp-json\/wp\/v2\/product_tag?post=3072277"}],"curies":[{"name":"wp","href":"https:\/\/api.w.org\/{rel}","templated":true}]}}