{"id":3079352,"date":"2026-02-20T22:53:59","date_gmt":"2026-02-20T21:53:59","guid":{"rendered":"https:\/\/www.cudgel.de\/produkt\/sorcier-des-glaces-moonrise-in-total-darkness-cd\/"},"modified":"2026-02-20T22:54:37","modified_gmt":"2026-02-20T21:54:37","slug":"sorcier-des-glaces-moonrise-in-total-darkness-cd","status":"publish","type":"product","link":"https:\/\/www.cudgel.de\/en\/product\/sorcier-des-glaces-moonrise-in-total-darkness-cd\/","title":{"rendered":"SORCIER DES GLACES &#8211; moonrise in total darkness CD"},"content":{"rendered":"<p>&#8220;Sorcier Des Glaces&#8217; second offering to the mortal world was recorded just two years after the very first album, in August 1999. Nevertheless, the maturity of their sound and composition is perceptible. It&#8217;s no longer a one-man band this time, involving Luc more extensively, who this time records all the drum parts and also participates in the elaboration of several keyboard parts. The infernal duo is officially up and running.<\/p>\n<p>With its icy atmosphere and dark yet melodic compositions reflecting the northern forests of Quebec, &#8220;Moonrise in Total Darkness&#8221; defines a young band still in exploration mode. Certainly more raw in its aestheticism than the band&#8217;s more recent material, but with an authenticity that has forged their identity over the years&#8221;.<\/p>\n<p><strong>Tracks:<\/strong><\/p>\n<ol class=\"tracklisting\">\n<li>Misanthropy Within the Endless Mountains<\/li>\n<li>Distant Fog Floats in the Grim Nightforest<\/li>\n<li>Dense Nordic Veils Fall upon My Realm with Grandiose Obscurity<\/li>\n<li>Moonrise in Total Darkness<\/li>\n<li>Glaciale Solitude<\/li>\n<li>Behold the Halls of Ice<\/li>\n<li>L\u00e0 o\u00f9 la pleine lune \u00e9clair\u00e9 les ombres du royaume des glaces<\/li>\n<li>Nature&#8217;s Fury<\/li>\n<\/ol>\n<p><strong>Genres:<\/strong> Black Metal<\/p>\n<p> <strong>Label:<\/strong> Osmose Productions<\/p>\n<p> <strong>Erscheinungsjahr:<\/strong> 2024<\/p>\n<p> <strong>K\u00fcnstler:<\/strong> SORCIER DES GLACES<\/p>\n<p> <strong>Spieldauer:<\/strong> 37:44<\/p>\n<p> <strong>Format:<\/strong> CD<\/p>\n<p> <strong>EAN:<\/strong> 3663663014929<\/p>\n<p><strong>GPSR Information:<\/strong><br \/>Manufacturer:<br \/>\nOSMOSE PRODUCTIONS<br \/>\n1272 Rue Nationale<br \/>\n62140 Bouin-Plumoison, France<br \/>\nosmose(at)osmoseproductions.com<\/p>\n","protected":false},"excerpt":{"rendered":"<p>&#8220;Sorcier Des Glaces&#8217; second offering to the mortal world was recorded just two years after the very first album, in August 1999. Nevertheless, the maturity of their sound and composition is perceptible. It&#8217;s no longer a one-man band this time, involving Luc more extensively, who this time records all the drum parts and also participates [&#8230;]\n","protected":false},"featured_media":3079350,"comment_status":"open","ping_status":"closed","template":"","meta":[],"product_cat":[462],"product_tag":[],"class_list":{"0":"post-3079352","1":"product","2":"type-product","3":"status-publish","4":"has-post-thumbnail","6":"product_cat-cd-s","7":"pa_band-sorcier-des-glaces","8":"pa_productgenre-black-metal","9":"pa_productlabel-osmose-productions","11":"first","12":"instock","13":"taxable","14":"shipping-taxable","15":"purchasable","16":"product-type-simple"},"yoast_head":"<!-- This site is optimized with the Yoast SEO plugin v22.9 - https:\/\/yoast.com\/wordpress\/plugins\/seo\/ -->\n<title>SORCIER DES GLACES - moonrise in total darkness CD - cudgel | Der ultimative Metal Online Store<\/title>\n<meta name=\"robots\" content=\"index, follow, max-snippet:-1, max-image-preview:large, max-video-preview:-1\" \/>\n<link rel=\"canonical\" href=\"https:\/\/www.cudgel.de\/produkt\/sorcier-des-glaces-moonrise-in-total-darkness-cd\/\" \/>\n<meta property=\"og:locale\" content=\"en_US\" \/>\n<meta property=\"og:type\" content=\"article\" \/>\n<meta property=\"og:title\" content=\"SORCIER DES GLACES - moonrise in total darkness CD - cudgel | Der ultimative Metal Online Store\" \/>\n<meta property=\"og:description\" content=\"&#8220;Sorcier Des Glaces&#8217; second offering to the mortal world was recorded just two years after the very first album, in August 1999. Nevertheless, the maturity of their sound and composition is perceptible. It&#8217;s no longer a one-man band this time, involving Luc more extensively, who this time records all the drum parts and also participates [...]\" \/>\n<meta property=\"og:url\" content=\"https:\/\/www.cudgel.de\/produkt\/sorcier-des-glaces-moonrise-in-total-darkness-cd\/\" \/>\n<meta property=\"og:site_name\" content=\"cudgel | Der ultimative Metal Online Store\" \/>\n<meta property=\"article:publisher\" content=\"https:\/\/www.facebook.com\/CudgelVertrieb\" \/>\n<meta property=\"article:modified_time\" content=\"2026-02-20T21:54:37+00:00\" \/>\n<meta property=\"og:image\" content=\"https:\/\/www.cudgel.de\/wp-content\/uploads\/2026\/02\/Art222487-1.jpg\" \/>\n\t<meta property=\"og:image:width\" content=\"1000\" \/>\n\t<meta property=\"og:image:height\" content=\"1000\" \/>\n\t<meta property=\"og:image:type\" content=\"image\/jpeg\" \/>\n<meta name=\"twitter:card\" content=\"summary_large_image\" \/>\n<meta name=\"twitter:label1\" content=\"Est. reading time\" \/>\n\t<meta name=\"twitter:data1\" content=\"1 minute\" \/>\n<script type=\"application\/ld+json\" class=\"yoast-schema-graph\">{\"@context\":\"https:\/\/schema.org\",\"@graph\":[{\"@type\":\"WebPage\",\"@id\":\"https:\/\/www.cudgel.de\/produkt\/sorcier-des-glaces-moonrise-in-total-darkness-cd\/\",\"url\":\"https:\/\/www.cudgel.de\/produkt\/sorcier-des-glaces-moonrise-in-total-darkness-cd\/\",\"name\":\"SORCIER DES GLACES - moonrise in total darkness CD - cudgel | Der ultimative Metal Online Store\",\"isPartOf\":{\"@id\":\"https:\/\/www.cudgel.de\/#website\"},\"primaryImageOfPage\":{\"@id\":\"https:\/\/www.cudgel.de\/produkt\/sorcier-des-glaces-moonrise-in-total-darkness-cd\/#primaryimage\"},\"image\":{\"@id\":\"https:\/\/www.cudgel.de\/produkt\/sorcier-des-glaces-moonrise-in-total-darkness-cd\/#primaryimage\"},\"thumbnailUrl\":\"https:\/\/www.cudgel.de\/wp-content\/uploads\/2026\/02\/Art222487-1.jpg\",\"datePublished\":\"2026-02-20T21:53:59+00:00\",\"dateModified\":\"2026-02-20T21:54:37+00:00\",\"breadcrumb\":{\"@id\":\"https:\/\/www.cudgel.de\/produkt\/sorcier-des-glaces-moonrise-in-total-darkness-cd\/#breadcrumb\"},\"inLanguage\":\"en-US\",\"potentialAction\":[{\"@type\":\"ReadAction\",\"target\":[\"https:\/\/www.cudgel.de\/produkt\/sorcier-des-glaces-moonrise-in-total-darkness-cd\/\"]}]},{\"@type\":\"ImageObject\",\"inLanguage\":\"en-US\",\"@id\":\"https:\/\/www.cudgel.de\/produkt\/sorcier-des-glaces-moonrise-in-total-darkness-cd\/#primaryimage\",\"url\":\"https:\/\/www.cudgel.de\/wp-content\/uploads\/2026\/02\/Art222487-1.jpg\",\"contentUrl\":\"https:\/\/www.cudgel.de\/wp-content\/uploads\/2026\/02\/Art222487-1.jpg\",\"width\":1000,\"height\":1000},{\"@type\":\"BreadcrumbList\",\"@id\":\"https:\/\/www.cudgel.de\/produkt\/sorcier-des-glaces-moonrise-in-total-darkness-cd\/#breadcrumb\",\"itemListElement\":[{\"@type\":\"ListItem\",\"position\":1,\"name\":\"Home\",\"item\":\"https:\/\/www.cudgel.de\/en\/\"},{\"@type\":\"ListItem\",\"position\":2,\"name\":\"Shop\",\"item\":\"https:\/\/www.cudgel.de\/en\/shop\/\"},{\"@type\":\"ListItem\",\"position\":3,\"name\":\"SORCIER DES GLACES &#8211; moonrise in total darkness CD\"}]},{\"@type\":\"WebSite\",\"@id\":\"https:\/\/www.cudgel.de\/#website\",\"url\":\"https:\/\/www.cudgel.de\/\",\"name\":\"cudgel | Der ultimative Metal Online Store\",\"description\":\"Eine weitere WordPress-Website\",\"publisher\":{\"@id\":\"https:\/\/www.cudgel.de\/#organization\"},\"potentialAction\":[{\"@type\":\"SearchAction\",\"target\":{\"@type\":\"EntryPoint\",\"urlTemplate\":\"https:\/\/www.cudgel.de\/?s={search_term_string}\"},\"query-input\":\"required name=search_term_string\"}],\"inLanguage\":\"en-US\"},{\"@type\":\"Organization\",\"@id\":\"https:\/\/www.cudgel.de\/#organization\",\"name\":\"cudgel | Der ultimative Metal Online Store\",\"url\":\"https:\/\/www.cudgel.de\/\",\"logo\":{\"@type\":\"ImageObject\",\"inLanguage\":\"en-US\",\"@id\":\"https:\/\/www.cudgel.de\/#\/schema\/logo\/image\/\",\"url\":\"https:\/\/www.cudgel.de\/wp-content\/uploads\/2024\/06\/cudgel-logo-neu-1-1400x419png.webp\",\"contentUrl\":\"https:\/\/www.cudgel.de\/wp-content\/uploads\/2024\/06\/cudgel-logo-neu-1-1400x419png.webp\",\"width\":1400,\"height\":419,\"caption\":\"cudgel | Der ultimative Metal Online Store\"},\"image\":{\"@id\":\"https:\/\/www.cudgel.de\/#\/schema\/logo\/image\/\"},\"sameAs\":[\"https:\/\/www.facebook.com\/CudgelVertrieb\"]}]}<\/script>\n<!-- \/ Yoast SEO plugin. -->","yoast_head_json":{"title":"SORCIER DES GLACES - moonrise in total darkness CD - cudgel | Der ultimative Metal Online Store","robots":{"index":"index","follow":"follow","max-snippet":"max-snippet:-1","max-image-preview":"max-image-preview:large","max-video-preview":"max-video-preview:-1"},"canonical":"https:\/\/www.cudgel.de\/produkt\/sorcier-des-glaces-moonrise-in-total-darkness-cd\/","og_locale":"en_US","og_type":"article","og_title":"SORCIER DES GLACES - moonrise in total darkness CD - cudgel | Der ultimative Metal Online Store","og_description":"&#8220;Sorcier Des Glaces&#8217; second offering to the mortal world was recorded just two years after the very first album, in August 1999. Nevertheless, the maturity of their sound and composition is perceptible. It&#8217;s no longer a one-man band this time, involving Luc more extensively, who this time records all the drum parts and also participates [...]","og_url":"https:\/\/www.cudgel.de\/produkt\/sorcier-des-glaces-moonrise-in-total-darkness-cd\/","og_site_name":"cudgel | Der ultimative Metal Online Store","article_publisher":"https:\/\/www.facebook.com\/CudgelVertrieb","article_modified_time":"2026-02-20T21:54:37+00:00","og_image":[{"width":1000,"height":1000,"url":"https:\/\/www.cudgel.de\/wp-content\/uploads\/2026\/02\/Art222487-1.jpg","type":"image\/jpeg"}],"twitter_card":"summary_large_image","twitter_misc":{"Est. reading time":"1 minute"},"schema":{"@context":"https:\/\/schema.org","@graph":[{"@type":"WebPage","@id":"https:\/\/www.cudgel.de\/produkt\/sorcier-des-glaces-moonrise-in-total-darkness-cd\/","url":"https:\/\/www.cudgel.de\/produkt\/sorcier-des-glaces-moonrise-in-total-darkness-cd\/","name":"SORCIER DES GLACES - moonrise in total darkness CD - cudgel | Der ultimative Metal Online Store","isPartOf":{"@id":"https:\/\/www.cudgel.de\/#website"},"primaryImageOfPage":{"@id":"https:\/\/www.cudgel.de\/produkt\/sorcier-des-glaces-moonrise-in-total-darkness-cd\/#primaryimage"},"image":{"@id":"https:\/\/www.cudgel.de\/produkt\/sorcier-des-glaces-moonrise-in-total-darkness-cd\/#primaryimage"},"thumbnailUrl":"https:\/\/www.cudgel.de\/wp-content\/uploads\/2026\/02\/Art222487-1.jpg","datePublished":"2026-02-20T21:53:59+00:00","dateModified":"2026-02-20T21:54:37+00:00","breadcrumb":{"@id":"https:\/\/www.cudgel.de\/produkt\/sorcier-des-glaces-moonrise-in-total-darkness-cd\/#breadcrumb"},"inLanguage":"en-US","potentialAction":[{"@type":"ReadAction","target":["https:\/\/www.cudgel.de\/produkt\/sorcier-des-glaces-moonrise-in-total-darkness-cd\/"]}]},{"@type":"ImageObject","inLanguage":"en-US","@id":"https:\/\/www.cudgel.de\/produkt\/sorcier-des-glaces-moonrise-in-total-darkness-cd\/#primaryimage","url":"https:\/\/www.cudgel.de\/wp-content\/uploads\/2026\/02\/Art222487-1.jpg","contentUrl":"https:\/\/www.cudgel.de\/wp-content\/uploads\/2026\/02\/Art222487-1.jpg","width":1000,"height":1000},{"@type":"BreadcrumbList","@id":"https:\/\/www.cudgel.de\/produkt\/sorcier-des-glaces-moonrise-in-total-darkness-cd\/#breadcrumb","itemListElement":[{"@type":"ListItem","position":1,"name":"Home","item":"https:\/\/www.cudgel.de\/en\/"},{"@type":"ListItem","position":2,"name":"Shop","item":"https:\/\/www.cudgel.de\/en\/shop\/"},{"@type":"ListItem","position":3,"name":"SORCIER DES GLACES &#8211; moonrise in total darkness CD"}]},{"@type":"WebSite","@id":"https:\/\/www.cudgel.de\/#website","url":"https:\/\/www.cudgel.de\/","name":"cudgel | Der ultimative Metal Online Store","description":"Eine weitere WordPress-Website","publisher":{"@id":"https:\/\/www.cudgel.de\/#organization"},"potentialAction":[{"@type":"SearchAction","target":{"@type":"EntryPoint","urlTemplate":"https:\/\/www.cudgel.de\/?s={search_term_string}"},"query-input":"required name=search_term_string"}],"inLanguage":"en-US"},{"@type":"Organization","@id":"https:\/\/www.cudgel.de\/#organization","name":"cudgel | Der ultimative Metal Online Store","url":"https:\/\/www.cudgel.de\/","logo":{"@type":"ImageObject","inLanguage":"en-US","@id":"https:\/\/www.cudgel.de\/#\/schema\/logo\/image\/","url":"https:\/\/www.cudgel.de\/wp-content\/uploads\/2024\/06\/cudgel-logo-neu-1-1400x419png.webp","contentUrl":"https:\/\/www.cudgel.de\/wp-content\/uploads\/2024\/06\/cudgel-logo-neu-1-1400x419png.webp","width":1400,"height":419,"caption":"cudgel | Der ultimative Metal Online Store"},"image":{"@id":"https:\/\/www.cudgel.de\/#\/schema\/logo\/image\/"},"sameAs":["https:\/\/www.facebook.com\/CudgelVertrieb"]}]}},"_links":{"self":[{"href":"https:\/\/www.cudgel.de\/en\/wp-json\/wp\/v2\/product\/3079352","targetHints":{"allow":["GET"]}}],"collection":[{"href":"https:\/\/www.cudgel.de\/en\/wp-json\/wp\/v2\/product"}],"about":[{"href":"https:\/\/www.cudgel.de\/en\/wp-json\/wp\/v2\/types\/product"}],"replies":[{"embeddable":true,"href":"https:\/\/www.cudgel.de\/en\/wp-json\/wp\/v2\/comments?post=3079352"}],"wp:featuredmedia":[{"embeddable":true,"href":"https:\/\/www.cudgel.de\/en\/wp-json\/wp\/v2\/media\/3079350"}],"wp:attachment":[{"href":"https:\/\/www.cudgel.de\/en\/wp-json\/wp\/v2\/media?parent=3079352"}],"wp:term":[{"taxonomy":"product_cat","embeddable":true,"href":"https:\/\/www.cudgel.de\/en\/wp-json\/wp\/v2\/product_cat?post=3079352"},{"taxonomy":"product_tag","embeddable":true,"href":"https:\/\/www.cudgel.de\/en\/wp-json\/wp\/v2\/product_tag?post=3079352"}],"curies":[{"name":"wp","href":"https:\/\/api.w.org\/{rel}","templated":true}]}}