{"id":3083793,"date":"2026-02-23T11:43:47","date_gmt":"2026-02-23T10:43:47","guid":{"rendered":"https:\/\/www.cudgel.de\/produkt\/wode-uncrossing-the-keys-lp-white-b3\/"},"modified":"2026-02-23T11:43:47","modified_gmt":"2026-02-23T10:43:47","slug":"wode-uncrossing-the-keys-lp-white-b3","status":"publish","type":"product","link":"https:\/\/www.cudgel.de\/en\/product\/wode-uncrossing-the-keys-lp-white-b3\/","title":{"rendered":"WODE &#8211; uncrossing the keys LP white (B3)"},"content":{"rendered":"<p>lim. white vinyl (B3)<\/p>\n<p>Die wilden S\u00f6hne Manchesters, Wode, kehren mit ihrem vierten Album \u0084Uncrossing The Keys\u0093 zur\u00fcck und erweitern damit selbstbewusst ihren ohnehin schon beeindruckenden Sound, der auf einer d\u00fcsteren Grundlage aus wildem Black Metal und eisernem Heavy Metal basiert. Nachdem sie sich von der eher geradlinigen Methodik ihres Deb\u00fctalbums weiterentwickelt haben, haben Wode im Laufe ihrer Diskografie kontinuierlich Elemente aus verschiedenen dunklen Ecken des Undergrounds hinzugef\u00fcgt, wobei ihr Songwriting schlanker, aber auch komplexer, fokussierter und melodischer denn je geworden ist.<br \/>\n\u0084Uncrossing The Keys\u0093 hat die Musik von Wode nicht milder gemacht, der Sound ist nach wie vor von Flammen und Wut durchdrungen, aber sie haben ein breiteres Spektrum an Stimmungen angenommen und malen mit schw\u00e4rzeren, satteren Farbt\u00f6nen als je zuvor. Zerkl\u00fcftete Post-Punk-\/Goth-Einfl\u00fcsse leuchten d\u00fcster in neuen Tracks wie \u0084Saturn Shadow\u0093 und dem vertr\u00e4umten Trance des atmosph\u00e4rischen Instrumentalst\u00fccks \u0084Phantom\u0093. Das d\u00fcstere Tempo und die majest\u00e4tisch-nachdenkliche Stimmung der Single \u0084Transmutation\u0093 erinnern mit ihrer d\u00fcsteren Unterstr\u00f6mung sowohl an Paradise Lost als auch an Amorphis, w\u00e4hrend das melancholisch-hymnische \u0084Under Lanternlight\u0093 mit dynamischen Melodien im Stil von Sentenced durchdrungen ist. Die Gitarren tragen manchmal einen traurigen Schimmer, ihre Hooks sind sowohl von Melancholie als auch von Bedrohung durchzogen und schweben mit Momenten elegischer Sch\u00f6nheit und dunkler Klage \u00fcber dem Gemetzel. Der h\u00f6llische, raue Gesang erhebt sich wie rituelle Ges\u00e4nge aus einer anderen Zeit.<br \/>\nWode beschw\u00f6rt Bilder einer Welt herauf, die sich st\u00e4ndig am Rande der D\u00e4mmerung befindet, und wirft im Verlauf der neun Tracks von \u0084Uncrossing The Keys\u0093 einen langen, kalten Schatten. Es herrscht ein Gef\u00fchl von Erhabenheit und Verfall, als h\u00e4tte die Band ein Tor zu einem Reich ge\u00f6ffnet, in dem verfluchte St\u00e4dte unter blutroten Himmeln schwelen und ihre Mauern ewig verlassene Hymnen widerhallen lassen. Als Ergebnis eines st\u00e4ndigen Evolutionsprozesses hat Wode einen wahrhaft gespenstischen und imposanten Blackened Heavy Metal geschaffen, der ein dunkles Banner hoch \u00fcber einem riesigen und \u00f6den K\u00f6nigreich hisst.<\/p>\n<p>&#8211; Viertes Album der renommierten Black-Metal-Band Wode aus Manchester<br \/>\nFFO: Sentenced, Tribulation, Paradise Lost, Samael, Dissection, Tiamat, Melechesh, Rotting Christ<\/p>\n<p><strong>Tracks:<\/strong><\/p>\n<ol class=\"tracklisting\">\n<li>Two Crossed Keys<\/li>\n<li>Under Lanternlight<\/li>\n<li>Saturn Shadow<\/li>\n<li>Transmutation<\/li>\n<li>Prisoner of the Moon<\/li>\n<li>Fiery End<\/li>\n<li>Lash of the Tyrant<\/li>\n<li>Phantom<\/li>\n<li>Dashed on the Rocks<\/li>\n<\/ol>\n<p><strong>Genres:<\/strong> Black Metal<\/p>\n<p><strong>GPSR Information:<\/strong><br \/>Manufacturer:<br \/>\nIntegral Music \/ Virgin Music Group BV<br \/>\n&#8216;s-Gravelandseweg 80, 1217 EW Hilversum, Netherlands<br \/>\nKundenservice(at)integralmusic.com<\/p>\n","protected":false},"excerpt":{"rendered":"<p>lim. white vinyl (B3) Die wilden S\u00f6hne Manchesters, Wode, kehren mit ihrem vierten Album \u0084Uncrossing The Keys\u0093 zur\u00fcck und erweitern damit selbstbewusst ihren ohnehin schon beeindruckenden Sound, der auf einer d\u00fcsteren Grundlage aus wildem Black Metal und eisernem Heavy Metal basiert. Nachdem sie sich von der eher geradlinigen Methodik ihres Deb\u00fctalbums weiterentwickelt haben, haben Wode [&#8230;]\n","protected":false},"featured_media":3083791,"comment_status":"open","ping_status":"closed","template":"","meta":[],"product_cat":[443],"product_tag":[],"class_list":{"0":"post-3083793","1":"product","2":"type-product","3":"status-publish","4":"has-post-thumbnail","6":"product_cat-vinyl-u-z","7":"pa_band-wode","8":"pa_productgenre-black-metal","9":"pa_productlabel-20-buck-spin","11":"first","12":"instock","13":"taxable","14":"shipping-taxable","15":"purchasable","16":"product-type-simple"},"yoast_head":"<!-- This site is optimized with the Yoast SEO plugin v22.9 - https:\/\/yoast.com\/wordpress\/plugins\/seo\/ -->\n<title>WODE - uncrossing the keys LP white (B3) - cudgel | Der ultimative Metal Online Store<\/title>\n<meta name=\"robots\" content=\"index, follow, max-snippet:-1, max-image-preview:large, max-video-preview:-1\" \/>\n<link rel=\"canonical\" href=\"https:\/\/www.cudgel.de\/produkt\/wode-uncrossing-the-keys-lp-white-b3\/\" \/>\n<meta property=\"og:locale\" content=\"en_US\" \/>\n<meta property=\"og:type\" content=\"article\" \/>\n<meta property=\"og:title\" content=\"WODE - uncrossing the keys LP white (B3) - cudgel | Der ultimative Metal Online Store\" \/>\n<meta property=\"og:description\" content=\"lim. white vinyl (B3) Die wilden S\u00f6hne Manchesters, Wode, kehren mit ihrem vierten Album \u0084Uncrossing The Keys\u0093 zur\u00fcck und erweitern damit selbstbewusst ihren ohnehin schon beeindruckenden Sound, der auf einer d\u00fcsteren Grundlage aus wildem Black Metal und eisernem Heavy Metal basiert. Nachdem sie sich von der eher geradlinigen Methodik ihres Deb\u00fctalbums weiterentwickelt haben, haben Wode [...]\" \/>\n<meta property=\"og:url\" content=\"https:\/\/www.cudgel.de\/produkt\/wode-uncrossing-the-keys-lp-white-b3\/\" \/>\n<meta property=\"og:site_name\" content=\"cudgel | Der ultimative Metal Online Store\" \/>\n<meta property=\"article:publisher\" content=\"https:\/\/www.facebook.com\/CudgelVertrieb\" \/>\n<meta name=\"twitter:card\" content=\"summary_large_image\" \/>\n<meta name=\"twitter:label1\" content=\"Est. reading time\" \/>\n\t<meta name=\"twitter:data1\" content=\"2 minutes\" \/>\n<script type=\"application\/ld+json\" class=\"yoast-schema-graph\">{\"@context\":\"https:\/\/schema.org\",\"@graph\":[{\"@type\":\"WebPage\",\"@id\":\"https:\/\/www.cudgel.de\/produkt\/wode-uncrossing-the-keys-lp-white-b3\/\",\"url\":\"https:\/\/www.cudgel.de\/produkt\/wode-uncrossing-the-keys-lp-white-b3\/\",\"name\":\"WODE - uncrossing the keys LP white (B3) - cudgel | Der ultimative Metal Online Store\",\"isPartOf\":{\"@id\":\"https:\/\/www.cudgel.de\/#website\"},\"primaryImageOfPage\":{\"@id\":\"https:\/\/www.cudgel.de\/produkt\/wode-uncrossing-the-keys-lp-white-b3\/#primaryimage\"},\"image\":{\"@id\":\"https:\/\/www.cudgel.de\/produkt\/wode-uncrossing-the-keys-lp-white-b3\/#primaryimage\"},\"thumbnailUrl\":\"https:\/\/www.cudgel.de\/wp-content\/uploads\/2026\/02\/Art110780.jpg\",\"datePublished\":\"2026-02-23T10:43:47+00:00\",\"dateModified\":\"2026-02-23T10:43:47+00:00\",\"breadcrumb\":{\"@id\":\"https:\/\/www.cudgel.de\/produkt\/wode-uncrossing-the-keys-lp-white-b3\/#breadcrumb\"},\"inLanguage\":\"en-US\",\"potentialAction\":[{\"@type\":\"ReadAction\",\"target\":[\"https:\/\/www.cudgel.de\/produkt\/wode-uncrossing-the-keys-lp-white-b3\/\"]}]},{\"@type\":\"ImageObject\",\"inLanguage\":\"en-US\",\"@id\":\"https:\/\/www.cudgel.de\/produkt\/wode-uncrossing-the-keys-lp-white-b3\/#primaryimage\",\"url\":\"https:\/\/www.cudgel.de\/wp-content\/uploads\/2026\/02\/Art110780.jpg\",\"contentUrl\":\"https:\/\/www.cudgel.de\/wp-content\/uploads\/2026\/02\/Art110780.jpg\",\"width\":1500,\"height\":1384},{\"@type\":\"BreadcrumbList\",\"@id\":\"https:\/\/www.cudgel.de\/produkt\/wode-uncrossing-the-keys-lp-white-b3\/#breadcrumb\",\"itemListElement\":[{\"@type\":\"ListItem\",\"position\":1,\"name\":\"Home\",\"item\":\"https:\/\/www.cudgel.de\/en\/\"},{\"@type\":\"ListItem\",\"position\":2,\"name\":\"Shop\",\"item\":\"https:\/\/www.cudgel.de\/en\/shop\/\"},{\"@type\":\"ListItem\",\"position\":3,\"name\":\"WODE &#8211; uncrossing the keys LP white (B3)\"}]},{\"@type\":\"WebSite\",\"@id\":\"https:\/\/www.cudgel.de\/#website\",\"url\":\"https:\/\/www.cudgel.de\/\",\"name\":\"cudgel | Der ultimative Metal Online Store\",\"description\":\"Eine weitere WordPress-Website\",\"publisher\":{\"@id\":\"https:\/\/www.cudgel.de\/#organization\"},\"potentialAction\":[{\"@type\":\"SearchAction\",\"target\":{\"@type\":\"EntryPoint\",\"urlTemplate\":\"https:\/\/www.cudgel.de\/?s={search_term_string}\"},\"query-input\":\"required name=search_term_string\"}],\"inLanguage\":\"en-US\"},{\"@type\":\"Organization\",\"@id\":\"https:\/\/www.cudgel.de\/#organization\",\"name\":\"cudgel | Der ultimative Metal Online Store\",\"url\":\"https:\/\/www.cudgel.de\/\",\"logo\":{\"@type\":\"ImageObject\",\"inLanguage\":\"en-US\",\"@id\":\"https:\/\/www.cudgel.de\/#\/schema\/logo\/image\/\",\"url\":\"https:\/\/www.cudgel.de\/wp-content\/uploads\/2024\/06\/cudgel-logo-neu-1-1400x419png.webp\",\"contentUrl\":\"https:\/\/www.cudgel.de\/wp-content\/uploads\/2024\/06\/cudgel-logo-neu-1-1400x419png.webp\",\"width\":1400,\"height\":419,\"caption\":\"cudgel | Der ultimative Metal Online Store\"},\"image\":{\"@id\":\"https:\/\/www.cudgel.de\/#\/schema\/logo\/image\/\"},\"sameAs\":[\"https:\/\/www.facebook.com\/CudgelVertrieb\"]}]}<\/script>\n<!-- \/ Yoast SEO plugin. -->","yoast_head_json":{"title":"WODE - uncrossing the keys LP white (B3) - cudgel | Der ultimative Metal Online Store","robots":{"index":"index","follow":"follow","max-snippet":"max-snippet:-1","max-image-preview":"max-image-preview:large","max-video-preview":"max-video-preview:-1"},"canonical":"https:\/\/www.cudgel.de\/produkt\/wode-uncrossing-the-keys-lp-white-b3\/","og_locale":"en_US","og_type":"article","og_title":"WODE - uncrossing the keys LP white (B3) - cudgel | Der ultimative Metal Online Store","og_description":"lim. white vinyl (B3) Die wilden S\u00f6hne Manchesters, Wode, kehren mit ihrem vierten Album \u0084Uncrossing The Keys\u0093 zur\u00fcck und erweitern damit selbstbewusst ihren ohnehin schon beeindruckenden Sound, der auf einer d\u00fcsteren Grundlage aus wildem Black Metal und eisernem Heavy Metal basiert. Nachdem sie sich von der eher geradlinigen Methodik ihres Deb\u00fctalbums weiterentwickelt haben, haben Wode [...]","og_url":"https:\/\/www.cudgel.de\/produkt\/wode-uncrossing-the-keys-lp-white-b3\/","og_site_name":"cudgel | Der ultimative Metal Online Store","article_publisher":"https:\/\/www.facebook.com\/CudgelVertrieb","twitter_card":"summary_large_image","twitter_misc":{"Est. reading time":"2 minutes"},"schema":{"@context":"https:\/\/schema.org","@graph":[{"@type":"WebPage","@id":"https:\/\/www.cudgel.de\/produkt\/wode-uncrossing-the-keys-lp-white-b3\/","url":"https:\/\/www.cudgel.de\/produkt\/wode-uncrossing-the-keys-lp-white-b3\/","name":"WODE - uncrossing the keys LP white (B3) - cudgel | Der ultimative Metal Online Store","isPartOf":{"@id":"https:\/\/www.cudgel.de\/#website"},"primaryImageOfPage":{"@id":"https:\/\/www.cudgel.de\/produkt\/wode-uncrossing-the-keys-lp-white-b3\/#primaryimage"},"image":{"@id":"https:\/\/www.cudgel.de\/produkt\/wode-uncrossing-the-keys-lp-white-b3\/#primaryimage"},"thumbnailUrl":"https:\/\/www.cudgel.de\/wp-content\/uploads\/2026\/02\/Art110780.jpg","datePublished":"2026-02-23T10:43:47+00:00","dateModified":"2026-02-23T10:43:47+00:00","breadcrumb":{"@id":"https:\/\/www.cudgel.de\/produkt\/wode-uncrossing-the-keys-lp-white-b3\/#breadcrumb"},"inLanguage":"en-US","potentialAction":[{"@type":"ReadAction","target":["https:\/\/www.cudgel.de\/produkt\/wode-uncrossing-the-keys-lp-white-b3\/"]}]},{"@type":"ImageObject","inLanguage":"en-US","@id":"https:\/\/www.cudgel.de\/produkt\/wode-uncrossing-the-keys-lp-white-b3\/#primaryimage","url":"https:\/\/www.cudgel.de\/wp-content\/uploads\/2026\/02\/Art110780.jpg","contentUrl":"https:\/\/www.cudgel.de\/wp-content\/uploads\/2026\/02\/Art110780.jpg","width":1500,"height":1384},{"@type":"BreadcrumbList","@id":"https:\/\/www.cudgel.de\/produkt\/wode-uncrossing-the-keys-lp-white-b3\/#breadcrumb","itemListElement":[{"@type":"ListItem","position":1,"name":"Home","item":"https:\/\/www.cudgel.de\/en\/"},{"@type":"ListItem","position":2,"name":"Shop","item":"https:\/\/www.cudgel.de\/en\/shop\/"},{"@type":"ListItem","position":3,"name":"WODE &#8211; uncrossing the keys LP white (B3)"}]},{"@type":"WebSite","@id":"https:\/\/www.cudgel.de\/#website","url":"https:\/\/www.cudgel.de\/","name":"cudgel | Der ultimative Metal Online Store","description":"Eine weitere WordPress-Website","publisher":{"@id":"https:\/\/www.cudgel.de\/#organization"},"potentialAction":[{"@type":"SearchAction","target":{"@type":"EntryPoint","urlTemplate":"https:\/\/www.cudgel.de\/?s={search_term_string}"},"query-input":"required name=search_term_string"}],"inLanguage":"en-US"},{"@type":"Organization","@id":"https:\/\/www.cudgel.de\/#organization","name":"cudgel | Der ultimative Metal Online Store","url":"https:\/\/www.cudgel.de\/","logo":{"@type":"ImageObject","inLanguage":"en-US","@id":"https:\/\/www.cudgel.de\/#\/schema\/logo\/image\/","url":"https:\/\/www.cudgel.de\/wp-content\/uploads\/2024\/06\/cudgel-logo-neu-1-1400x419png.webp","contentUrl":"https:\/\/www.cudgel.de\/wp-content\/uploads\/2024\/06\/cudgel-logo-neu-1-1400x419png.webp","width":1400,"height":419,"caption":"cudgel | Der ultimative Metal Online Store"},"image":{"@id":"https:\/\/www.cudgel.de\/#\/schema\/logo\/image\/"},"sameAs":["https:\/\/www.facebook.com\/CudgelVertrieb"]}]}},"_links":{"self":[{"href":"https:\/\/www.cudgel.de\/en\/wp-json\/wp\/v2\/product\/3083793","targetHints":{"allow":["GET"]}}],"collection":[{"href":"https:\/\/www.cudgel.de\/en\/wp-json\/wp\/v2\/product"}],"about":[{"href":"https:\/\/www.cudgel.de\/en\/wp-json\/wp\/v2\/types\/product"}],"replies":[{"embeddable":true,"href":"https:\/\/www.cudgel.de\/en\/wp-json\/wp\/v2\/comments?post=3083793"}],"wp:featuredmedia":[{"embeddable":true,"href":"https:\/\/www.cudgel.de\/en\/wp-json\/wp\/v2\/media\/3083791"}],"wp:attachment":[{"href":"https:\/\/www.cudgel.de\/en\/wp-json\/wp\/v2\/media?parent=3083793"}],"wp:term":[{"taxonomy":"product_cat","embeddable":true,"href":"https:\/\/www.cudgel.de\/en\/wp-json\/wp\/v2\/product_cat?post=3083793"},{"taxonomy":"product_tag","embeddable":true,"href":"https:\/\/www.cudgel.de\/en\/wp-json\/wp\/v2\/product_tag?post=3083793"}],"curies":[{"name":"wp","href":"https:\/\/api.w.org\/{rel}","templated":true}]}}