{"id":3102014,"date":"2026-03-03T14:20:37","date_gmt":"2026-03-03T13:20:37","guid":{"rendered":"https:\/\/www.cudgel.de\/produkt\/imha-tarikat-confessing-darkness-artbookcd\/"},"modified":"2026-03-03T14:20:38","modified_gmt":"2026-03-03T13:20:38","slug":"imha-tarikat-confessing-darkness-artbookcd","status":"publish","type":"product","link":"https:\/\/www.cudgel.de\/en\/product\/imha-tarikat-confessing-darkness-artbookcd\/","title":{"rendered":"IMHA TARIKAT &#8211; confessing darkness ArtbookCD"},"content":{"rendered":"<p>CD-Hardcover-Artbook (18&#215;18 cm, 48 Seiten) inkl. Texten, Linernotes und erweitertem Artwork und Bonustracks (500 St\u00fcck erh\u00e4ltlich) <\/p>\n<p>Mit ihrem vierten Album &#8220;Confessing Darkness&#8221; erweitern IMHA TARIKAT erneut alle Grenzen des Black Metal, ohne dabei die enge Verbindung zu dem harschen Stil zu verlieren. Das Genre war von Anfang an deutlich weniger eng definiert, als es eifers\u00fcchtige Gatekeeper und juvenile Sittenw\u00e4chter oftmals unterstellt haben. Die deutschen Black Metal Erneuerer haben von Anfang an zahlreiche der M\u00f6glichkeiten genutzt, die das Genre zu bieten hat, und sich doch h\u00f6rbar ihre eigenen Klangr\u00e4ume erschlossen. Ihr tonales K\u00f6nigreich ruht im Wesentlichen auf zwei S\u00e4ulen: Musikalisch pr\u00e4gen ein unerbittlicher Vorw\u00e4rtsdrang und eine unb\u00e4ndige Leidenschaft ihren Sound. &#8220;Confessing Darkness&#8221; entfesselt sogar noch mehr von dieser rohen Energie als jemals zuvor. Das andere tragende Element besteht aus einer tiefen emotionalen Intelligenz, die das Potential des Black Metal voll aussch\u00f6pft, jedes erdenkliche Gef\u00fchl auszudr\u00fccken \u0096 von der reinen Liebe bis zum finstersten Hass, von schweren Depressionen bis zu unb\u00e4ndiger Freude. Auch auf &#8220;Confessing Darkness&#8221; beruhen diese pers\u00f6nlichen Bekenntnisse auf nichts als der Wahrheit. Dabei hat IMHA TARIKATs lyrischer und musikalischer Kopf, Kerem Yilmaz alias Ruhsuz Cell\u00e2t, das gesamte Album erstmals komplett im Studio aufgenommen, was dem Sound zugute kommt. Yilmaz hat sich zudem f\u00fcr k\u00fcrzere, sch\u00e4rfere Attacken entschieden. Die St\u00fccke auf &#8220;Confessing Darkness&#8221; kommen direkt und z\u00fcgig auf den Punkt, und lassen sofort wieder los, sobald sich ihre zerst\u00f6rerische Kraft voll entfaltet hat. IMHA TARIKAT pr\u00e4sentieren sich auf &#8220;Confessing Darkness&#8221; h\u00f6rbar gereift. Obwohl ihrer Klanggewalt aufgrund von Erfahrung und hart errungenem musikalischen Wissen etwas von ihrem jugendlichen Ungest\u00fcm abgegeben hat, gewinnen die deutschen Black Metal Aufsteiger dadurch erheblich an Durchschlagskraft und \u00dcberzeugung. &#8220;Confessing Darkness&#8221; markiert zweifellos einen musikalischen Meilenstein f\u00fcr IMHA TARIKAT.<\/p>\n<p><strong>Tracks:<\/strong><\/p>\n<ol class=\"tracklisting\">\n<li>Intro &#8211; Aufbruch<\/li>\n<li>Wicked Shrine<\/li>\n<li>Another Failed Ritual<\/li>\n<li>Voices of Bitter Epiphany<\/li>\n<li>Excellent Grief<\/li>\n<li>Confessing Darkness<\/li>\n<li>Chamber of Sin<\/li>\n<li>Horns in the Smoke<\/li>\n<li>Memoria Dei (Profanity and Devil)<\/li>\n<li>Pitch Black Reflection<\/li>\n<li>The Day I Died (Reborn into Flames)<\/li>\n<li>The Sun Goes Down (Thin Lizzy cover)<\/li>\n<li>Schwarzflammensanktum<\/li>\n<li>Architect Of No Hope<\/li>\n<\/ol>\n<p><strong>Genres:<\/strong> Black Metal<\/p>\n<p> <strong>Label:<\/strong> Prophecy Productions<\/p>\n<p> <strong>Erscheinungsjahr:<\/strong> 2025<\/p>\n<p> <strong>K\u00fcnstler:<\/strong> IMHA TARIKAT<\/p>\n<p> <strong>Format:<\/strong> CD<\/p>\n<p> <strong>EAN:<\/strong> 0884388888081<\/p>\n<p><strong>GPSR Information:<\/strong><br \/>Manufacturer:<br \/>\nWeltnetz S.\u00e0r.l. \/ Prophecy Productions<br \/>\n40-42 Grand Rue, 6630 Wasserbillig, Luxemburg<br \/>\npost(at)spkr.media<\/p>\n","protected":false},"excerpt":{"rendered":"<p>CD-Hardcover-Artbook (18&#215;18 cm, 48 Seiten) inkl. Texten, Linernotes und erweitertem Artwork und Bonustracks (500 St\u00fcck erh\u00e4ltlich) Mit ihrem vierten Album &#8220;Confessing Darkness&#8221; erweitern IMHA TARIKAT erneut alle Grenzen des Black Metal, ohne dabei die enge Verbindung zu dem harschen Stil zu verlieren. Das Genre war von Anfang an deutlich weniger eng definiert, als es eifers\u00fcchtige [&#8230;]\n","protected":false},"featured_media":3102012,"comment_status":"open","ping_status":"closed","template":"","meta":[],"product_cat":[456],"product_tag":[],"class_list":{"0":"post-3102014","1":"product","2":"type-product","3":"status-publish","4":"has-post-thumbnail","6":"product_cat-cd-i","7":"pa_band-imha-tarikat","8":"pa_productgenre-black-metal","9":"pa_productlabel-prophecy-productions","11":"first","12":"instock","13":"taxable","14":"shipping-taxable","15":"purchasable","16":"product-type-simple"},"yoast_head":"<!-- This site is optimized with the Yoast SEO plugin v22.9 - https:\/\/yoast.com\/wordpress\/plugins\/seo\/ -->\n<title>IMHA TARIKAT - confessing darkness ArtbookCD - cudgel | Der ultimative Metal Online Store<\/title>\n<meta name=\"robots\" content=\"index, follow, max-snippet:-1, max-image-preview:large, max-video-preview:-1\" \/>\n<link rel=\"canonical\" href=\"https:\/\/www.cudgel.de\/produkt\/imha-tarikat-confessing-darkness-artbookcd\/\" \/>\n<meta property=\"og:locale\" content=\"en_US\" \/>\n<meta property=\"og:type\" content=\"article\" \/>\n<meta property=\"og:title\" content=\"IMHA TARIKAT - confessing darkness ArtbookCD - cudgel | Der ultimative Metal Online Store\" \/>\n<meta property=\"og:description\" content=\"CD-Hardcover-Artbook (18&#215;18 cm, 48 Seiten) inkl. Texten, Linernotes und erweitertem Artwork und Bonustracks (500 St\u00fcck erh\u00e4ltlich) Mit ihrem vierten Album &#8220;Confessing Darkness&#8221; erweitern IMHA TARIKAT erneut alle Grenzen des Black Metal, ohne dabei die enge Verbindung zu dem harschen Stil zu verlieren. Das Genre war von Anfang an deutlich weniger eng definiert, als es eifers\u00fcchtige [...]\" \/>\n<meta property=\"og:url\" content=\"https:\/\/www.cudgel.de\/produkt\/imha-tarikat-confessing-darkness-artbookcd\/\" \/>\n<meta property=\"og:site_name\" content=\"cudgel | Der ultimative Metal Online Store\" \/>\n<meta property=\"article:publisher\" content=\"https:\/\/www.facebook.com\/CudgelVertrieb\" \/>\n<meta property=\"article:modified_time\" content=\"2026-03-03T13:20:38+00:00\" \/>\n<meta name=\"twitter:card\" content=\"summary_large_image\" \/>\n<meta name=\"twitter:label1\" content=\"Est. reading time\" \/>\n\t<meta name=\"twitter:data1\" content=\"2 minutes\" \/>\n<script type=\"application\/ld+json\" class=\"yoast-schema-graph\">{\"@context\":\"https:\/\/schema.org\",\"@graph\":[{\"@type\":\"WebPage\",\"@id\":\"https:\/\/www.cudgel.de\/produkt\/imha-tarikat-confessing-darkness-artbookcd\/\",\"url\":\"https:\/\/www.cudgel.de\/produkt\/imha-tarikat-confessing-darkness-artbookcd\/\",\"name\":\"IMHA TARIKAT - confessing darkness ArtbookCD - cudgel | Der ultimative Metal Online Store\",\"isPartOf\":{\"@id\":\"https:\/\/www.cudgel.de\/#website\"},\"primaryImageOfPage\":{\"@id\":\"https:\/\/www.cudgel.de\/produkt\/imha-tarikat-confessing-darkness-artbookcd\/#primaryimage\"},\"image\":{\"@id\":\"https:\/\/www.cudgel.de\/produkt\/imha-tarikat-confessing-darkness-artbookcd\/#primaryimage\"},\"thumbnailUrl\":\"https:\/\/www.cudgel.de\/wp-content\/uploads\/2026\/03\/Art222641.jpg\",\"datePublished\":\"2026-03-03T13:20:37+00:00\",\"dateModified\":\"2026-03-03T13:20:38+00:00\",\"breadcrumb\":{\"@id\":\"https:\/\/www.cudgel.de\/produkt\/imha-tarikat-confessing-darkness-artbookcd\/#breadcrumb\"},\"inLanguage\":\"en-US\",\"potentialAction\":[{\"@type\":\"ReadAction\",\"target\":[\"https:\/\/www.cudgel.de\/produkt\/imha-tarikat-confessing-darkness-artbookcd\/\"]}]},{\"@type\":\"ImageObject\",\"inLanguage\":\"en-US\",\"@id\":\"https:\/\/www.cudgel.de\/produkt\/imha-tarikat-confessing-darkness-artbookcd\/#primaryimage\",\"url\":\"https:\/\/www.cudgel.de\/wp-content\/uploads\/2026\/03\/Art222641.jpg\",\"contentUrl\":\"https:\/\/www.cudgel.de\/wp-content\/uploads\/2026\/03\/Art222641.jpg\",\"width\":1000,\"height\":1000},{\"@type\":\"BreadcrumbList\",\"@id\":\"https:\/\/www.cudgel.de\/produkt\/imha-tarikat-confessing-darkness-artbookcd\/#breadcrumb\",\"itemListElement\":[{\"@type\":\"ListItem\",\"position\":1,\"name\":\"Home\",\"item\":\"https:\/\/www.cudgel.de\/en\/\"},{\"@type\":\"ListItem\",\"position\":2,\"name\":\"Shop\",\"item\":\"https:\/\/www.cudgel.de\/en\/shop\/\"},{\"@type\":\"ListItem\",\"position\":3,\"name\":\"IMHA TARIKAT &#8211; confessing darkness ArtbookCD\"}]},{\"@type\":\"WebSite\",\"@id\":\"https:\/\/www.cudgel.de\/#website\",\"url\":\"https:\/\/www.cudgel.de\/\",\"name\":\"cudgel | Der ultimative Metal Online Store\",\"description\":\"Eine weitere WordPress-Website\",\"publisher\":{\"@id\":\"https:\/\/www.cudgel.de\/#organization\"},\"potentialAction\":[{\"@type\":\"SearchAction\",\"target\":{\"@type\":\"EntryPoint\",\"urlTemplate\":\"https:\/\/www.cudgel.de\/?s={search_term_string}\"},\"query-input\":\"required name=search_term_string\"}],\"inLanguage\":\"en-US\"},{\"@type\":\"Organization\",\"@id\":\"https:\/\/www.cudgel.de\/#organization\",\"name\":\"cudgel | Der ultimative Metal Online Store\",\"url\":\"https:\/\/www.cudgel.de\/\",\"logo\":{\"@type\":\"ImageObject\",\"inLanguage\":\"en-US\",\"@id\":\"https:\/\/www.cudgel.de\/#\/schema\/logo\/image\/\",\"url\":\"https:\/\/www.cudgel.de\/wp-content\/uploads\/2024\/06\/cudgel-logo-neu-1-1400x419png.webp\",\"contentUrl\":\"https:\/\/www.cudgel.de\/wp-content\/uploads\/2024\/06\/cudgel-logo-neu-1-1400x419png.webp\",\"width\":1400,\"height\":419,\"caption\":\"cudgel | Der ultimative Metal Online Store\"},\"image\":{\"@id\":\"https:\/\/www.cudgel.de\/#\/schema\/logo\/image\/\"},\"sameAs\":[\"https:\/\/www.facebook.com\/CudgelVertrieb\"]}]}<\/script>\n<!-- \/ Yoast SEO plugin. -->","yoast_head_json":{"title":"IMHA TARIKAT - confessing darkness ArtbookCD - cudgel | Der ultimative Metal Online Store","robots":{"index":"index","follow":"follow","max-snippet":"max-snippet:-1","max-image-preview":"max-image-preview:large","max-video-preview":"max-video-preview:-1"},"canonical":"https:\/\/www.cudgel.de\/produkt\/imha-tarikat-confessing-darkness-artbookcd\/","og_locale":"en_US","og_type":"article","og_title":"IMHA TARIKAT - confessing darkness ArtbookCD - cudgel | Der ultimative Metal Online Store","og_description":"CD-Hardcover-Artbook (18&#215;18 cm, 48 Seiten) inkl. Texten, Linernotes und erweitertem Artwork und Bonustracks (500 St\u00fcck erh\u00e4ltlich) Mit ihrem vierten Album &#8220;Confessing Darkness&#8221; erweitern IMHA TARIKAT erneut alle Grenzen des Black Metal, ohne dabei die enge Verbindung zu dem harschen Stil zu verlieren. Das Genre war von Anfang an deutlich weniger eng definiert, als es eifers\u00fcchtige [...]","og_url":"https:\/\/www.cudgel.de\/produkt\/imha-tarikat-confessing-darkness-artbookcd\/","og_site_name":"cudgel | Der ultimative Metal Online Store","article_publisher":"https:\/\/www.facebook.com\/CudgelVertrieb","article_modified_time":"2026-03-03T13:20:38+00:00","twitter_card":"summary_large_image","twitter_misc":{"Est. reading time":"2 minutes"},"schema":{"@context":"https:\/\/schema.org","@graph":[{"@type":"WebPage","@id":"https:\/\/www.cudgel.de\/produkt\/imha-tarikat-confessing-darkness-artbookcd\/","url":"https:\/\/www.cudgel.de\/produkt\/imha-tarikat-confessing-darkness-artbookcd\/","name":"IMHA TARIKAT - confessing darkness ArtbookCD - cudgel | Der ultimative Metal Online Store","isPartOf":{"@id":"https:\/\/www.cudgel.de\/#website"},"primaryImageOfPage":{"@id":"https:\/\/www.cudgel.de\/produkt\/imha-tarikat-confessing-darkness-artbookcd\/#primaryimage"},"image":{"@id":"https:\/\/www.cudgel.de\/produkt\/imha-tarikat-confessing-darkness-artbookcd\/#primaryimage"},"thumbnailUrl":"https:\/\/www.cudgel.de\/wp-content\/uploads\/2026\/03\/Art222641.jpg","datePublished":"2026-03-03T13:20:37+00:00","dateModified":"2026-03-03T13:20:38+00:00","breadcrumb":{"@id":"https:\/\/www.cudgel.de\/produkt\/imha-tarikat-confessing-darkness-artbookcd\/#breadcrumb"},"inLanguage":"en-US","potentialAction":[{"@type":"ReadAction","target":["https:\/\/www.cudgel.de\/produkt\/imha-tarikat-confessing-darkness-artbookcd\/"]}]},{"@type":"ImageObject","inLanguage":"en-US","@id":"https:\/\/www.cudgel.de\/produkt\/imha-tarikat-confessing-darkness-artbookcd\/#primaryimage","url":"https:\/\/www.cudgel.de\/wp-content\/uploads\/2026\/03\/Art222641.jpg","contentUrl":"https:\/\/www.cudgel.de\/wp-content\/uploads\/2026\/03\/Art222641.jpg","width":1000,"height":1000},{"@type":"BreadcrumbList","@id":"https:\/\/www.cudgel.de\/produkt\/imha-tarikat-confessing-darkness-artbookcd\/#breadcrumb","itemListElement":[{"@type":"ListItem","position":1,"name":"Home","item":"https:\/\/www.cudgel.de\/en\/"},{"@type":"ListItem","position":2,"name":"Shop","item":"https:\/\/www.cudgel.de\/en\/shop\/"},{"@type":"ListItem","position":3,"name":"IMHA TARIKAT &#8211; confessing darkness ArtbookCD"}]},{"@type":"WebSite","@id":"https:\/\/www.cudgel.de\/#website","url":"https:\/\/www.cudgel.de\/","name":"cudgel | Der ultimative Metal Online Store","description":"Eine weitere WordPress-Website","publisher":{"@id":"https:\/\/www.cudgel.de\/#organization"},"potentialAction":[{"@type":"SearchAction","target":{"@type":"EntryPoint","urlTemplate":"https:\/\/www.cudgel.de\/?s={search_term_string}"},"query-input":"required name=search_term_string"}],"inLanguage":"en-US"},{"@type":"Organization","@id":"https:\/\/www.cudgel.de\/#organization","name":"cudgel | Der ultimative Metal Online Store","url":"https:\/\/www.cudgel.de\/","logo":{"@type":"ImageObject","inLanguage":"en-US","@id":"https:\/\/www.cudgel.de\/#\/schema\/logo\/image\/","url":"https:\/\/www.cudgel.de\/wp-content\/uploads\/2024\/06\/cudgel-logo-neu-1-1400x419png.webp","contentUrl":"https:\/\/www.cudgel.de\/wp-content\/uploads\/2024\/06\/cudgel-logo-neu-1-1400x419png.webp","width":1400,"height":419,"caption":"cudgel | Der ultimative Metal Online Store"},"image":{"@id":"https:\/\/www.cudgel.de\/#\/schema\/logo\/image\/"},"sameAs":["https:\/\/www.facebook.com\/CudgelVertrieb"]}]}},"_links":{"self":[{"href":"https:\/\/www.cudgel.de\/en\/wp-json\/wp\/v2\/product\/3102014","targetHints":{"allow":["GET"]}}],"collection":[{"href":"https:\/\/www.cudgel.de\/en\/wp-json\/wp\/v2\/product"}],"about":[{"href":"https:\/\/www.cudgel.de\/en\/wp-json\/wp\/v2\/types\/product"}],"replies":[{"embeddable":true,"href":"https:\/\/www.cudgel.de\/en\/wp-json\/wp\/v2\/comments?post=3102014"}],"wp:featuredmedia":[{"embeddable":true,"href":"https:\/\/www.cudgel.de\/en\/wp-json\/wp\/v2\/media\/3102012"}],"wp:attachment":[{"href":"https:\/\/www.cudgel.de\/en\/wp-json\/wp\/v2\/media?parent=3102014"}],"wp:term":[{"taxonomy":"product_cat","embeddable":true,"href":"https:\/\/www.cudgel.de\/en\/wp-json\/wp\/v2\/product_cat?post=3102014"},{"taxonomy":"product_tag","embeddable":true,"href":"https:\/\/www.cudgel.de\/en\/wp-json\/wp\/v2\/product_tag?post=3102014"}],"curies":[{"name":"wp","href":"https:\/\/api.w.org\/{rel}","templated":true}]}}