{"id":3102059,"date":"2026-03-03T14:21:38","date_gmt":"2026-03-03T13:21:38","guid":{"rendered":"https:\/\/www.cudgel.de\/produkt\/bonginator-retrodeath-lp-random\/"},"modified":"2026-04-18T10:00:36","modified_gmt":"2026-04-18T08:00:36","slug":"bonginator-retrodeath-lp-random","status":"publish","type":"product","link":"https:\/\/www.cudgel.de\/en\/product\/bonginator-retrodeath-lp-random\/","title":{"rendered":"BONGINATOR &#8211; retrodeath LP random"},"content":{"rendered":"<p>LP (regrind\/recycled\/zuf\u00e4llig gef\u00e4rbt), inkl. zweiseitigem Einleger, inkl. gef\u00fctterter Innenh\u00fclle und Schutzh\u00fclle <\/p>\n<p>B\u00e4ng, bumm, BONGINATOR! Das zweite Album der amerikanischen Death Metal Fanatiker ist des Wahnsinns fette Beute: &#8220;Retrodeath&#8221; markiert die Geburtsstunde eines neuen Sounds \u0096 nicht nur f\u00fcr die Band, sondern erst recht f\u00fcr das brachiale Genre. Die kiffenden Jungspunde haben \u00fcberraschend viel harte Arbeit in ihre neuen Songs gesteckt. Zumindest, falls man das monatelange Eintauchen in Action- und Horrorfilme aus den 80er Jahren sowie das Spielen vieler alter Videospiele als &#8220;Arbeit&#8221; bezeichnen m\u00f6chte. Immerhin verbrachten sie noch mehr Tage damit, s\u00e4mtliche Synthesizer der Achtziger detailliert zu recherchieren und zu emulieren, um einige ihrer Lieblingssoundtracks zu rekonstruieren. Das Ergebnis dieser Liebestaten ist ein ebenso frisches wie abgedrehtes Klangmonster. BONGINATOR haben dieses Biest durch die gezielte Kreuzung von klassischem US-Death Metal, altem Synthwave und 16-Bit Computerspiel-Sounds sorgf\u00e4ltig herangez\u00fcchtet. Als S\u00e4nger und Gitarrist Erik Thorstenn im Jahr 2021 sowohl seine Liebe zum Death Metal als auch zum Kiffen entdeckte, lie\u00df er seine Leidenschaft direkt in die Gr\u00fcndung von BONGINATOR einflie\u00dfen. Das war keineswegs als Herausforderung f\u00fcr etablierte THC-Bands wie CANNABIS CORPSE und WEEDEATER gedacht. Die Band aus dem Neuengland-Staat Massachusetts hatte von Anfang an eine klare Vision, um ihre eigenen musikalischen Ideen auszuleben. Der konzeptionelle Grundgedanke hinter der verr\u00fcckten Welt von BONGINATOR dreht sich um einen Haufen Kiffer-Kids, die es mit einer Horde blutd\u00fcrstiger Aliens aufnehmen, um sich dann auf einen intergalaktischen Roadtrip in die dunkelsten Ecken des Universums zu begeben. Trotz eines prall gef\u00fcllten Tourkalenders haben BONGINATOR dennoch die Zeit gefunden, um mit &#8220;Retrodeath&#8221; einen neuen Meilenstein in ihrer rasant ansteigenden Karriere einzum\u00f6rteln. Mit Volldampf in der Bong voraus!<\/p>\n<p><strong>Tracks:<\/strong><\/p>\n<ol class=\"tracklisting\">\n<li>Sequence Initiation (Intro)<\/li>\n<li>All We Really Are Is Livestock<\/li>\n<li>All Cops Are Biomechs<\/li>\n<li>Pizza Time<\/li>\n<li>The Fog Interlude<\/li>\n<li>The Fog<\/li>\n<li>Short Ass Bus<\/li>\n<li>Lunk Alarm<\/li>\n<li>Intruder Organism Interlude<\/li>\n<li>Intruder Organism<\/li>\n<li>Who Let the \u0093Things\u0094 (1989) Out<\/li>\n<li>Outro<\/li>\n<\/ol>\n<p><strong>Genres:<\/strong> Death Metal, Hardcore, Thrash Metal<\/p>\n<p><strong>GPSR Information:<\/strong><br \/>Manufacturer:<br \/>\nWeltnetz S.\u00e0r.l. \/ Testimony Records<br \/>\n40-42 Grand Rue, 6630 Wasserbillig, Luxemburg<br \/>\npost(at)spkr.media<\/p>\n","protected":false},"excerpt":{"rendered":"<p>LP (regrind\/recycled\/zuf\u00e4llig gef\u00e4rbt), inkl. zweiseitigem Einleger, inkl. gef\u00fctterter Innenh\u00fclle und Schutzh\u00fclle B\u00e4ng, bumm, BONGINATOR! Das zweite Album der amerikanischen Death Metal Fanatiker ist des Wahnsinns fette Beute: &#8220;Retrodeath&#8221; markiert die Geburtsstunde eines neuen Sounds \u0096 nicht nur f\u00fcr die Band, sondern erst recht f\u00fcr das brachiale Genre. Die kiffenden Jungspunde haben \u00fcberraschend viel harte Arbeit [&#8230;]\n","protected":false},"featured_media":0,"comment_status":"open","ping_status":"closed","template":"","meta":[],"product_cat":[431],"product_tag":[],"class_list":{"0":"post-3102059","1":"product","2":"type-product","3":"status-publish","5":"product_cat-vinyl-b","6":"pa_band-bonginator","7":"pa_productgenre-death-metal","8":"pa_productgenre-hardcore","9":"pa_productgenre-thrash-metal","10":"pa_productlabel-testimony-records","12":"first","13":"outofstock","14":"taxable","15":"shipping-taxable","16":"purchasable","17":"product-type-simple"},"yoast_head":"<!-- This site is optimized with the Yoast SEO plugin v22.9 - https:\/\/yoast.com\/wordpress\/plugins\/seo\/ -->\n<title>BONGINATOR - retrodeath LP random - cudgel | Der ultimative Metal Online Store<\/title>\n<meta name=\"robots\" content=\"index, follow, max-snippet:-1, max-image-preview:large, max-video-preview:-1\" \/>\n<link rel=\"canonical\" href=\"https:\/\/www.cudgel.de\/produkt\/bonginator-retrodeath-lp-random\/\" \/>\n<meta property=\"og:locale\" content=\"en_US\" \/>\n<meta property=\"og:type\" content=\"article\" \/>\n<meta property=\"og:title\" content=\"BONGINATOR - retrodeath LP random - cudgel | Der ultimative Metal Online Store\" \/>\n<meta property=\"og:description\" content=\"LP (regrind\/recycled\/zuf\u00e4llig gef\u00e4rbt), inkl. zweiseitigem Einleger, inkl. gef\u00fctterter Innenh\u00fclle und Schutzh\u00fclle B\u00e4ng, bumm, BONGINATOR! Das zweite Album der amerikanischen Death Metal Fanatiker ist des Wahnsinns fette Beute: &#8220;Retrodeath&#8221; markiert die Geburtsstunde eines neuen Sounds \u0096 nicht nur f\u00fcr die Band, sondern erst recht f\u00fcr das brachiale Genre. Die kiffenden Jungspunde haben \u00fcberraschend viel harte Arbeit [...]\" \/>\n<meta property=\"og:url\" content=\"https:\/\/www.cudgel.de\/produkt\/bonginator-retrodeath-lp-random\/\" \/>\n<meta property=\"og:site_name\" content=\"cudgel | Der ultimative Metal Online Store\" \/>\n<meta property=\"article:publisher\" content=\"https:\/\/www.facebook.com\/CudgelVertrieb\" \/>\n<meta property=\"article:modified_time\" content=\"2026-04-18T08:00:36+00:00\" \/>\n<meta property=\"og:image\" content=\"https:\/\/www.cudgel.de\/wp-content\/uploads\/2026\/03\/Art111064.jpg\" \/>\n\t<meta property=\"og:image:width\" content=\"1000\" \/>\n\t<meta property=\"og:image:height\" content=\"1000\" \/>\n\t<meta property=\"og:image:type\" content=\"image\/jpeg\" \/>\n<meta name=\"twitter:card\" content=\"summary_large_image\" \/>\n<meta name=\"twitter:label1\" content=\"Est. reading time\" \/>\n\t<meta name=\"twitter:data1\" content=\"2 minutes\" \/>\n<script type=\"application\/ld+json\" class=\"yoast-schema-graph\">{\"@context\":\"https:\/\/schema.org\",\"@graph\":[{\"@type\":\"WebPage\",\"@id\":\"https:\/\/www.cudgel.de\/produkt\/bonginator-retrodeath-lp-random\/\",\"url\":\"https:\/\/www.cudgel.de\/produkt\/bonginator-retrodeath-lp-random\/\",\"name\":\"BONGINATOR - retrodeath LP random - cudgel | Der ultimative Metal Online Store\",\"isPartOf\":{\"@id\":\"https:\/\/www.cudgel.de\/#website\"},\"datePublished\":\"2026-03-03T13:21:38+00:00\",\"dateModified\":\"2026-04-18T08:00:36+00:00\",\"breadcrumb\":{\"@id\":\"https:\/\/www.cudgel.de\/produkt\/bonginator-retrodeath-lp-random\/#breadcrumb\"},\"inLanguage\":\"en-US\",\"potentialAction\":[{\"@type\":\"ReadAction\",\"target\":[\"https:\/\/www.cudgel.de\/produkt\/bonginator-retrodeath-lp-random\/\"]}]},{\"@type\":\"BreadcrumbList\",\"@id\":\"https:\/\/www.cudgel.de\/produkt\/bonginator-retrodeath-lp-random\/#breadcrumb\",\"itemListElement\":[{\"@type\":\"ListItem\",\"position\":1,\"name\":\"Home\",\"item\":\"https:\/\/www.cudgel.de\/en\/\"},{\"@type\":\"ListItem\",\"position\":2,\"name\":\"Shop\",\"item\":\"https:\/\/www.cudgel.de\/en\/shop\/\"},{\"@type\":\"ListItem\",\"position\":3,\"name\":\"BONGINATOR &#8211; retrodeath LP random\"}]},{\"@type\":\"WebSite\",\"@id\":\"https:\/\/www.cudgel.de\/#website\",\"url\":\"https:\/\/www.cudgel.de\/\",\"name\":\"cudgel | Der ultimative Metal Online Store\",\"description\":\"Eine weitere WordPress-Website\",\"publisher\":{\"@id\":\"https:\/\/www.cudgel.de\/#organization\"},\"potentialAction\":[{\"@type\":\"SearchAction\",\"target\":{\"@type\":\"EntryPoint\",\"urlTemplate\":\"https:\/\/www.cudgel.de\/?s={search_term_string}\"},\"query-input\":\"required name=search_term_string\"}],\"inLanguage\":\"en-US\"},{\"@type\":\"Organization\",\"@id\":\"https:\/\/www.cudgel.de\/#organization\",\"name\":\"cudgel | Der ultimative Metal Online Store\",\"url\":\"https:\/\/www.cudgel.de\/\",\"logo\":{\"@type\":\"ImageObject\",\"inLanguage\":\"en-US\",\"@id\":\"https:\/\/www.cudgel.de\/#\/schema\/logo\/image\/\",\"url\":\"https:\/\/www.cudgel.de\/wp-content\/uploads\/2024\/06\/cudgel-logo-neu-1-1400x419png.webp\",\"contentUrl\":\"https:\/\/www.cudgel.de\/wp-content\/uploads\/2024\/06\/cudgel-logo-neu-1-1400x419png.webp\",\"width\":1400,\"height\":419,\"caption\":\"cudgel | Der ultimative Metal Online Store\"},\"image\":{\"@id\":\"https:\/\/www.cudgel.de\/#\/schema\/logo\/image\/\"},\"sameAs\":[\"https:\/\/www.facebook.com\/CudgelVertrieb\"]}]}<\/script>\n<!-- \/ Yoast SEO plugin. -->","yoast_head_json":{"title":"BONGINATOR - retrodeath LP random - cudgel | Der ultimative Metal Online Store","robots":{"index":"index","follow":"follow","max-snippet":"max-snippet:-1","max-image-preview":"max-image-preview:large","max-video-preview":"max-video-preview:-1"},"canonical":"https:\/\/www.cudgel.de\/produkt\/bonginator-retrodeath-lp-random\/","og_locale":"en_US","og_type":"article","og_title":"BONGINATOR - retrodeath LP random - cudgel | Der ultimative Metal Online Store","og_description":"LP (regrind\/recycled\/zuf\u00e4llig gef\u00e4rbt), inkl. zweiseitigem Einleger, inkl. gef\u00fctterter Innenh\u00fclle und Schutzh\u00fclle B\u00e4ng, bumm, BONGINATOR! Das zweite Album der amerikanischen Death Metal Fanatiker ist des Wahnsinns fette Beute: &#8220;Retrodeath&#8221; markiert die Geburtsstunde eines neuen Sounds \u0096 nicht nur f\u00fcr die Band, sondern erst recht f\u00fcr das brachiale Genre. Die kiffenden Jungspunde haben \u00fcberraschend viel harte Arbeit [...]","og_url":"https:\/\/www.cudgel.de\/produkt\/bonginator-retrodeath-lp-random\/","og_site_name":"cudgel | Der ultimative Metal Online Store","article_publisher":"https:\/\/www.facebook.com\/CudgelVertrieb","article_modified_time":"2026-04-18T08:00:36+00:00","og_image":[{"width":1000,"height":1000,"url":"https:\/\/www.cudgel.de\/wp-content\/uploads\/2026\/03\/Art111064.jpg","type":"image\/jpeg"}],"twitter_card":"summary_large_image","twitter_misc":{"Est. reading time":"2 minutes"},"schema":{"@context":"https:\/\/schema.org","@graph":[{"@type":"WebPage","@id":"https:\/\/www.cudgel.de\/produkt\/bonginator-retrodeath-lp-random\/","url":"https:\/\/www.cudgel.de\/produkt\/bonginator-retrodeath-lp-random\/","name":"BONGINATOR - retrodeath LP random - cudgel | Der ultimative Metal Online Store","isPartOf":{"@id":"https:\/\/www.cudgel.de\/#website"},"datePublished":"2026-03-03T13:21:38+00:00","dateModified":"2026-04-18T08:00:36+00:00","breadcrumb":{"@id":"https:\/\/www.cudgel.de\/produkt\/bonginator-retrodeath-lp-random\/#breadcrumb"},"inLanguage":"en-US","potentialAction":[{"@type":"ReadAction","target":["https:\/\/www.cudgel.de\/produkt\/bonginator-retrodeath-lp-random\/"]}]},{"@type":"BreadcrumbList","@id":"https:\/\/www.cudgel.de\/produkt\/bonginator-retrodeath-lp-random\/#breadcrumb","itemListElement":[{"@type":"ListItem","position":1,"name":"Home","item":"https:\/\/www.cudgel.de\/en\/"},{"@type":"ListItem","position":2,"name":"Shop","item":"https:\/\/www.cudgel.de\/en\/shop\/"},{"@type":"ListItem","position":3,"name":"BONGINATOR &#8211; retrodeath LP random"}]},{"@type":"WebSite","@id":"https:\/\/www.cudgel.de\/#website","url":"https:\/\/www.cudgel.de\/","name":"cudgel | Der ultimative Metal Online Store","description":"Eine weitere WordPress-Website","publisher":{"@id":"https:\/\/www.cudgel.de\/#organization"},"potentialAction":[{"@type":"SearchAction","target":{"@type":"EntryPoint","urlTemplate":"https:\/\/www.cudgel.de\/?s={search_term_string}"},"query-input":"required name=search_term_string"}],"inLanguage":"en-US"},{"@type":"Organization","@id":"https:\/\/www.cudgel.de\/#organization","name":"cudgel | Der ultimative Metal Online Store","url":"https:\/\/www.cudgel.de\/","logo":{"@type":"ImageObject","inLanguage":"en-US","@id":"https:\/\/www.cudgel.de\/#\/schema\/logo\/image\/","url":"https:\/\/www.cudgel.de\/wp-content\/uploads\/2024\/06\/cudgel-logo-neu-1-1400x419png.webp","contentUrl":"https:\/\/www.cudgel.de\/wp-content\/uploads\/2024\/06\/cudgel-logo-neu-1-1400x419png.webp","width":1400,"height":419,"caption":"cudgel | Der ultimative Metal Online Store"},"image":{"@id":"https:\/\/www.cudgel.de\/#\/schema\/logo\/image\/"},"sameAs":["https:\/\/www.facebook.com\/CudgelVertrieb"]}]}},"_links":{"self":[{"href":"https:\/\/www.cudgel.de\/en\/wp-json\/wp\/v2\/product\/3102059","targetHints":{"allow":["GET"]}}],"collection":[{"href":"https:\/\/www.cudgel.de\/en\/wp-json\/wp\/v2\/product"}],"about":[{"href":"https:\/\/www.cudgel.de\/en\/wp-json\/wp\/v2\/types\/product"}],"replies":[{"embeddable":true,"href":"https:\/\/www.cudgel.de\/en\/wp-json\/wp\/v2\/comments?post=3102059"}],"wp:attachment":[{"href":"https:\/\/www.cudgel.de\/en\/wp-json\/wp\/v2\/media?parent=3102059"}],"wp:term":[{"taxonomy":"product_cat","embeddable":true,"href":"https:\/\/www.cudgel.de\/en\/wp-json\/wp\/v2\/product_cat?post=3102059"},{"taxonomy":"product_tag","embeddable":true,"href":"https:\/\/www.cudgel.de\/en\/wp-json\/wp\/v2\/product_tag?post=3102059"}],"curies":[{"name":"wp","href":"https:\/\/api.w.org\/{rel}","templated":true}]}}