{"id":3127758,"date":"2026-03-13T15:37:37","date_gmt":"2026-03-13T14:37:37","guid":{"rendered":"https:\/\/www.cudgel.de\/produkt\/vital-remains-forever-underground-cd\/"},"modified":"2026-03-13T15:37:39","modified_gmt":"2026-03-13T14:37:39","slug":"vital-remains-forever-underground-cd","status":"publish","type":"product","link":"https:\/\/www.cudgel.de\/en\/product\/vital-remains-forever-underground-cd\/","title":{"rendered":"VITAL REMAINS &#8211; forever underground CD"},"content":{"rendered":"<p>3rd album of ungodly death obsessed terror from the us kings of blasphemic evil art-43min of unholy brutality!<\/p>\n<p>das 3te album voll gottlosem, vom tod besessenem terror des us amerikanischen k\u00f6nige der teuflisch blasphemische n k\u00fcnste &#8211; 43 minuten unheilige brutalit\u00e4t<\/p>\n<p><strong>Tracks:<\/strong><\/p>\n<ol class=\"tracklisting\">\n<li>Forever Underground<\/li>\n<li>Battle Ground<\/li>\n<li>I Am God<\/li>\n<li>Farewell to the Messiah<\/li>\n<li>Eastern Journey<\/li>\n<li>Divine in Fire<\/li>\n<\/ol>\n<p><strong>Genres:<\/strong> Death Metal<\/p>\n<p> <strong>Label:<\/strong> Osmose Productions<\/p>\n<p> <strong>Erscheinungsjahr:<\/strong> 2020<\/p>\n<p> <strong>K\u00fcnstler:<\/strong> VITAL REMAINS<\/p>\n<p> <strong>Spieldauer:<\/strong> 42:37<\/p>\n<p> <strong>Format:<\/strong> CD<\/p>\n<p> <strong>EAN:<\/strong> 4001617202524<\/p>\n<p><strong>GPSR Information:<\/strong><br \/>Manufacturer:<br \/>\nOSMOSE PRODUCTIONS<br \/>\n1272 Rue Nationale<br \/>\n62140 Bouin-Plumoison, France<br \/>\nosmose(at)osmoseproductions.com<\/p>\n","protected":false},"excerpt":{"rendered":"<p>3rd album of ungodly death obsessed terror from the us kings of blasphemic evil art-43min of unholy brutality! das 3te album voll gottlosem, vom tod besessenem terror des us amerikanischen k\u00f6nige der teuflisch blasphemische n k\u00fcnste &#8211; 43 minuten unheilige brutalit\u00e4t Tracks: Forever Underground Battle Ground I Am God Farewell to the Messiah Eastern Journey [&#8230;]\n","protected":false},"featured_media":3127756,"comment_status":"open","ping_status":"closed","template":"","meta":[],"product_cat":[465],"product_tag":[],"class_list":{"0":"post-3127758","1":"product","2":"type-product","3":"status-publish","4":"has-post-thumbnail","6":"product_cat-cd-v","7":"pa_band-vital-remains","8":"pa_productgenre-death-metal","9":"pa_productlabel-osmose-productions","11":"first","12":"instock","13":"taxable","14":"shipping-taxable","15":"purchasable","16":"product-type-simple"},"yoast_head":"<!-- This site is optimized with the Yoast SEO plugin v22.9 - https:\/\/yoast.com\/wordpress\/plugins\/seo\/ -->\n<title>VITAL REMAINS - forever underground CD - cudgel | Der ultimative Metal Online Store<\/title>\n<meta name=\"robots\" content=\"index, follow, max-snippet:-1, max-image-preview:large, max-video-preview:-1\" \/>\n<link rel=\"canonical\" href=\"https:\/\/www.cudgel.de\/produkt\/vital-remains-forever-underground-cd\/\" \/>\n<meta property=\"og:locale\" content=\"en_US\" \/>\n<meta property=\"og:type\" content=\"article\" \/>\n<meta property=\"og:title\" content=\"VITAL REMAINS - forever underground CD - cudgel | Der ultimative Metal Online Store\" \/>\n<meta property=\"og:description\" content=\"3rd album of ungodly death obsessed terror from the us kings of blasphemic evil art-43min of unholy brutality! das 3te album voll gottlosem, vom tod besessenem terror des us amerikanischen k\u00f6nige der teuflisch blasphemische n k\u00fcnste &#8211; 43 minuten unheilige brutalit\u00e4t Tracks: Forever Underground Battle Ground I Am God Farewell to the Messiah Eastern Journey [...]\" \/>\n<meta property=\"og:url\" content=\"https:\/\/www.cudgel.de\/produkt\/vital-remains-forever-underground-cd\/\" \/>\n<meta property=\"og:site_name\" content=\"cudgel | Der ultimative Metal Online Store\" \/>\n<meta property=\"article:publisher\" content=\"https:\/\/www.facebook.com\/CudgelVertrieb\" \/>\n<meta property=\"article:modified_time\" content=\"2026-03-13T14:37:39+00:00\" \/>\n<meta name=\"twitter:card\" content=\"summary_large_image\" \/>\n<script type=\"application\/ld+json\" class=\"yoast-schema-graph\">{\"@context\":\"https:\/\/schema.org\",\"@graph\":[{\"@type\":\"WebPage\",\"@id\":\"https:\/\/www.cudgel.de\/produkt\/vital-remains-forever-underground-cd\/\",\"url\":\"https:\/\/www.cudgel.de\/produkt\/vital-remains-forever-underground-cd\/\",\"name\":\"VITAL REMAINS - forever underground CD - cudgel | Der ultimative Metal Online Store\",\"isPartOf\":{\"@id\":\"https:\/\/www.cudgel.de\/#website\"},\"primaryImageOfPage\":{\"@id\":\"https:\/\/www.cudgel.de\/produkt\/vital-remains-forever-underground-cd\/#primaryimage\"},\"image\":{\"@id\":\"https:\/\/www.cudgel.de\/produkt\/vital-remains-forever-underground-cd\/#primaryimage\"},\"thumbnailUrl\":\"https:\/\/www.cudgel.de\/wp-content\/uploads\/2026\/03\/Art203932.jpg\",\"datePublished\":\"2026-03-13T14:37:37+00:00\",\"dateModified\":\"2026-03-13T14:37:39+00:00\",\"breadcrumb\":{\"@id\":\"https:\/\/www.cudgel.de\/produkt\/vital-remains-forever-underground-cd\/#breadcrumb\"},\"inLanguage\":\"en-US\",\"potentialAction\":[{\"@type\":\"ReadAction\",\"target\":[\"https:\/\/www.cudgel.de\/produkt\/vital-remains-forever-underground-cd\/\"]}]},{\"@type\":\"ImageObject\",\"inLanguage\":\"en-US\",\"@id\":\"https:\/\/www.cudgel.de\/produkt\/vital-remains-forever-underground-cd\/#primaryimage\",\"url\":\"https:\/\/www.cudgel.de\/wp-content\/uploads\/2026\/03\/Art203932.jpg\",\"contentUrl\":\"https:\/\/www.cudgel.de\/wp-content\/uploads\/2026\/03\/Art203932.jpg\",\"width\":1000,\"height\":1000},{\"@type\":\"BreadcrumbList\",\"@id\":\"https:\/\/www.cudgel.de\/produkt\/vital-remains-forever-underground-cd\/#breadcrumb\",\"itemListElement\":[{\"@type\":\"ListItem\",\"position\":1,\"name\":\"Home\",\"item\":\"https:\/\/www.cudgel.de\/en\/\"},{\"@type\":\"ListItem\",\"position\":2,\"name\":\"Shop\",\"item\":\"https:\/\/www.cudgel.de\/en\/shop\/\"},{\"@type\":\"ListItem\",\"position\":3,\"name\":\"VITAL REMAINS &#8211; forever underground CD\"}]},{\"@type\":\"WebSite\",\"@id\":\"https:\/\/www.cudgel.de\/#website\",\"url\":\"https:\/\/www.cudgel.de\/\",\"name\":\"cudgel | Der ultimative Metal Online Store\",\"description\":\"Eine weitere WordPress-Website\",\"publisher\":{\"@id\":\"https:\/\/www.cudgel.de\/#organization\"},\"potentialAction\":[{\"@type\":\"SearchAction\",\"target\":{\"@type\":\"EntryPoint\",\"urlTemplate\":\"https:\/\/www.cudgel.de\/?s={search_term_string}\"},\"query-input\":\"required name=search_term_string\"}],\"inLanguage\":\"en-US\"},{\"@type\":\"Organization\",\"@id\":\"https:\/\/www.cudgel.de\/#organization\",\"name\":\"cudgel | Der ultimative Metal Online Store\",\"url\":\"https:\/\/www.cudgel.de\/\",\"logo\":{\"@type\":\"ImageObject\",\"inLanguage\":\"en-US\",\"@id\":\"https:\/\/www.cudgel.de\/#\/schema\/logo\/image\/\",\"url\":\"https:\/\/www.cudgel.de\/wp-content\/uploads\/2024\/06\/cudgel-logo-neu-1-1400x419png.webp\",\"contentUrl\":\"https:\/\/www.cudgel.de\/wp-content\/uploads\/2024\/06\/cudgel-logo-neu-1-1400x419png.webp\",\"width\":1400,\"height\":419,\"caption\":\"cudgel | Der ultimative Metal Online Store\"},\"image\":{\"@id\":\"https:\/\/www.cudgel.de\/#\/schema\/logo\/image\/\"},\"sameAs\":[\"https:\/\/www.facebook.com\/CudgelVertrieb\"]}]}<\/script>\n<!-- \/ Yoast SEO plugin. -->","yoast_head_json":{"title":"VITAL REMAINS - forever underground CD - cudgel | Der ultimative Metal Online Store","robots":{"index":"index","follow":"follow","max-snippet":"max-snippet:-1","max-image-preview":"max-image-preview:large","max-video-preview":"max-video-preview:-1"},"canonical":"https:\/\/www.cudgel.de\/produkt\/vital-remains-forever-underground-cd\/","og_locale":"en_US","og_type":"article","og_title":"VITAL REMAINS - forever underground CD - cudgel | Der ultimative Metal Online Store","og_description":"3rd album of ungodly death obsessed terror from the us kings of blasphemic evil art-43min of unholy brutality! das 3te album voll gottlosem, vom tod besessenem terror des us amerikanischen k\u00f6nige der teuflisch blasphemische n k\u00fcnste &#8211; 43 minuten unheilige brutalit\u00e4t Tracks: Forever Underground Battle Ground I Am God Farewell to the Messiah Eastern Journey [...]","og_url":"https:\/\/www.cudgel.de\/produkt\/vital-remains-forever-underground-cd\/","og_site_name":"cudgel | Der ultimative Metal Online Store","article_publisher":"https:\/\/www.facebook.com\/CudgelVertrieb","article_modified_time":"2026-03-13T14:37:39+00:00","twitter_card":"summary_large_image","schema":{"@context":"https:\/\/schema.org","@graph":[{"@type":"WebPage","@id":"https:\/\/www.cudgel.de\/produkt\/vital-remains-forever-underground-cd\/","url":"https:\/\/www.cudgel.de\/produkt\/vital-remains-forever-underground-cd\/","name":"VITAL REMAINS - forever underground CD - cudgel | Der ultimative Metal Online Store","isPartOf":{"@id":"https:\/\/www.cudgel.de\/#website"},"primaryImageOfPage":{"@id":"https:\/\/www.cudgel.de\/produkt\/vital-remains-forever-underground-cd\/#primaryimage"},"image":{"@id":"https:\/\/www.cudgel.de\/produkt\/vital-remains-forever-underground-cd\/#primaryimage"},"thumbnailUrl":"https:\/\/www.cudgel.de\/wp-content\/uploads\/2026\/03\/Art203932.jpg","datePublished":"2026-03-13T14:37:37+00:00","dateModified":"2026-03-13T14:37:39+00:00","breadcrumb":{"@id":"https:\/\/www.cudgel.de\/produkt\/vital-remains-forever-underground-cd\/#breadcrumb"},"inLanguage":"en-US","potentialAction":[{"@type":"ReadAction","target":["https:\/\/www.cudgel.de\/produkt\/vital-remains-forever-underground-cd\/"]}]},{"@type":"ImageObject","inLanguage":"en-US","@id":"https:\/\/www.cudgel.de\/produkt\/vital-remains-forever-underground-cd\/#primaryimage","url":"https:\/\/www.cudgel.de\/wp-content\/uploads\/2026\/03\/Art203932.jpg","contentUrl":"https:\/\/www.cudgel.de\/wp-content\/uploads\/2026\/03\/Art203932.jpg","width":1000,"height":1000},{"@type":"BreadcrumbList","@id":"https:\/\/www.cudgel.de\/produkt\/vital-remains-forever-underground-cd\/#breadcrumb","itemListElement":[{"@type":"ListItem","position":1,"name":"Home","item":"https:\/\/www.cudgel.de\/en\/"},{"@type":"ListItem","position":2,"name":"Shop","item":"https:\/\/www.cudgel.de\/en\/shop\/"},{"@type":"ListItem","position":3,"name":"VITAL REMAINS &#8211; forever underground CD"}]},{"@type":"WebSite","@id":"https:\/\/www.cudgel.de\/#website","url":"https:\/\/www.cudgel.de\/","name":"cudgel | Der ultimative Metal Online Store","description":"Eine weitere WordPress-Website","publisher":{"@id":"https:\/\/www.cudgel.de\/#organization"},"potentialAction":[{"@type":"SearchAction","target":{"@type":"EntryPoint","urlTemplate":"https:\/\/www.cudgel.de\/?s={search_term_string}"},"query-input":"required name=search_term_string"}],"inLanguage":"en-US"},{"@type":"Organization","@id":"https:\/\/www.cudgel.de\/#organization","name":"cudgel | Der ultimative Metal Online Store","url":"https:\/\/www.cudgel.de\/","logo":{"@type":"ImageObject","inLanguage":"en-US","@id":"https:\/\/www.cudgel.de\/#\/schema\/logo\/image\/","url":"https:\/\/www.cudgel.de\/wp-content\/uploads\/2024\/06\/cudgel-logo-neu-1-1400x419png.webp","contentUrl":"https:\/\/www.cudgel.de\/wp-content\/uploads\/2024\/06\/cudgel-logo-neu-1-1400x419png.webp","width":1400,"height":419,"caption":"cudgel | Der ultimative Metal Online Store"},"image":{"@id":"https:\/\/www.cudgel.de\/#\/schema\/logo\/image\/"},"sameAs":["https:\/\/www.facebook.com\/CudgelVertrieb"]}]}},"_links":{"self":[{"href":"https:\/\/www.cudgel.de\/en\/wp-json\/wp\/v2\/product\/3127758","targetHints":{"allow":["GET"]}}],"collection":[{"href":"https:\/\/www.cudgel.de\/en\/wp-json\/wp\/v2\/product"}],"about":[{"href":"https:\/\/www.cudgel.de\/en\/wp-json\/wp\/v2\/types\/product"}],"replies":[{"embeddable":true,"href":"https:\/\/www.cudgel.de\/en\/wp-json\/wp\/v2\/comments?post=3127758"}],"wp:featuredmedia":[{"embeddable":true,"href":"https:\/\/www.cudgel.de\/en\/wp-json\/wp\/v2\/media\/3127756"}],"wp:attachment":[{"href":"https:\/\/www.cudgel.de\/en\/wp-json\/wp\/v2\/media?parent=3127758"}],"wp:term":[{"taxonomy":"product_cat","embeddable":true,"href":"https:\/\/www.cudgel.de\/en\/wp-json\/wp\/v2\/product_cat?post=3127758"},{"taxonomy":"product_tag","embeddable":true,"href":"https:\/\/www.cudgel.de\/en\/wp-json\/wp\/v2\/product_tag?post=3127758"}],"curies":[{"name":"wp","href":"https:\/\/api.w.org\/{rel}","templated":true}]}}