{"id":3141168,"date":"2026-03-20T15:18:49","date_gmt":"2026-03-20T14:18:49","guid":{"rendered":"https:\/\/www.cudgel.de\/produkt\/summoning-death-one-step-beyond-cd\/"},"modified":"2026-03-24T09:24:05","modified_gmt":"2026-03-24T08:24:05","slug":"summoning-death-one-step-beyond-cd","status":"publish","type":"product","link":"https:\/\/www.cudgel.de\/en\/product\/summoning-death-one-step-beyond-cd\/","title":{"rendered":"SUMMONING DEATH &#8211; one step beyond CD"},"content":{"rendered":"<p>great horror infested ancient death metal from mexico, impressive stuff for fans of early 90s finnish death metal<\/p>\n<p>gro\u00dfartiger horror verseuchter death metal der alten schule aus mexiko, beeindruckender kram f\u00fcr anh\u00e4nger des fr\u00fch90er deathmetals aus finnland<\/p>\n<p><strong>Tracks:<\/strong><\/p>\n<ol class=\"tracklisting\">\n<li>The Devils Laughter<\/li>\n<li>Make Me Not a Witch<\/li>\n<li>The Bride Possessed<\/li>\n<li>Night of the Kill<\/li>\n<li>The Mask<\/li>\n<li>House of the Dead<\/li>\n<li>The Image of the Death<\/li>\n<li>The Storm<\/li>\n<li>Silence of the Centuries (Depravity cover)<\/li>\n<\/ol>\n<p><strong>Genres:<\/strong> Death Metal<\/p>\n<p> <strong>Label:<\/strong> Chaos Records<\/p>\n<p> <strong>Erscheinungsjahr:<\/strong> 2020<\/p>\n<p> <strong>K\u00fcnstler:<\/strong> SUMMONING DEATH<\/p>\n<p> <strong>Spieldauer:<\/strong> 51:06<\/p>\n<p> <strong>Format:<\/strong> CD<\/p>\n<p> <strong>EAN:<\/strong> &#8211;<\/p>\n<p><strong>GPSR Information:<\/strong><br \/>Importeur:<br \/>\nParty.San GmbH<br \/>\nSchwanseestra\u00dfe 20<br \/>\n99423 Weimar, Germany<br \/>\nshop@cudgel.de<\/p>\n","protected":false},"excerpt":{"rendered":"<p>great horror infested ancient death metal from mexico, impressive stuff for fans of early 90s finnish death metal gro\u00dfartiger horror verseuchter death metal der alten schule aus mexiko, beeindruckender kram f\u00fcr anh\u00e4nger des fr\u00fch90er deathmetals aus finnland Tracks: The Devils Laughter Make Me Not a Witch The Bride Possessed Night of the Kill The Mask [&#8230;]\n","protected":false},"featured_media":3141166,"comment_status":"open","ping_status":"closed","template":"","meta":[],"product_cat":[462],"product_tag":[],"class_list":{"0":"post-3141168","1":"product","2":"type-product","3":"status-publish","4":"has-post-thumbnail","6":"product_cat-cd-s","7":"pa_band-summoning-death","8":"pa_productgenre-death-metal","9":"pa_productlabel-chaos-records","11":"first","12":"instock","13":"taxable","14":"shipping-taxable","15":"purchasable","16":"product-type-simple"},"yoast_head":"<!-- This site is optimized with the Yoast SEO plugin v22.9 - https:\/\/yoast.com\/wordpress\/plugins\/seo\/ -->\n<title>SUMMONING DEATH - one step beyond CD - cudgel | Der ultimative Metal Online Store<\/title>\n<meta name=\"robots\" content=\"index, follow, max-snippet:-1, max-image-preview:large, max-video-preview:-1\" \/>\n<link rel=\"canonical\" href=\"https:\/\/www.cudgel.de\/produkt\/summoning-death-one-step-beyond-cd\/\" \/>\n<meta property=\"og:locale\" content=\"en_US\" \/>\n<meta property=\"og:type\" content=\"article\" \/>\n<meta property=\"og:title\" content=\"SUMMONING DEATH - one step beyond CD - cudgel | Der ultimative Metal Online Store\" \/>\n<meta property=\"og:description\" content=\"great horror infested ancient death metal from mexico, impressive stuff for fans of early 90s finnish death metal gro\u00dfartiger horror verseuchter death metal der alten schule aus mexiko, beeindruckender kram f\u00fcr anh\u00e4nger des fr\u00fch90er deathmetals aus finnland Tracks: The Devils Laughter Make Me Not a Witch The Bride Possessed Night of the Kill The Mask [...]\" \/>\n<meta property=\"og:url\" content=\"https:\/\/www.cudgel.de\/produkt\/summoning-death-one-step-beyond-cd\/\" \/>\n<meta property=\"og:site_name\" content=\"cudgel | Der ultimative Metal Online Store\" \/>\n<meta property=\"article:publisher\" content=\"https:\/\/www.facebook.com\/CudgelVertrieb\" \/>\n<meta property=\"article:modified_time\" content=\"2026-03-24T08:24:05+00:00\" \/>\n<meta property=\"og:image\" content=\"https:\/\/www.cudgel.de\/wp-content\/uploads\/2026\/03\/Art219218.jpg\" \/>\n\t<meta property=\"og:image:width\" content=\"1000\" \/>\n\t<meta property=\"og:image:height\" content=\"1000\" \/>\n\t<meta property=\"og:image:type\" content=\"image\/jpeg\" \/>\n<meta name=\"twitter:card\" content=\"summary_large_image\" \/>\n<script type=\"application\/ld+json\" class=\"yoast-schema-graph\">{\"@context\":\"https:\/\/schema.org\",\"@graph\":[{\"@type\":\"WebPage\",\"@id\":\"https:\/\/www.cudgel.de\/produkt\/summoning-death-one-step-beyond-cd\/\",\"url\":\"https:\/\/www.cudgel.de\/produkt\/summoning-death-one-step-beyond-cd\/\",\"name\":\"SUMMONING DEATH - one step beyond CD - cudgel | Der ultimative Metal Online Store\",\"isPartOf\":{\"@id\":\"https:\/\/www.cudgel.de\/#website\"},\"primaryImageOfPage\":{\"@id\":\"https:\/\/www.cudgel.de\/produkt\/summoning-death-one-step-beyond-cd\/#primaryimage\"},\"image\":{\"@id\":\"https:\/\/www.cudgel.de\/produkt\/summoning-death-one-step-beyond-cd\/#primaryimage\"},\"thumbnailUrl\":\"https:\/\/www.cudgel.de\/wp-content\/uploads\/2026\/03\/Art219218.jpg\",\"datePublished\":\"2026-03-20T14:18:49+00:00\",\"dateModified\":\"2026-03-24T08:24:05+00:00\",\"breadcrumb\":{\"@id\":\"https:\/\/www.cudgel.de\/produkt\/summoning-death-one-step-beyond-cd\/#breadcrumb\"},\"inLanguage\":\"en-US\",\"potentialAction\":[{\"@type\":\"ReadAction\",\"target\":[\"https:\/\/www.cudgel.de\/produkt\/summoning-death-one-step-beyond-cd\/\"]}]},{\"@type\":\"ImageObject\",\"inLanguage\":\"en-US\",\"@id\":\"https:\/\/www.cudgel.de\/produkt\/summoning-death-one-step-beyond-cd\/#primaryimage\",\"url\":\"https:\/\/www.cudgel.de\/wp-content\/uploads\/2026\/03\/Art219218.jpg\",\"contentUrl\":\"https:\/\/www.cudgel.de\/wp-content\/uploads\/2026\/03\/Art219218.jpg\",\"width\":1000,\"height\":1000},{\"@type\":\"BreadcrumbList\",\"@id\":\"https:\/\/www.cudgel.de\/produkt\/summoning-death-one-step-beyond-cd\/#breadcrumb\",\"itemListElement\":[{\"@type\":\"ListItem\",\"position\":1,\"name\":\"Home\",\"item\":\"https:\/\/www.cudgel.de\/en\/\"},{\"@type\":\"ListItem\",\"position\":2,\"name\":\"Shop\",\"item\":\"https:\/\/www.cudgel.de\/en\/shop\/\"},{\"@type\":\"ListItem\",\"position\":3,\"name\":\"SUMMONING DEATH &#8211; one step beyond CD\"}]},{\"@type\":\"WebSite\",\"@id\":\"https:\/\/www.cudgel.de\/#website\",\"url\":\"https:\/\/www.cudgel.de\/\",\"name\":\"cudgel | Der ultimative Metal Online Store\",\"description\":\"Eine weitere WordPress-Website\",\"publisher\":{\"@id\":\"https:\/\/www.cudgel.de\/#organization\"},\"potentialAction\":[{\"@type\":\"SearchAction\",\"target\":{\"@type\":\"EntryPoint\",\"urlTemplate\":\"https:\/\/www.cudgel.de\/?s={search_term_string}\"},\"query-input\":\"required name=search_term_string\"}],\"inLanguage\":\"en-US\"},{\"@type\":\"Organization\",\"@id\":\"https:\/\/www.cudgel.de\/#organization\",\"name\":\"cudgel | Der ultimative Metal Online Store\",\"url\":\"https:\/\/www.cudgel.de\/\",\"logo\":{\"@type\":\"ImageObject\",\"inLanguage\":\"en-US\",\"@id\":\"https:\/\/www.cudgel.de\/#\/schema\/logo\/image\/\",\"url\":\"https:\/\/www.cudgel.de\/wp-content\/uploads\/2024\/06\/cudgel-logo-neu-1-1400x419png.webp\",\"contentUrl\":\"https:\/\/www.cudgel.de\/wp-content\/uploads\/2024\/06\/cudgel-logo-neu-1-1400x419png.webp\",\"width\":1400,\"height\":419,\"caption\":\"cudgel | Der ultimative Metal Online Store\"},\"image\":{\"@id\":\"https:\/\/www.cudgel.de\/#\/schema\/logo\/image\/\"},\"sameAs\":[\"https:\/\/www.facebook.com\/CudgelVertrieb\"]}]}<\/script>\n<!-- \/ Yoast SEO plugin. -->","yoast_head_json":{"title":"SUMMONING DEATH - one step beyond CD - cudgel | Der ultimative Metal Online Store","robots":{"index":"index","follow":"follow","max-snippet":"max-snippet:-1","max-image-preview":"max-image-preview:large","max-video-preview":"max-video-preview:-1"},"canonical":"https:\/\/www.cudgel.de\/produkt\/summoning-death-one-step-beyond-cd\/","og_locale":"en_US","og_type":"article","og_title":"SUMMONING DEATH - one step beyond CD - cudgel | Der ultimative Metal Online Store","og_description":"great horror infested ancient death metal from mexico, impressive stuff for fans of early 90s finnish death metal gro\u00dfartiger horror verseuchter death metal der alten schule aus mexiko, beeindruckender kram f\u00fcr anh\u00e4nger des fr\u00fch90er deathmetals aus finnland Tracks: The Devils Laughter Make Me Not a Witch The Bride Possessed Night of the Kill The Mask [...]","og_url":"https:\/\/www.cudgel.de\/produkt\/summoning-death-one-step-beyond-cd\/","og_site_name":"cudgel | Der ultimative Metal Online Store","article_publisher":"https:\/\/www.facebook.com\/CudgelVertrieb","article_modified_time":"2026-03-24T08:24:05+00:00","og_image":[{"width":1000,"height":1000,"url":"https:\/\/www.cudgel.de\/wp-content\/uploads\/2026\/03\/Art219218.jpg","type":"image\/jpeg"}],"twitter_card":"summary_large_image","schema":{"@context":"https:\/\/schema.org","@graph":[{"@type":"WebPage","@id":"https:\/\/www.cudgel.de\/produkt\/summoning-death-one-step-beyond-cd\/","url":"https:\/\/www.cudgel.de\/produkt\/summoning-death-one-step-beyond-cd\/","name":"SUMMONING DEATH - one step beyond CD - cudgel | Der ultimative Metal Online Store","isPartOf":{"@id":"https:\/\/www.cudgel.de\/#website"},"primaryImageOfPage":{"@id":"https:\/\/www.cudgel.de\/produkt\/summoning-death-one-step-beyond-cd\/#primaryimage"},"image":{"@id":"https:\/\/www.cudgel.de\/produkt\/summoning-death-one-step-beyond-cd\/#primaryimage"},"thumbnailUrl":"https:\/\/www.cudgel.de\/wp-content\/uploads\/2026\/03\/Art219218.jpg","datePublished":"2026-03-20T14:18:49+00:00","dateModified":"2026-03-24T08:24:05+00:00","breadcrumb":{"@id":"https:\/\/www.cudgel.de\/produkt\/summoning-death-one-step-beyond-cd\/#breadcrumb"},"inLanguage":"en-US","potentialAction":[{"@type":"ReadAction","target":["https:\/\/www.cudgel.de\/produkt\/summoning-death-one-step-beyond-cd\/"]}]},{"@type":"ImageObject","inLanguage":"en-US","@id":"https:\/\/www.cudgel.de\/produkt\/summoning-death-one-step-beyond-cd\/#primaryimage","url":"https:\/\/www.cudgel.de\/wp-content\/uploads\/2026\/03\/Art219218.jpg","contentUrl":"https:\/\/www.cudgel.de\/wp-content\/uploads\/2026\/03\/Art219218.jpg","width":1000,"height":1000},{"@type":"BreadcrumbList","@id":"https:\/\/www.cudgel.de\/produkt\/summoning-death-one-step-beyond-cd\/#breadcrumb","itemListElement":[{"@type":"ListItem","position":1,"name":"Home","item":"https:\/\/www.cudgel.de\/en\/"},{"@type":"ListItem","position":2,"name":"Shop","item":"https:\/\/www.cudgel.de\/en\/shop\/"},{"@type":"ListItem","position":3,"name":"SUMMONING DEATH &#8211; one step beyond CD"}]},{"@type":"WebSite","@id":"https:\/\/www.cudgel.de\/#website","url":"https:\/\/www.cudgel.de\/","name":"cudgel | Der ultimative Metal Online Store","description":"Eine weitere WordPress-Website","publisher":{"@id":"https:\/\/www.cudgel.de\/#organization"},"potentialAction":[{"@type":"SearchAction","target":{"@type":"EntryPoint","urlTemplate":"https:\/\/www.cudgel.de\/?s={search_term_string}"},"query-input":"required name=search_term_string"}],"inLanguage":"en-US"},{"@type":"Organization","@id":"https:\/\/www.cudgel.de\/#organization","name":"cudgel | Der ultimative Metal Online Store","url":"https:\/\/www.cudgel.de\/","logo":{"@type":"ImageObject","inLanguage":"en-US","@id":"https:\/\/www.cudgel.de\/#\/schema\/logo\/image\/","url":"https:\/\/www.cudgel.de\/wp-content\/uploads\/2024\/06\/cudgel-logo-neu-1-1400x419png.webp","contentUrl":"https:\/\/www.cudgel.de\/wp-content\/uploads\/2024\/06\/cudgel-logo-neu-1-1400x419png.webp","width":1400,"height":419,"caption":"cudgel | Der ultimative Metal Online Store"},"image":{"@id":"https:\/\/www.cudgel.de\/#\/schema\/logo\/image\/"},"sameAs":["https:\/\/www.facebook.com\/CudgelVertrieb"]}]}},"_links":{"self":[{"href":"https:\/\/www.cudgel.de\/en\/wp-json\/wp\/v2\/product\/3141168","targetHints":{"allow":["GET"]}}],"collection":[{"href":"https:\/\/www.cudgel.de\/en\/wp-json\/wp\/v2\/product"}],"about":[{"href":"https:\/\/www.cudgel.de\/en\/wp-json\/wp\/v2\/types\/product"}],"replies":[{"embeddable":true,"href":"https:\/\/www.cudgel.de\/en\/wp-json\/wp\/v2\/comments?post=3141168"}],"wp:featuredmedia":[{"embeddable":true,"href":"https:\/\/www.cudgel.de\/en\/wp-json\/wp\/v2\/media\/3141166"}],"wp:attachment":[{"href":"https:\/\/www.cudgel.de\/en\/wp-json\/wp\/v2\/media?parent=3141168"}],"wp:term":[{"taxonomy":"product_cat","embeddable":true,"href":"https:\/\/www.cudgel.de\/en\/wp-json\/wp\/v2\/product_cat?post=3141168"},{"taxonomy":"product_tag","embeddable":true,"href":"https:\/\/www.cudgel.de\/en\/wp-json\/wp\/v2\/product_tag?post=3141168"}],"curies":[{"name":"wp","href":"https:\/\/api.w.org\/{rel}","templated":true}]}}