{"id":3146308,"date":"2026-03-23T15:37:55","date_gmt":"2026-03-23T14:37:55","guid":{"rendered":"https:\/\/www.cudgel.de\/produkt\/satanize-demolition-ritual-digicd\/"},"modified":"2026-03-23T15:37:56","modified_gmt":"2026-03-23T14:37:56","slug":"satanize-demolition-ritual-digicd","status":"publish","type":"product","link":"https:\/\/www.cudgel.de\/en\/product\/satanize-demolition-ritual-digicd\/","title":{"rendered":"SATANIZE &#8211; demolition ritual DigiCD"},"content":{"rendered":"<p>barbaric satanic war metal revelation from portugal, insanely evil 5th masterpiece<\/p>\n<p><strong>Tracks:<\/strong><\/p>\n<ol class=\"tracklisting\">\n<li>Apocalyptical Servitude<\/li>\n<li>Goatlord of Malicious Entities<\/li>\n<li>Desecration Storm<\/li>\n<li>Church Decimator<\/li>\n<li>Demolition Ritual<\/li>\n<li>Heretic Inquisition<\/li>\n<li>Comendadores da Legi\u00e3o Barb\u00e1rica do Sul<\/li>\n<\/ol>\n<p><strong>Genres:<\/strong> Black Metal<\/p>\n<p> <strong>Label:<\/strong> Helter Skelter Productions<\/p>\n<p> <strong>Erscheinungsjahr:<\/strong> 2021<\/p>\n<p> <strong>K\u00fcnstler:<\/strong> SATANIZE<\/p>\n<p> <strong>Spieldauer:<\/strong> 28:44<\/p>\n<p> <strong>Format:<\/strong> CD<\/p>\n<p> <strong>EAN:<\/strong> 7350057885994<\/p>\n<p><strong>GPSR Information:<\/strong><br \/>Manufacturer:<br \/>\nRegain Records &amp; Publishing<br \/>\nKvarngatan 20, 232 34 Arl\u00f6v, Sweden<br \/>\ninfo(at)regainrecords.se<\/p>\n","protected":false},"excerpt":{"rendered":"<p>barbaric satanic war metal revelation from portugal, insanely evil 5th masterpiece Tracks: Apocalyptical Servitude Goatlord of Malicious Entities Desecration Storm Church Decimator Demolition Ritual Heretic Inquisition Comendadores da Legi\u00e3o Barb\u00e1rica do Sul Genres: Black Metal Label: Helter Skelter Productions Erscheinungsjahr: 2021 K\u00fcnstler: SATANIZE Spieldauer: 28:44 Format: CD EAN: 7350057885994 GPSR Information:Manufacturer: Regain Records &amp; Publishing [&#8230;]\n","protected":false},"featured_media":3146306,"comment_status":"open","ping_status":"closed","template":"","meta":[],"product_cat":[462],"product_tag":[],"class_list":{"0":"post-3146308","1":"product","2":"type-product","3":"status-publish","4":"has-post-thumbnail","6":"product_cat-cd-s","7":"pa_band-satanize","8":"pa_productgenre-black-metal","9":"pa_productlabel-helter-skelter-productions","11":"first","12":"instock","13":"taxable","14":"shipping-taxable","15":"purchasable","16":"product-type-simple"},"yoast_head":"<!-- This site is optimized with the Yoast SEO plugin v22.9 - https:\/\/yoast.com\/wordpress\/plugins\/seo\/ -->\n<title>SATANIZE - demolition ritual DigiCD - cudgel | Der ultimative Metal Online Store<\/title>\n<meta name=\"robots\" content=\"index, follow, max-snippet:-1, max-image-preview:large, max-video-preview:-1\" \/>\n<link rel=\"canonical\" href=\"https:\/\/www.cudgel.de\/produkt\/satanize-demolition-ritual-digicd\/\" \/>\n<meta property=\"og:locale\" content=\"en_US\" \/>\n<meta property=\"og:type\" content=\"article\" \/>\n<meta property=\"og:title\" content=\"SATANIZE - demolition ritual DigiCD - cudgel | Der ultimative Metal Online Store\" \/>\n<meta property=\"og:description\" content=\"barbaric satanic war metal revelation from portugal, insanely evil 5th masterpiece Tracks: Apocalyptical Servitude Goatlord of Malicious Entities Desecration Storm Church Decimator Demolition Ritual Heretic Inquisition Comendadores da Legi\u00e3o Barb\u00e1rica do Sul Genres: Black Metal Label: Helter Skelter Productions Erscheinungsjahr: 2021 K\u00fcnstler: SATANIZE Spieldauer: 28:44 Format: CD EAN: 7350057885994 GPSR Information:Manufacturer: Regain Records &amp; Publishing [...]\" \/>\n<meta property=\"og:url\" content=\"https:\/\/www.cudgel.de\/produkt\/satanize-demolition-ritual-digicd\/\" \/>\n<meta property=\"og:site_name\" content=\"cudgel | Der ultimative Metal Online Store\" \/>\n<meta property=\"article:publisher\" content=\"https:\/\/www.facebook.com\/CudgelVertrieb\" \/>\n<meta property=\"article:modified_time\" content=\"2026-03-23T14:37:56+00:00\" \/>\n<meta name=\"twitter:card\" content=\"summary_large_image\" \/>\n<script type=\"application\/ld+json\" class=\"yoast-schema-graph\">{\"@context\":\"https:\/\/schema.org\",\"@graph\":[{\"@type\":\"WebPage\",\"@id\":\"https:\/\/www.cudgel.de\/produkt\/satanize-demolition-ritual-digicd\/\",\"url\":\"https:\/\/www.cudgel.de\/produkt\/satanize-demolition-ritual-digicd\/\",\"name\":\"SATANIZE - demolition ritual DigiCD - cudgel | Der ultimative Metal Online Store\",\"isPartOf\":{\"@id\":\"https:\/\/www.cudgel.de\/#website\"},\"primaryImageOfPage\":{\"@id\":\"https:\/\/www.cudgel.de\/produkt\/satanize-demolition-ritual-digicd\/#primaryimage\"},\"image\":{\"@id\":\"https:\/\/www.cudgel.de\/produkt\/satanize-demolition-ritual-digicd\/#primaryimage\"},\"thumbnailUrl\":\"https:\/\/www.cudgel.de\/wp-content\/uploads\/2026\/03\/Art219559.jpg\",\"datePublished\":\"2026-03-23T14:37:55+00:00\",\"dateModified\":\"2026-03-23T14:37:56+00:00\",\"breadcrumb\":{\"@id\":\"https:\/\/www.cudgel.de\/produkt\/satanize-demolition-ritual-digicd\/#breadcrumb\"},\"inLanguage\":\"en-US\",\"potentialAction\":[{\"@type\":\"ReadAction\",\"target\":[\"https:\/\/www.cudgel.de\/produkt\/satanize-demolition-ritual-digicd\/\"]}]},{\"@type\":\"ImageObject\",\"inLanguage\":\"en-US\",\"@id\":\"https:\/\/www.cudgel.de\/produkt\/satanize-demolition-ritual-digicd\/#primaryimage\",\"url\":\"https:\/\/www.cudgel.de\/wp-content\/uploads\/2026\/03\/Art219559.jpg\",\"contentUrl\":\"https:\/\/www.cudgel.de\/wp-content\/uploads\/2026\/03\/Art219559.jpg\",\"width\":1000,\"height\":998},{\"@type\":\"BreadcrumbList\",\"@id\":\"https:\/\/www.cudgel.de\/produkt\/satanize-demolition-ritual-digicd\/#breadcrumb\",\"itemListElement\":[{\"@type\":\"ListItem\",\"position\":1,\"name\":\"Home\",\"item\":\"https:\/\/www.cudgel.de\/en\/\"},{\"@type\":\"ListItem\",\"position\":2,\"name\":\"Shop\",\"item\":\"https:\/\/www.cudgel.de\/en\/shop\/\"},{\"@type\":\"ListItem\",\"position\":3,\"name\":\"SATANIZE &#8211; demolition ritual DigiCD\"}]},{\"@type\":\"WebSite\",\"@id\":\"https:\/\/www.cudgel.de\/#website\",\"url\":\"https:\/\/www.cudgel.de\/\",\"name\":\"cudgel | Der ultimative Metal Online Store\",\"description\":\"Eine weitere WordPress-Website\",\"publisher\":{\"@id\":\"https:\/\/www.cudgel.de\/#organization\"},\"potentialAction\":[{\"@type\":\"SearchAction\",\"target\":{\"@type\":\"EntryPoint\",\"urlTemplate\":\"https:\/\/www.cudgel.de\/?s={search_term_string}\"},\"query-input\":\"required name=search_term_string\"}],\"inLanguage\":\"en-US\"},{\"@type\":\"Organization\",\"@id\":\"https:\/\/www.cudgel.de\/#organization\",\"name\":\"cudgel | Der ultimative Metal Online Store\",\"url\":\"https:\/\/www.cudgel.de\/\",\"logo\":{\"@type\":\"ImageObject\",\"inLanguage\":\"en-US\",\"@id\":\"https:\/\/www.cudgel.de\/#\/schema\/logo\/image\/\",\"url\":\"https:\/\/www.cudgel.de\/wp-content\/uploads\/2024\/06\/cudgel-logo-neu-1-1400x419png.webp\",\"contentUrl\":\"https:\/\/www.cudgel.de\/wp-content\/uploads\/2024\/06\/cudgel-logo-neu-1-1400x419png.webp\",\"width\":1400,\"height\":419,\"caption\":\"cudgel | Der ultimative Metal Online Store\"},\"image\":{\"@id\":\"https:\/\/www.cudgel.de\/#\/schema\/logo\/image\/\"},\"sameAs\":[\"https:\/\/www.facebook.com\/CudgelVertrieb\"]}]}<\/script>\n<!-- \/ Yoast SEO plugin. -->","yoast_head_json":{"title":"SATANIZE - demolition ritual DigiCD - cudgel | Der ultimative Metal Online Store","robots":{"index":"index","follow":"follow","max-snippet":"max-snippet:-1","max-image-preview":"max-image-preview:large","max-video-preview":"max-video-preview:-1"},"canonical":"https:\/\/www.cudgel.de\/produkt\/satanize-demolition-ritual-digicd\/","og_locale":"en_US","og_type":"article","og_title":"SATANIZE - demolition ritual DigiCD - cudgel | Der ultimative Metal Online Store","og_description":"barbaric satanic war metal revelation from portugal, insanely evil 5th masterpiece Tracks: Apocalyptical Servitude Goatlord of Malicious Entities Desecration Storm Church Decimator Demolition Ritual Heretic Inquisition Comendadores da Legi\u00e3o Barb\u00e1rica do Sul Genres: Black Metal Label: Helter Skelter Productions Erscheinungsjahr: 2021 K\u00fcnstler: SATANIZE Spieldauer: 28:44 Format: CD EAN: 7350057885994 GPSR Information:Manufacturer: Regain Records &amp; Publishing [...]","og_url":"https:\/\/www.cudgel.de\/produkt\/satanize-demolition-ritual-digicd\/","og_site_name":"cudgel | Der ultimative Metal Online Store","article_publisher":"https:\/\/www.facebook.com\/CudgelVertrieb","article_modified_time":"2026-03-23T14:37:56+00:00","twitter_card":"summary_large_image","schema":{"@context":"https:\/\/schema.org","@graph":[{"@type":"WebPage","@id":"https:\/\/www.cudgel.de\/produkt\/satanize-demolition-ritual-digicd\/","url":"https:\/\/www.cudgel.de\/produkt\/satanize-demolition-ritual-digicd\/","name":"SATANIZE - demolition ritual DigiCD - cudgel | Der ultimative Metal Online Store","isPartOf":{"@id":"https:\/\/www.cudgel.de\/#website"},"primaryImageOfPage":{"@id":"https:\/\/www.cudgel.de\/produkt\/satanize-demolition-ritual-digicd\/#primaryimage"},"image":{"@id":"https:\/\/www.cudgel.de\/produkt\/satanize-demolition-ritual-digicd\/#primaryimage"},"thumbnailUrl":"https:\/\/www.cudgel.de\/wp-content\/uploads\/2026\/03\/Art219559.jpg","datePublished":"2026-03-23T14:37:55+00:00","dateModified":"2026-03-23T14:37:56+00:00","breadcrumb":{"@id":"https:\/\/www.cudgel.de\/produkt\/satanize-demolition-ritual-digicd\/#breadcrumb"},"inLanguage":"en-US","potentialAction":[{"@type":"ReadAction","target":["https:\/\/www.cudgel.de\/produkt\/satanize-demolition-ritual-digicd\/"]}]},{"@type":"ImageObject","inLanguage":"en-US","@id":"https:\/\/www.cudgel.de\/produkt\/satanize-demolition-ritual-digicd\/#primaryimage","url":"https:\/\/www.cudgel.de\/wp-content\/uploads\/2026\/03\/Art219559.jpg","contentUrl":"https:\/\/www.cudgel.de\/wp-content\/uploads\/2026\/03\/Art219559.jpg","width":1000,"height":998},{"@type":"BreadcrumbList","@id":"https:\/\/www.cudgel.de\/produkt\/satanize-demolition-ritual-digicd\/#breadcrumb","itemListElement":[{"@type":"ListItem","position":1,"name":"Home","item":"https:\/\/www.cudgel.de\/en\/"},{"@type":"ListItem","position":2,"name":"Shop","item":"https:\/\/www.cudgel.de\/en\/shop\/"},{"@type":"ListItem","position":3,"name":"SATANIZE &#8211; demolition ritual DigiCD"}]},{"@type":"WebSite","@id":"https:\/\/www.cudgel.de\/#website","url":"https:\/\/www.cudgel.de\/","name":"cudgel | Der ultimative Metal Online Store","description":"Eine weitere WordPress-Website","publisher":{"@id":"https:\/\/www.cudgel.de\/#organization"},"potentialAction":[{"@type":"SearchAction","target":{"@type":"EntryPoint","urlTemplate":"https:\/\/www.cudgel.de\/?s={search_term_string}"},"query-input":"required name=search_term_string"}],"inLanguage":"en-US"},{"@type":"Organization","@id":"https:\/\/www.cudgel.de\/#organization","name":"cudgel | Der ultimative Metal Online Store","url":"https:\/\/www.cudgel.de\/","logo":{"@type":"ImageObject","inLanguage":"en-US","@id":"https:\/\/www.cudgel.de\/#\/schema\/logo\/image\/","url":"https:\/\/www.cudgel.de\/wp-content\/uploads\/2024\/06\/cudgel-logo-neu-1-1400x419png.webp","contentUrl":"https:\/\/www.cudgel.de\/wp-content\/uploads\/2024\/06\/cudgel-logo-neu-1-1400x419png.webp","width":1400,"height":419,"caption":"cudgel | Der ultimative Metal Online Store"},"image":{"@id":"https:\/\/www.cudgel.de\/#\/schema\/logo\/image\/"},"sameAs":["https:\/\/www.facebook.com\/CudgelVertrieb"]}]}},"_links":{"self":[{"href":"https:\/\/www.cudgel.de\/en\/wp-json\/wp\/v2\/product\/3146308","targetHints":{"allow":["GET"]}}],"collection":[{"href":"https:\/\/www.cudgel.de\/en\/wp-json\/wp\/v2\/product"}],"about":[{"href":"https:\/\/www.cudgel.de\/en\/wp-json\/wp\/v2\/types\/product"}],"replies":[{"embeddable":true,"href":"https:\/\/www.cudgel.de\/en\/wp-json\/wp\/v2\/comments?post=3146308"}],"wp:featuredmedia":[{"embeddable":true,"href":"https:\/\/www.cudgel.de\/en\/wp-json\/wp\/v2\/media\/3146306"}],"wp:attachment":[{"href":"https:\/\/www.cudgel.de\/en\/wp-json\/wp\/v2\/media?parent=3146308"}],"wp:term":[{"taxonomy":"product_cat","embeddable":true,"href":"https:\/\/www.cudgel.de\/en\/wp-json\/wp\/v2\/product_cat?post=3146308"},{"taxonomy":"product_tag","embeddable":true,"href":"https:\/\/www.cudgel.de\/en\/wp-json\/wp\/v2\/product_tag?post=3146308"}],"curies":[{"name":"wp","href":"https:\/\/api.w.org\/{rel}","templated":true}]}}