{"id":3148857,"date":"2026-03-24T12:28:31","date_gmt":"2026-03-24T11:28:31","guid":{"rendered":"https:\/\/www.cudgel.de\/produkt\/slagmaur-hulders-ritual-digicd\/"},"modified":"2026-03-24T12:28:32","modified_gmt":"2026-03-24T11:28:32","slug":"slagmaur-hulders-ritual-digicd","status":"publish","type":"product","link":"https:\/\/www.cudgel.de\/en\/product\/slagmaur-hulders-ritual-digicd\/","title":{"rendered":"SLAGMAUR &#8211; hulders ritual DigiCD"},"content":{"rendered":"<p>SLAGMAUR brechen mit ihrem vierten Studioalbum &#8220;Hulders Ritual&#8221; (&#8220;Ritual der Huldra&#8221;) die kreativen Ketten aus Wiederholung und Nostalgie, indem sie die Regeln des Black Metal umschreiben. Das hei\u00dft nicht, dass die Nordm\u00e4nner die Fundamente des Genres aufgeben, was sich bereits durch ihre Zusammenarbeit mit dem &#8220;Erfinder&#8221; des &#8220;norwegischen Black Metal Sounds&#8221;, dem THORNS-Frontmann Snorre W. Ruch, als zus\u00e4tzlichem Produzenten abzeichnet. Bandgr\u00fcnder General Gribbsphiiser scheut sich nicht, die traditionellen Formeln des Genres mutig und hingebungsvoll durch eine Vielzahl subtiler Innovationen und Mutationen des klassischen Sounds zu erneuern. Obwohl &#8220;Hulders Ritual&#8221; die gewagte stilistische Balance der fr\u00fcheren Werke von SLAGMAUR fortsetzt, verfeinert und erweitert, f\u00fcgt es der Sammlung rasiermesserscharfer und b\u00f6sartiger Klanginstrumente eine zus\u00e4tzliche Dimension sarkastischer Manie hinzu. Handverlesene Gastmusiker, darunter TAAKE-S\u00e4nger Hoest, DIMMU BORGIR-Gitarrist Silenoz und MIS\u00deYRMING-Frontmann D.G., die drei Jahrzehnte nordischen Black Metal abdecken, sind ein gutes Beispiel f\u00fcr diese Arbeitsweise. SLAGMAUR stammen aus Brekstad auf der Halbinsel Fosen in der Region Tr\u00f8ndelag und sind ein integraler Bestandteil der &#8220;Nidrosian Black Metal Movement&#8221; mit Zentrum in Trondheim. Obwohl Gribbsphiiser die Band als Soloprojekt gegr\u00fcndet hatte, rekrutierte er bereits w\u00e4hrend der Aufnahmen zu seinem ersten Demo \u0084Svin\u0093 (2006) weitere Musiker. SLAGMAURs Black Avantgarde Deb\u00fctalbum &#8220;Skrekk Lich Kunstler&#8221; (2007) war der erste Teil einer fortlaufenden Serie &#8220;The Art of Olderman&#8221;. Die folgenden Studioalben &#8220;Von Rov Shelter&#8221; (2009) und &#8220;Thill Smitts Terror&#8221; (2017) setzten den Handlungsbogen fort. &#8220;Hulders Ritual\u0093 ist f\u00fcr all diejenigen, die dunkle musikalische Magie und das unerbittliche Einrei\u00dfen von Grenzen im Black Metal suchen. SLAGMAUR z\u00e4hlen zu den wenigen Vorreitern, die dem Genre einen m\u00f6glichen Weg in die Zukunft weisen.<\/p>\n<p><strong>Tracks:<\/strong><\/p>\n<ol class=\"tracklisting\">\n<li>Ritual Dogs<\/li>\n<li>Wildkatze<\/li>\n<li>Huldergeist<\/li>\n<li>Hexen Herjer<\/li>\n<li>Warlok<\/li>\n<li>Rathkings<\/li>\n<\/ol>\n<p><strong>Genres:<\/strong> Black Metal, Avantgarde<\/p>\n<p> <strong>Label:<\/strong> Prophecy Productions<\/p>\n<p> <strong>Erscheinungsjahr:<\/strong> 2026<\/p>\n<p> <strong>K\u00fcnstler:<\/strong> SLAGMAUR<\/p>\n<p> <strong>Spieldauer:<\/strong> 39:49<\/p>\n<p> <strong>Format:<\/strong> CD<\/p>\n<p> <strong>EAN:<\/strong> 0884388895041<\/p>\n<p><strong>GPSR Information:<\/strong><br \/>Manufacturer:<br \/>\nWeltnetz S.\u00e0r.l. \/ Prophecy Productions<br \/>\n40-42 Grand Rue, 6630 Wasserbillig, Luxemburg<br \/>\npost(at)spkr.media<\/p>\n","protected":false},"excerpt":{"rendered":"<p>SLAGMAUR brechen mit ihrem vierten Studioalbum &#8220;Hulders Ritual&#8221; (&#8220;Ritual der Huldra&#8221;) die kreativen Ketten aus Wiederholung und Nostalgie, indem sie die Regeln des Black Metal umschreiben. Das hei\u00dft nicht, dass die Nordm\u00e4nner die Fundamente des Genres aufgeben, was sich bereits durch ihre Zusammenarbeit mit dem &#8220;Erfinder&#8221; des &#8220;norwegischen Black Metal Sounds&#8221;, dem THORNS-Frontmann Snorre W. [&#8230;]\n","protected":false},"featured_media":3148855,"comment_status":"open","ping_status":"closed","template":"","meta":[],"product_cat":[462],"product_tag":[],"class_list":{"0":"post-3148857","1":"product","2":"type-product","3":"status-publish","4":"has-post-thumbnail","6":"product_cat-cd-s","7":"pa_band-slagmaur","8":"pa_productgenre-avantgarde","9":"pa_productgenre-black-metal","10":"pa_productlabel-prophecy-productions","12":"first","13":"instock","14":"taxable","15":"shipping-taxable","16":"purchasable","17":"product-type-simple"},"yoast_head":"<!-- This site is optimized with the Yoast SEO plugin v22.9 - https:\/\/yoast.com\/wordpress\/plugins\/seo\/ -->\n<title>SLAGMAUR - hulders ritual DigiCD - cudgel | Der ultimative Metal Online Store<\/title>\n<meta name=\"robots\" content=\"index, follow, max-snippet:-1, max-image-preview:large, max-video-preview:-1\" \/>\n<link rel=\"canonical\" href=\"https:\/\/www.cudgel.de\/produkt\/slagmaur-hulders-ritual-digicd\/\" \/>\n<meta property=\"og:locale\" content=\"en_US\" \/>\n<meta property=\"og:type\" content=\"article\" \/>\n<meta property=\"og:title\" content=\"SLAGMAUR - hulders ritual DigiCD - cudgel | Der ultimative Metal Online Store\" \/>\n<meta property=\"og:description\" content=\"SLAGMAUR brechen mit ihrem vierten Studioalbum &#8220;Hulders Ritual&#8221; (&#8220;Ritual der Huldra&#8221;) die kreativen Ketten aus Wiederholung und Nostalgie, indem sie die Regeln des Black Metal umschreiben. Das hei\u00dft nicht, dass die Nordm\u00e4nner die Fundamente des Genres aufgeben, was sich bereits durch ihre Zusammenarbeit mit dem &#8220;Erfinder&#8221; des &#8220;norwegischen Black Metal Sounds&#8221;, dem THORNS-Frontmann Snorre W. [...]\" \/>\n<meta property=\"og:url\" content=\"https:\/\/www.cudgel.de\/produkt\/slagmaur-hulders-ritual-digicd\/\" \/>\n<meta property=\"og:site_name\" content=\"cudgel | Der ultimative Metal Online Store\" \/>\n<meta property=\"article:publisher\" content=\"https:\/\/www.facebook.com\/CudgelVertrieb\" \/>\n<meta property=\"article:modified_time\" content=\"2026-03-24T11:28:32+00:00\" \/>\n<meta name=\"twitter:card\" content=\"summary_large_image\" \/>\n<meta name=\"twitter:label1\" content=\"Est. reading time\" \/>\n\t<meta name=\"twitter:data1\" content=\"2 minutes\" \/>\n<script type=\"application\/ld+json\" class=\"yoast-schema-graph\">{\"@context\":\"https:\/\/schema.org\",\"@graph\":[{\"@type\":\"WebPage\",\"@id\":\"https:\/\/www.cudgel.de\/produkt\/slagmaur-hulders-ritual-digicd\/\",\"url\":\"https:\/\/www.cudgel.de\/produkt\/slagmaur-hulders-ritual-digicd\/\",\"name\":\"SLAGMAUR - hulders ritual DigiCD - cudgel | Der ultimative Metal Online Store\",\"isPartOf\":{\"@id\":\"https:\/\/www.cudgel.de\/#website\"},\"primaryImageOfPage\":{\"@id\":\"https:\/\/www.cudgel.de\/produkt\/slagmaur-hulders-ritual-digicd\/#primaryimage\"},\"image\":{\"@id\":\"https:\/\/www.cudgel.de\/produkt\/slagmaur-hulders-ritual-digicd\/#primaryimage\"},\"thumbnailUrl\":\"https:\/\/www.cudgel.de\/wp-content\/uploads\/2026\/03\/Art223132-1.jpg\",\"datePublished\":\"2026-03-24T11:28:31+00:00\",\"dateModified\":\"2026-03-24T11:28:32+00:00\",\"breadcrumb\":{\"@id\":\"https:\/\/www.cudgel.de\/produkt\/slagmaur-hulders-ritual-digicd\/#breadcrumb\"},\"inLanguage\":\"en-US\",\"potentialAction\":[{\"@type\":\"ReadAction\",\"target\":[\"https:\/\/www.cudgel.de\/produkt\/slagmaur-hulders-ritual-digicd\/\"]}]},{\"@type\":\"ImageObject\",\"inLanguage\":\"en-US\",\"@id\":\"https:\/\/www.cudgel.de\/produkt\/slagmaur-hulders-ritual-digicd\/#primaryimage\",\"url\":\"https:\/\/www.cudgel.de\/wp-content\/uploads\/2026\/03\/Art223132-1.jpg\",\"contentUrl\":\"https:\/\/www.cudgel.de\/wp-content\/uploads\/2026\/03\/Art223132-1.jpg\",\"width\":1000,\"height\":1000},{\"@type\":\"BreadcrumbList\",\"@id\":\"https:\/\/www.cudgel.de\/produkt\/slagmaur-hulders-ritual-digicd\/#breadcrumb\",\"itemListElement\":[{\"@type\":\"ListItem\",\"position\":1,\"name\":\"Home\",\"item\":\"https:\/\/www.cudgel.de\/en\/\"},{\"@type\":\"ListItem\",\"position\":2,\"name\":\"Shop\",\"item\":\"https:\/\/www.cudgel.de\/en\/shop\/\"},{\"@type\":\"ListItem\",\"position\":3,\"name\":\"SLAGMAUR &#8211; hulders ritual DigiCD\"}]},{\"@type\":\"WebSite\",\"@id\":\"https:\/\/www.cudgel.de\/#website\",\"url\":\"https:\/\/www.cudgel.de\/\",\"name\":\"cudgel | Der ultimative Metal Online Store\",\"description\":\"Eine weitere WordPress-Website\",\"publisher\":{\"@id\":\"https:\/\/www.cudgel.de\/#organization\"},\"potentialAction\":[{\"@type\":\"SearchAction\",\"target\":{\"@type\":\"EntryPoint\",\"urlTemplate\":\"https:\/\/www.cudgel.de\/?s={search_term_string}\"},\"query-input\":\"required name=search_term_string\"}],\"inLanguage\":\"en-US\"},{\"@type\":\"Organization\",\"@id\":\"https:\/\/www.cudgel.de\/#organization\",\"name\":\"cudgel | Der ultimative Metal Online Store\",\"url\":\"https:\/\/www.cudgel.de\/\",\"logo\":{\"@type\":\"ImageObject\",\"inLanguage\":\"en-US\",\"@id\":\"https:\/\/www.cudgel.de\/#\/schema\/logo\/image\/\",\"url\":\"https:\/\/www.cudgel.de\/wp-content\/uploads\/2024\/06\/cudgel-logo-neu-1-1400x419png.webp\",\"contentUrl\":\"https:\/\/www.cudgel.de\/wp-content\/uploads\/2024\/06\/cudgel-logo-neu-1-1400x419png.webp\",\"width\":1400,\"height\":419,\"caption\":\"cudgel | Der ultimative Metal Online Store\"},\"image\":{\"@id\":\"https:\/\/www.cudgel.de\/#\/schema\/logo\/image\/\"},\"sameAs\":[\"https:\/\/www.facebook.com\/CudgelVertrieb\"]}]}<\/script>\n<!-- \/ Yoast SEO plugin. -->","yoast_head_json":{"title":"SLAGMAUR - hulders ritual DigiCD - cudgel | Der ultimative Metal Online Store","robots":{"index":"index","follow":"follow","max-snippet":"max-snippet:-1","max-image-preview":"max-image-preview:large","max-video-preview":"max-video-preview:-1"},"canonical":"https:\/\/www.cudgel.de\/produkt\/slagmaur-hulders-ritual-digicd\/","og_locale":"en_US","og_type":"article","og_title":"SLAGMAUR - hulders ritual DigiCD - cudgel | Der ultimative Metal Online Store","og_description":"SLAGMAUR brechen mit ihrem vierten Studioalbum &#8220;Hulders Ritual&#8221; (&#8220;Ritual der Huldra&#8221;) die kreativen Ketten aus Wiederholung und Nostalgie, indem sie die Regeln des Black Metal umschreiben. Das hei\u00dft nicht, dass die Nordm\u00e4nner die Fundamente des Genres aufgeben, was sich bereits durch ihre Zusammenarbeit mit dem &#8220;Erfinder&#8221; des &#8220;norwegischen Black Metal Sounds&#8221;, dem THORNS-Frontmann Snorre W. [...]","og_url":"https:\/\/www.cudgel.de\/produkt\/slagmaur-hulders-ritual-digicd\/","og_site_name":"cudgel | Der ultimative Metal Online Store","article_publisher":"https:\/\/www.facebook.com\/CudgelVertrieb","article_modified_time":"2026-03-24T11:28:32+00:00","twitter_card":"summary_large_image","twitter_misc":{"Est. reading time":"2 minutes"},"schema":{"@context":"https:\/\/schema.org","@graph":[{"@type":"WebPage","@id":"https:\/\/www.cudgel.de\/produkt\/slagmaur-hulders-ritual-digicd\/","url":"https:\/\/www.cudgel.de\/produkt\/slagmaur-hulders-ritual-digicd\/","name":"SLAGMAUR - hulders ritual DigiCD - cudgel | Der ultimative Metal Online Store","isPartOf":{"@id":"https:\/\/www.cudgel.de\/#website"},"primaryImageOfPage":{"@id":"https:\/\/www.cudgel.de\/produkt\/slagmaur-hulders-ritual-digicd\/#primaryimage"},"image":{"@id":"https:\/\/www.cudgel.de\/produkt\/slagmaur-hulders-ritual-digicd\/#primaryimage"},"thumbnailUrl":"https:\/\/www.cudgel.de\/wp-content\/uploads\/2026\/03\/Art223132-1.jpg","datePublished":"2026-03-24T11:28:31+00:00","dateModified":"2026-03-24T11:28:32+00:00","breadcrumb":{"@id":"https:\/\/www.cudgel.de\/produkt\/slagmaur-hulders-ritual-digicd\/#breadcrumb"},"inLanguage":"en-US","potentialAction":[{"@type":"ReadAction","target":["https:\/\/www.cudgel.de\/produkt\/slagmaur-hulders-ritual-digicd\/"]}]},{"@type":"ImageObject","inLanguage":"en-US","@id":"https:\/\/www.cudgel.de\/produkt\/slagmaur-hulders-ritual-digicd\/#primaryimage","url":"https:\/\/www.cudgel.de\/wp-content\/uploads\/2026\/03\/Art223132-1.jpg","contentUrl":"https:\/\/www.cudgel.de\/wp-content\/uploads\/2026\/03\/Art223132-1.jpg","width":1000,"height":1000},{"@type":"BreadcrumbList","@id":"https:\/\/www.cudgel.de\/produkt\/slagmaur-hulders-ritual-digicd\/#breadcrumb","itemListElement":[{"@type":"ListItem","position":1,"name":"Home","item":"https:\/\/www.cudgel.de\/en\/"},{"@type":"ListItem","position":2,"name":"Shop","item":"https:\/\/www.cudgel.de\/en\/shop\/"},{"@type":"ListItem","position":3,"name":"SLAGMAUR &#8211; hulders ritual DigiCD"}]},{"@type":"WebSite","@id":"https:\/\/www.cudgel.de\/#website","url":"https:\/\/www.cudgel.de\/","name":"cudgel | Der ultimative Metal Online Store","description":"Eine weitere WordPress-Website","publisher":{"@id":"https:\/\/www.cudgel.de\/#organization"},"potentialAction":[{"@type":"SearchAction","target":{"@type":"EntryPoint","urlTemplate":"https:\/\/www.cudgel.de\/?s={search_term_string}"},"query-input":"required name=search_term_string"}],"inLanguage":"en-US"},{"@type":"Organization","@id":"https:\/\/www.cudgel.de\/#organization","name":"cudgel | Der ultimative Metal Online Store","url":"https:\/\/www.cudgel.de\/","logo":{"@type":"ImageObject","inLanguage":"en-US","@id":"https:\/\/www.cudgel.de\/#\/schema\/logo\/image\/","url":"https:\/\/www.cudgel.de\/wp-content\/uploads\/2024\/06\/cudgel-logo-neu-1-1400x419png.webp","contentUrl":"https:\/\/www.cudgel.de\/wp-content\/uploads\/2024\/06\/cudgel-logo-neu-1-1400x419png.webp","width":1400,"height":419,"caption":"cudgel | Der ultimative Metal Online Store"},"image":{"@id":"https:\/\/www.cudgel.de\/#\/schema\/logo\/image\/"},"sameAs":["https:\/\/www.facebook.com\/CudgelVertrieb"]}]}},"_links":{"self":[{"href":"https:\/\/www.cudgel.de\/en\/wp-json\/wp\/v2\/product\/3148857","targetHints":{"allow":["GET"]}}],"collection":[{"href":"https:\/\/www.cudgel.de\/en\/wp-json\/wp\/v2\/product"}],"about":[{"href":"https:\/\/www.cudgel.de\/en\/wp-json\/wp\/v2\/types\/product"}],"replies":[{"embeddable":true,"href":"https:\/\/www.cudgel.de\/en\/wp-json\/wp\/v2\/comments?post=3148857"}],"wp:featuredmedia":[{"embeddable":true,"href":"https:\/\/www.cudgel.de\/en\/wp-json\/wp\/v2\/media\/3148855"}],"wp:attachment":[{"href":"https:\/\/www.cudgel.de\/en\/wp-json\/wp\/v2\/media?parent=3148857"}],"wp:term":[{"taxonomy":"product_cat","embeddable":true,"href":"https:\/\/www.cudgel.de\/en\/wp-json\/wp\/v2\/product_cat?post=3148857"},{"taxonomy":"product_tag","embeddable":true,"href":"https:\/\/www.cudgel.de\/en\/wp-json\/wp\/v2\/product_tag?post=3148857"}],"curies":[{"name":"wp","href":"https:\/\/api.w.org\/{rel}","templated":true}]}}