{"id":3148876,"date":"2026-03-24T12:29:17","date_gmt":"2026-03-24T11:29:17","guid":{"rendered":"https:\/\/www.cudgel.de\/produkt\/messticator-total-mastery-lp-splatter\/"},"modified":"2026-03-26T16:05:59","modified_gmt":"2026-03-26T15:05:59","slug":"messticator-total-mastery-lp-splatter","status":"publish","type":"product","link":"https:\/\/www.cudgel.de\/en\/product\/messticator-total-mastery-lp-splatter\/","title":{"rendered":"MESSTICATOR &#8211; total mastery LP splatter"},"content":{"rendered":"<p>Was w\u00e4re, wenn es tats\u00e4chlich eine Instanz g\u00e4be, die gr\u00f6\u00dfer ist als alle Menschen und die uns alle regiert, richtet und bestraft? Das w\u00e4re die exakte Definition von &#8220;Total Mastery&#8221;, was sowohl der Titel des zweiten Albums von MESSTICATOR als auch eines ihrer bedrohlichen Konzepte ist, die sich durch die Texte ziehen. Finstere Geschichten geh\u00f6ren ebenso zu den Markenzeichen der Hamburger wie schnelle, harte und kompromisslose Songs. MESSTICATOR balancieren auch auf &#8220;Total Mastery&#8221; gekonnt auf dem Grat zwischen Death und Thrash Metal. Doch ihre seit der Ver\u00f6ffentlichung des Vorg\u00e4ngers &#8220;Forthcoming Revelation&#8221; im Jahr 2022 gewonnene Erfahrung hat in allen Bereichen zu einer Steigerung gef\u00fchrt: &#8220;Total Mastery&#8221; f\u00e4llt h\u00e4rter, schneller und noch kompromissloser als das Deb\u00fct aus. Mit &#8220;Total Mastery&#8221; best\u00e4tigen MESSTICATOR eindrucksvoll ihre bemerkenswerte St\u00e4rke, t\u00f6dliche Songs besonders eing\u00e4ngig zu schreiben, und beweisen gleichzeitig, dass sie auffallend schnell lernen und wachsen.<\/p>\n<p>lim. transparent orange black splatter vinyl to 250 copies<\/p>\n<p><strong>Tracks:<\/strong><\/p>\n<ol class=\"tracklisting\">\n<li>The Pit Awaits&#8230;<\/li>\n<li>One-Shot-Kill<\/li>\n<li>The Pitslayer<\/li>\n<li>High Ground<\/li>\n<li>Ruins of Reason<\/li>\n<li>Bloodsport<\/li>\n<li>Mass Human Extinction<\/li>\n<li>Skeletal Thorns<\/li>\n<li>Deathtouch<\/li>\n<li>The Tyrant&#8217;s Scepter<\/li>\n<li>Cougar Claws (Return of the Leathermilf)<\/li>\n<\/ol>\n<p><strong>Genres:<\/strong> Death Metal, Thrash Metal<\/p>\n<p><strong>GPSR Information:<\/strong><br \/>Manufacturer:<br \/>\nWeltnetz S.\u00e0r.l. \/ Testimony Records<br \/>\n40-42 Grand Rue, 6630 Wasserbillig, Luxemburg<br \/>\npost(at)spkr.media<\/p>\n","protected":false},"excerpt":{"rendered":"<p>Was w\u00e4re, wenn es tats\u00e4chlich eine Instanz g\u00e4be, die gr\u00f6\u00dfer ist als alle Menschen und die uns alle regiert, richtet und bestraft? Das w\u00e4re die exakte Definition von &#8220;Total Mastery&#8221;, was sowohl der Titel des zweiten Albums von MESSTICATOR als auch eines ihrer bedrohlichen Konzepte ist, die sich durch die Texte ziehen. Finstere Geschichten geh\u00f6ren [&#8230;]\n","protected":false},"featured_media":3148874,"comment_status":"open","ping_status":"closed","template":"","meta":[],"product_cat":[437],"product_tag":[],"class_list":{"0":"post-3148876","1":"product","2":"type-product","3":"status-publish","4":"has-post-thumbnail","6":"product_cat-vinyl-m","7":"pa_band-messticator","8":"pa_productgenre-death-metal","9":"pa_productgenre-thrash-metal","10":"pa_productlabel-testimony-records","12":"first","13":"instock","14":"taxable","15":"shipping-taxable","16":"purchasable","17":"product-type-simple"},"yoast_head":"<!-- This site is optimized with the Yoast SEO plugin v22.9 - https:\/\/yoast.com\/wordpress\/plugins\/seo\/ -->\n<title>MESSTICATOR - total mastery LP splatter - cudgel | Der ultimative Metal Online Store<\/title>\n<meta name=\"robots\" content=\"index, follow, max-snippet:-1, max-image-preview:large, max-video-preview:-1\" \/>\n<link rel=\"canonical\" href=\"https:\/\/www.cudgel.de\/produkt\/messticator-total-mastery-lp-splatter\/\" \/>\n<meta property=\"og:locale\" content=\"en_US\" \/>\n<meta property=\"og:type\" content=\"article\" \/>\n<meta property=\"og:title\" content=\"MESSTICATOR - total mastery LP splatter - cudgel | Der ultimative Metal Online Store\" \/>\n<meta property=\"og:description\" content=\"Was w\u00e4re, wenn es tats\u00e4chlich eine Instanz g\u00e4be, die gr\u00f6\u00dfer ist als alle Menschen und die uns alle regiert, richtet und bestraft? Das w\u00e4re die exakte Definition von &#8220;Total Mastery&#8221;, was sowohl der Titel des zweiten Albums von MESSTICATOR als auch eines ihrer bedrohlichen Konzepte ist, die sich durch die Texte ziehen. Finstere Geschichten geh\u00f6ren [...]\" \/>\n<meta property=\"og:url\" content=\"https:\/\/www.cudgel.de\/produkt\/messticator-total-mastery-lp-splatter\/\" \/>\n<meta property=\"og:site_name\" content=\"cudgel | Der ultimative Metal Online Store\" \/>\n<meta property=\"article:publisher\" content=\"https:\/\/www.facebook.com\/CudgelVertrieb\" \/>\n<meta property=\"article:modified_time\" content=\"2026-03-26T15:05:59+00:00\" \/>\n<meta property=\"og:image\" content=\"https:\/\/www.cudgel.de\/wp-content\/uploads\/2026\/03\/Art111106.jpg\" \/>\n\t<meta property=\"og:image:width\" content=\"1000\" \/>\n\t<meta property=\"og:image:height\" content=\"1000\" \/>\n\t<meta property=\"og:image:type\" content=\"image\/jpeg\" \/>\n<meta name=\"twitter:card\" content=\"summary_large_image\" \/>\n<meta name=\"twitter:label1\" content=\"Est. reading time\" \/>\n\t<meta name=\"twitter:data1\" content=\"1 minute\" \/>\n<script type=\"application\/ld+json\" class=\"yoast-schema-graph\">{\"@context\":\"https:\/\/schema.org\",\"@graph\":[{\"@type\":\"WebPage\",\"@id\":\"https:\/\/www.cudgel.de\/produkt\/messticator-total-mastery-lp-splatter\/\",\"url\":\"https:\/\/www.cudgel.de\/produkt\/messticator-total-mastery-lp-splatter\/\",\"name\":\"MESSTICATOR - total mastery LP splatter - cudgel | Der ultimative Metal Online Store\",\"isPartOf\":{\"@id\":\"https:\/\/www.cudgel.de\/#website\"},\"primaryImageOfPage\":{\"@id\":\"https:\/\/www.cudgel.de\/produkt\/messticator-total-mastery-lp-splatter\/#primaryimage\"},\"image\":{\"@id\":\"https:\/\/www.cudgel.de\/produkt\/messticator-total-mastery-lp-splatter\/#primaryimage\"},\"thumbnailUrl\":\"https:\/\/www.cudgel.de\/wp-content\/uploads\/2026\/03\/Art111106.jpg\",\"datePublished\":\"2026-03-24T11:29:17+00:00\",\"dateModified\":\"2026-03-26T15:05:59+00:00\",\"breadcrumb\":{\"@id\":\"https:\/\/www.cudgel.de\/produkt\/messticator-total-mastery-lp-splatter\/#breadcrumb\"},\"inLanguage\":\"en-US\",\"potentialAction\":[{\"@type\":\"ReadAction\",\"target\":[\"https:\/\/www.cudgel.de\/produkt\/messticator-total-mastery-lp-splatter\/\"]}]},{\"@type\":\"ImageObject\",\"inLanguage\":\"en-US\",\"@id\":\"https:\/\/www.cudgel.de\/produkt\/messticator-total-mastery-lp-splatter\/#primaryimage\",\"url\":\"https:\/\/www.cudgel.de\/wp-content\/uploads\/2026\/03\/Art111106.jpg\",\"contentUrl\":\"https:\/\/www.cudgel.de\/wp-content\/uploads\/2026\/03\/Art111106.jpg\",\"width\":1000,\"height\":1000},{\"@type\":\"BreadcrumbList\",\"@id\":\"https:\/\/www.cudgel.de\/produkt\/messticator-total-mastery-lp-splatter\/#breadcrumb\",\"itemListElement\":[{\"@type\":\"ListItem\",\"position\":1,\"name\":\"Home\",\"item\":\"https:\/\/www.cudgel.de\/en\/\"},{\"@type\":\"ListItem\",\"position\":2,\"name\":\"Shop\",\"item\":\"https:\/\/www.cudgel.de\/en\/shop\/\"},{\"@type\":\"ListItem\",\"position\":3,\"name\":\"MESSTICATOR &#8211; total mastery LP splatter\"}]},{\"@type\":\"WebSite\",\"@id\":\"https:\/\/www.cudgel.de\/#website\",\"url\":\"https:\/\/www.cudgel.de\/\",\"name\":\"cudgel | Der ultimative Metal Online Store\",\"description\":\"Eine weitere WordPress-Website\",\"publisher\":{\"@id\":\"https:\/\/www.cudgel.de\/#organization\"},\"potentialAction\":[{\"@type\":\"SearchAction\",\"target\":{\"@type\":\"EntryPoint\",\"urlTemplate\":\"https:\/\/www.cudgel.de\/?s={search_term_string}\"},\"query-input\":\"required name=search_term_string\"}],\"inLanguage\":\"en-US\"},{\"@type\":\"Organization\",\"@id\":\"https:\/\/www.cudgel.de\/#organization\",\"name\":\"cudgel | Der ultimative Metal Online Store\",\"url\":\"https:\/\/www.cudgel.de\/\",\"logo\":{\"@type\":\"ImageObject\",\"inLanguage\":\"en-US\",\"@id\":\"https:\/\/www.cudgel.de\/#\/schema\/logo\/image\/\",\"url\":\"https:\/\/www.cudgel.de\/wp-content\/uploads\/2024\/06\/cudgel-logo-neu-1-1400x419png.webp\",\"contentUrl\":\"https:\/\/www.cudgel.de\/wp-content\/uploads\/2024\/06\/cudgel-logo-neu-1-1400x419png.webp\",\"width\":1400,\"height\":419,\"caption\":\"cudgel | Der ultimative Metal Online Store\"},\"image\":{\"@id\":\"https:\/\/www.cudgel.de\/#\/schema\/logo\/image\/\"},\"sameAs\":[\"https:\/\/www.facebook.com\/CudgelVertrieb\"]}]}<\/script>\n<!-- \/ Yoast SEO plugin. -->","yoast_head_json":{"title":"MESSTICATOR - total mastery LP splatter - cudgel | Der ultimative Metal Online Store","robots":{"index":"index","follow":"follow","max-snippet":"max-snippet:-1","max-image-preview":"max-image-preview:large","max-video-preview":"max-video-preview:-1"},"canonical":"https:\/\/www.cudgel.de\/produkt\/messticator-total-mastery-lp-splatter\/","og_locale":"en_US","og_type":"article","og_title":"MESSTICATOR - total mastery LP splatter - cudgel | Der ultimative Metal Online Store","og_description":"Was w\u00e4re, wenn es tats\u00e4chlich eine Instanz g\u00e4be, die gr\u00f6\u00dfer ist als alle Menschen und die uns alle regiert, richtet und bestraft? Das w\u00e4re die exakte Definition von &#8220;Total Mastery&#8221;, was sowohl der Titel des zweiten Albums von MESSTICATOR als auch eines ihrer bedrohlichen Konzepte ist, die sich durch die Texte ziehen. Finstere Geschichten geh\u00f6ren [...]","og_url":"https:\/\/www.cudgel.de\/produkt\/messticator-total-mastery-lp-splatter\/","og_site_name":"cudgel | Der ultimative Metal Online Store","article_publisher":"https:\/\/www.facebook.com\/CudgelVertrieb","article_modified_time":"2026-03-26T15:05:59+00:00","og_image":[{"width":1000,"height":1000,"url":"https:\/\/www.cudgel.de\/wp-content\/uploads\/2026\/03\/Art111106.jpg","type":"image\/jpeg"}],"twitter_card":"summary_large_image","twitter_misc":{"Est. reading time":"1 minute"},"schema":{"@context":"https:\/\/schema.org","@graph":[{"@type":"WebPage","@id":"https:\/\/www.cudgel.de\/produkt\/messticator-total-mastery-lp-splatter\/","url":"https:\/\/www.cudgel.de\/produkt\/messticator-total-mastery-lp-splatter\/","name":"MESSTICATOR - total mastery LP splatter - cudgel | Der ultimative Metal Online Store","isPartOf":{"@id":"https:\/\/www.cudgel.de\/#website"},"primaryImageOfPage":{"@id":"https:\/\/www.cudgel.de\/produkt\/messticator-total-mastery-lp-splatter\/#primaryimage"},"image":{"@id":"https:\/\/www.cudgel.de\/produkt\/messticator-total-mastery-lp-splatter\/#primaryimage"},"thumbnailUrl":"https:\/\/www.cudgel.de\/wp-content\/uploads\/2026\/03\/Art111106.jpg","datePublished":"2026-03-24T11:29:17+00:00","dateModified":"2026-03-26T15:05:59+00:00","breadcrumb":{"@id":"https:\/\/www.cudgel.de\/produkt\/messticator-total-mastery-lp-splatter\/#breadcrumb"},"inLanguage":"en-US","potentialAction":[{"@type":"ReadAction","target":["https:\/\/www.cudgel.de\/produkt\/messticator-total-mastery-lp-splatter\/"]}]},{"@type":"ImageObject","inLanguage":"en-US","@id":"https:\/\/www.cudgel.de\/produkt\/messticator-total-mastery-lp-splatter\/#primaryimage","url":"https:\/\/www.cudgel.de\/wp-content\/uploads\/2026\/03\/Art111106.jpg","contentUrl":"https:\/\/www.cudgel.de\/wp-content\/uploads\/2026\/03\/Art111106.jpg","width":1000,"height":1000},{"@type":"BreadcrumbList","@id":"https:\/\/www.cudgel.de\/produkt\/messticator-total-mastery-lp-splatter\/#breadcrumb","itemListElement":[{"@type":"ListItem","position":1,"name":"Home","item":"https:\/\/www.cudgel.de\/en\/"},{"@type":"ListItem","position":2,"name":"Shop","item":"https:\/\/www.cudgel.de\/en\/shop\/"},{"@type":"ListItem","position":3,"name":"MESSTICATOR &#8211; total mastery LP splatter"}]},{"@type":"WebSite","@id":"https:\/\/www.cudgel.de\/#website","url":"https:\/\/www.cudgel.de\/","name":"cudgel | Der ultimative Metal Online Store","description":"Eine weitere WordPress-Website","publisher":{"@id":"https:\/\/www.cudgel.de\/#organization"},"potentialAction":[{"@type":"SearchAction","target":{"@type":"EntryPoint","urlTemplate":"https:\/\/www.cudgel.de\/?s={search_term_string}"},"query-input":"required name=search_term_string"}],"inLanguage":"en-US"},{"@type":"Organization","@id":"https:\/\/www.cudgel.de\/#organization","name":"cudgel | Der ultimative Metal Online Store","url":"https:\/\/www.cudgel.de\/","logo":{"@type":"ImageObject","inLanguage":"en-US","@id":"https:\/\/www.cudgel.de\/#\/schema\/logo\/image\/","url":"https:\/\/www.cudgel.de\/wp-content\/uploads\/2024\/06\/cudgel-logo-neu-1-1400x419png.webp","contentUrl":"https:\/\/www.cudgel.de\/wp-content\/uploads\/2024\/06\/cudgel-logo-neu-1-1400x419png.webp","width":1400,"height":419,"caption":"cudgel | Der ultimative Metal Online Store"},"image":{"@id":"https:\/\/www.cudgel.de\/#\/schema\/logo\/image\/"},"sameAs":["https:\/\/www.facebook.com\/CudgelVertrieb"]}]}},"_links":{"self":[{"href":"https:\/\/www.cudgel.de\/en\/wp-json\/wp\/v2\/product\/3148876","targetHints":{"allow":["GET"]}}],"collection":[{"href":"https:\/\/www.cudgel.de\/en\/wp-json\/wp\/v2\/product"}],"about":[{"href":"https:\/\/www.cudgel.de\/en\/wp-json\/wp\/v2\/types\/product"}],"replies":[{"embeddable":true,"href":"https:\/\/www.cudgel.de\/en\/wp-json\/wp\/v2\/comments?post=3148876"}],"wp:featuredmedia":[{"embeddable":true,"href":"https:\/\/www.cudgel.de\/en\/wp-json\/wp\/v2\/media\/3148874"}],"wp:attachment":[{"href":"https:\/\/www.cudgel.de\/en\/wp-json\/wp\/v2\/media?parent=3148876"}],"wp:term":[{"taxonomy":"product_cat","embeddable":true,"href":"https:\/\/www.cudgel.de\/en\/wp-json\/wp\/v2\/product_cat?post=3148876"},{"taxonomy":"product_tag","embeddable":true,"href":"https:\/\/www.cudgel.de\/en\/wp-json\/wp\/v2\/product_tag?post=3148876"}],"curies":[{"name":"wp","href":"https:\/\/api.w.org\/{rel}","templated":true}]}}