{"id":3174121,"date":"2026-04-07T16:03:55","date_gmt":"2026-04-07T14:03:55","guid":{"rendered":"https:\/\/www.cudgel.de\/produkt\/detresse-pessimismes-lp-black\/"},"modified":"2026-04-07T16:03:56","modified_gmt":"2026-04-07T14:03:56","slug":"detresse-pessimismes-lp-black","status":"publish","type":"product","link":"https:\/\/www.cudgel.de\/en\/product\/detresse-pessimismes-lp-black\/","title":{"rendered":"DETRESSE &#8211; pessimismes LP black"},"content":{"rendered":"<p>The first full-length release \u0091Pessimismes\u0092 deals with the members\u0092 most personal values and struggles, always bringing forth the shadows and light human existence carries along.<\/p>\n<p>For Death is the most vivid picture of life.<\/p>\n<p>lim. black vinyl<\/p>\n<p><strong>Tracks:<\/strong><\/p>\n<ol class=\"tracklisting\">\n<li>D\u00e9sarroi<\/li>\n<li>Der alte Weg<\/li>\n<li>In Asche geh\u00fcllt<\/li>\n<li>Vision Funeste<\/li>\n<li>Die ruhe Tr\u00e4gt<\/li>\n<li>Pessimisme<\/li>\n<\/ol>\n<p><strong>Genres:<\/strong> Black Metal<\/p>\n<p><strong>GPSR Information:<\/strong><br \/>Manufacturer:<br \/>\nVendetta Records<br \/>\nGaillardstr.29, 13187 Berlin, Deutschland<br \/>\nVendettarecs(at)yahoo.de<\/p>\n","protected":false},"excerpt":{"rendered":"<p>The first full-length release \u0091Pessimismes\u0092 deals with the members\u0092 most personal values and struggles, always bringing forth the shadows and light human existence carries along. For Death is the most vivid picture of life. lim. black vinyl Tracks: D\u00e9sarroi Der alte Weg In Asche geh\u00fcllt Vision Funeste Die ruhe Tr\u00e4gt Pessimisme Genres: Black Metal GPSR [&#8230;]\n","protected":false},"featured_media":3174119,"comment_status":"open","ping_status":"closed","template":"","meta":[],"product_cat":[433],"product_tag":[],"class_list":{"0":"post-3174121","1":"product","2":"type-product","3":"status-publish","4":"has-post-thumbnail","6":"product_cat-vinyl-d","7":"pa_band-detresse","8":"pa_productgenre-black-metal","9":"pa_productlabel-vendetta-records","11":"first","12":"instock","13":"taxable","14":"shipping-taxable","15":"purchasable","16":"product-type-simple"},"yoast_head":"<!-- This site is optimized with the Yoast SEO plugin v22.9 - https:\/\/yoast.com\/wordpress\/plugins\/seo\/ -->\n<title>DETRESSE - pessimismes LP black - cudgel | Der ultimative Metal Online Store<\/title>\n<meta name=\"robots\" content=\"index, follow, max-snippet:-1, max-image-preview:large, max-video-preview:-1\" \/>\n<link rel=\"canonical\" href=\"https:\/\/www.cudgel.de\/produkt\/detresse-pessimismes-lp-black\/\" \/>\n<meta property=\"og:locale\" content=\"en_US\" \/>\n<meta property=\"og:type\" content=\"article\" \/>\n<meta property=\"og:title\" content=\"DETRESSE - pessimismes LP black - cudgel | Der ultimative Metal Online Store\" \/>\n<meta property=\"og:description\" content=\"The first full-length release \u0091Pessimismes\u0092 deals with the members\u0092 most personal values and struggles, always bringing forth the shadows and light human existence carries along. For Death is the most vivid picture of life. lim. black vinyl Tracks: D\u00e9sarroi Der alte Weg In Asche geh\u00fcllt Vision Funeste Die ruhe Tr\u00e4gt Pessimisme Genres: Black Metal GPSR [...]\" \/>\n<meta property=\"og:url\" content=\"https:\/\/www.cudgel.de\/produkt\/detresse-pessimismes-lp-black\/\" \/>\n<meta property=\"og:site_name\" content=\"cudgel | Der ultimative Metal Online Store\" \/>\n<meta property=\"article:publisher\" content=\"https:\/\/www.facebook.com\/CudgelVertrieb\" \/>\n<meta property=\"article:modified_time\" content=\"2026-04-07T14:03:56+00:00\" \/>\n<meta name=\"twitter:card\" content=\"summary_large_image\" \/>\n<script type=\"application\/ld+json\" class=\"yoast-schema-graph\">{\"@context\":\"https:\/\/schema.org\",\"@graph\":[{\"@type\":\"WebPage\",\"@id\":\"https:\/\/www.cudgel.de\/produkt\/detresse-pessimismes-lp-black\/\",\"url\":\"https:\/\/www.cudgel.de\/produkt\/detresse-pessimismes-lp-black\/\",\"name\":\"DETRESSE - pessimismes LP black - cudgel | Der ultimative Metal Online Store\",\"isPartOf\":{\"@id\":\"https:\/\/www.cudgel.de\/#website\"},\"primaryImageOfPage\":{\"@id\":\"https:\/\/www.cudgel.de\/produkt\/detresse-pessimismes-lp-black\/#primaryimage\"},\"image\":{\"@id\":\"https:\/\/www.cudgel.de\/produkt\/detresse-pessimismes-lp-black\/#primaryimage\"},\"thumbnailUrl\":\"https:\/\/www.cudgel.de\/wp-content\/uploads\/2026\/04\/Art110684.jpg\",\"datePublished\":\"2026-04-07T14:03:55+00:00\",\"dateModified\":\"2026-04-07T14:03:56+00:00\",\"breadcrumb\":{\"@id\":\"https:\/\/www.cudgel.de\/produkt\/detresse-pessimismes-lp-black\/#breadcrumb\"},\"inLanguage\":\"en-US\",\"potentialAction\":[{\"@type\":\"ReadAction\",\"target\":[\"https:\/\/www.cudgel.de\/produkt\/detresse-pessimismes-lp-black\/\"]}]},{\"@type\":\"ImageObject\",\"inLanguage\":\"en-US\",\"@id\":\"https:\/\/www.cudgel.de\/produkt\/detresse-pessimismes-lp-black\/#primaryimage\",\"url\":\"https:\/\/www.cudgel.de\/wp-content\/uploads\/2026\/04\/Art110684.jpg\",\"contentUrl\":\"https:\/\/www.cudgel.de\/wp-content\/uploads\/2026\/04\/Art110684.jpg\",\"width\":1500,\"height\":1384},{\"@type\":\"BreadcrumbList\",\"@id\":\"https:\/\/www.cudgel.de\/produkt\/detresse-pessimismes-lp-black\/#breadcrumb\",\"itemListElement\":[{\"@type\":\"ListItem\",\"position\":1,\"name\":\"Home\",\"item\":\"https:\/\/www.cudgel.de\/en\/\"},{\"@type\":\"ListItem\",\"position\":2,\"name\":\"Shop\",\"item\":\"https:\/\/www.cudgel.de\/en\/shop\/\"},{\"@type\":\"ListItem\",\"position\":3,\"name\":\"DETRESSE &#8211; pessimismes LP black\"}]},{\"@type\":\"WebSite\",\"@id\":\"https:\/\/www.cudgel.de\/#website\",\"url\":\"https:\/\/www.cudgel.de\/\",\"name\":\"cudgel | Der ultimative Metal Online Store\",\"description\":\"Eine weitere WordPress-Website\",\"publisher\":{\"@id\":\"https:\/\/www.cudgel.de\/#organization\"},\"potentialAction\":[{\"@type\":\"SearchAction\",\"target\":{\"@type\":\"EntryPoint\",\"urlTemplate\":\"https:\/\/www.cudgel.de\/?s={search_term_string}\"},\"query-input\":\"required name=search_term_string\"}],\"inLanguage\":\"en-US\"},{\"@type\":\"Organization\",\"@id\":\"https:\/\/www.cudgel.de\/#organization\",\"name\":\"cudgel | Der ultimative Metal Online Store\",\"url\":\"https:\/\/www.cudgel.de\/\",\"logo\":{\"@type\":\"ImageObject\",\"inLanguage\":\"en-US\",\"@id\":\"https:\/\/www.cudgel.de\/#\/schema\/logo\/image\/\",\"url\":\"https:\/\/www.cudgel.de\/wp-content\/uploads\/2024\/06\/cudgel-logo-neu-1-1400x419png.webp\",\"contentUrl\":\"https:\/\/www.cudgel.de\/wp-content\/uploads\/2024\/06\/cudgel-logo-neu-1-1400x419png.webp\",\"width\":1400,\"height\":419,\"caption\":\"cudgel | Der ultimative Metal Online Store\"},\"image\":{\"@id\":\"https:\/\/www.cudgel.de\/#\/schema\/logo\/image\/\"},\"sameAs\":[\"https:\/\/www.facebook.com\/CudgelVertrieb\"]}]}<\/script>\n<!-- \/ Yoast SEO plugin. -->","yoast_head_json":{"title":"DETRESSE - pessimismes LP black - cudgel | Der ultimative Metal Online Store","robots":{"index":"index","follow":"follow","max-snippet":"max-snippet:-1","max-image-preview":"max-image-preview:large","max-video-preview":"max-video-preview:-1"},"canonical":"https:\/\/www.cudgel.de\/produkt\/detresse-pessimismes-lp-black\/","og_locale":"en_US","og_type":"article","og_title":"DETRESSE - pessimismes LP black - cudgel | Der ultimative Metal Online Store","og_description":"The first full-length release \u0091Pessimismes\u0092 deals with the members\u0092 most personal values and struggles, always bringing forth the shadows and light human existence carries along. For Death is the most vivid picture of life. lim. black vinyl Tracks: D\u00e9sarroi Der alte Weg In Asche geh\u00fcllt Vision Funeste Die ruhe Tr\u00e4gt Pessimisme Genres: Black Metal GPSR [...]","og_url":"https:\/\/www.cudgel.de\/produkt\/detresse-pessimismes-lp-black\/","og_site_name":"cudgel | Der ultimative Metal Online Store","article_publisher":"https:\/\/www.facebook.com\/CudgelVertrieb","article_modified_time":"2026-04-07T14:03:56+00:00","twitter_card":"summary_large_image","schema":{"@context":"https:\/\/schema.org","@graph":[{"@type":"WebPage","@id":"https:\/\/www.cudgel.de\/produkt\/detresse-pessimismes-lp-black\/","url":"https:\/\/www.cudgel.de\/produkt\/detresse-pessimismes-lp-black\/","name":"DETRESSE - pessimismes LP black - cudgel | Der ultimative Metal Online Store","isPartOf":{"@id":"https:\/\/www.cudgel.de\/#website"},"primaryImageOfPage":{"@id":"https:\/\/www.cudgel.de\/produkt\/detresse-pessimismes-lp-black\/#primaryimage"},"image":{"@id":"https:\/\/www.cudgel.de\/produkt\/detresse-pessimismes-lp-black\/#primaryimage"},"thumbnailUrl":"https:\/\/www.cudgel.de\/wp-content\/uploads\/2026\/04\/Art110684.jpg","datePublished":"2026-04-07T14:03:55+00:00","dateModified":"2026-04-07T14:03:56+00:00","breadcrumb":{"@id":"https:\/\/www.cudgel.de\/produkt\/detresse-pessimismes-lp-black\/#breadcrumb"},"inLanguage":"en-US","potentialAction":[{"@type":"ReadAction","target":["https:\/\/www.cudgel.de\/produkt\/detresse-pessimismes-lp-black\/"]}]},{"@type":"ImageObject","inLanguage":"en-US","@id":"https:\/\/www.cudgel.de\/produkt\/detresse-pessimismes-lp-black\/#primaryimage","url":"https:\/\/www.cudgel.de\/wp-content\/uploads\/2026\/04\/Art110684.jpg","contentUrl":"https:\/\/www.cudgel.de\/wp-content\/uploads\/2026\/04\/Art110684.jpg","width":1500,"height":1384},{"@type":"BreadcrumbList","@id":"https:\/\/www.cudgel.de\/produkt\/detresse-pessimismes-lp-black\/#breadcrumb","itemListElement":[{"@type":"ListItem","position":1,"name":"Home","item":"https:\/\/www.cudgel.de\/en\/"},{"@type":"ListItem","position":2,"name":"Shop","item":"https:\/\/www.cudgel.de\/en\/shop\/"},{"@type":"ListItem","position":3,"name":"DETRESSE &#8211; pessimismes LP black"}]},{"@type":"WebSite","@id":"https:\/\/www.cudgel.de\/#website","url":"https:\/\/www.cudgel.de\/","name":"cudgel | Der ultimative Metal Online Store","description":"Eine weitere WordPress-Website","publisher":{"@id":"https:\/\/www.cudgel.de\/#organization"},"potentialAction":[{"@type":"SearchAction","target":{"@type":"EntryPoint","urlTemplate":"https:\/\/www.cudgel.de\/?s={search_term_string}"},"query-input":"required name=search_term_string"}],"inLanguage":"en-US"},{"@type":"Organization","@id":"https:\/\/www.cudgel.de\/#organization","name":"cudgel | Der ultimative Metal Online Store","url":"https:\/\/www.cudgel.de\/","logo":{"@type":"ImageObject","inLanguage":"en-US","@id":"https:\/\/www.cudgel.de\/#\/schema\/logo\/image\/","url":"https:\/\/www.cudgel.de\/wp-content\/uploads\/2024\/06\/cudgel-logo-neu-1-1400x419png.webp","contentUrl":"https:\/\/www.cudgel.de\/wp-content\/uploads\/2024\/06\/cudgel-logo-neu-1-1400x419png.webp","width":1400,"height":419,"caption":"cudgel | Der ultimative Metal Online Store"},"image":{"@id":"https:\/\/www.cudgel.de\/#\/schema\/logo\/image\/"},"sameAs":["https:\/\/www.facebook.com\/CudgelVertrieb"]}]}},"_links":{"self":[{"href":"https:\/\/www.cudgel.de\/en\/wp-json\/wp\/v2\/product\/3174121","targetHints":{"allow":["GET"]}}],"collection":[{"href":"https:\/\/www.cudgel.de\/en\/wp-json\/wp\/v2\/product"}],"about":[{"href":"https:\/\/www.cudgel.de\/en\/wp-json\/wp\/v2\/types\/product"}],"replies":[{"embeddable":true,"href":"https:\/\/www.cudgel.de\/en\/wp-json\/wp\/v2\/comments?post=3174121"}],"wp:featuredmedia":[{"embeddable":true,"href":"https:\/\/www.cudgel.de\/en\/wp-json\/wp\/v2\/media\/3174119"}],"wp:attachment":[{"href":"https:\/\/www.cudgel.de\/en\/wp-json\/wp\/v2\/media?parent=3174121"}],"wp:term":[{"taxonomy":"product_cat","embeddable":true,"href":"https:\/\/www.cudgel.de\/en\/wp-json\/wp\/v2\/product_cat?post=3174121"},{"taxonomy":"product_tag","embeddable":true,"href":"https:\/\/www.cudgel.de\/en\/wp-json\/wp\/v2\/product_tag?post=3174121"}],"curies":[{"name":"wp","href":"https:\/\/api.w.org\/{rel}","templated":true}]}}