{"id":3232300,"date":"2026-05-06T11:45:16","date_gmt":"2026-05-06T09:45:16","guid":{"rendered":"https:\/\/www.cudgel.de\/produkt\/bethlehem-lebe-dich-leer-lp-white\/"},"modified":"2026-05-06T11:45:17","modified_gmt":"2026-05-06T09:45:17","slug":"bethlehem-lebe-dich-leer-lp-white","status":"publish","type":"product","link":"https:\/\/www.cudgel.de\/en\/product\/bethlehem-lebe-dich-leer-lp-white\/","title":{"rendered":"BETHLEHEM &#8211; lebe dich leer LP white"},"content":{"rendered":"<p>Released in a gatefold jacket, limited to 300 white copies worldwide.<br \/>\nPrinted credits and lyrics on the right inner page of the cover.<\/p>\n<p>Als Vorreiter des sogenannten Depressive oder Suicidal Black Metal pr\u00e4gen Bethlehem die Entwicklung extremer Musik seit 28 Jahren ma\u00dfgeblich. Mit ihren ersten drei Alben &#8220;Dark Metal&#8221; (1994), &#8220;Dictius Te Necare&#8221; (1996) und &#8220;S.U.i.Z.i.D.&#8221; (1998) f\u00fchrten sie eine Bewegung an, die mehrere Genres nachhaltig beeinflusst hat. Die Deutschen brachten immerzu Alben heraus, die ihre stetig wachsende Anh\u00e4ngerschaft gleichzeitig vor den Kopf stie\u00dfen und bezauberten.<\/p>\n<p>Nach einer experimentellen Phase kehrte die Band 2016 auf &#8220;Bethlehem&#8221; zu ihren harschen Wurzeln zur\u00fcck und stellte eine neue Besetzung vor, zu der auch Frontfrau Onielar (Darkened Nocturn Slaughtercult) geh\u00f6rt. Ihr krasser Gesangsstil ist neben Gr\u00fcnder J\u00fcrgen Bartschs unersch\u00f6pflichem Einfallsreichtum mittlerweile ein Markenzeichen der Gruppe geworden. &#8220;Lebe dich leer&#8221; legt Zeugnis davon ab: Alle Songs unterscheiden sich voneinander und erz\u00e4hlen jeweils eine eigene Geschichte, eingebettet in eine Klangkulisse des schieren Entsetzens. Gespenstisch schrille Schreie verschmelzen mit Melodien und schweren Gitarrenriffs, das musikalische Spektrum reicht von sumpfigen Grooves bis zu st\u00fcrmisch erhebenden Momenten.<\/p>\n<p>Auf dem Album verbinden sich Bethlehems klassischer Black und Death Metal mit Einfl\u00fcssen aus dem Industrial-Bereich und fr\u00fchem Darkwave, ohne dass vertraute \u00c4sthetik und Sound verlorengingen. &#8220;Lebe dich leer&#8221; ist also gleichzeitig einzigartig und traditionsverbunden; jeder Freund gewagter Musik wird es schaudernd bewundern, wohingegen sich langj\u00e4hrige Fans des Quartetts beim H\u00f6ren gleich wie zu Hause f\u00fchlen d\u00fcrften. Das Chaos naht\u0085 <\/p>\n<p><strong>Tracks:<\/strong><\/p>\n<ol class=\"tracklisting\">\n<li>Verdaut in klaffenden M\u00e4ulern<\/li>\n<li>Niemals mehr leben<\/li>\n<li>Ich wei\u00df ich bin keins<\/li>\n<li>Wo alte Spinnen br\u00fcten<\/li>\n<li>D\u00e4monisch im ersten Blitz<\/li>\n<li>An gestrandeten Sinnen<\/li>\n<li>Ode an die obsz\u00f6ne Scheu\u00dflichkeit<\/li>\n<li>Aberwitzige Infraschall-Ritualistik<\/li>\n<li>Bartzitter Flumgerenne<\/li>\n<\/ol>\n<p><strong>Genres:<\/strong> Black Metal, Avantgarde<\/p>\n<p><strong>GPSR Information:<\/strong><br \/>Manufacturer:<br \/>\nWeltnetz S.\u00e0r.l. \/ Prophecy Productions<br \/>\n40-42 Grand Rue, 6630 Wasserbillig, Luxemburg<br \/>\npost(at)spkr.media<\/p>\n","protected":false},"excerpt":{"rendered":"<p>Released in a gatefold jacket, limited to 300 white copies worldwide. Printed credits and lyrics on the right inner page of the cover. Als Vorreiter des sogenannten Depressive oder Suicidal Black Metal pr\u00e4gen Bethlehem die Entwicklung extremer Musik seit 28 Jahren ma\u00dfgeblich. Mit ihren ersten drei Alben &#8220;Dark Metal&#8221; (1994), &#8220;Dictius Te Necare&#8221; (1996) und [&#8230;]\n","protected":false},"featured_media":3232298,"comment_status":"open","ping_status":"closed","template":"","meta":[],"product_cat":[431],"product_tag":[],"class_list":{"0":"post-3232300","1":"product","2":"type-product","3":"status-publish","4":"has-post-thumbnail","6":"product_cat-vinyl-b","7":"pa_band-bethlehem","8":"pa_productgenre-avantgarde","9":"pa_productgenre-black-metal","10":"pa_productlabel-prophecy-productions","12":"first","13":"instock","14":"taxable","15":"shipping-taxable","16":"purchasable","17":"product-type-simple"},"yoast_head":"<!-- This site is optimized with the Yoast SEO plugin v22.9 - https:\/\/yoast.com\/wordpress\/plugins\/seo\/ -->\n<title>BETHLEHEM - lebe dich leer LP white - cudgel | Der ultimative Metal Online Store<\/title>\n<meta name=\"robots\" content=\"index, follow, max-snippet:-1, max-image-preview:large, max-video-preview:-1\" \/>\n<link rel=\"canonical\" href=\"https:\/\/www.cudgel.de\/produkt\/bethlehem-lebe-dich-leer-lp-white\/\" \/>\n<meta property=\"og:locale\" content=\"en_US\" \/>\n<meta property=\"og:type\" content=\"article\" \/>\n<meta property=\"og:title\" content=\"BETHLEHEM - lebe dich leer LP white - cudgel | Der ultimative Metal Online Store\" \/>\n<meta property=\"og:description\" content=\"Released in a gatefold jacket, limited to 300 white copies worldwide. Printed credits and lyrics on the right inner page of the cover. Als Vorreiter des sogenannten Depressive oder Suicidal Black Metal pr\u00e4gen Bethlehem die Entwicklung extremer Musik seit 28 Jahren ma\u00dfgeblich. Mit ihren ersten drei Alben &#8220;Dark Metal&#8221; (1994), &#8220;Dictius Te Necare&#8221; (1996) und [...]\" \/>\n<meta property=\"og:url\" content=\"https:\/\/www.cudgel.de\/produkt\/bethlehem-lebe-dich-leer-lp-white\/\" \/>\n<meta property=\"og:site_name\" content=\"cudgel | Der ultimative Metal Online Store\" \/>\n<meta property=\"article:publisher\" content=\"https:\/\/www.facebook.com\/CudgelVertrieb\" \/>\n<meta property=\"article:modified_time\" content=\"2026-05-06T09:45:17+00:00\" \/>\n<meta name=\"twitter:card\" content=\"summary_large_image\" \/>\n<meta name=\"twitter:label1\" content=\"Est. reading time\" \/>\n\t<meta name=\"twitter:data1\" content=\"2 minutes\" \/>\n<script type=\"application\/ld+json\" class=\"yoast-schema-graph\">{\"@context\":\"https:\/\/schema.org\",\"@graph\":[{\"@type\":\"WebPage\",\"@id\":\"https:\/\/www.cudgel.de\/produkt\/bethlehem-lebe-dich-leer-lp-white\/\",\"url\":\"https:\/\/www.cudgel.de\/produkt\/bethlehem-lebe-dich-leer-lp-white\/\",\"name\":\"BETHLEHEM - lebe dich leer LP white - cudgel | Der ultimative Metal Online Store\",\"isPartOf\":{\"@id\":\"https:\/\/www.cudgel.de\/#website\"},\"primaryImageOfPage\":{\"@id\":\"https:\/\/www.cudgel.de\/produkt\/bethlehem-lebe-dich-leer-lp-white\/#primaryimage\"},\"image\":{\"@id\":\"https:\/\/www.cudgel.de\/produkt\/bethlehem-lebe-dich-leer-lp-white\/#primaryimage\"},\"thumbnailUrl\":\"https:\/\/www.cudgel.de\/wp-content\/uploads\/2026\/05\/Art111186.jpg\",\"datePublished\":\"2026-05-06T09:45:16+00:00\",\"dateModified\":\"2026-05-06T09:45:17+00:00\",\"breadcrumb\":{\"@id\":\"https:\/\/www.cudgel.de\/produkt\/bethlehem-lebe-dich-leer-lp-white\/#breadcrumb\"},\"inLanguage\":\"en-US\",\"potentialAction\":[{\"@type\":\"ReadAction\",\"target\":[\"https:\/\/www.cudgel.de\/produkt\/bethlehem-lebe-dich-leer-lp-white\/\"]}]},{\"@type\":\"ImageObject\",\"inLanguage\":\"en-US\",\"@id\":\"https:\/\/www.cudgel.de\/produkt\/bethlehem-lebe-dich-leer-lp-white\/#primaryimage\",\"url\":\"https:\/\/www.cudgel.de\/wp-content\/uploads\/2026\/05\/Art111186.jpg\",\"contentUrl\":\"https:\/\/www.cudgel.de\/wp-content\/uploads\/2026\/05\/Art111186.jpg\",\"width\":1500,\"height\":1384},{\"@type\":\"BreadcrumbList\",\"@id\":\"https:\/\/www.cudgel.de\/produkt\/bethlehem-lebe-dich-leer-lp-white\/#breadcrumb\",\"itemListElement\":[{\"@type\":\"ListItem\",\"position\":1,\"name\":\"Home\",\"item\":\"https:\/\/www.cudgel.de\/en\/\"},{\"@type\":\"ListItem\",\"position\":2,\"name\":\"Shop\",\"item\":\"https:\/\/www.cudgel.de\/en\/shop\/\"},{\"@type\":\"ListItem\",\"position\":3,\"name\":\"BETHLEHEM &#8211; lebe dich leer LP white\"}]},{\"@type\":\"WebSite\",\"@id\":\"https:\/\/www.cudgel.de\/#website\",\"url\":\"https:\/\/www.cudgel.de\/\",\"name\":\"cudgel | Der ultimative Metal Online Store\",\"description\":\"Eine weitere WordPress-Website\",\"publisher\":{\"@id\":\"https:\/\/www.cudgel.de\/#organization\"},\"potentialAction\":[{\"@type\":\"SearchAction\",\"target\":{\"@type\":\"EntryPoint\",\"urlTemplate\":\"https:\/\/www.cudgel.de\/?s={search_term_string}\"},\"query-input\":\"required name=search_term_string\"}],\"inLanguage\":\"en-US\"},{\"@type\":\"Organization\",\"@id\":\"https:\/\/www.cudgel.de\/#organization\",\"name\":\"cudgel | Der ultimative Metal Online Store\",\"url\":\"https:\/\/www.cudgel.de\/\",\"logo\":{\"@type\":\"ImageObject\",\"inLanguage\":\"en-US\",\"@id\":\"https:\/\/www.cudgel.de\/#\/schema\/logo\/image\/\",\"url\":\"https:\/\/www.cudgel.de\/wp-content\/uploads\/2024\/06\/cudgel-logo-neu-1-1400x419png.webp\",\"contentUrl\":\"https:\/\/www.cudgel.de\/wp-content\/uploads\/2024\/06\/cudgel-logo-neu-1-1400x419png.webp\",\"width\":1400,\"height\":419,\"caption\":\"cudgel | Der ultimative Metal Online Store\"},\"image\":{\"@id\":\"https:\/\/www.cudgel.de\/#\/schema\/logo\/image\/\"},\"sameAs\":[\"https:\/\/www.facebook.com\/CudgelVertrieb\"]}]}<\/script>\n<!-- \/ Yoast SEO plugin. -->","yoast_head_json":{"title":"BETHLEHEM - lebe dich leer LP white - cudgel | Der ultimative Metal Online Store","robots":{"index":"index","follow":"follow","max-snippet":"max-snippet:-1","max-image-preview":"max-image-preview:large","max-video-preview":"max-video-preview:-1"},"canonical":"https:\/\/www.cudgel.de\/produkt\/bethlehem-lebe-dich-leer-lp-white\/","og_locale":"en_US","og_type":"article","og_title":"BETHLEHEM - lebe dich leer LP white - cudgel | Der ultimative Metal Online Store","og_description":"Released in a gatefold jacket, limited to 300 white copies worldwide. Printed credits and lyrics on the right inner page of the cover. Als Vorreiter des sogenannten Depressive oder Suicidal Black Metal pr\u00e4gen Bethlehem die Entwicklung extremer Musik seit 28 Jahren ma\u00dfgeblich. Mit ihren ersten drei Alben &#8220;Dark Metal&#8221; (1994), &#8220;Dictius Te Necare&#8221; (1996) und [...]","og_url":"https:\/\/www.cudgel.de\/produkt\/bethlehem-lebe-dich-leer-lp-white\/","og_site_name":"cudgel | Der ultimative Metal Online Store","article_publisher":"https:\/\/www.facebook.com\/CudgelVertrieb","article_modified_time":"2026-05-06T09:45:17+00:00","twitter_card":"summary_large_image","twitter_misc":{"Est. reading time":"2 minutes"},"schema":{"@context":"https:\/\/schema.org","@graph":[{"@type":"WebPage","@id":"https:\/\/www.cudgel.de\/produkt\/bethlehem-lebe-dich-leer-lp-white\/","url":"https:\/\/www.cudgel.de\/produkt\/bethlehem-lebe-dich-leer-lp-white\/","name":"BETHLEHEM - lebe dich leer LP white - cudgel | Der ultimative Metal Online Store","isPartOf":{"@id":"https:\/\/www.cudgel.de\/#website"},"primaryImageOfPage":{"@id":"https:\/\/www.cudgel.de\/produkt\/bethlehem-lebe-dich-leer-lp-white\/#primaryimage"},"image":{"@id":"https:\/\/www.cudgel.de\/produkt\/bethlehem-lebe-dich-leer-lp-white\/#primaryimage"},"thumbnailUrl":"https:\/\/www.cudgel.de\/wp-content\/uploads\/2026\/05\/Art111186.jpg","datePublished":"2026-05-06T09:45:16+00:00","dateModified":"2026-05-06T09:45:17+00:00","breadcrumb":{"@id":"https:\/\/www.cudgel.de\/produkt\/bethlehem-lebe-dich-leer-lp-white\/#breadcrumb"},"inLanguage":"en-US","potentialAction":[{"@type":"ReadAction","target":["https:\/\/www.cudgel.de\/produkt\/bethlehem-lebe-dich-leer-lp-white\/"]}]},{"@type":"ImageObject","inLanguage":"en-US","@id":"https:\/\/www.cudgel.de\/produkt\/bethlehem-lebe-dich-leer-lp-white\/#primaryimage","url":"https:\/\/www.cudgel.de\/wp-content\/uploads\/2026\/05\/Art111186.jpg","contentUrl":"https:\/\/www.cudgel.de\/wp-content\/uploads\/2026\/05\/Art111186.jpg","width":1500,"height":1384},{"@type":"BreadcrumbList","@id":"https:\/\/www.cudgel.de\/produkt\/bethlehem-lebe-dich-leer-lp-white\/#breadcrumb","itemListElement":[{"@type":"ListItem","position":1,"name":"Home","item":"https:\/\/www.cudgel.de\/en\/"},{"@type":"ListItem","position":2,"name":"Shop","item":"https:\/\/www.cudgel.de\/en\/shop\/"},{"@type":"ListItem","position":3,"name":"BETHLEHEM &#8211; lebe dich leer LP white"}]},{"@type":"WebSite","@id":"https:\/\/www.cudgel.de\/#website","url":"https:\/\/www.cudgel.de\/","name":"cudgel | Der ultimative Metal Online Store","description":"Eine weitere WordPress-Website","publisher":{"@id":"https:\/\/www.cudgel.de\/#organization"},"potentialAction":[{"@type":"SearchAction","target":{"@type":"EntryPoint","urlTemplate":"https:\/\/www.cudgel.de\/?s={search_term_string}"},"query-input":"required name=search_term_string"}],"inLanguage":"en-US"},{"@type":"Organization","@id":"https:\/\/www.cudgel.de\/#organization","name":"cudgel | Der ultimative Metal Online Store","url":"https:\/\/www.cudgel.de\/","logo":{"@type":"ImageObject","inLanguage":"en-US","@id":"https:\/\/www.cudgel.de\/#\/schema\/logo\/image\/","url":"https:\/\/www.cudgel.de\/wp-content\/uploads\/2024\/06\/cudgel-logo-neu-1-1400x419png.webp","contentUrl":"https:\/\/www.cudgel.de\/wp-content\/uploads\/2024\/06\/cudgel-logo-neu-1-1400x419png.webp","width":1400,"height":419,"caption":"cudgel | Der ultimative Metal Online Store"},"image":{"@id":"https:\/\/www.cudgel.de\/#\/schema\/logo\/image\/"},"sameAs":["https:\/\/www.facebook.com\/CudgelVertrieb"]}]}},"_links":{"self":[{"href":"https:\/\/www.cudgel.de\/en\/wp-json\/wp\/v2\/product\/3232300","targetHints":{"allow":["GET"]}}],"collection":[{"href":"https:\/\/www.cudgel.de\/en\/wp-json\/wp\/v2\/product"}],"about":[{"href":"https:\/\/www.cudgel.de\/en\/wp-json\/wp\/v2\/types\/product"}],"replies":[{"embeddable":true,"href":"https:\/\/www.cudgel.de\/en\/wp-json\/wp\/v2\/comments?post=3232300"}],"wp:featuredmedia":[{"embeddable":true,"href":"https:\/\/www.cudgel.de\/en\/wp-json\/wp\/v2\/media\/3232298"}],"wp:attachment":[{"href":"https:\/\/www.cudgel.de\/en\/wp-json\/wp\/v2\/media?parent=3232300"}],"wp:term":[{"taxonomy":"product_cat","embeddable":true,"href":"https:\/\/www.cudgel.de\/en\/wp-json\/wp\/v2\/product_cat?post=3232300"},{"taxonomy":"product_tag","embeddable":true,"href":"https:\/\/www.cudgel.de\/en\/wp-json\/wp\/v2\/product_tag?post=3232300"}],"curies":[{"name":"wp","href":"https:\/\/api.w.org\/{rel}","templated":true}]}}