{"id":3282766,"date":"2026-05-12T10:36:05","date_gmt":"2026-05-12T08:36:05","guid":{"rendered":"https:\/\/www.cudgel.de\/produkt\/spirit-adrift-infinite-illumination-lp-neon-green-b3\/"},"modified":"2026-05-12T10:36:05","modified_gmt":"2026-05-12T08:36:05","slug":"spirit-adrift-infinite-illumination-lp-neon-green-b3","status":"publish","type":"product","link":"https:\/\/www.cudgel.de\/en\/product\/spirit-adrift-infinite-illumination-lp-neon-green-b3\/","title":{"rendered":"SPIRIT ADRIFT &#8211; infinite illumination LP neon green (B3)"},"content":{"rendered":"<p>lim. gatefold neon green Vinyl (B3)<\/p>\n<p>Mit ihrem sechsten und letztem Album innerhalb eines Jahrzehnts ist Mastermind Nathan Garrett bereit, das letzte Kapitel der Band zu entfesseln. \u0084Infinite Illumination\u0093, der Abgesang von Spirit Adrift, ist eine R\u00fcckkehr zu den Wurzeln, die alles inspiriert haben, und ein Zeugnis einer Band, die in den letzten 10 Jahren einen makellosen, ganz eigenen Stil entwickelt hat, geformt aus den Grundelementen von mehr als einem halben Jahrhundert Heavy-Metal-Begeisterung. \u0084Infinite Illumination\u0093 hat etwas Direktes an sich, ein Gef\u00fchl von Dringlichkeit und roher Intensit\u00e4t. Die Songs wirken unausweichlich, als m\u00fcssten sie in einer Zeit gro\u00dfer Umw\u00e4lzungen aus den Tiefen des Inneren hervorgetrieben werden. Das fatalistische \u0084Born in a Bad Way\u0093 beschw\u00f6rt ein rachs\u00fcchtiges \u0084zerbrochenes Relikt aus einem anderen Zeitalter\u0093, das \u0084wieder leben und sie daf\u00fcr bezahlen lassen\u0093 muss, untermalt von Garretts prahlerischem Knurren, w\u00e4hrend \u0084White Death\u0093 verk\u00fcndet: \u0084Gott hat auf einige Auserw\u00e4hlte herabgeschienen, wir m\u00fcssen den Rest von euch t\u00f6ten\u0093. Diese Songs vermitteln ein greifbares Gef\u00fchl der Unruhe, sowohl spirituell als auch irdisch, pers\u00f6nlich und universell, vermittelt durch erdr\u00fcckende traditionelle Doom-Riffs, donnernde Midtempo-M\u00e4rsche und Garretts leidenschaftlichen Gesang. Lange nachdem die Band nicht mehr existiert, werden Fans weiterhin das Werk von Spirit Adrift entdecken und die ganze Bandbreite der Gro\u00dfartigkeit erleben, die sie in nur einem Jahrzehnt geschaffen haben. Jeder melodische, epische und emotionsgeladene Faden, der das Verm\u00e4chtnis der Band pr\u00e4gt, w\u00fcrdigt die treibende Kraft hinter purem kreativen Ehrgeiz. Und im Kern tr\u00e4gt \u0084Infinite Illumination\u0093 sowohl das Gewicht des Abschlusses als auch die beunruhigende Erkenntnis, dass Abschied nehmen selten schmerzlos ist.<\/p>\n<p><strong>Tracks:<\/strong><\/p>\n<ol class=\"tracklisting\">\n<li>Infinite Illumination<\/li>\n<li>Window Within<\/li>\n<li>You Will Never Hold the Key<\/li>\n<li>Born in a Bad Way<\/li>\n<li>Buried in the Shadow of the Cross<\/li>\n<li>White Death<\/li>\n<li>I Am Sustained<\/li>\n<li>Where Once There Was an Ocean<\/li>\n<\/ol>\n<p><strong>Genres:<\/strong> Doom Metal, Heavy Metal<\/p>\n<p><strong>GPSR Information:<\/strong><br \/>Manufacturer:<br \/>\nIntegral Music \/ Virgin Music Group BV<br \/>\n&#8216;s-Gravelandseweg 80, 1217 EW Hilversum, Netherlands<br \/>\nKundenservice(at)integralmusic.com<\/p>\n","protected":false},"excerpt":{"rendered":"<p>lim. gatefold neon green Vinyl (B3) Mit ihrem sechsten und letztem Album innerhalb eines Jahrzehnts ist Mastermind Nathan Garrett bereit, das letzte Kapitel der Band zu entfesseln. \u0084Infinite Illumination\u0093, der Abgesang von Spirit Adrift, ist eine R\u00fcckkehr zu den Wurzeln, die alles inspiriert haben, und ein Zeugnis einer Band, die in den letzten 10 Jahren [&#8230;]\n","protected":false},"featured_media":3282764,"comment_status":"open","ping_status":"closed","template":"","meta":[],"product_brand":[],"product_cat":[441],"product_tag":[],"class_list":{"0":"post-3282766","1":"product","2":"type-product","3":"status-publish","4":"has-post-thumbnail","6":"product_cat-vinyl-s","7":"pa_band-spirit-adrift","8":"pa_productgenre-doom-metal","9":"pa_productgenre-heavy-metal","10":"pa_productlabel-20-buck-spin","12":"first","13":"instock","14":"taxable","15":"shipping-taxable","16":"purchasable","17":"product-type-simple"},"yoast_head":"<!-- This site is optimized with the Yoast SEO plugin v27.5 - https:\/\/yoast.com\/product\/yoast-seo-wordpress\/ -->\n<title>SPIRIT ADRIFT - infinite illumination LP neon green (B3) - cudgel | Der ultimative Metal Online Store<\/title>\n<meta name=\"robots\" content=\"index, follow, max-snippet:-1, max-image-preview:large, max-video-preview:-1\" \/>\n<link rel=\"canonical\" href=\"https:\/\/www.cudgel.de\/en\/product\/spirit-adrift-infinite-illumination-lp-neon-green-b3\/\" \/>\n<meta property=\"og:locale\" content=\"en_US\" \/>\n<meta property=\"og:type\" content=\"article\" \/>\n<meta property=\"og:title\" content=\"SPIRIT ADRIFT - infinite illumination LP neon green (B3) - cudgel | Der ultimative Metal Online Store\" \/>\n<meta property=\"og:description\" content=\"lim. gatefold neon green Vinyl (B3) Mit ihrem sechsten und letztem Album innerhalb eines Jahrzehnts ist Mastermind Nathan Garrett bereit, das letzte Kapitel der Band zu entfesseln. \u0084Infinite Illumination\u0093, der Abgesang von Spirit Adrift, ist eine R\u00fcckkehr zu den Wurzeln, die alles inspiriert haben, und ein Zeugnis einer Band, die in den letzten 10 Jahren [...]\" \/>\n<meta property=\"og:url\" content=\"https:\/\/www.cudgel.de\/en\/product\/spirit-adrift-infinite-illumination-lp-neon-green-b3\/\" \/>\n<meta property=\"og:site_name\" content=\"cudgel | Der ultimative Metal Online Store\" \/>\n<meta property=\"article:publisher\" content=\"https:\/\/www.facebook.com\/CudgelVertrieb\" \/>\n<meta name=\"twitter:card\" content=\"summary_large_image\" \/>\n<meta name=\"twitter:label1\" content=\"Est. reading time\" \/>\n\t<meta name=\"twitter:data1\" content=\"2 minutes\" \/>\n<script type=\"application\/ld+json\" class=\"yoast-schema-graph\">{\"@context\":\"https:\\\/\\\/schema.org\",\"@graph\":[{\"@type\":\"WebPage\",\"@id\":\"https:\\\/\\\/www.cudgel.de\\\/en\\\/product\\\/spirit-adrift-infinite-illumination-lp-neon-green-b3\\\/\",\"url\":\"https:\\\/\\\/www.cudgel.de\\\/en\\\/product\\\/spirit-adrift-infinite-illumination-lp-neon-green-b3\\\/\",\"name\":\"SPIRIT ADRIFT - infinite illumination LP neon green (B3) - cudgel | Der ultimative Metal Online Store\",\"isPartOf\":{\"@id\":\"https:\\\/\\\/www.cudgel.de\\\/en\\\/#website\"},\"primaryImageOfPage\":{\"@id\":\"https:\\\/\\\/www.cudgel.de\\\/en\\\/product\\\/spirit-adrift-infinite-illumination-lp-neon-green-b3\\\/#primaryimage\"},\"image\":{\"@id\":\"https:\\\/\\\/www.cudgel.de\\\/en\\\/product\\\/spirit-adrift-infinite-illumination-lp-neon-green-b3\\\/#primaryimage\"},\"thumbnailUrl\":\"https:\\\/\\\/www.cudgel.de\\\/wp-content\\\/uploads\\\/2026\\\/05\\\/Art111193.jpg\",\"datePublished\":\"2026-05-12T08:36:05+00:00\",\"breadcrumb\":{\"@id\":\"https:\\\/\\\/www.cudgel.de\\\/en\\\/product\\\/spirit-adrift-infinite-illumination-lp-neon-green-b3\\\/#breadcrumb\"},\"inLanguage\":\"en-US\",\"potentialAction\":[{\"@type\":\"ReadAction\",\"target\":[\"https:\\\/\\\/www.cudgel.de\\\/en\\\/product\\\/spirit-adrift-infinite-illumination-lp-neon-green-b3\\\/\"]}]},{\"@type\":\"ImageObject\",\"inLanguage\":\"en-US\",\"@id\":\"https:\\\/\\\/www.cudgel.de\\\/en\\\/product\\\/spirit-adrift-infinite-illumination-lp-neon-green-b3\\\/#primaryimage\",\"url\":\"https:\\\/\\\/www.cudgel.de\\\/wp-content\\\/uploads\\\/2026\\\/05\\\/Art111193.jpg\",\"contentUrl\":\"https:\\\/\\\/www.cudgel.de\\\/wp-content\\\/uploads\\\/2026\\\/05\\\/Art111193.jpg\",\"width\":1000,\"height\":1000},{\"@type\":\"BreadcrumbList\",\"@id\":\"https:\\\/\\\/www.cudgel.de\\\/en\\\/product\\\/spirit-adrift-infinite-illumination-lp-neon-green-b3\\\/#breadcrumb\",\"itemListElement\":[{\"@type\":\"ListItem\",\"position\":1,\"name\":\"Home\",\"item\":\"https:\\\/\\\/www.cudgel.de\\\/en\\\/\"},{\"@type\":\"ListItem\",\"position\":2,\"name\":\"Shop\",\"item\":\"https:\\\/\\\/www.cudgel.de\\\/en\\\/shop\\\/\"},{\"@type\":\"ListItem\",\"position\":3,\"name\":\"SPIRIT ADRIFT &#8211; infinite illumination LP neon green (B3)\"}]},{\"@type\":\"WebSite\",\"@id\":\"https:\\\/\\\/www.cudgel.de\\\/en\\\/#website\",\"url\":\"https:\\\/\\\/www.cudgel.de\\\/en\\\/\",\"name\":\"cudgel | Der ultimative Metal Online Store\",\"description\":\"Eine weitere WordPress-Website\",\"publisher\":{\"@id\":\"https:\\\/\\\/www.cudgel.de\\\/en\\\/#organization\"},\"potentialAction\":[{\"@type\":\"SearchAction\",\"target\":{\"@type\":\"EntryPoint\",\"urlTemplate\":\"https:\\\/\\\/www.cudgel.de\\\/en\\\/?s={search_term_string}\"},\"query-input\":{\"@type\":\"PropertyValueSpecification\",\"valueRequired\":true,\"valueName\":\"search_term_string\"}}],\"inLanguage\":\"en-US\"},{\"@type\":\"Organization\",\"@id\":\"https:\\\/\\\/www.cudgel.de\\\/en\\\/#organization\",\"name\":\"cudgel | Der ultimative Metal Online Store\",\"url\":\"https:\\\/\\\/www.cudgel.de\\\/en\\\/\",\"logo\":{\"@type\":\"ImageObject\",\"inLanguage\":\"en-US\",\"@id\":\"https:\\\/\\\/www.cudgel.de\\\/en\\\/#\\\/schema\\\/logo\\\/image\\\/\",\"url\":\"https:\\\/\\\/cudgel.de\\\/wp-content\\\/uploads\\\/2024\\\/06\\\/cudgel-logo-neu-1-1400x419png.webp\",\"contentUrl\":\"https:\\\/\\\/cudgel.de\\\/wp-content\\\/uploads\\\/2024\\\/06\\\/cudgel-logo-neu-1-1400x419png.webp\",\"width\":1400,\"height\":419,\"caption\":\"cudgel | Der ultimative Metal Online Store\"},\"image\":{\"@id\":\"https:\\\/\\\/www.cudgel.de\\\/en\\\/#\\\/schema\\\/logo\\\/image\\\/\"},\"sameAs\":[\"https:\\\/\\\/www.facebook.com\\\/CudgelVertrieb\"]}]}<\/script>\n<!-- \/ Yoast SEO plugin. -->","yoast_head_json":{"title":"SPIRIT ADRIFT - infinite illumination LP neon green (B3) - cudgel | Der ultimative Metal Online Store","robots":{"index":"index","follow":"follow","max-snippet":"max-snippet:-1","max-image-preview":"max-image-preview:large","max-video-preview":"max-video-preview:-1"},"canonical":"https:\/\/www.cudgel.de\/en\/product\/spirit-adrift-infinite-illumination-lp-neon-green-b3\/","og_locale":"en_US","og_type":"article","og_title":"SPIRIT ADRIFT - infinite illumination LP neon green (B3) - cudgel | Der ultimative Metal Online Store","og_description":"lim. gatefold neon green Vinyl (B3) Mit ihrem sechsten und letztem Album innerhalb eines Jahrzehnts ist Mastermind Nathan Garrett bereit, das letzte Kapitel der Band zu entfesseln. \u0084Infinite Illumination\u0093, der Abgesang von Spirit Adrift, ist eine R\u00fcckkehr zu den Wurzeln, die alles inspiriert haben, und ein Zeugnis einer Band, die in den letzten 10 Jahren [...]","og_url":"https:\/\/www.cudgel.de\/en\/product\/spirit-adrift-infinite-illumination-lp-neon-green-b3\/","og_site_name":"cudgel | Der ultimative Metal Online Store","article_publisher":"https:\/\/www.facebook.com\/CudgelVertrieb","twitter_card":"summary_large_image","twitter_misc":{"Est. reading time":"2 minutes"},"schema":{"@context":"https:\/\/schema.org","@graph":[{"@type":"WebPage","@id":"https:\/\/www.cudgel.de\/en\/product\/spirit-adrift-infinite-illumination-lp-neon-green-b3\/","url":"https:\/\/www.cudgel.de\/en\/product\/spirit-adrift-infinite-illumination-lp-neon-green-b3\/","name":"SPIRIT ADRIFT - infinite illumination LP neon green (B3) - cudgel | Der ultimative Metal Online Store","isPartOf":{"@id":"https:\/\/www.cudgel.de\/en\/#website"},"primaryImageOfPage":{"@id":"https:\/\/www.cudgel.de\/en\/product\/spirit-adrift-infinite-illumination-lp-neon-green-b3\/#primaryimage"},"image":{"@id":"https:\/\/www.cudgel.de\/en\/product\/spirit-adrift-infinite-illumination-lp-neon-green-b3\/#primaryimage"},"thumbnailUrl":"https:\/\/www.cudgel.de\/wp-content\/uploads\/2026\/05\/Art111193.jpg","datePublished":"2026-05-12T08:36:05+00:00","breadcrumb":{"@id":"https:\/\/www.cudgel.de\/en\/product\/spirit-adrift-infinite-illumination-lp-neon-green-b3\/#breadcrumb"},"inLanguage":"en-US","potentialAction":[{"@type":"ReadAction","target":["https:\/\/www.cudgel.de\/en\/product\/spirit-adrift-infinite-illumination-lp-neon-green-b3\/"]}]},{"@type":"ImageObject","inLanguage":"en-US","@id":"https:\/\/www.cudgel.de\/en\/product\/spirit-adrift-infinite-illumination-lp-neon-green-b3\/#primaryimage","url":"https:\/\/www.cudgel.de\/wp-content\/uploads\/2026\/05\/Art111193.jpg","contentUrl":"https:\/\/www.cudgel.de\/wp-content\/uploads\/2026\/05\/Art111193.jpg","width":1000,"height":1000},{"@type":"BreadcrumbList","@id":"https:\/\/www.cudgel.de\/en\/product\/spirit-adrift-infinite-illumination-lp-neon-green-b3\/#breadcrumb","itemListElement":[{"@type":"ListItem","position":1,"name":"Home","item":"https:\/\/www.cudgel.de\/en\/"},{"@type":"ListItem","position":2,"name":"Shop","item":"https:\/\/www.cudgel.de\/en\/shop\/"},{"@type":"ListItem","position":3,"name":"SPIRIT ADRIFT &#8211; infinite illumination LP neon green (B3)"}]},{"@type":"WebSite","@id":"https:\/\/www.cudgel.de\/en\/#website","url":"https:\/\/www.cudgel.de\/en\/","name":"cudgel | Der ultimative Metal Online Store","description":"Eine weitere WordPress-Website","publisher":{"@id":"https:\/\/www.cudgel.de\/en\/#organization"},"potentialAction":[{"@type":"SearchAction","target":{"@type":"EntryPoint","urlTemplate":"https:\/\/www.cudgel.de\/en\/?s={search_term_string}"},"query-input":{"@type":"PropertyValueSpecification","valueRequired":true,"valueName":"search_term_string"}}],"inLanguage":"en-US"},{"@type":"Organization","@id":"https:\/\/www.cudgel.de\/en\/#organization","name":"cudgel | Der ultimative Metal Online Store","url":"https:\/\/www.cudgel.de\/en\/","logo":{"@type":"ImageObject","inLanguage":"en-US","@id":"https:\/\/www.cudgel.de\/en\/#\/schema\/logo\/image\/","url":"https:\/\/cudgel.de\/wp-content\/uploads\/2024\/06\/cudgel-logo-neu-1-1400x419png.webp","contentUrl":"https:\/\/cudgel.de\/wp-content\/uploads\/2024\/06\/cudgel-logo-neu-1-1400x419png.webp","width":1400,"height":419,"caption":"cudgel | Der ultimative Metal Online Store"},"image":{"@id":"https:\/\/www.cudgel.de\/en\/#\/schema\/logo\/image\/"},"sameAs":["https:\/\/www.facebook.com\/CudgelVertrieb"]}]}},"publishpress_future_workflow_manual_trigger":{"enabledWorkflows":[]},"_links":{"self":[{"href":"https:\/\/www.cudgel.de\/en\/wp-json\/wp\/v2\/product\/3282766","targetHints":{"allow":["GET"]}}],"collection":[{"href":"https:\/\/www.cudgel.de\/en\/wp-json\/wp\/v2\/product"}],"about":[{"href":"https:\/\/www.cudgel.de\/en\/wp-json\/wp\/v2\/types\/product"}],"replies":[{"embeddable":true,"href":"https:\/\/www.cudgel.de\/en\/wp-json\/wp\/v2\/comments?post=3282766"}],"wp:featuredmedia":[{"embeddable":true,"href":"https:\/\/www.cudgel.de\/en\/wp-json\/wp\/v2\/media\/3282764"}],"wp:attachment":[{"href":"https:\/\/www.cudgel.de\/en\/wp-json\/wp\/v2\/media?parent=3282766"}],"wp:term":[{"taxonomy":"product_brand","embeddable":true,"href":"https:\/\/www.cudgel.de\/en\/wp-json\/wp\/v2\/product_brand?post=3282766"},{"taxonomy":"product_cat","embeddable":true,"href":"https:\/\/www.cudgel.de\/en\/wp-json\/wp\/v2\/product_cat?post=3282766"},{"taxonomy":"product_tag","embeddable":true,"href":"https:\/\/www.cudgel.de\/en\/wp-json\/wp\/v2\/product_tag?post=3282766"}],"curies":[{"name":"wp","href":"https:\/\/api.w.org\/{rel}","templated":true}]}}