{"id":52592,"date":"2019-09-06T18:47:12","date_gmt":"2019-09-06T16:47:12","guid":{"rendered":"https:\/\/cudgeldemo.geekdev.de\/produkt\/rogash-malevolence-digicd\/"},"modified":"2026-04-13T09:21:22","modified_gmt":"2026-04-13T07:21:22","slug":"rogash-malevolence-digicd","status":"publish","type":"product","link":"https:\/\/www.cudgel.de\/en\/product\/rogash-malevolence-digicd\/","title":{"rendered":"ROGASH &#8211; malevolence DigiCD"},"content":{"rendered":"<p>unter dem verhei\u00dfungsvollen Titel &#8220;Malevolence&#8221; liefern ROGASH ihr Zweitwerk ab. Das neue Album des ostdeutschen F\u00fcnfers bietet schnellen, kompromisslosen Death Metal nach amerikanisch-skandinavischer Note, f\u00e4llt im Vergleich zum Erstlingswerk jedoch deutlich durchdachter und brachialer aus. Ausgereiftes Songwriting, tragende Rhytmen, abwechslungsreicher Gesang und anspruchsvolles Artwork von Roberto Toderico verleihen diesem Album das Pr\u00e4dikat &#8220;besonders wertvoll&#8221;. Die Aufnahme im EISENSOUND STUDIO von Fabian Hildebrandt (DESERTED FEAR) sowie Mix &amp; Master durch Dan Swan\u00f6 (UNISOUND STUDIO) garantieren erstklassigen Sound zwischen moderner H\u00e4rte und oldschooliger Attit\u00fcde. Join the Rogan Deathtrip!<\/p>\n<p><strong>Tracks:<\/strong><\/p>\n<ol class=\"tracklisting\">\n<li>Intro<\/li>\n<li>To The End<\/li>\n<li>Daily Hate<\/li>\n<li>None Shall Prevail<\/li>\n<li>Fortunes Fangs<\/li>\n<li>Dreams And The Flesh<\/li>\n<li>Feed<\/li>\n<li>Buried In Oblivion<\/li>\n<li>Nightmares<\/li>\n<li>Rogan Deathtrip<\/li>\n<li>Refuse \/ Resist (Bonus)<\/li>\n<\/ol>\n<p><strong>Genres:<\/strong> Death Metal, Melodic Death Metal<\/p>\n<p> <strong>Label:<\/strong> War Anthem Records<\/p>\n<p> <strong>Erscheinungsjahr:<\/strong> 2016<\/p>\n<p> <strong>K\u00fcnstler:<\/strong> ROGASH<\/p>\n<p> <strong>Spieldauer:<\/strong> 39:03<\/p>\n<p> <strong>Format:<\/strong> CD<\/p>\n<p> <strong>EAN:<\/strong> 4046661440324<\/p>\n","protected":false},"excerpt":{"rendered":"<p>unter dem verhei\u00dfungsvollen Titel &#8220;Malevolence&#8221; liefern ROGASH ihr Zweitwerk ab. Das neue Album des ostdeutschen F\u00fcnfers bietet schnellen, kompromisslosen Death Metal nach amerikanisch-skandinavischer Note, f\u00e4llt im Vergleich zum Erstlingswerk jedoch deutlich durchdachter und brachialer aus. Ausgereiftes Songwriting, tragende Rhytmen, abwechslungsreicher Gesang und anspruchsvolles Artwork von Roberto Toderico verleihen diesem Album das Pr\u00e4dikat &#8220;besonders wertvoll&#8221;. Die [&#8230;]\n","protected":false},"featured_media":52590,"comment_status":"open","ping_status":"closed","template":"","meta":[],"product_cat":[461,467],"product_tag":[],"class_list":{"0":"post-52592","1":"product","2":"type-product","3":"status-publish","4":"has-post-thumbnail","6":"product_cat-cd-r","7":"product_cat-cd-sonderangebote-bargains","8":"pa_band-rogash","9":"pa_productgenre-death-metal","10":"pa_productgenre-melodic-death-metal","11":"pa_productlabel-war-anthem-records","13":"first","14":"instock","15":"taxable","16":"shipping-taxable","17":"purchasable","18":"product-type-simple"},"yoast_head":"<!-- This site is optimized with the Yoast SEO plugin v22.9 - https:\/\/yoast.com\/wordpress\/plugins\/seo\/ -->\n<title>ROGASH - malevolence DigiCD - cudgel | Der ultimative Metal Online Store<\/title>\n<meta name=\"robots\" content=\"index, follow, max-snippet:-1, max-image-preview:large, max-video-preview:-1\" \/>\n<link rel=\"canonical\" href=\"https:\/\/www.cudgel.de\/produkt\/rogash-malevolence-digicd\/\" \/>\n<meta property=\"og:locale\" content=\"en_US\" \/>\n<meta property=\"og:type\" content=\"article\" \/>\n<meta property=\"og:title\" content=\"ROGASH - malevolence DigiCD - cudgel | Der ultimative Metal Online Store\" \/>\n<meta property=\"og:description\" content=\"unter dem verhei\u00dfungsvollen Titel &#8220;Malevolence&#8221; liefern ROGASH ihr Zweitwerk ab. Das neue Album des ostdeutschen F\u00fcnfers bietet schnellen, kompromisslosen Death Metal nach amerikanisch-skandinavischer Note, f\u00e4llt im Vergleich zum Erstlingswerk jedoch deutlich durchdachter und brachialer aus. Ausgereiftes Songwriting, tragende Rhytmen, abwechslungsreicher Gesang und anspruchsvolles Artwork von Roberto Toderico verleihen diesem Album das Pr\u00e4dikat &#8220;besonders wertvoll&#8221;. Die [...]\" \/>\n<meta property=\"og:url\" content=\"https:\/\/www.cudgel.de\/produkt\/rogash-malevolence-digicd\/\" \/>\n<meta property=\"og:site_name\" content=\"cudgel | Der ultimative Metal Online Store\" \/>\n<meta property=\"article:publisher\" content=\"https:\/\/www.facebook.com\/CudgelVertrieb\" \/>\n<meta property=\"article:modified_time\" content=\"2026-04-13T07:21:22+00:00\" \/>\n<meta property=\"og:image\" content=\"https:\/\/www.cudgel.de\/wp-content\/uploads\/2019\/09\/Art215413.jpg\" \/>\n\t<meta property=\"og:image:width\" content=\"1000\" \/>\n\t<meta property=\"og:image:height\" content=\"1004\" \/>\n\t<meta property=\"og:image:type\" content=\"image\/jpeg\" \/>\n<meta name=\"twitter:card\" content=\"summary_large_image\" \/>\n<meta name=\"twitter:label1\" content=\"Est. reading time\" \/>\n\t<meta name=\"twitter:data1\" content=\"1 minute\" \/>\n<script type=\"application\/ld+json\" class=\"yoast-schema-graph\">{\"@context\":\"https:\/\/schema.org\",\"@graph\":[{\"@type\":\"WebPage\",\"@id\":\"https:\/\/www.cudgel.de\/produkt\/rogash-malevolence-digicd\/\",\"url\":\"https:\/\/www.cudgel.de\/produkt\/rogash-malevolence-digicd\/\",\"name\":\"ROGASH - malevolence DigiCD - cudgel | Der ultimative Metal Online Store\",\"isPartOf\":{\"@id\":\"https:\/\/www.cudgel.de\/#website\"},\"primaryImageOfPage\":{\"@id\":\"https:\/\/www.cudgel.de\/produkt\/rogash-malevolence-digicd\/#primaryimage\"},\"image\":{\"@id\":\"https:\/\/www.cudgel.de\/produkt\/rogash-malevolence-digicd\/#primaryimage\"},\"thumbnailUrl\":\"https:\/\/www.cudgel.de\/wp-content\/uploads\/2019\/09\/Art215413.jpg\",\"datePublished\":\"2019-09-06T16:47:12+00:00\",\"dateModified\":\"2026-04-13T07:21:22+00:00\",\"breadcrumb\":{\"@id\":\"https:\/\/www.cudgel.de\/produkt\/rogash-malevolence-digicd\/#breadcrumb\"},\"inLanguage\":\"en-US\",\"potentialAction\":[{\"@type\":\"ReadAction\",\"target\":[\"https:\/\/www.cudgel.de\/produkt\/rogash-malevolence-digicd\/\"]}]},{\"@type\":\"ImageObject\",\"inLanguage\":\"en-US\",\"@id\":\"https:\/\/www.cudgel.de\/produkt\/rogash-malevolence-digicd\/#primaryimage\",\"url\":\"https:\/\/www.cudgel.de\/wp-content\/uploads\/2019\/09\/Art215413.jpg\",\"contentUrl\":\"https:\/\/www.cudgel.de\/wp-content\/uploads\/2019\/09\/Art215413.jpg\",\"width\":1000,\"height\":1004},{\"@type\":\"BreadcrumbList\",\"@id\":\"https:\/\/www.cudgel.de\/produkt\/rogash-malevolence-digicd\/#breadcrumb\",\"itemListElement\":[{\"@type\":\"ListItem\",\"position\":1,\"name\":\"Home\",\"item\":\"https:\/\/www.cudgel.de\/en\/\"},{\"@type\":\"ListItem\",\"position\":2,\"name\":\"Shop\",\"item\":\"https:\/\/www.cudgel.de\/en\/shop\/\"},{\"@type\":\"ListItem\",\"position\":3,\"name\":\"ROGASH &#8211; malevolence DigiCD\"}]},{\"@type\":\"WebSite\",\"@id\":\"https:\/\/www.cudgel.de\/#website\",\"url\":\"https:\/\/www.cudgel.de\/\",\"name\":\"cudgel | Der ultimative Metal Online Store\",\"description\":\"Eine weitere WordPress-Website\",\"publisher\":{\"@id\":\"https:\/\/www.cudgel.de\/#organization\"},\"potentialAction\":[{\"@type\":\"SearchAction\",\"target\":{\"@type\":\"EntryPoint\",\"urlTemplate\":\"https:\/\/www.cudgel.de\/?s={search_term_string}\"},\"query-input\":\"required name=search_term_string\"}],\"inLanguage\":\"en-US\"},{\"@type\":\"Organization\",\"@id\":\"https:\/\/www.cudgel.de\/#organization\",\"name\":\"cudgel | Der ultimative Metal Online Store\",\"url\":\"https:\/\/www.cudgel.de\/\",\"logo\":{\"@type\":\"ImageObject\",\"inLanguage\":\"en-US\",\"@id\":\"https:\/\/www.cudgel.de\/#\/schema\/logo\/image\/\",\"url\":\"https:\/\/www.cudgel.de\/wp-content\/uploads\/2024\/06\/cudgel-logo-neu-1-1400x419png.webp\",\"contentUrl\":\"https:\/\/www.cudgel.de\/wp-content\/uploads\/2024\/06\/cudgel-logo-neu-1-1400x419png.webp\",\"width\":1400,\"height\":419,\"caption\":\"cudgel | Der ultimative Metal Online Store\"},\"image\":{\"@id\":\"https:\/\/www.cudgel.de\/#\/schema\/logo\/image\/\"},\"sameAs\":[\"https:\/\/www.facebook.com\/CudgelVertrieb\"]}]}<\/script>\n<!-- \/ Yoast SEO plugin. -->","yoast_head_json":{"title":"ROGASH - malevolence DigiCD - cudgel | Der ultimative Metal Online Store","robots":{"index":"index","follow":"follow","max-snippet":"max-snippet:-1","max-image-preview":"max-image-preview:large","max-video-preview":"max-video-preview:-1"},"canonical":"https:\/\/www.cudgel.de\/produkt\/rogash-malevolence-digicd\/","og_locale":"en_US","og_type":"article","og_title":"ROGASH - malevolence DigiCD - cudgel | Der ultimative Metal Online Store","og_description":"unter dem verhei\u00dfungsvollen Titel &#8220;Malevolence&#8221; liefern ROGASH ihr Zweitwerk ab. Das neue Album des ostdeutschen F\u00fcnfers bietet schnellen, kompromisslosen Death Metal nach amerikanisch-skandinavischer Note, f\u00e4llt im Vergleich zum Erstlingswerk jedoch deutlich durchdachter und brachialer aus. Ausgereiftes Songwriting, tragende Rhytmen, abwechslungsreicher Gesang und anspruchsvolles Artwork von Roberto Toderico verleihen diesem Album das Pr\u00e4dikat &#8220;besonders wertvoll&#8221;. Die [...]","og_url":"https:\/\/www.cudgel.de\/produkt\/rogash-malevolence-digicd\/","og_site_name":"cudgel | Der ultimative Metal Online Store","article_publisher":"https:\/\/www.facebook.com\/CudgelVertrieb","article_modified_time":"2026-04-13T07:21:22+00:00","og_image":[{"width":1000,"height":1004,"url":"https:\/\/www.cudgel.de\/wp-content\/uploads\/2019\/09\/Art215413.jpg","type":"image\/jpeg"}],"twitter_card":"summary_large_image","twitter_misc":{"Est. reading time":"1 minute"},"schema":{"@context":"https:\/\/schema.org","@graph":[{"@type":"WebPage","@id":"https:\/\/www.cudgel.de\/produkt\/rogash-malevolence-digicd\/","url":"https:\/\/www.cudgel.de\/produkt\/rogash-malevolence-digicd\/","name":"ROGASH - malevolence DigiCD - cudgel | Der ultimative Metal Online Store","isPartOf":{"@id":"https:\/\/www.cudgel.de\/#website"},"primaryImageOfPage":{"@id":"https:\/\/www.cudgel.de\/produkt\/rogash-malevolence-digicd\/#primaryimage"},"image":{"@id":"https:\/\/www.cudgel.de\/produkt\/rogash-malevolence-digicd\/#primaryimage"},"thumbnailUrl":"https:\/\/www.cudgel.de\/wp-content\/uploads\/2019\/09\/Art215413.jpg","datePublished":"2019-09-06T16:47:12+00:00","dateModified":"2026-04-13T07:21:22+00:00","breadcrumb":{"@id":"https:\/\/www.cudgel.de\/produkt\/rogash-malevolence-digicd\/#breadcrumb"},"inLanguage":"en-US","potentialAction":[{"@type":"ReadAction","target":["https:\/\/www.cudgel.de\/produkt\/rogash-malevolence-digicd\/"]}]},{"@type":"ImageObject","inLanguage":"en-US","@id":"https:\/\/www.cudgel.de\/produkt\/rogash-malevolence-digicd\/#primaryimage","url":"https:\/\/www.cudgel.de\/wp-content\/uploads\/2019\/09\/Art215413.jpg","contentUrl":"https:\/\/www.cudgel.de\/wp-content\/uploads\/2019\/09\/Art215413.jpg","width":1000,"height":1004},{"@type":"BreadcrumbList","@id":"https:\/\/www.cudgel.de\/produkt\/rogash-malevolence-digicd\/#breadcrumb","itemListElement":[{"@type":"ListItem","position":1,"name":"Home","item":"https:\/\/www.cudgel.de\/en\/"},{"@type":"ListItem","position":2,"name":"Shop","item":"https:\/\/www.cudgel.de\/en\/shop\/"},{"@type":"ListItem","position":3,"name":"ROGASH &#8211; malevolence DigiCD"}]},{"@type":"WebSite","@id":"https:\/\/www.cudgel.de\/#website","url":"https:\/\/www.cudgel.de\/","name":"cudgel | Der ultimative Metal Online Store","description":"Eine weitere WordPress-Website","publisher":{"@id":"https:\/\/www.cudgel.de\/#organization"},"potentialAction":[{"@type":"SearchAction","target":{"@type":"EntryPoint","urlTemplate":"https:\/\/www.cudgel.de\/?s={search_term_string}"},"query-input":"required name=search_term_string"}],"inLanguage":"en-US"},{"@type":"Organization","@id":"https:\/\/www.cudgel.de\/#organization","name":"cudgel | Der ultimative Metal Online Store","url":"https:\/\/www.cudgel.de\/","logo":{"@type":"ImageObject","inLanguage":"en-US","@id":"https:\/\/www.cudgel.de\/#\/schema\/logo\/image\/","url":"https:\/\/www.cudgel.de\/wp-content\/uploads\/2024\/06\/cudgel-logo-neu-1-1400x419png.webp","contentUrl":"https:\/\/www.cudgel.de\/wp-content\/uploads\/2024\/06\/cudgel-logo-neu-1-1400x419png.webp","width":1400,"height":419,"caption":"cudgel | Der ultimative Metal Online Store"},"image":{"@id":"https:\/\/www.cudgel.de\/#\/schema\/logo\/image\/"},"sameAs":["https:\/\/www.facebook.com\/CudgelVertrieb"]}]}},"_links":{"self":[{"href":"https:\/\/www.cudgel.de\/en\/wp-json\/wp\/v2\/product\/52592","targetHints":{"allow":["GET"]}}],"collection":[{"href":"https:\/\/www.cudgel.de\/en\/wp-json\/wp\/v2\/product"}],"about":[{"href":"https:\/\/www.cudgel.de\/en\/wp-json\/wp\/v2\/types\/product"}],"replies":[{"embeddable":true,"href":"https:\/\/www.cudgel.de\/en\/wp-json\/wp\/v2\/comments?post=52592"}],"wp:featuredmedia":[{"embeddable":true,"href":"https:\/\/www.cudgel.de\/en\/wp-json\/wp\/v2\/media\/52590"}],"wp:attachment":[{"href":"https:\/\/www.cudgel.de\/en\/wp-json\/wp\/v2\/media?parent=52592"}],"wp:term":[{"taxonomy":"product_cat","embeddable":true,"href":"https:\/\/www.cudgel.de\/en\/wp-json\/wp\/v2\/product_cat?post=52592"},{"taxonomy":"product_tag","embeddable":true,"href":"https:\/\/www.cudgel.de\/en\/wp-json\/wp\/v2\/product_tag?post=52592"}],"curies":[{"name":"wp","href":"https:\/\/api.w.org\/{rel}","templated":true}]}}