{"id":53725,"date":"2019-09-06T19:24:12","date_gmt":"2019-09-06T17:24:12","guid":{"rendered":"https:\/\/cudgeldemo.geekdev.de\/produkt\/under-that-spell-apotheosis-cd\/"},"modified":"2026-03-30T10:10:41","modified_gmt":"2026-03-30T08:10:41","slug":"under-that-spell-apotheosis-cd","status":"publish","type":"product","link":"https:\/\/www.cudgel.de\/en\/product\/under-that-spell-apotheosis-cd\/","title":{"rendered":"UNDER THAT SPELL &#8211; apotheosis CD"},"content":{"rendered":"<p>majest\u00e4tischer als DARK FORTRESS, direkter als SECRETS OF THE MOON &amp; melodischer als HELRUNAR ist &#8220;apotheosis&#8221; schon jetzt ein klassiker modernem aber tiefgreifendem schwarzmetalls-<br \/>\n9x wird ein diabolisches sperrfeuer verbreitet das in pure schwarze raserei ausartet.die band ist schon jetzt konsequent auf der \u00fcberholspur &amp; l\u00e4\u00dft die konkurenz weit hinter sich!<\/p>\n<p><strong>Tracks:<\/strong><\/p>\n<ol class=\"tracklisting\">\n<li>Rise<\/li>\n<li>Below<\/li>\n<li>I Am the Prophet<\/li>\n<li>Under That Spell<\/li>\n<li>Black<\/li>\n<li>Their Last Creation<\/li>\n<li>The Final March<\/li>\n<li>The Eldest Name of God<\/li>\n<li>Apotheosis<\/li>\n<\/ol>\n<p> <strong>Label:<\/strong> War Anthem Records<\/p>\n<p> <strong>Erscheinungsjahr:<\/strong> 2010<\/p>\n<p> <strong>K\u00fcnstler:<\/strong> UNDER THAT SPELL<\/p>\n<p> <strong>Spieldauer:<\/strong> 45:43:00<\/p>\n<p> <strong>Format:<\/strong> CD<\/p>\n<p> <strong>EAN:<\/strong> 4046661173826<\/p>\n","protected":false},"excerpt":{"rendered":"<p>majest\u00e4tischer als DARK FORTRESS, direkter als SECRETS OF THE MOON &amp; melodischer als HELRUNAR ist &#8220;apotheosis&#8221; schon jetzt ein klassiker modernem aber tiefgreifendem schwarzmetalls- 9x wird ein diabolisches sperrfeuer verbreitet das in pure schwarze raserei ausartet.die band ist schon jetzt konsequent auf der \u00fcberholspur &amp; l\u00e4\u00dft die konkurenz weit hinter sich! Tracks: Rise Below I [&#8230;]\n","protected":false},"featured_media":53723,"comment_status":"open","ping_status":"closed","template":"","meta":[],"product_cat":[467,464],"product_tag":[],"class_list":{"0":"post-53725","1":"product","2":"type-product","3":"status-publish","4":"has-post-thumbnail","6":"product_cat-cd-sonderangebote-bargains","7":"product_cat-cd-u","8":"pa_band-under-that-spell","9":"pa_productlabel-war-anthem-records","11":"first","12":"instock","13":"taxable","14":"shipping-taxable","15":"purchasable","16":"product-type-simple"},"yoast_head":"<!-- This site is optimized with the Yoast SEO plugin v22.9 - https:\/\/yoast.com\/wordpress\/plugins\/seo\/ -->\n<title>UNDER THAT SPELL - apotheosis CD - cudgel | Der ultimative Metal Online Store<\/title>\n<meta name=\"robots\" content=\"index, follow, max-snippet:-1, max-image-preview:large, max-video-preview:-1\" \/>\n<link rel=\"canonical\" href=\"https:\/\/www.cudgel.de\/produkt\/under-that-spell-apotheosis-cd\/\" \/>\n<meta property=\"og:locale\" content=\"en_US\" \/>\n<meta property=\"og:type\" content=\"article\" \/>\n<meta property=\"og:title\" content=\"UNDER THAT SPELL - apotheosis CD - cudgel | Der ultimative Metal Online Store\" \/>\n<meta property=\"og:description\" content=\"majest\u00e4tischer als DARK FORTRESS, direkter als SECRETS OF THE MOON &amp; melodischer als HELRUNAR ist &#8220;apotheosis&#8221; schon jetzt ein klassiker modernem aber tiefgreifendem schwarzmetalls- 9x wird ein diabolisches sperrfeuer verbreitet das in pure schwarze raserei ausartet.die band ist schon jetzt konsequent auf der \u00fcberholspur &amp; l\u00e4\u00dft die konkurenz weit hinter sich! Tracks: Rise Below I [...]\" \/>\n<meta property=\"og:url\" content=\"https:\/\/www.cudgel.de\/produkt\/under-that-spell-apotheosis-cd\/\" \/>\n<meta property=\"og:site_name\" content=\"cudgel | Der ultimative Metal Online Store\" \/>\n<meta property=\"article:publisher\" content=\"https:\/\/www.facebook.com\/CudgelVertrieb\" \/>\n<meta property=\"article:modified_time\" content=\"2026-03-30T08:10:41+00:00\" \/>\n<meta property=\"og:image\" content=\"https:\/\/www.cudgel.de\/wp-content\/uploads\/2019\/09\/Art210199.jpg\" \/>\n\t<meta property=\"og:image:width\" content=\"500\" \/>\n\t<meta property=\"og:image:height\" content=\"500\" \/>\n\t<meta property=\"og:image:type\" content=\"image\/jpeg\" \/>\n<meta name=\"twitter:card\" content=\"summary_large_image\" \/>\n<script type=\"application\/ld+json\" class=\"yoast-schema-graph\">{\"@context\":\"https:\/\/schema.org\",\"@graph\":[{\"@type\":\"WebPage\",\"@id\":\"https:\/\/www.cudgel.de\/produkt\/under-that-spell-apotheosis-cd\/\",\"url\":\"https:\/\/www.cudgel.de\/produkt\/under-that-spell-apotheosis-cd\/\",\"name\":\"UNDER THAT SPELL - apotheosis CD - cudgel | Der ultimative Metal Online Store\",\"isPartOf\":{\"@id\":\"https:\/\/www.cudgel.de\/#website\"},\"primaryImageOfPage\":{\"@id\":\"https:\/\/www.cudgel.de\/produkt\/under-that-spell-apotheosis-cd\/#primaryimage\"},\"image\":{\"@id\":\"https:\/\/www.cudgel.de\/produkt\/under-that-spell-apotheosis-cd\/#primaryimage\"},\"thumbnailUrl\":\"https:\/\/www.cudgel.de\/wp-content\/uploads\/2019\/09\/Art210199.jpg\",\"datePublished\":\"2019-09-06T17:24:12+00:00\",\"dateModified\":\"2026-03-30T08:10:41+00:00\",\"breadcrumb\":{\"@id\":\"https:\/\/www.cudgel.de\/produkt\/under-that-spell-apotheosis-cd\/#breadcrumb\"},\"inLanguage\":\"en-US\",\"potentialAction\":[{\"@type\":\"ReadAction\",\"target\":[\"https:\/\/www.cudgel.de\/produkt\/under-that-spell-apotheosis-cd\/\"]}]},{\"@type\":\"ImageObject\",\"inLanguage\":\"en-US\",\"@id\":\"https:\/\/www.cudgel.de\/produkt\/under-that-spell-apotheosis-cd\/#primaryimage\",\"url\":\"https:\/\/www.cudgel.de\/wp-content\/uploads\/2019\/09\/Art210199.jpg\",\"contentUrl\":\"https:\/\/www.cudgel.de\/wp-content\/uploads\/2019\/09\/Art210199.jpg\",\"width\":500,\"height\":500},{\"@type\":\"BreadcrumbList\",\"@id\":\"https:\/\/www.cudgel.de\/produkt\/under-that-spell-apotheosis-cd\/#breadcrumb\",\"itemListElement\":[{\"@type\":\"ListItem\",\"position\":1,\"name\":\"Home\",\"item\":\"https:\/\/www.cudgel.de\/en\/\"},{\"@type\":\"ListItem\",\"position\":2,\"name\":\"Shop\",\"item\":\"https:\/\/www.cudgel.de\/en\/shop\/\"},{\"@type\":\"ListItem\",\"position\":3,\"name\":\"UNDER THAT SPELL &#8211; apotheosis CD\"}]},{\"@type\":\"WebSite\",\"@id\":\"https:\/\/www.cudgel.de\/#website\",\"url\":\"https:\/\/www.cudgel.de\/\",\"name\":\"cudgel | Der ultimative Metal Online Store\",\"description\":\"Eine weitere WordPress-Website\",\"publisher\":{\"@id\":\"https:\/\/www.cudgel.de\/#organization\"},\"potentialAction\":[{\"@type\":\"SearchAction\",\"target\":{\"@type\":\"EntryPoint\",\"urlTemplate\":\"https:\/\/www.cudgel.de\/?s={search_term_string}\"},\"query-input\":\"required name=search_term_string\"}],\"inLanguage\":\"en-US\"},{\"@type\":\"Organization\",\"@id\":\"https:\/\/www.cudgel.de\/#organization\",\"name\":\"cudgel | Der ultimative Metal Online Store\",\"url\":\"https:\/\/www.cudgel.de\/\",\"logo\":{\"@type\":\"ImageObject\",\"inLanguage\":\"en-US\",\"@id\":\"https:\/\/www.cudgel.de\/#\/schema\/logo\/image\/\",\"url\":\"https:\/\/www.cudgel.de\/wp-content\/uploads\/2024\/06\/cudgel-logo-neu-1-1400x419png.webp\",\"contentUrl\":\"https:\/\/www.cudgel.de\/wp-content\/uploads\/2024\/06\/cudgel-logo-neu-1-1400x419png.webp\",\"width\":1400,\"height\":419,\"caption\":\"cudgel | Der ultimative Metal Online Store\"},\"image\":{\"@id\":\"https:\/\/www.cudgel.de\/#\/schema\/logo\/image\/\"},\"sameAs\":[\"https:\/\/www.facebook.com\/CudgelVertrieb\"]}]}<\/script>\n<!-- \/ Yoast SEO plugin. -->","yoast_head_json":{"title":"UNDER THAT SPELL - apotheosis CD - cudgel | Der ultimative Metal Online Store","robots":{"index":"index","follow":"follow","max-snippet":"max-snippet:-1","max-image-preview":"max-image-preview:large","max-video-preview":"max-video-preview:-1"},"canonical":"https:\/\/www.cudgel.de\/produkt\/under-that-spell-apotheosis-cd\/","og_locale":"en_US","og_type":"article","og_title":"UNDER THAT SPELL - apotheosis CD - cudgel | Der ultimative Metal Online Store","og_description":"majest\u00e4tischer als DARK FORTRESS, direkter als SECRETS OF THE MOON &amp; melodischer als HELRUNAR ist &#8220;apotheosis&#8221; schon jetzt ein klassiker modernem aber tiefgreifendem schwarzmetalls- 9x wird ein diabolisches sperrfeuer verbreitet das in pure schwarze raserei ausartet.die band ist schon jetzt konsequent auf der \u00fcberholspur &amp; l\u00e4\u00dft die konkurenz weit hinter sich! Tracks: Rise Below I [...]","og_url":"https:\/\/www.cudgel.de\/produkt\/under-that-spell-apotheosis-cd\/","og_site_name":"cudgel | Der ultimative Metal Online Store","article_publisher":"https:\/\/www.facebook.com\/CudgelVertrieb","article_modified_time":"2026-03-30T08:10:41+00:00","og_image":[{"width":500,"height":500,"url":"https:\/\/www.cudgel.de\/wp-content\/uploads\/2019\/09\/Art210199.jpg","type":"image\/jpeg"}],"twitter_card":"summary_large_image","schema":{"@context":"https:\/\/schema.org","@graph":[{"@type":"WebPage","@id":"https:\/\/www.cudgel.de\/produkt\/under-that-spell-apotheosis-cd\/","url":"https:\/\/www.cudgel.de\/produkt\/under-that-spell-apotheosis-cd\/","name":"UNDER THAT SPELL - apotheosis CD - cudgel | Der ultimative Metal Online Store","isPartOf":{"@id":"https:\/\/www.cudgel.de\/#website"},"primaryImageOfPage":{"@id":"https:\/\/www.cudgel.de\/produkt\/under-that-spell-apotheosis-cd\/#primaryimage"},"image":{"@id":"https:\/\/www.cudgel.de\/produkt\/under-that-spell-apotheosis-cd\/#primaryimage"},"thumbnailUrl":"https:\/\/www.cudgel.de\/wp-content\/uploads\/2019\/09\/Art210199.jpg","datePublished":"2019-09-06T17:24:12+00:00","dateModified":"2026-03-30T08:10:41+00:00","breadcrumb":{"@id":"https:\/\/www.cudgel.de\/produkt\/under-that-spell-apotheosis-cd\/#breadcrumb"},"inLanguage":"en-US","potentialAction":[{"@type":"ReadAction","target":["https:\/\/www.cudgel.de\/produkt\/under-that-spell-apotheosis-cd\/"]}]},{"@type":"ImageObject","inLanguage":"en-US","@id":"https:\/\/www.cudgel.de\/produkt\/under-that-spell-apotheosis-cd\/#primaryimage","url":"https:\/\/www.cudgel.de\/wp-content\/uploads\/2019\/09\/Art210199.jpg","contentUrl":"https:\/\/www.cudgel.de\/wp-content\/uploads\/2019\/09\/Art210199.jpg","width":500,"height":500},{"@type":"BreadcrumbList","@id":"https:\/\/www.cudgel.de\/produkt\/under-that-spell-apotheosis-cd\/#breadcrumb","itemListElement":[{"@type":"ListItem","position":1,"name":"Home","item":"https:\/\/www.cudgel.de\/en\/"},{"@type":"ListItem","position":2,"name":"Shop","item":"https:\/\/www.cudgel.de\/en\/shop\/"},{"@type":"ListItem","position":3,"name":"UNDER THAT SPELL &#8211; apotheosis CD"}]},{"@type":"WebSite","@id":"https:\/\/www.cudgel.de\/#website","url":"https:\/\/www.cudgel.de\/","name":"cudgel | Der ultimative Metal Online Store","description":"Eine weitere WordPress-Website","publisher":{"@id":"https:\/\/www.cudgel.de\/#organization"},"potentialAction":[{"@type":"SearchAction","target":{"@type":"EntryPoint","urlTemplate":"https:\/\/www.cudgel.de\/?s={search_term_string}"},"query-input":"required name=search_term_string"}],"inLanguage":"en-US"},{"@type":"Organization","@id":"https:\/\/www.cudgel.de\/#organization","name":"cudgel | Der ultimative Metal Online Store","url":"https:\/\/www.cudgel.de\/","logo":{"@type":"ImageObject","inLanguage":"en-US","@id":"https:\/\/www.cudgel.de\/#\/schema\/logo\/image\/","url":"https:\/\/www.cudgel.de\/wp-content\/uploads\/2024\/06\/cudgel-logo-neu-1-1400x419png.webp","contentUrl":"https:\/\/www.cudgel.de\/wp-content\/uploads\/2024\/06\/cudgel-logo-neu-1-1400x419png.webp","width":1400,"height":419,"caption":"cudgel | Der ultimative Metal Online Store"},"image":{"@id":"https:\/\/www.cudgel.de\/#\/schema\/logo\/image\/"},"sameAs":["https:\/\/www.facebook.com\/CudgelVertrieb"]}]}},"_links":{"self":[{"href":"https:\/\/www.cudgel.de\/en\/wp-json\/wp\/v2\/product\/53725","targetHints":{"allow":["GET"]}}],"collection":[{"href":"https:\/\/www.cudgel.de\/en\/wp-json\/wp\/v2\/product"}],"about":[{"href":"https:\/\/www.cudgel.de\/en\/wp-json\/wp\/v2\/types\/product"}],"replies":[{"embeddable":true,"href":"https:\/\/www.cudgel.de\/en\/wp-json\/wp\/v2\/comments?post=53725"}],"wp:featuredmedia":[{"embeddable":true,"href":"https:\/\/www.cudgel.de\/en\/wp-json\/wp\/v2\/media\/53723"}],"wp:attachment":[{"href":"https:\/\/www.cudgel.de\/en\/wp-json\/wp\/v2\/media?parent=53725"}],"wp:term":[{"taxonomy":"product_cat","embeddable":true,"href":"https:\/\/www.cudgel.de\/en\/wp-json\/wp\/v2\/product_cat?post=53725"},{"taxonomy":"product_tag","embeddable":true,"href":"https:\/\/www.cudgel.de\/en\/wp-json\/wp\/v2\/product_tag?post=53725"}],"curies":[{"name":"wp","href":"https:\/\/api.w.org\/{rel}","templated":true}]}}