{"id":688319,"date":"2020-11-28T11:58:48","date_gmt":"2020-11-28T10:58:48","guid":{"rendered":"https:\/\/www.cudgel.de\/produkt\/anaal-nathrakh-desideratum-cd\/"},"modified":"2025-12-17T14:31:10","modified_gmt":"2025-12-17T13:31:10","slug":"anaal-nathrakh-desideratum-cd","status":"publish","type":"product","link":"https:\/\/www.cudgel.de\/en\/product\/anaal-nathrakh-desideratum-cd\/","title":{"rendered":"ANAAL NATHRAKH &#8211; desideratum CD"},"content":{"rendered":"<p>11 neue hassatacken von der insel &#8211; die kranken briten legen die messlatte in sachen extremit\u00e4t wieder ein st\u00fcck h\u00f6her<\/p>\n<p><strong>Tracks:<\/strong><\/p>\n<ol class=\"tracklisting\">\n<li>Acheronta Movebimus<\/li>\n<li>Unleash<\/li>\n<li>Monstrum in Animo<\/li>\n<li>The One Thing Needful<\/li>\n<li>A Firm Foundation of Unyielding Despair<\/li>\n<li>Desideratum<\/li>\n<li>Idol<\/li>\n<li>Sub Specie Aeterni (Of Maggots, and Humanity)<\/li>\n<li>The Joystream<\/li>\n<li>Rage and Red<\/li>\n<li>Ita Mori<\/li>\n<\/ol>\n<p><strong>Genres:<\/strong> Black Metal, Death Metal<\/p>\n<p> <strong>Label:<\/strong> Metal Blade Records<\/p>\n<p> <strong>Erscheinungsjahr:<\/strong> 2014<\/p>\n<p> <strong>K\u00fcnstler:<\/strong> ANAAL NATHRAKH<\/p>\n<p> <strong>Spieldauer:<\/strong> 40:59<\/p>\n<p> <strong>Format:<\/strong> CD<\/p>\n<p> <strong>EAN:<\/strong> 0039841535129<\/p>\n","protected":false},"excerpt":{"rendered":"<p>11 neue hassatacken von der insel &#8211; die kranken briten legen die messlatte in sachen extremit\u00e4t wieder ein st\u00fcck h\u00f6her Tracks: Acheronta Movebimus Unleash Monstrum in Animo The One Thing Needful A Firm Foundation of Unyielding Despair Desideratum Idol Sub Specie Aeterni (Of Maggots, and Humanity) The Joystream Rage and Red Ita Mori Genres: Black [&#8230;]\n","protected":false},"featured_media":688317,"comment_status":"open","ping_status":"closed","template":"","meta":[],"product_cat":[448],"product_tag":[],"class_list":{"0":"post-688319","1":"product","2":"type-product","3":"status-publish","4":"has-post-thumbnail","6":"product_cat-cd-a","7":"pa_band-anaal-nathrakh","8":"pa_productgenre-black-metal","9":"pa_productgenre-death-metal","10":"pa_productlabel-metal-blade-records","12":"first","13":"instock","14":"taxable","15":"shipping-taxable","16":"purchasable","17":"product-type-simple"},"yoast_head":"<!-- This site is optimized with the Yoast SEO plugin v22.9 - https:\/\/yoast.com\/wordpress\/plugins\/seo\/ -->\n<title>ANAAL NATHRAKH - desideratum CD - cudgel | Der ultimative Metal Online Store<\/title>\n<meta name=\"robots\" content=\"index, follow, max-snippet:-1, max-image-preview:large, max-video-preview:-1\" \/>\n<link rel=\"canonical\" href=\"https:\/\/www.cudgel.de\/produkt\/anaal-nathrakh-desideratum-cd\/\" \/>\n<meta property=\"og:locale\" content=\"en_US\" \/>\n<meta property=\"og:type\" content=\"article\" \/>\n<meta property=\"og:title\" content=\"ANAAL NATHRAKH - desideratum CD - cudgel | Der ultimative Metal Online Store\" \/>\n<meta property=\"og:description\" content=\"11 neue hassatacken von der insel &#8211; die kranken briten legen die messlatte in sachen extremit\u00e4t wieder ein st\u00fcck h\u00f6her Tracks: Acheronta Movebimus Unleash Monstrum in Animo The One Thing Needful A Firm Foundation of Unyielding Despair Desideratum Idol Sub Specie Aeterni (Of Maggots, and Humanity) The Joystream Rage and Red Ita Mori Genres: Black [...]\" \/>\n<meta property=\"og:url\" content=\"https:\/\/www.cudgel.de\/produkt\/anaal-nathrakh-desideratum-cd\/\" \/>\n<meta property=\"og:site_name\" content=\"cudgel | Der ultimative Metal Online Store\" \/>\n<meta property=\"article:publisher\" content=\"https:\/\/www.facebook.com\/CudgelVertrieb\" \/>\n<meta property=\"article:modified_time\" content=\"2025-12-17T13:31:10+00:00\" \/>\n<meta property=\"og:image\" content=\"https:\/\/www.cudgel.de\/wp-content\/uploads\/2020\/11\/Art210989-1.jpg\" \/>\n\t<meta property=\"og:image:width\" content=\"500\" \/>\n\t<meta property=\"og:image:height\" content=\"500\" \/>\n\t<meta property=\"og:image:type\" content=\"image\/jpeg\" \/>\n<meta name=\"twitter:card\" content=\"summary_large_image\" \/>\n<script type=\"application\/ld+json\" class=\"yoast-schema-graph\">{\"@context\":\"https:\/\/schema.org\",\"@graph\":[{\"@type\":\"WebPage\",\"@id\":\"https:\/\/www.cudgel.de\/produkt\/anaal-nathrakh-desideratum-cd\/\",\"url\":\"https:\/\/www.cudgel.de\/produkt\/anaal-nathrakh-desideratum-cd\/\",\"name\":\"ANAAL NATHRAKH - desideratum CD - cudgel | Der ultimative Metal Online Store\",\"isPartOf\":{\"@id\":\"https:\/\/www.cudgel.de\/#website\"},\"primaryImageOfPage\":{\"@id\":\"https:\/\/www.cudgel.de\/produkt\/anaal-nathrakh-desideratum-cd\/#primaryimage\"},\"image\":{\"@id\":\"https:\/\/www.cudgel.de\/produkt\/anaal-nathrakh-desideratum-cd\/#primaryimage\"},\"thumbnailUrl\":\"https:\/\/www.cudgel.de\/wp-content\/uploads\/2020\/11\/Art210989-1.jpg\",\"datePublished\":\"2020-11-28T10:58:48+00:00\",\"dateModified\":\"2025-12-17T13:31:10+00:00\",\"breadcrumb\":{\"@id\":\"https:\/\/www.cudgel.de\/produkt\/anaal-nathrakh-desideratum-cd\/#breadcrumb\"},\"inLanguage\":\"en-US\",\"potentialAction\":[{\"@type\":\"ReadAction\",\"target\":[\"https:\/\/www.cudgel.de\/produkt\/anaal-nathrakh-desideratum-cd\/\"]}]},{\"@type\":\"ImageObject\",\"inLanguage\":\"en-US\",\"@id\":\"https:\/\/www.cudgel.de\/produkt\/anaal-nathrakh-desideratum-cd\/#primaryimage\",\"url\":\"https:\/\/www.cudgel.de\/wp-content\/uploads\/2020\/11\/Art210989-1.jpg\",\"contentUrl\":\"https:\/\/www.cudgel.de\/wp-content\/uploads\/2020\/11\/Art210989-1.jpg\",\"width\":500,\"height\":500},{\"@type\":\"BreadcrumbList\",\"@id\":\"https:\/\/www.cudgel.de\/produkt\/anaal-nathrakh-desideratum-cd\/#breadcrumb\",\"itemListElement\":[{\"@type\":\"ListItem\",\"position\":1,\"name\":\"Home\",\"item\":\"https:\/\/www.cudgel.de\/en\/\"},{\"@type\":\"ListItem\",\"position\":2,\"name\":\"Shop\",\"item\":\"https:\/\/www.cudgel.de\/en\/shop\/\"},{\"@type\":\"ListItem\",\"position\":3,\"name\":\"ANAAL NATHRAKH &#8211; desideratum CD\"}]},{\"@type\":\"WebSite\",\"@id\":\"https:\/\/www.cudgel.de\/#website\",\"url\":\"https:\/\/www.cudgel.de\/\",\"name\":\"cudgel | Der ultimative Metal Online Store\",\"description\":\"Eine weitere WordPress-Website\",\"publisher\":{\"@id\":\"https:\/\/www.cudgel.de\/#organization\"},\"potentialAction\":[{\"@type\":\"SearchAction\",\"target\":{\"@type\":\"EntryPoint\",\"urlTemplate\":\"https:\/\/www.cudgel.de\/?s={search_term_string}\"},\"query-input\":\"required name=search_term_string\"}],\"inLanguage\":\"en-US\"},{\"@type\":\"Organization\",\"@id\":\"https:\/\/www.cudgel.de\/#organization\",\"name\":\"cudgel | Der ultimative Metal Online Store\",\"url\":\"https:\/\/www.cudgel.de\/\",\"logo\":{\"@type\":\"ImageObject\",\"inLanguage\":\"en-US\",\"@id\":\"https:\/\/www.cudgel.de\/#\/schema\/logo\/image\/\",\"url\":\"https:\/\/www.cudgel.de\/wp-content\/uploads\/2024\/06\/cudgel-logo-neu-1-1400x419png.webp\",\"contentUrl\":\"https:\/\/www.cudgel.de\/wp-content\/uploads\/2024\/06\/cudgel-logo-neu-1-1400x419png.webp\",\"width\":1400,\"height\":419,\"caption\":\"cudgel | Der ultimative Metal Online Store\"},\"image\":{\"@id\":\"https:\/\/www.cudgel.de\/#\/schema\/logo\/image\/\"},\"sameAs\":[\"https:\/\/www.facebook.com\/CudgelVertrieb\"]}]}<\/script>\n<!-- \/ Yoast SEO plugin. -->","yoast_head_json":{"title":"ANAAL NATHRAKH - desideratum CD - cudgel | Der ultimative Metal Online Store","robots":{"index":"index","follow":"follow","max-snippet":"max-snippet:-1","max-image-preview":"max-image-preview:large","max-video-preview":"max-video-preview:-1"},"canonical":"https:\/\/www.cudgel.de\/produkt\/anaal-nathrakh-desideratum-cd\/","og_locale":"en_US","og_type":"article","og_title":"ANAAL NATHRAKH - desideratum CD - cudgel | Der ultimative Metal Online Store","og_description":"11 neue hassatacken von der insel &#8211; die kranken briten legen die messlatte in sachen extremit\u00e4t wieder ein st\u00fcck h\u00f6her Tracks: Acheronta Movebimus Unleash Monstrum in Animo The One Thing Needful A Firm Foundation of Unyielding Despair Desideratum Idol Sub Specie Aeterni (Of Maggots, and Humanity) The Joystream Rage and Red Ita Mori Genres: Black [...]","og_url":"https:\/\/www.cudgel.de\/produkt\/anaal-nathrakh-desideratum-cd\/","og_site_name":"cudgel | Der ultimative Metal Online Store","article_publisher":"https:\/\/www.facebook.com\/CudgelVertrieb","article_modified_time":"2025-12-17T13:31:10+00:00","og_image":[{"width":500,"height":500,"url":"https:\/\/www.cudgel.de\/wp-content\/uploads\/2020\/11\/Art210989-1.jpg","type":"image\/jpeg"}],"twitter_card":"summary_large_image","schema":{"@context":"https:\/\/schema.org","@graph":[{"@type":"WebPage","@id":"https:\/\/www.cudgel.de\/produkt\/anaal-nathrakh-desideratum-cd\/","url":"https:\/\/www.cudgel.de\/produkt\/anaal-nathrakh-desideratum-cd\/","name":"ANAAL NATHRAKH - desideratum CD - cudgel | Der ultimative Metal Online Store","isPartOf":{"@id":"https:\/\/www.cudgel.de\/#website"},"primaryImageOfPage":{"@id":"https:\/\/www.cudgel.de\/produkt\/anaal-nathrakh-desideratum-cd\/#primaryimage"},"image":{"@id":"https:\/\/www.cudgel.de\/produkt\/anaal-nathrakh-desideratum-cd\/#primaryimage"},"thumbnailUrl":"https:\/\/www.cudgel.de\/wp-content\/uploads\/2020\/11\/Art210989-1.jpg","datePublished":"2020-11-28T10:58:48+00:00","dateModified":"2025-12-17T13:31:10+00:00","breadcrumb":{"@id":"https:\/\/www.cudgel.de\/produkt\/anaal-nathrakh-desideratum-cd\/#breadcrumb"},"inLanguage":"en-US","potentialAction":[{"@type":"ReadAction","target":["https:\/\/www.cudgel.de\/produkt\/anaal-nathrakh-desideratum-cd\/"]}]},{"@type":"ImageObject","inLanguage":"en-US","@id":"https:\/\/www.cudgel.de\/produkt\/anaal-nathrakh-desideratum-cd\/#primaryimage","url":"https:\/\/www.cudgel.de\/wp-content\/uploads\/2020\/11\/Art210989-1.jpg","contentUrl":"https:\/\/www.cudgel.de\/wp-content\/uploads\/2020\/11\/Art210989-1.jpg","width":500,"height":500},{"@type":"BreadcrumbList","@id":"https:\/\/www.cudgel.de\/produkt\/anaal-nathrakh-desideratum-cd\/#breadcrumb","itemListElement":[{"@type":"ListItem","position":1,"name":"Home","item":"https:\/\/www.cudgel.de\/en\/"},{"@type":"ListItem","position":2,"name":"Shop","item":"https:\/\/www.cudgel.de\/en\/shop\/"},{"@type":"ListItem","position":3,"name":"ANAAL NATHRAKH &#8211; desideratum CD"}]},{"@type":"WebSite","@id":"https:\/\/www.cudgel.de\/#website","url":"https:\/\/www.cudgel.de\/","name":"cudgel | Der ultimative Metal Online Store","description":"Eine weitere WordPress-Website","publisher":{"@id":"https:\/\/www.cudgel.de\/#organization"},"potentialAction":[{"@type":"SearchAction","target":{"@type":"EntryPoint","urlTemplate":"https:\/\/www.cudgel.de\/?s={search_term_string}"},"query-input":"required name=search_term_string"}],"inLanguage":"en-US"},{"@type":"Organization","@id":"https:\/\/www.cudgel.de\/#organization","name":"cudgel | Der ultimative Metal Online Store","url":"https:\/\/www.cudgel.de\/","logo":{"@type":"ImageObject","inLanguage":"en-US","@id":"https:\/\/www.cudgel.de\/#\/schema\/logo\/image\/","url":"https:\/\/www.cudgel.de\/wp-content\/uploads\/2024\/06\/cudgel-logo-neu-1-1400x419png.webp","contentUrl":"https:\/\/www.cudgel.de\/wp-content\/uploads\/2024\/06\/cudgel-logo-neu-1-1400x419png.webp","width":1400,"height":419,"caption":"cudgel | Der ultimative Metal Online Store"},"image":{"@id":"https:\/\/www.cudgel.de\/#\/schema\/logo\/image\/"},"sameAs":["https:\/\/www.facebook.com\/CudgelVertrieb"]}]}},"_links":{"self":[{"href":"https:\/\/www.cudgel.de\/en\/wp-json\/wp\/v2\/product\/688319","targetHints":{"allow":["GET"]}}],"collection":[{"href":"https:\/\/www.cudgel.de\/en\/wp-json\/wp\/v2\/product"}],"about":[{"href":"https:\/\/www.cudgel.de\/en\/wp-json\/wp\/v2\/types\/product"}],"replies":[{"embeddable":true,"href":"https:\/\/www.cudgel.de\/en\/wp-json\/wp\/v2\/comments?post=688319"}],"wp:featuredmedia":[{"embeddable":true,"href":"https:\/\/www.cudgel.de\/en\/wp-json\/wp\/v2\/media\/688317"}],"wp:attachment":[{"href":"https:\/\/www.cudgel.de\/en\/wp-json\/wp\/v2\/media?parent=688319"}],"wp:term":[{"taxonomy":"product_cat","embeddable":true,"href":"https:\/\/www.cudgel.de\/en\/wp-json\/wp\/v2\/product_cat?post=688319"},{"taxonomy":"product_tag","embeddable":true,"href":"https:\/\/www.cudgel.de\/en\/wp-json\/wp\/v2\/product_tag?post=688319"}],"curies":[{"name":"wp","href":"https:\/\/api.w.org\/{rel}","templated":true}]}}