{"id":691577,"date":"2020-11-30T16:51:44","date_gmt":"2020-11-30T15:51:44","guid":{"rendered":"https:\/\/www.cudgel.de\/produkt\/serpents-the-brimstone-clergy-mlp-white\/"},"modified":"2025-12-29T23:42:54","modified_gmt":"2025-12-29T22:42:54","slug":"serpents-the-brimstone-clergy-mlp-white","status":"publish","type":"product","link":"https:\/\/www.cudgel.de\/en\/product\/serpents-the-brimstone-clergy-mlp-white\/","title":{"rendered":"SERPENTS &#8211; the brimstone clergy MLP white"},"content":{"rendered":"<p>WAR ANTHEM RECORDS is proud to present SERPENTS (swe) highly anticipated second release, The Brimstone Clergy. SERPENTS, a northern trinity of unholy clerics, return with a fierce fiery gospel of unrelenting Swedish Black Metal.<br \/>\n\u0094The Brimstone Clergy\u0094 is comprised of six vicious psalms praising the death of innocence and virtue, and will stand as a beacon of darkness for decades.<br \/>\nThe identity of the band members should remain hidden.<br \/>\nFor fans of Setherial, Dawn, Marduk and the likes. <\/p>\n<p>lim. to 100 plain white copies housed in a gatefold sleeve<\/p>\n<p>WAR ANTHEM RECORDS pr\u00e4sentiert voller stolz die 2te ver\u00f6ffentlichung von SERPENTS &#8220;The Brimstone Clergy&#8221;. SERPENTS, ein nordisches Triumvirat unheiliger Kleriker kehren zur\u00fcck mit einem heftigen Dokument voll unbarmherzigem schwedischem Black Metal. &#8220;The Brimstone clergy&#8221; vereinigt sechs agressive psalme \u00fcber den tod der unschuld und tugend. Es wird \u00fcber jahrzehnte als leuchtfeuer der dunkelheit gelten. Die Identit\u00e4t hinter den Bandmitglieder soll unerkannt bleiben. F\u00fcr fans von  Setherial, Dawn, Marduk und \u00e4hnlichen.<\/p>\n<p>lim. auf 100 st\u00fcck, wei\u00dfes vinyl in einem gatefold sleeve<\/p>\n<p><strong>Tracks:<\/strong><\/p>\n<ol class=\"tracklisting\">\n<li>Worship the Reprobate<\/li>\n<li>End the Slavery of Being<\/li>\n<li>Bring the Apocalypse<\/li>\n<li>Shattered Paradise<\/li>\n<li>Interlude in B Minor<\/li>\n<li>Requiem<\/li>\n<\/ol>\n<p><strong>Genres:<\/strong> Black Metal<\/p>\n","protected":false},"excerpt":{"rendered":"<p>WAR ANTHEM RECORDS is proud to present SERPENTS (swe) highly anticipated second release, The Brimstone Clergy. SERPENTS, a northern trinity of unholy clerics, return with a fierce fiery gospel of unrelenting Swedish Black Metal. \u0094The Brimstone Clergy\u0094 is comprised of six vicious psalms praising the death of innocence and virtue, and will stand as a [&#8230;]\n","protected":false},"featured_media":691575,"comment_status":"open","ping_status":"closed","template":"","meta":[],"product_cat":[441,9258],"product_tag":[],"class_list":{"0":"post-691577","1":"product","2":"type-product","3":"status-publish","4":"has-post-thumbnail","6":"product_cat-vinyl-s","7":"product_cat-vinyl-sonderangebote-bargains","8":"pa_band-serpents","9":"pa_productgenre-black-metal","10":"pa_productlabel-war-anthem-records","12":"first","13":"instock","14":"taxable","15":"shipping-taxable","16":"purchasable","17":"product-type-simple"},"yoast_head":"<!-- This site is optimized with the Yoast SEO plugin v22.9 - https:\/\/yoast.com\/wordpress\/plugins\/seo\/ -->\n<title>SERPENTS - the brimstone clergy MLP white - cudgel | Der ultimative Metal Online Store<\/title>\n<meta name=\"robots\" content=\"index, follow, max-snippet:-1, max-image-preview:large, max-video-preview:-1\" \/>\n<link rel=\"canonical\" href=\"https:\/\/www.cudgel.de\/produkt\/serpents-the-brimstone-clergy-mlp-white\/\" \/>\n<meta property=\"og:locale\" content=\"en_US\" \/>\n<meta property=\"og:type\" content=\"article\" \/>\n<meta property=\"og:title\" content=\"SERPENTS - the brimstone clergy MLP white - cudgel | Der ultimative Metal Online Store\" \/>\n<meta property=\"og:description\" content=\"WAR ANTHEM RECORDS is proud to present SERPENTS (swe) highly anticipated second release, The Brimstone Clergy. SERPENTS, a northern trinity of unholy clerics, return with a fierce fiery gospel of unrelenting Swedish Black Metal. \u0094The Brimstone Clergy\u0094 is comprised of six vicious psalms praising the death of innocence and virtue, and will stand as a [...]\" \/>\n<meta property=\"og:url\" content=\"https:\/\/www.cudgel.de\/produkt\/serpents-the-brimstone-clergy-mlp-white\/\" \/>\n<meta property=\"og:site_name\" content=\"cudgel | Der ultimative Metal Online Store\" \/>\n<meta property=\"article:publisher\" content=\"https:\/\/www.facebook.com\/CudgelVertrieb\" \/>\n<meta property=\"article:modified_time\" content=\"2025-12-29T22:42:54+00:00\" \/>\n<meta property=\"og:image\" content=\"https:\/\/www.cudgel.de\/wp-content\/uploads\/2020\/11\/Art108076-1.jpg\" \/>\n\t<meta property=\"og:image:width\" content=\"1440\" \/>\n\t<meta property=\"og:image:height\" content=\"1382\" \/>\n\t<meta property=\"og:image:type\" content=\"image\/jpeg\" \/>\n<meta name=\"twitter:card\" content=\"summary_large_image\" \/>\n<meta name=\"twitter:label1\" content=\"Est. reading time\" \/>\n\t<meta name=\"twitter:data1\" content=\"1 minute\" \/>\n<script type=\"application\/ld+json\" class=\"yoast-schema-graph\">{\"@context\":\"https:\/\/schema.org\",\"@graph\":[{\"@type\":\"WebPage\",\"@id\":\"https:\/\/www.cudgel.de\/produkt\/serpents-the-brimstone-clergy-mlp-white\/\",\"url\":\"https:\/\/www.cudgel.de\/produkt\/serpents-the-brimstone-clergy-mlp-white\/\",\"name\":\"SERPENTS - the brimstone clergy MLP white - cudgel | Der ultimative Metal Online Store\",\"isPartOf\":{\"@id\":\"https:\/\/www.cudgel.de\/#website\"},\"primaryImageOfPage\":{\"@id\":\"https:\/\/www.cudgel.de\/produkt\/serpents-the-brimstone-clergy-mlp-white\/#primaryimage\"},\"image\":{\"@id\":\"https:\/\/www.cudgel.de\/produkt\/serpents-the-brimstone-clergy-mlp-white\/#primaryimage\"},\"thumbnailUrl\":\"https:\/\/www.cudgel.de\/wp-content\/uploads\/2020\/11\/Art108076-1.jpg\",\"datePublished\":\"2020-11-30T15:51:44+00:00\",\"dateModified\":\"2025-12-29T22:42:54+00:00\",\"breadcrumb\":{\"@id\":\"https:\/\/www.cudgel.de\/produkt\/serpents-the-brimstone-clergy-mlp-white\/#breadcrumb\"},\"inLanguage\":\"en-US\",\"potentialAction\":[{\"@type\":\"ReadAction\",\"target\":[\"https:\/\/www.cudgel.de\/produkt\/serpents-the-brimstone-clergy-mlp-white\/\"]}]},{\"@type\":\"ImageObject\",\"inLanguage\":\"en-US\",\"@id\":\"https:\/\/www.cudgel.de\/produkt\/serpents-the-brimstone-clergy-mlp-white\/#primaryimage\",\"url\":\"https:\/\/www.cudgel.de\/wp-content\/uploads\/2020\/11\/Art108076-1.jpg\",\"contentUrl\":\"https:\/\/www.cudgel.de\/wp-content\/uploads\/2020\/11\/Art108076-1.jpg\",\"width\":1440,\"height\":1382},{\"@type\":\"BreadcrumbList\",\"@id\":\"https:\/\/www.cudgel.de\/produkt\/serpents-the-brimstone-clergy-mlp-white\/#breadcrumb\",\"itemListElement\":[{\"@type\":\"ListItem\",\"position\":1,\"name\":\"Home\",\"item\":\"https:\/\/www.cudgel.de\/en\/\"},{\"@type\":\"ListItem\",\"position\":2,\"name\":\"Shop\",\"item\":\"https:\/\/www.cudgel.de\/en\/shop\/\"},{\"@type\":\"ListItem\",\"position\":3,\"name\":\"SERPENTS &#8211; the brimstone clergy MLP white\"}]},{\"@type\":\"WebSite\",\"@id\":\"https:\/\/www.cudgel.de\/#website\",\"url\":\"https:\/\/www.cudgel.de\/\",\"name\":\"cudgel | Der ultimative Metal Online Store\",\"description\":\"Eine weitere WordPress-Website\",\"publisher\":{\"@id\":\"https:\/\/www.cudgel.de\/#organization\"},\"potentialAction\":[{\"@type\":\"SearchAction\",\"target\":{\"@type\":\"EntryPoint\",\"urlTemplate\":\"https:\/\/www.cudgel.de\/?s={search_term_string}\"},\"query-input\":\"required name=search_term_string\"}],\"inLanguage\":\"en-US\"},{\"@type\":\"Organization\",\"@id\":\"https:\/\/www.cudgel.de\/#organization\",\"name\":\"cudgel | Der ultimative Metal Online Store\",\"url\":\"https:\/\/www.cudgel.de\/\",\"logo\":{\"@type\":\"ImageObject\",\"inLanguage\":\"en-US\",\"@id\":\"https:\/\/www.cudgel.de\/#\/schema\/logo\/image\/\",\"url\":\"https:\/\/www.cudgel.de\/wp-content\/uploads\/2024\/06\/cudgel-logo-neu-1-1400x419png.webp\",\"contentUrl\":\"https:\/\/www.cudgel.de\/wp-content\/uploads\/2024\/06\/cudgel-logo-neu-1-1400x419png.webp\",\"width\":1400,\"height\":419,\"caption\":\"cudgel | Der ultimative Metal Online Store\"},\"image\":{\"@id\":\"https:\/\/www.cudgel.de\/#\/schema\/logo\/image\/\"},\"sameAs\":[\"https:\/\/www.facebook.com\/CudgelVertrieb\"]}]}<\/script>\n<!-- \/ Yoast SEO plugin. -->","yoast_head_json":{"title":"SERPENTS - the brimstone clergy MLP white - cudgel | Der ultimative Metal Online Store","robots":{"index":"index","follow":"follow","max-snippet":"max-snippet:-1","max-image-preview":"max-image-preview:large","max-video-preview":"max-video-preview:-1"},"canonical":"https:\/\/www.cudgel.de\/produkt\/serpents-the-brimstone-clergy-mlp-white\/","og_locale":"en_US","og_type":"article","og_title":"SERPENTS - the brimstone clergy MLP white - cudgel | Der ultimative Metal Online Store","og_description":"WAR ANTHEM RECORDS is proud to present SERPENTS (swe) highly anticipated second release, The Brimstone Clergy. SERPENTS, a northern trinity of unholy clerics, return with a fierce fiery gospel of unrelenting Swedish Black Metal. \u0094The Brimstone Clergy\u0094 is comprised of six vicious psalms praising the death of innocence and virtue, and will stand as a [...]","og_url":"https:\/\/www.cudgel.de\/produkt\/serpents-the-brimstone-clergy-mlp-white\/","og_site_name":"cudgel | Der ultimative Metal Online Store","article_publisher":"https:\/\/www.facebook.com\/CudgelVertrieb","article_modified_time":"2025-12-29T22:42:54+00:00","og_image":[{"width":1440,"height":1382,"url":"https:\/\/www.cudgel.de\/wp-content\/uploads\/2020\/11\/Art108076-1.jpg","type":"image\/jpeg"}],"twitter_card":"summary_large_image","twitter_misc":{"Est. reading time":"1 minute"},"schema":{"@context":"https:\/\/schema.org","@graph":[{"@type":"WebPage","@id":"https:\/\/www.cudgel.de\/produkt\/serpents-the-brimstone-clergy-mlp-white\/","url":"https:\/\/www.cudgel.de\/produkt\/serpents-the-brimstone-clergy-mlp-white\/","name":"SERPENTS - the brimstone clergy MLP white - cudgel | Der ultimative Metal Online Store","isPartOf":{"@id":"https:\/\/www.cudgel.de\/#website"},"primaryImageOfPage":{"@id":"https:\/\/www.cudgel.de\/produkt\/serpents-the-brimstone-clergy-mlp-white\/#primaryimage"},"image":{"@id":"https:\/\/www.cudgel.de\/produkt\/serpents-the-brimstone-clergy-mlp-white\/#primaryimage"},"thumbnailUrl":"https:\/\/www.cudgel.de\/wp-content\/uploads\/2020\/11\/Art108076-1.jpg","datePublished":"2020-11-30T15:51:44+00:00","dateModified":"2025-12-29T22:42:54+00:00","breadcrumb":{"@id":"https:\/\/www.cudgel.de\/produkt\/serpents-the-brimstone-clergy-mlp-white\/#breadcrumb"},"inLanguage":"en-US","potentialAction":[{"@type":"ReadAction","target":["https:\/\/www.cudgel.de\/produkt\/serpents-the-brimstone-clergy-mlp-white\/"]}]},{"@type":"ImageObject","inLanguage":"en-US","@id":"https:\/\/www.cudgel.de\/produkt\/serpents-the-brimstone-clergy-mlp-white\/#primaryimage","url":"https:\/\/www.cudgel.de\/wp-content\/uploads\/2020\/11\/Art108076-1.jpg","contentUrl":"https:\/\/www.cudgel.de\/wp-content\/uploads\/2020\/11\/Art108076-1.jpg","width":1440,"height":1382},{"@type":"BreadcrumbList","@id":"https:\/\/www.cudgel.de\/produkt\/serpents-the-brimstone-clergy-mlp-white\/#breadcrumb","itemListElement":[{"@type":"ListItem","position":1,"name":"Home","item":"https:\/\/www.cudgel.de\/en\/"},{"@type":"ListItem","position":2,"name":"Shop","item":"https:\/\/www.cudgel.de\/en\/shop\/"},{"@type":"ListItem","position":3,"name":"SERPENTS &#8211; the brimstone clergy MLP white"}]},{"@type":"WebSite","@id":"https:\/\/www.cudgel.de\/#website","url":"https:\/\/www.cudgel.de\/","name":"cudgel | Der ultimative Metal Online Store","description":"Eine weitere WordPress-Website","publisher":{"@id":"https:\/\/www.cudgel.de\/#organization"},"potentialAction":[{"@type":"SearchAction","target":{"@type":"EntryPoint","urlTemplate":"https:\/\/www.cudgel.de\/?s={search_term_string}"},"query-input":"required name=search_term_string"}],"inLanguage":"en-US"},{"@type":"Organization","@id":"https:\/\/www.cudgel.de\/#organization","name":"cudgel | Der ultimative Metal Online Store","url":"https:\/\/www.cudgel.de\/","logo":{"@type":"ImageObject","inLanguage":"en-US","@id":"https:\/\/www.cudgel.de\/#\/schema\/logo\/image\/","url":"https:\/\/www.cudgel.de\/wp-content\/uploads\/2024\/06\/cudgel-logo-neu-1-1400x419png.webp","contentUrl":"https:\/\/www.cudgel.de\/wp-content\/uploads\/2024\/06\/cudgel-logo-neu-1-1400x419png.webp","width":1400,"height":419,"caption":"cudgel | Der ultimative Metal Online Store"},"image":{"@id":"https:\/\/www.cudgel.de\/#\/schema\/logo\/image\/"},"sameAs":["https:\/\/www.facebook.com\/CudgelVertrieb"]}]}},"_links":{"self":[{"href":"https:\/\/www.cudgel.de\/en\/wp-json\/wp\/v2\/product\/691577","targetHints":{"allow":["GET"]}}],"collection":[{"href":"https:\/\/www.cudgel.de\/en\/wp-json\/wp\/v2\/product"}],"about":[{"href":"https:\/\/www.cudgel.de\/en\/wp-json\/wp\/v2\/types\/product"}],"replies":[{"embeddable":true,"href":"https:\/\/www.cudgel.de\/en\/wp-json\/wp\/v2\/comments?post=691577"}],"wp:featuredmedia":[{"embeddable":true,"href":"https:\/\/www.cudgel.de\/en\/wp-json\/wp\/v2\/media\/691575"}],"wp:attachment":[{"href":"https:\/\/www.cudgel.de\/en\/wp-json\/wp\/v2\/media?parent=691577"}],"wp:term":[{"taxonomy":"product_cat","embeddable":true,"href":"https:\/\/www.cudgel.de\/en\/wp-json\/wp\/v2\/product_cat?post=691577"},{"taxonomy":"product_tag","embeddable":true,"href":"https:\/\/www.cudgel.de\/en\/wp-json\/wp\/v2\/product_tag?post=691577"}],"curies":[{"name":"wp","href":"https:\/\/api.w.org\/{rel}","templated":true}]}}