{"id":876535,"date":"2021-04-06T16:24:20","date_gmt":"2021-04-06T14:24:20","guid":{"rendered":"https:\/\/www.cudgel.de\/produkt\/iron-flesh-summoning-the-putrid-lp-black\/"},"modified":"2026-04-09T11:30:07","modified_gmt":"2026-04-09T09:30:07","slug":"iron-flesh-summoning-the-putrid-lp-black","status":"publish","type":"product","link":"https:\/\/www.cudgel.de\/en\/product\/iron-flesh-summoning-the-putrid-lp-black\/","title":{"rendered":"IRON FLESH &#8211; summoning the putrid LP black"},"content":{"rendered":"<p>With their sophomore incarnation \u0084Summoning The Putrid\u0093 the french bringers of rotten old school death metal Iron Flesh return from the graves to unleash another fine slab of HM2-madness. While maintaining the massive wall of sound by the early 90s scandinavian overlords Iron Flesh is not willing to go down as merely tribute to ancient times. They display an amazingly varied songwriting that reminds a lot of classic Edge Of Sanity magic. Whereas the faster material tend to incorporate sharp melodic riffing that Unanimated or Centinex in their prime could not have done better, Iron Flesh also delivers some of the finest death-doom ever to come out of french soil. The excellent mixture of the heaviness of later Bolt Thrower or Asphyx and the hypnotic and melancholic lead-guitarwork that would make old Paradise Lost proud simply fires on all cylinders. To cut it short: \u0084 Summoning The Putrid\u0093 is nothing short than first class old school death metal anno 2021! Iron Flesh will not stay a secret for long!<\/p>\n<p>lim.black vinyl to 350 copies<\/p>\n<p>Mit ihrem Zweitwerk \u0084Summoning The Putrid\u0093 kehren die franz\u00f6sischen Helden des old-school Death-Metals Iron Flesh von den Gr\u00e4bern zur\u00fcck um eine weitere feine Platte des HM\u0093-Wahnsinns zu entfesseln. W\u00e4hrend sie das massive Soundgewand der fr\u00fch90er \u00dcberv\u00e4ter aus Skandinavien erhalten, sind sie doch nicht gewillt nur als Tribut an einstige Zeiten angesehen zu werden. Iron Flesh zeigen ein erstaunlich abwechslungsreiches Songwriting,welches stark an klassische Edge Of Sanity Magie erinnert. Wohingegen das schnellere Material dazu neigt melodisches Riffing zu intergrieren, das Unanimated oder auch Centinex zu besten Zeiten nicht h\u00e4tten besser machen k\u00f6nnen, liefern Iron Flesh auch den feinsten Death-Doom, der je franz\u00f6sischen Boden verlassen hat. Die exzellente Mischung aus der Heaviness sp\u00e4terer Bolt Thrower oder Asphyx und der hypnotischen, geradezu melancholischen Lead-Gitarrenarbeit, die alte Paradise Lost mit Stolz erf\u00fcllt h\u00e4tte, ist einfach unschlagbar! Um es kurz zu machen: \u0084Summoning The Putrid\u0093 ist nichts weniger als erstklassiger old school death metal anno 2021! Iron Flesh wird nicht mehr lange ein Geheimnis bleiben! <\/p>\n<p>lim.schwarzes vinyl auf 350 st\u00fcck<\/p>\n<p><strong>Tracks:<\/strong><\/p>\n<ol class=\"tracklisting\">\n<li>Servants of Oblivion<\/li>\n<li>Relinquished Flesh<\/li>\n<li>Demonic Enn<\/li>\n<li>Purify Through Blasphemy<\/li>\n<li>Cursed Beyond Death<\/li>\n<li>Death and the Reaper&#8217;s Scythe<\/li>\n<li>Incursion of Evil<\/li>\n<li>Thy Power Infinite<\/li>\n<li>Convicted Faith<\/li>\n<\/ol>\n<p><strong>Genres:<\/strong> Death Metal<\/p>\n","protected":false},"excerpt":{"rendered":"<p>With their sophomore incarnation \u0084Summoning The Putrid\u0093 the french bringers of rotten old school death metal Iron Flesh return from the graves to unleash another fine slab of HM2-madness. While maintaining the massive wall of sound by the early 90s scandinavian overlords Iron Flesh is not willing to go down as merely tribute to ancient [&#8230;]\n","protected":false},"featured_media":876987,"comment_status":"open","ping_status":"closed","template":"","meta":[],"product_cat":[9258,436],"product_tag":[],"class_list":{"0":"post-876535","1":"product","2":"type-product","3":"status-publish","4":"has-post-thumbnail","6":"product_cat-vinyl-sonderangebote-bargains","7":"product_cat-vinyl-i-l","8":"pa_band-iron-flesh","9":"pa_productgenre-death-metal","10":"pa_productlabel-war-anthem-records","12":"first","13":"instock","14":"taxable","15":"shipping-taxable","16":"purchasable","17":"product-type-simple"},"yoast_head":"<!-- This site is optimized with the Yoast SEO plugin v22.9 - https:\/\/yoast.com\/wordpress\/plugins\/seo\/ -->\n<title>IRON FLESH - summoning the putrid LP black - cudgel | Der ultimative Metal Online Store<\/title>\n<meta name=\"robots\" content=\"index, follow, max-snippet:-1, max-image-preview:large, max-video-preview:-1\" \/>\n<link rel=\"canonical\" href=\"https:\/\/www.cudgel.de\/produkt\/iron-flesh-summoning-the-putrid-lp-black\/\" \/>\n<meta property=\"og:locale\" content=\"en_US\" \/>\n<meta property=\"og:type\" content=\"article\" \/>\n<meta property=\"og:title\" content=\"IRON FLESH - summoning the putrid LP black - cudgel | Der ultimative Metal Online Store\" \/>\n<meta property=\"og:description\" content=\"With their sophomore incarnation \u0084Summoning The Putrid\u0093 the french bringers of rotten old school death metal Iron Flesh return from the graves to unleash another fine slab of HM2-madness. While maintaining the massive wall of sound by the early 90s scandinavian overlords Iron Flesh is not willing to go down as merely tribute to ancient [...]\" \/>\n<meta property=\"og:url\" content=\"https:\/\/www.cudgel.de\/produkt\/iron-flesh-summoning-the-putrid-lp-black\/\" \/>\n<meta property=\"og:site_name\" content=\"cudgel | Der ultimative Metal Online Store\" \/>\n<meta property=\"article:publisher\" content=\"https:\/\/www.facebook.com\/CudgelVertrieb\" \/>\n<meta property=\"article:modified_time\" content=\"2026-04-09T09:30:07+00:00\" \/>\n<meta property=\"og:image\" content=\"https:\/\/www.cudgel.de\/wp-content\/uploads\/2021\/04\/iron-flesh-summoning-the-putrid-lp-black-vinyl.jpg\" \/>\n\t<meta property=\"og:image:width\" content=\"1500\" \/>\n\t<meta property=\"og:image:height\" content=\"1384\" \/>\n\t<meta property=\"og:image:type\" content=\"image\/jpeg\" \/>\n<meta name=\"twitter:card\" content=\"summary_large_image\" \/>\n<meta name=\"twitter:label1\" content=\"Est. reading time\" \/>\n\t<meta name=\"twitter:data1\" content=\"2 minutes\" \/>\n<script type=\"application\/ld+json\" class=\"yoast-schema-graph\">{\"@context\":\"https:\/\/schema.org\",\"@graph\":[{\"@type\":\"WebPage\",\"@id\":\"https:\/\/www.cudgel.de\/produkt\/iron-flesh-summoning-the-putrid-lp-black\/\",\"url\":\"https:\/\/www.cudgel.de\/produkt\/iron-flesh-summoning-the-putrid-lp-black\/\",\"name\":\"IRON FLESH - summoning the putrid LP black - cudgel | Der ultimative Metal Online Store\",\"isPartOf\":{\"@id\":\"https:\/\/www.cudgel.de\/#website\"},\"primaryImageOfPage\":{\"@id\":\"https:\/\/www.cudgel.de\/produkt\/iron-flesh-summoning-the-putrid-lp-black\/#primaryimage\"},\"image\":{\"@id\":\"https:\/\/www.cudgel.de\/produkt\/iron-flesh-summoning-the-putrid-lp-black\/#primaryimage\"},\"thumbnailUrl\":\"https:\/\/www.cudgel.de\/wp-content\/uploads\/2021\/04\/iron-flesh-summoning-the-putrid-lp-black-vinyl.jpg\",\"datePublished\":\"2021-04-06T14:24:20+00:00\",\"dateModified\":\"2026-04-09T09:30:07+00:00\",\"breadcrumb\":{\"@id\":\"https:\/\/www.cudgel.de\/produkt\/iron-flesh-summoning-the-putrid-lp-black\/#breadcrumb\"},\"inLanguage\":\"en-US\",\"potentialAction\":[{\"@type\":\"ReadAction\",\"target\":[\"https:\/\/www.cudgel.de\/produkt\/iron-flesh-summoning-the-putrid-lp-black\/\"]}]},{\"@type\":\"ImageObject\",\"inLanguage\":\"en-US\",\"@id\":\"https:\/\/www.cudgel.de\/produkt\/iron-flesh-summoning-the-putrid-lp-black\/#primaryimage\",\"url\":\"https:\/\/www.cudgel.de\/wp-content\/uploads\/2021\/04\/iron-flesh-summoning-the-putrid-lp-black-vinyl.jpg\",\"contentUrl\":\"https:\/\/www.cudgel.de\/wp-content\/uploads\/2021\/04\/iron-flesh-summoning-the-putrid-lp-black-vinyl.jpg\",\"width\":1500,\"height\":1384},{\"@type\":\"BreadcrumbList\",\"@id\":\"https:\/\/www.cudgel.de\/produkt\/iron-flesh-summoning-the-putrid-lp-black\/#breadcrumb\",\"itemListElement\":[{\"@type\":\"ListItem\",\"position\":1,\"name\":\"Home\",\"item\":\"https:\/\/www.cudgel.de\/en\/\"},{\"@type\":\"ListItem\",\"position\":2,\"name\":\"Shop\",\"item\":\"https:\/\/www.cudgel.de\/en\/shop\/\"},{\"@type\":\"ListItem\",\"position\":3,\"name\":\"IRON FLESH &#8211; summoning the putrid LP black\"}]},{\"@type\":\"WebSite\",\"@id\":\"https:\/\/www.cudgel.de\/#website\",\"url\":\"https:\/\/www.cudgel.de\/\",\"name\":\"cudgel | Der ultimative Metal Online Store\",\"description\":\"Eine weitere WordPress-Website\",\"publisher\":{\"@id\":\"https:\/\/www.cudgel.de\/#organization\"},\"potentialAction\":[{\"@type\":\"SearchAction\",\"target\":{\"@type\":\"EntryPoint\",\"urlTemplate\":\"https:\/\/www.cudgel.de\/?s={search_term_string}\"},\"query-input\":\"required name=search_term_string\"}],\"inLanguage\":\"en-US\"},{\"@type\":\"Organization\",\"@id\":\"https:\/\/www.cudgel.de\/#organization\",\"name\":\"cudgel | Der ultimative Metal Online Store\",\"url\":\"https:\/\/www.cudgel.de\/\",\"logo\":{\"@type\":\"ImageObject\",\"inLanguage\":\"en-US\",\"@id\":\"https:\/\/www.cudgel.de\/#\/schema\/logo\/image\/\",\"url\":\"https:\/\/www.cudgel.de\/wp-content\/uploads\/2024\/06\/cudgel-logo-neu-1-1400x419png.webp\",\"contentUrl\":\"https:\/\/www.cudgel.de\/wp-content\/uploads\/2024\/06\/cudgel-logo-neu-1-1400x419png.webp\",\"width\":1400,\"height\":419,\"caption\":\"cudgel | Der ultimative Metal Online Store\"},\"image\":{\"@id\":\"https:\/\/www.cudgel.de\/#\/schema\/logo\/image\/\"},\"sameAs\":[\"https:\/\/www.facebook.com\/CudgelVertrieb\"]}]}<\/script>\n<!-- \/ Yoast SEO plugin. -->","yoast_head_json":{"title":"IRON FLESH - summoning the putrid LP black - cudgel | Der ultimative Metal Online Store","robots":{"index":"index","follow":"follow","max-snippet":"max-snippet:-1","max-image-preview":"max-image-preview:large","max-video-preview":"max-video-preview:-1"},"canonical":"https:\/\/www.cudgel.de\/produkt\/iron-flesh-summoning-the-putrid-lp-black\/","og_locale":"en_US","og_type":"article","og_title":"IRON FLESH - summoning the putrid LP black - cudgel | Der ultimative Metal Online Store","og_description":"With their sophomore incarnation \u0084Summoning The Putrid\u0093 the french bringers of rotten old school death metal Iron Flesh return from the graves to unleash another fine slab of HM2-madness. While maintaining the massive wall of sound by the early 90s scandinavian overlords Iron Flesh is not willing to go down as merely tribute to ancient [...]","og_url":"https:\/\/www.cudgel.de\/produkt\/iron-flesh-summoning-the-putrid-lp-black\/","og_site_name":"cudgel | Der ultimative Metal Online Store","article_publisher":"https:\/\/www.facebook.com\/CudgelVertrieb","article_modified_time":"2026-04-09T09:30:07+00:00","og_image":[{"width":1500,"height":1384,"url":"https:\/\/www.cudgel.de\/wp-content\/uploads\/2021\/04\/iron-flesh-summoning-the-putrid-lp-black-vinyl.jpg","type":"image\/jpeg"}],"twitter_card":"summary_large_image","twitter_misc":{"Est. reading time":"2 minutes"},"schema":{"@context":"https:\/\/schema.org","@graph":[{"@type":"WebPage","@id":"https:\/\/www.cudgel.de\/produkt\/iron-flesh-summoning-the-putrid-lp-black\/","url":"https:\/\/www.cudgel.de\/produkt\/iron-flesh-summoning-the-putrid-lp-black\/","name":"IRON FLESH - summoning the putrid LP black - cudgel | Der ultimative Metal Online Store","isPartOf":{"@id":"https:\/\/www.cudgel.de\/#website"},"primaryImageOfPage":{"@id":"https:\/\/www.cudgel.de\/produkt\/iron-flesh-summoning-the-putrid-lp-black\/#primaryimage"},"image":{"@id":"https:\/\/www.cudgel.de\/produkt\/iron-flesh-summoning-the-putrid-lp-black\/#primaryimage"},"thumbnailUrl":"https:\/\/www.cudgel.de\/wp-content\/uploads\/2021\/04\/iron-flesh-summoning-the-putrid-lp-black-vinyl.jpg","datePublished":"2021-04-06T14:24:20+00:00","dateModified":"2026-04-09T09:30:07+00:00","breadcrumb":{"@id":"https:\/\/www.cudgel.de\/produkt\/iron-flesh-summoning-the-putrid-lp-black\/#breadcrumb"},"inLanguage":"en-US","potentialAction":[{"@type":"ReadAction","target":["https:\/\/www.cudgel.de\/produkt\/iron-flesh-summoning-the-putrid-lp-black\/"]}]},{"@type":"ImageObject","inLanguage":"en-US","@id":"https:\/\/www.cudgel.de\/produkt\/iron-flesh-summoning-the-putrid-lp-black\/#primaryimage","url":"https:\/\/www.cudgel.de\/wp-content\/uploads\/2021\/04\/iron-flesh-summoning-the-putrid-lp-black-vinyl.jpg","contentUrl":"https:\/\/www.cudgel.de\/wp-content\/uploads\/2021\/04\/iron-flesh-summoning-the-putrid-lp-black-vinyl.jpg","width":1500,"height":1384},{"@type":"BreadcrumbList","@id":"https:\/\/www.cudgel.de\/produkt\/iron-flesh-summoning-the-putrid-lp-black\/#breadcrumb","itemListElement":[{"@type":"ListItem","position":1,"name":"Home","item":"https:\/\/www.cudgel.de\/en\/"},{"@type":"ListItem","position":2,"name":"Shop","item":"https:\/\/www.cudgel.de\/en\/shop\/"},{"@type":"ListItem","position":3,"name":"IRON FLESH &#8211; summoning the putrid LP black"}]},{"@type":"WebSite","@id":"https:\/\/www.cudgel.de\/#website","url":"https:\/\/www.cudgel.de\/","name":"cudgel | Der ultimative Metal Online Store","description":"Eine weitere WordPress-Website","publisher":{"@id":"https:\/\/www.cudgel.de\/#organization"},"potentialAction":[{"@type":"SearchAction","target":{"@type":"EntryPoint","urlTemplate":"https:\/\/www.cudgel.de\/?s={search_term_string}"},"query-input":"required name=search_term_string"}],"inLanguage":"en-US"},{"@type":"Organization","@id":"https:\/\/www.cudgel.de\/#organization","name":"cudgel | Der ultimative Metal Online Store","url":"https:\/\/www.cudgel.de\/","logo":{"@type":"ImageObject","inLanguage":"en-US","@id":"https:\/\/www.cudgel.de\/#\/schema\/logo\/image\/","url":"https:\/\/www.cudgel.de\/wp-content\/uploads\/2024\/06\/cudgel-logo-neu-1-1400x419png.webp","contentUrl":"https:\/\/www.cudgel.de\/wp-content\/uploads\/2024\/06\/cudgel-logo-neu-1-1400x419png.webp","width":1400,"height":419,"caption":"cudgel | Der ultimative Metal Online Store"},"image":{"@id":"https:\/\/www.cudgel.de\/#\/schema\/logo\/image\/"},"sameAs":["https:\/\/www.facebook.com\/CudgelVertrieb"]}]}},"_links":{"self":[{"href":"https:\/\/www.cudgel.de\/en\/wp-json\/wp\/v2\/product\/876535","targetHints":{"allow":["GET"]}}],"collection":[{"href":"https:\/\/www.cudgel.de\/en\/wp-json\/wp\/v2\/product"}],"about":[{"href":"https:\/\/www.cudgel.de\/en\/wp-json\/wp\/v2\/types\/product"}],"replies":[{"embeddable":true,"href":"https:\/\/www.cudgel.de\/en\/wp-json\/wp\/v2\/comments?post=876535"}],"wp:featuredmedia":[{"embeddable":true,"href":"https:\/\/www.cudgel.de\/en\/wp-json\/wp\/v2\/media\/876987"}],"wp:attachment":[{"href":"https:\/\/www.cudgel.de\/en\/wp-json\/wp\/v2\/media?parent=876535"}],"wp:term":[{"taxonomy":"product_cat","embeddable":true,"href":"https:\/\/www.cudgel.de\/en\/wp-json\/wp\/v2\/product_cat?post=876535"},{"taxonomy":"product_tag","embeddable":true,"href":"https:\/\/www.cudgel.de\/en\/wp-json\/wp\/v2\/product_tag?post=876535"}],"curies":[{"name":"wp","href":"https:\/\/api.w.org\/{rel}","templated":true}]}}