{"id":917047,"date":"2021-05-26T11:44:52","date_gmt":"2021-05-26T09:44:52","guid":{"rendered":"https:\/\/www.cudgel.de\/produkt\/fredag-den-13e-tjugohundraetton-cd\/"},"modified":"2025-12-17T00:05:23","modified_gmt":"2025-12-16T23:05:23","slug":"fredag-den-13e-tjugohundraetton-cd","status":"publish","type":"product","link":"https:\/\/www.cudgel.de\/en\/product\/fredag-den-13e-tjugohundraetton-cd\/","title":{"rendered":"FREDAG DEN 13E &#8211; tjugohundratretton CD"},"content":{"rendered":"<p>swedish d-beat crust of the highest order with 13 raging tracks<\/p>\n<p>schwedischer d-beat crust vom feinsten mit einer klasse 13 song attacke<\/p>\n<p><strong>Tracks:<\/strong><\/p>\n<ol class=\"tracklisting\">\n<li>Tusentals D\u00f6da \u00d6gon<\/li>\n<li>Fyra Plus Och V\u00e5gr\u00e4tt Regn<\/li>\n<li>Prestigehyckleri<\/li>\n<li>Tyst Hat<\/li>\n<li>Spritromantik<\/li>\n<li>Under Det Svidande Korset<\/li>\n<li>Kan Du Bli Optimal?<\/li>\n<li>Arbeta Eller D\u00f6<\/li>\n<li>H\u00f6g P\u00e5 Gud<\/li>\n<li>K\u00e5randa<\/li>\n<li>Nederlag Och Underg\u00e5ng<\/li>\n<li>Har Vi Kapitulerat?<\/li>\n<li>Den Svaga Viljan<\/li>\n<\/ol>\n<p><strong>Genres:<\/strong> Crust, Punk<\/p>\n<p> <strong>Label:<\/strong> Everyday Hate<\/p>\n<p> <strong>Erscheinungsjahr:<\/strong> 2013<\/p>\n<p> <strong>K\u00fcnstler:<\/strong> FREDAG DEN 13E<\/p>\n<p> <strong>Format:<\/strong> CD<\/p>\n<p> <strong>EAN:<\/strong> &#8211;<\/p>\n","protected":false},"excerpt":{"rendered":"<p>swedish d-beat crust of the highest order with 13 raging tracks schwedischer d-beat crust vom feinsten mit einer klasse 13 song attacke Tracks: Tusentals D\u00f6da \u00d6gon Fyra Plus Och V\u00e5gr\u00e4tt Regn Prestigehyckleri Tyst Hat Spritromantik Under Det Svidande Korset Kan Du Bli Optimal? Arbeta Eller D\u00f6 H\u00f6g P\u00e5 Gud K\u00e5randa Nederlag Och Underg\u00e5ng Har Vi [&#8230;]\n","protected":false},"featured_media":917045,"comment_status":"open","ping_status":"closed","template":"","meta":[],"product_cat":[453],"product_tag":[],"class_list":{"0":"post-917047","1":"product","2":"type-product","3":"status-publish","4":"has-post-thumbnail","6":"product_cat-cd-f","7":"pa_band-fredag-den-13e","8":"pa_productgenre-crust","9":"pa_productgenre-punk","10":"pa_productlabel-everyday-hate","12":"first","13":"instock","14":"taxable","15":"shipping-taxable","16":"purchasable","17":"product-type-simple"},"yoast_head":"<!-- This site is optimized with the Yoast SEO plugin v22.9 - https:\/\/yoast.com\/wordpress\/plugins\/seo\/ -->\n<title>FREDAG DEN 13E - tjugohundratretton CD - cudgel | Der ultimative Metal Online Store<\/title>\n<meta name=\"robots\" content=\"index, follow, max-snippet:-1, max-image-preview:large, max-video-preview:-1\" \/>\n<link rel=\"canonical\" href=\"https:\/\/www.cudgel.de\/produkt\/fredag-den-13e-tjugohundraetton-cd\/\" \/>\n<meta property=\"og:locale\" content=\"en_US\" \/>\n<meta property=\"og:type\" content=\"article\" \/>\n<meta property=\"og:title\" content=\"FREDAG DEN 13E - tjugohundratretton CD - cudgel | Der ultimative Metal Online Store\" \/>\n<meta property=\"og:description\" content=\"swedish d-beat crust of the highest order with 13 raging tracks schwedischer d-beat crust vom feinsten mit einer klasse 13 song attacke Tracks: Tusentals D\u00f6da \u00d6gon Fyra Plus Och V\u00e5gr\u00e4tt Regn Prestigehyckleri Tyst Hat Spritromantik Under Det Svidande Korset Kan Du Bli Optimal? Arbeta Eller D\u00f6 H\u00f6g P\u00e5 Gud K\u00e5randa Nederlag Och Underg\u00e5ng Har Vi [...]\" \/>\n<meta property=\"og:url\" content=\"https:\/\/www.cudgel.de\/produkt\/fredag-den-13e-tjugohundraetton-cd\/\" \/>\n<meta property=\"og:site_name\" content=\"cudgel | Der ultimative Metal Online Store\" \/>\n<meta property=\"article:publisher\" content=\"https:\/\/www.facebook.com\/CudgelVertrieb\" \/>\n<meta property=\"article:modified_time\" content=\"2025-12-16T23:05:23+00:00\" \/>\n<meta property=\"og:image\" content=\"https:\/\/www.cudgel.de\/wp-content\/uploads\/2021\/05\/Art214999.jpg\" \/>\n\t<meta property=\"og:image:width\" content=\"500\" \/>\n\t<meta property=\"og:image:height\" content=\"500\" \/>\n\t<meta property=\"og:image:type\" content=\"image\/jpeg\" \/>\n<meta name=\"twitter:card\" content=\"summary_large_image\" \/>\n<script type=\"application\/ld+json\" class=\"yoast-schema-graph\">{\"@context\":\"https:\/\/schema.org\",\"@graph\":[{\"@type\":\"WebPage\",\"@id\":\"https:\/\/www.cudgel.de\/produkt\/fredag-den-13e-tjugohundraetton-cd\/\",\"url\":\"https:\/\/www.cudgel.de\/produkt\/fredag-den-13e-tjugohundraetton-cd\/\",\"name\":\"FREDAG DEN 13E - tjugohundratretton CD - cudgel | Der ultimative Metal Online Store\",\"isPartOf\":{\"@id\":\"https:\/\/www.cudgel.de\/#website\"},\"primaryImageOfPage\":{\"@id\":\"https:\/\/www.cudgel.de\/produkt\/fredag-den-13e-tjugohundraetton-cd\/#primaryimage\"},\"image\":{\"@id\":\"https:\/\/www.cudgel.de\/produkt\/fredag-den-13e-tjugohundraetton-cd\/#primaryimage\"},\"thumbnailUrl\":\"https:\/\/www.cudgel.de\/wp-content\/uploads\/2021\/05\/Art214999.jpg\",\"datePublished\":\"2021-05-26T09:44:52+00:00\",\"dateModified\":\"2025-12-16T23:05:23+00:00\",\"breadcrumb\":{\"@id\":\"https:\/\/www.cudgel.de\/produkt\/fredag-den-13e-tjugohundraetton-cd\/#breadcrumb\"},\"inLanguage\":\"en-US\",\"potentialAction\":[{\"@type\":\"ReadAction\",\"target\":[\"https:\/\/www.cudgel.de\/produkt\/fredag-den-13e-tjugohundraetton-cd\/\"]}]},{\"@type\":\"ImageObject\",\"inLanguage\":\"en-US\",\"@id\":\"https:\/\/www.cudgel.de\/produkt\/fredag-den-13e-tjugohundraetton-cd\/#primaryimage\",\"url\":\"https:\/\/www.cudgel.de\/wp-content\/uploads\/2021\/05\/Art214999.jpg\",\"contentUrl\":\"https:\/\/www.cudgel.de\/wp-content\/uploads\/2021\/05\/Art214999.jpg\",\"width\":500,\"height\":500},{\"@type\":\"BreadcrumbList\",\"@id\":\"https:\/\/www.cudgel.de\/produkt\/fredag-den-13e-tjugohundraetton-cd\/#breadcrumb\",\"itemListElement\":[{\"@type\":\"ListItem\",\"position\":1,\"name\":\"Home\",\"item\":\"https:\/\/www.cudgel.de\/en\/\"},{\"@type\":\"ListItem\",\"position\":2,\"name\":\"Shop\",\"item\":\"https:\/\/www.cudgel.de\/en\/shop\/\"},{\"@type\":\"ListItem\",\"position\":3,\"name\":\"FREDAG DEN 13E &#8211; tjugohundratretton CD\"}]},{\"@type\":\"WebSite\",\"@id\":\"https:\/\/www.cudgel.de\/#website\",\"url\":\"https:\/\/www.cudgel.de\/\",\"name\":\"cudgel | Der ultimative Metal Online Store\",\"description\":\"Eine weitere WordPress-Website\",\"publisher\":{\"@id\":\"https:\/\/www.cudgel.de\/#organization\"},\"potentialAction\":[{\"@type\":\"SearchAction\",\"target\":{\"@type\":\"EntryPoint\",\"urlTemplate\":\"https:\/\/www.cudgel.de\/?s={search_term_string}\"},\"query-input\":\"required name=search_term_string\"}],\"inLanguage\":\"en-US\"},{\"@type\":\"Organization\",\"@id\":\"https:\/\/www.cudgel.de\/#organization\",\"name\":\"cudgel | Der ultimative Metal Online Store\",\"url\":\"https:\/\/www.cudgel.de\/\",\"logo\":{\"@type\":\"ImageObject\",\"inLanguage\":\"en-US\",\"@id\":\"https:\/\/www.cudgel.de\/#\/schema\/logo\/image\/\",\"url\":\"https:\/\/www.cudgel.de\/wp-content\/uploads\/2024\/06\/cudgel-logo-neu-1-1400x419png.webp\",\"contentUrl\":\"https:\/\/www.cudgel.de\/wp-content\/uploads\/2024\/06\/cudgel-logo-neu-1-1400x419png.webp\",\"width\":1400,\"height\":419,\"caption\":\"cudgel | Der ultimative Metal Online Store\"},\"image\":{\"@id\":\"https:\/\/www.cudgel.de\/#\/schema\/logo\/image\/\"},\"sameAs\":[\"https:\/\/www.facebook.com\/CudgelVertrieb\"]}]}<\/script>\n<!-- \/ Yoast SEO plugin. -->","yoast_head_json":{"title":"FREDAG DEN 13E - tjugohundratretton CD - cudgel | Der ultimative Metal Online Store","robots":{"index":"index","follow":"follow","max-snippet":"max-snippet:-1","max-image-preview":"max-image-preview:large","max-video-preview":"max-video-preview:-1"},"canonical":"https:\/\/www.cudgel.de\/produkt\/fredag-den-13e-tjugohundraetton-cd\/","og_locale":"en_US","og_type":"article","og_title":"FREDAG DEN 13E - tjugohundratretton CD - cudgel | Der ultimative Metal Online Store","og_description":"swedish d-beat crust of the highest order with 13 raging tracks schwedischer d-beat crust vom feinsten mit einer klasse 13 song attacke Tracks: Tusentals D\u00f6da \u00d6gon Fyra Plus Och V\u00e5gr\u00e4tt Regn Prestigehyckleri Tyst Hat Spritromantik Under Det Svidande Korset Kan Du Bli Optimal? Arbeta Eller D\u00f6 H\u00f6g P\u00e5 Gud K\u00e5randa Nederlag Och Underg\u00e5ng Har Vi [...]","og_url":"https:\/\/www.cudgel.de\/produkt\/fredag-den-13e-tjugohundraetton-cd\/","og_site_name":"cudgel | Der ultimative Metal Online Store","article_publisher":"https:\/\/www.facebook.com\/CudgelVertrieb","article_modified_time":"2025-12-16T23:05:23+00:00","og_image":[{"width":500,"height":500,"url":"https:\/\/www.cudgel.de\/wp-content\/uploads\/2021\/05\/Art214999.jpg","type":"image\/jpeg"}],"twitter_card":"summary_large_image","schema":{"@context":"https:\/\/schema.org","@graph":[{"@type":"WebPage","@id":"https:\/\/www.cudgel.de\/produkt\/fredag-den-13e-tjugohundraetton-cd\/","url":"https:\/\/www.cudgel.de\/produkt\/fredag-den-13e-tjugohundraetton-cd\/","name":"FREDAG DEN 13E - tjugohundratretton CD - cudgel | Der ultimative Metal Online Store","isPartOf":{"@id":"https:\/\/www.cudgel.de\/#website"},"primaryImageOfPage":{"@id":"https:\/\/www.cudgel.de\/produkt\/fredag-den-13e-tjugohundraetton-cd\/#primaryimage"},"image":{"@id":"https:\/\/www.cudgel.de\/produkt\/fredag-den-13e-tjugohundraetton-cd\/#primaryimage"},"thumbnailUrl":"https:\/\/www.cudgel.de\/wp-content\/uploads\/2021\/05\/Art214999.jpg","datePublished":"2021-05-26T09:44:52+00:00","dateModified":"2025-12-16T23:05:23+00:00","breadcrumb":{"@id":"https:\/\/www.cudgel.de\/produkt\/fredag-den-13e-tjugohundraetton-cd\/#breadcrumb"},"inLanguage":"en-US","potentialAction":[{"@type":"ReadAction","target":["https:\/\/www.cudgel.de\/produkt\/fredag-den-13e-tjugohundraetton-cd\/"]}]},{"@type":"ImageObject","inLanguage":"en-US","@id":"https:\/\/www.cudgel.de\/produkt\/fredag-den-13e-tjugohundraetton-cd\/#primaryimage","url":"https:\/\/www.cudgel.de\/wp-content\/uploads\/2021\/05\/Art214999.jpg","contentUrl":"https:\/\/www.cudgel.de\/wp-content\/uploads\/2021\/05\/Art214999.jpg","width":500,"height":500},{"@type":"BreadcrumbList","@id":"https:\/\/www.cudgel.de\/produkt\/fredag-den-13e-tjugohundraetton-cd\/#breadcrumb","itemListElement":[{"@type":"ListItem","position":1,"name":"Home","item":"https:\/\/www.cudgel.de\/en\/"},{"@type":"ListItem","position":2,"name":"Shop","item":"https:\/\/www.cudgel.de\/en\/shop\/"},{"@type":"ListItem","position":3,"name":"FREDAG DEN 13E &#8211; tjugohundratretton CD"}]},{"@type":"WebSite","@id":"https:\/\/www.cudgel.de\/#website","url":"https:\/\/www.cudgel.de\/","name":"cudgel | Der ultimative Metal Online Store","description":"Eine weitere WordPress-Website","publisher":{"@id":"https:\/\/www.cudgel.de\/#organization"},"potentialAction":[{"@type":"SearchAction","target":{"@type":"EntryPoint","urlTemplate":"https:\/\/www.cudgel.de\/?s={search_term_string}"},"query-input":"required name=search_term_string"}],"inLanguage":"en-US"},{"@type":"Organization","@id":"https:\/\/www.cudgel.de\/#organization","name":"cudgel | Der ultimative Metal Online Store","url":"https:\/\/www.cudgel.de\/","logo":{"@type":"ImageObject","inLanguage":"en-US","@id":"https:\/\/www.cudgel.de\/#\/schema\/logo\/image\/","url":"https:\/\/www.cudgel.de\/wp-content\/uploads\/2024\/06\/cudgel-logo-neu-1-1400x419png.webp","contentUrl":"https:\/\/www.cudgel.de\/wp-content\/uploads\/2024\/06\/cudgel-logo-neu-1-1400x419png.webp","width":1400,"height":419,"caption":"cudgel | Der ultimative Metal Online Store"},"image":{"@id":"https:\/\/www.cudgel.de\/#\/schema\/logo\/image\/"},"sameAs":["https:\/\/www.facebook.com\/CudgelVertrieb"]}]}},"_links":{"self":[{"href":"https:\/\/www.cudgel.de\/en\/wp-json\/wp\/v2\/product\/917047","targetHints":{"allow":["GET"]}}],"collection":[{"href":"https:\/\/www.cudgel.de\/en\/wp-json\/wp\/v2\/product"}],"about":[{"href":"https:\/\/www.cudgel.de\/en\/wp-json\/wp\/v2\/types\/product"}],"replies":[{"embeddable":true,"href":"https:\/\/www.cudgel.de\/en\/wp-json\/wp\/v2\/comments?post=917047"}],"wp:featuredmedia":[{"embeddable":true,"href":"https:\/\/www.cudgel.de\/en\/wp-json\/wp\/v2\/media\/917045"}],"wp:attachment":[{"href":"https:\/\/www.cudgel.de\/en\/wp-json\/wp\/v2\/media?parent=917047"}],"wp:term":[{"taxonomy":"product_cat","embeddable":true,"href":"https:\/\/www.cudgel.de\/en\/wp-json\/wp\/v2\/product_cat?post=917047"},{"taxonomy":"product_tag","embeddable":true,"href":"https:\/\/www.cudgel.de\/en\/wp-json\/wp\/v2\/product_tag?post=917047"}],"curies":[{"name":"wp","href":"https:\/\/api.w.org\/{rel}","templated":true}]}}